{"id":65,"date":"2024-09-05T10:10:53","date_gmt":"2024-09-05T08:10:53","guid":{"rendered":"https:\/\/airport.previmeteo.com\/?page_id=65"},"modified":"2025-03-25T09:13:00","modified_gmt":"2025-03-25T08:13:00","slug":"catering","status":"publish","type":"page","link":"https:\/\/airside.previmeteo.com\/fr\/catering\/","title":{"rendered":"Weather Service for Catering"},"content":{"rendered":"\n<div class=\"wp-block-group alignfull is-layout-constrained wp-block-group-is-layout-constrained\">\n<div class=\"wp-block-cover alignfull\" style=\"margin-top:0;margin-bottom:0;padding-top:24px;padding-right:24px;padding-bottom:24px;padding-left:24px;min-height:570px;aspect-ratio:unset;\"><span aria-hidden=\"true\" class=\"wp-block-cover__background has-ti-bg-inv-background-color has-background-dim\"><\/span><img loading=\"lazy\" decoding=\"async\" width=\"1024\" height=\"1024\" class=\"wp-block-cover__image-background wp-image-127\" alt=\"Services de Catering, plateaux repas livr\u00e9s dans l'avion\" src=\"https:\/\/airport.previmeteo.com\/wp-content\/uploads\/2024\/09\/catering.webp\" data-object-fit=\"cover\" srcset=\"https:\/\/airside.previmeteo.com\/wp-content\/uploads\/2024\/09\/catering.webp 1024w, https:\/\/airside.previmeteo.com\/wp-content\/uploads\/2024\/09\/catering-300x300.webp 300w, https:\/\/airside.previmeteo.com\/wp-content\/uploads\/2024\/09\/catering-150x150.webp 150w, https:\/\/airside.previmeteo.com\/wp-content\/uploads\/2024\/09\/catering-768x768.webp 768w\" sizes=\"auto, (max-width: 1024px) 100vw, 1024px\" \/><div class=\"wp-block-cover__inner-container is-layout-flow wp-block-cover-is-layout-flow\">\n<div class=\"wp-block-group has-ti-fg-alt-color has-text-color is-layout-constrained wp-block-group-is-layout-constrained\">\n<h1 class=\"wp-block-heading has-text-align-center has-huge-font-size\">Catering<\/h1>\n\n\n\n<p class=\"has-text-align-center has-medium-font-size\">Am\u00e9liorer la s\u00e9curit\u00e9 et la logistique de vos op\u00e9rations de catering m\u00e9t\u00e9o sensibles.<\/p>\n<\/div>\n<\/div><\/div>\n\n\n\n<div class=\"wp-block-group alignfull has-ti-fg-alt-color has-ti-bg-inv-background-color has-text-color has-background has-link-color wp-elements-ce267bcae679c801d8bc4f1560019c0a is-layout-constrained wp-block-group-is-layout-constrained\" style=\"margin-top:0;margin-bottom:0;padding-top:64px;padding-bottom:64px\">\n<div class=\"wp-block-columns alignwide is-layout-flex wp-container-core-columns-is-layout-28232c24 wp-block-columns-is-layout-flex\">\n<div class=\"wp-block-column is-vertically-aligned-center is-layout-flow wp-block-column-is-layout-flow\">\n<figure class=\"wp-block-image aligncenter size-full\"><img loading=\"lazy\" decoding=\"async\" width=\"1959\" height=\"1960\" src=\"https:\/\/airside.previmeteo.com\/wp-content\/uploads\/2024\/10\/airport-1-edited.jpg\" alt=\"Avion au sol, embarquement des passagers\" class=\"wp-image-730\" srcset=\"https:\/\/airside.previmeteo.com\/wp-content\/uploads\/2024\/10\/airport-1-edited.jpg 1959w, https:\/\/airside.previmeteo.com\/wp-content\/uploads\/2024\/10\/airport-1-edited-300x300.jpg 300w, https:\/\/airside.previmeteo.com\/wp-content\/uploads\/2024\/10\/airport-1-edited-1024x1024.jpg 1024w, https:\/\/airside.previmeteo.com\/wp-content\/uploads\/2024\/10\/airport-1-edited-150x150.jpg 150w, https:\/\/airside.previmeteo.com\/wp-content\/uploads\/2024\/10\/airport-1-edited-768x768.jpg 768w, https:\/\/airside.previmeteo.com\/wp-content\/uploads\/2024\/10\/airport-1-edited-1536x1536.jpg 1536w\" sizes=\"auto, (max-width: 1959px) 100vw, 1959px\" \/><\/figure>\n<\/div>\n\n\n\n<div class=\"wp-block-column is-vertically-aligned-center is-layout-flow wp-block-column-is-layout-flow\" style=\"padding-top:24px;padding-right:24px;padding-bottom:24px;padding-left:24px\">\n<h2 class=\"wp-block-heading\"><strong>S\u00e9curit\u00e9 des op\u00e9rateurs de catering : anticipez les conditions m\u00e9t\u00e9orologiques<\/strong><\/h2>\n\n\n\n<p>Les op\u00e9rations de catering a\u00e9roportuaire doivent \u00eatre men\u00e9es en toute s\u00e9curit\u00e9, particuli\u00e8rement lors de conditions m\u00e9t\u00e9orologiques d\u00e9favorables telles que les vents violents ou les fortes pluies. Gr\u00e2ce \u00e0 nos alertes en temps r\u00e9el, vous pouvez anticiper ces conditions et ajuster les horaires des op\u00e9rations pour prot\u00e9ger vos \u00e9quipes. Ces notifications permettent de suspendre ou de reprogrammer les interventions pour \u00e9viter les accidents et garantir la s\u00e9curit\u00e9 des op\u00e9rateurs sur le tarmac.<\/p>\n\n\n\n<div class=\"wp-block-buttons is-content-justification-center is-layout-flex wp-container-core-buttons-is-layout-a89b3969 wp-block-buttons-is-layout-flex\">\n<div class=\"wp-block-button\"><a class=\"wp-block-button__link wp-element-button\" href=\"https:\/\/airport.previmeteo.com\/contact\/\">Demandez un devis<\/a><\/div>\n<\/div>\n<\/div>\n<\/div>\n<\/div>\n\n\n\n<div class=\"wp-block-group alignfull has-ti-fg-alt-color has-ti-accent-background-color has-text-color has-background is-layout-constrained wp-container-core-group-is-layout-352a731e wp-block-group-is-layout-constrained\" style=\"margin-top:0px;margin-bottom:0px;padding-top:64px;padding-bottom:64px\">\n<div class=\"wp-block-columns alignwide is-layout-flex wp-container-core-columns-is-layout-28f84493 wp-block-columns-is-layout-flex\">\n<div class=\"wp-block-column is-vertically-aligned-center is-layout-flow wp-block-column-is-layout-flow\">\n<h2 class=\"wp-block-heading\"><strong>G\u00e9rez les risques li\u00e9s au vent et \u00e0 la pluie<\/strong><\/h2>\n\n\n\n<p>Les fortes rafales de vent et les pluies intenses peuvent non seulement affecter la s\u00e9curit\u00e9 des op\u00e9rateurs, mais aussi provoquer des incidents mat\u00e9riels tels que le renversement de chariots ou des chutes d&rsquo;\u00e9quipements. Avec nos pr\u00e9visions m\u00e9t\u00e9o sp\u00e9cifiques, vous serez inform\u00e9 en avance de ces risques, ce qui vous permet de renforcer les proc\u00e9dures de s\u00e9curit\u00e9, d&rsquo;ajuster les plannings et de s\u00e9curiser le mat\u00e9riel. Assurez des op\u00e9rations sans danger, m\u00eame en cas de conditions m\u00e9t\u00e9orologiques extr\u00eames.<\/p>\n<\/div>\n\n\n\n<div class=\"wp-block-column is-vertically-aligned-center is-layout-flow wp-block-column-is-layout-flow\">\n<figure class=\"wp-block-image size-full\"><img loading=\"lazy\" decoding=\"async\" width=\"2114\" height=\"2114\" src=\"https:\/\/airside.previmeteo.com\/wp-content\/uploads\/2024\/10\/airport-9-edited.jpg\" alt=\"Handling des bagages sur un a\u00e9roport\" class=\"wp-image-736\" srcset=\"https:\/\/airside.previmeteo.com\/wp-content\/uploads\/2024\/10\/airport-9-edited.jpg 2114w, https:\/\/airside.previmeteo.com\/wp-content\/uploads\/2024\/10\/airport-9-edited-300x300.jpg 300w, https:\/\/airside.previmeteo.com\/wp-content\/uploads\/2024\/10\/airport-9-edited-1024x1024.jpg 1024w, https:\/\/airside.previmeteo.com\/wp-content\/uploads\/2024\/10\/airport-9-edited-150x150.jpg 150w, https:\/\/airside.previmeteo.com\/wp-content\/uploads\/2024\/10\/airport-9-edited-768x768.jpg 768w, https:\/\/airside.previmeteo.com\/wp-content\/uploads\/2024\/10\/airport-9-edited-1536x1536.jpg 1536w, https:\/\/airside.previmeteo.com\/wp-content\/uploads\/2024\/10\/airport-9-edited-2048x2048.jpg 2048w\" sizes=\"auto, (max-width: 2114px) 100vw, 2114px\" \/><\/figure>\n<\/div>\n\n\n\n<div class=\"wp-block-column is-vertically-aligned-center is-layout-flow wp-block-column-is-layout-flow\">\n<figure class=\"wp-block-image size-full\"><img loading=\"lazy\" decoding=\"async\" width=\"2560\" height=\"2560\" src=\"https:\/\/airside.previmeteo.com\/wp-content\/uploads\/2024\/10\/airport-7-edited-scaled.jpg\" alt=\"Manche \u00e0 air d'un a\u00e9roport\" class=\"wp-image-721\" srcset=\"https:\/\/airside.previmeteo.com\/wp-content\/uploads\/2024\/10\/airport-7-edited-scaled.jpg 2560w, https:\/\/airside.previmeteo.com\/wp-content\/uploads\/2024\/10\/airport-7-edited-300x300.jpg 300w, https:\/\/airside.previmeteo.com\/wp-content\/uploads\/2024\/10\/airport-7-edited-1024x1024.jpg 1024w, https:\/\/airside.previmeteo.com\/wp-content\/uploads\/2024\/10\/airport-7-edited-150x150.jpg 150w, https:\/\/airside.previmeteo.com\/wp-content\/uploads\/2024\/10\/airport-7-edited-768x768.jpg 768w, https:\/\/airside.previmeteo.com\/wp-content\/uploads\/2024\/10\/airport-7-edited-1536x1536.jpg 1536w, https:\/\/airside.previmeteo.com\/wp-content\/uploads\/2024\/10\/airport-7-edited-2048x2048.jpg 2048w\" sizes=\"auto, (max-width: 2560px) 100vw, 2560px\" \/><\/figure>\n<\/div>\n<\/div>\n\n\n\n<div class=\"wp-block-columns alignwide is-layout-flex wp-container-core-columns-is-layout-28f84493 wp-block-columns-is-layout-flex\">\n<div class=\"wp-block-column is-vertically-aligned-center is-layout-flow wp-block-column-is-layout-flow\" style=\"flex-basis:66%\">\n<figure class=\"wp-block-image size-full\"><img loading=\"lazy\" decoding=\"async\" width=\"2560\" height=\"1920\" src=\"https:\/\/airside.previmeteo.com\/wp-content\/uploads\/2024\/10\/alerte-scaled.jpg\" alt=\"Aile d'un avion, nuages\" class=\"wp-image-705\" srcset=\"https:\/\/airside.previmeteo.com\/wp-content\/uploads\/2024\/10\/alerte-scaled.jpg 2560w, https:\/\/airside.previmeteo.com\/wp-content\/uploads\/2024\/10\/alerte-300x225.jpg 300w, https:\/\/airside.previmeteo.com\/wp-content\/uploads\/2024\/10\/alerte-1024x768.jpg 1024w, https:\/\/airside.previmeteo.com\/wp-content\/uploads\/2024\/10\/alerte-768x576.jpg 768w, https:\/\/airside.previmeteo.com\/wp-content\/uploads\/2024\/10\/alerte-1536x1152.jpg 1536w, https:\/\/airside.previmeteo.com\/wp-content\/uploads\/2024\/10\/alerte-2048x1536.jpg 2048w\" sizes=\"auto, (max-width: 2560px) 100vw, 2560px\" \/><\/figure>\n<\/div>\n\n\n\n<div class=\"wp-block-column is-vertically-aligned-bottom is-layout-flow wp-block-column-is-layout-flow\">\n<h2 class=\"wp-block-heading\"><strong>Logistique optimis\u00e9e : r\u00e9agissez rapidement face aux changements climatiques<\/strong><\/h2>\n\n\n\n<p>Nos pr\u00e9visions m\u00e9t\u00e9o d\u00e9taill\u00e9es vous aident \u00e0 optimiser la logistique des op\u00e9rations de catering en fonction des conditions climatiques. Qu&rsquo;il s&rsquo;agisse de g\u00e9rer les risques de vent, de pluie ou de chaleur extr\u00eame, vous pouvez ajuster les \u00e9quipes et les ressources en temps r\u00e9el pour assurer la s\u00e9curit\u00e9 et l&rsquo;efficacit\u00e9 des interventions. En anticipant les \u00e9v\u00e9nements climatiques, vous r\u00e9duisez les retards, prot\u00e9gez vos op\u00e9rateurs et garantissez une livraison rapide et s\u00e9curis\u00e9e des services de restauration \u00e0 bord.<\/p>\n<\/div>\n<\/div>\n<\/div>\n\n\n\n<div class=\"wp-block-group alignfull is-layout-constrained wp-block-group-is-layout-constrained\" style=\"margin-top:0;margin-bottom:0;padding-top:64px;padding-bottom:64px\">\n<div class=\"wp-block-columns alignwide is-layout-flex wp-container-core-columns-is-layout-28232c24 wp-block-columns-is-layout-flex\">\n<div class=\"wp-block-column is-vertically-aligned-center is-layout-flow wp-block-column-is-layout-flow\" style=\"padding-top:24px;padding-right:24px;padding-bottom:24px;padding-left:24px\">\n<h2 class=\"wp-block-heading\"><strong>Maintien de la cha\u00eene du froid : pr\u00e9servez la qualit\u00e9 des aliments sous haute temp\u00e9rature<\/strong><\/h2>\n\n\n\n<p>Lors de temp\u00e9ratures \u00e9lev\u00e9es, il est essentiel de garantir le maintien de la cha\u00eene du froid pour les op\u00e9rations de catering. Nos outils de suivi des conditions m\u00e9t\u00e9o vous permettent d\u2019anticiper les p\u00e9riodes de forte chaleur et de pr\u00e9parer vos \u00e9quipes \u00e0 prot\u00e9ger les denr\u00e9es alimentaires. Gr\u00e2ce \u00e0 nos alertes en temps r\u00e9el, vous pouvez adapter la logistique, renforcer les mesures de conservation et optimiser les \u00e9quipements de r\u00e9frig\u00e9ration pour garantir la s\u00e9curit\u00e9 alimentaire \u00e0 chaque \u00e9tape de l&rsquo;op\u00e9ration.<\/p>\n<\/div>\n\n\n\n<div class=\"wp-block-column is-vertically-aligned-center is-layout-flow wp-block-column-is-layout-flow\">\n<figure class=\"wp-block-image aligncenter size-full\"><img loading=\"lazy\" decoding=\"async\" width=\"2560\" height=\"1440\" src=\"https:\/\/airside.previmeteo.com\/wp-content\/uploads\/2024\/10\/aeroport-neige-scaled.jpg\" alt=\"Avion sous la neige\" class=\"wp-image-693\" srcset=\"https:\/\/airside.previmeteo.com\/wp-content\/uploads\/2024\/10\/aeroport-neige-scaled.jpg 2560w, https:\/\/airside.previmeteo.com\/wp-content\/uploads\/2024\/10\/aeroport-neige-300x169.jpg 300w, https:\/\/airside.previmeteo.com\/wp-content\/uploads\/2024\/10\/aeroport-neige-1024x576.jpg 1024w, https:\/\/airside.previmeteo.com\/wp-content\/uploads\/2024\/10\/aeroport-neige-768x432.jpg 768w, https:\/\/airside.previmeteo.com\/wp-content\/uploads\/2024\/10\/aeroport-neige-1536x864.jpg 1536w, https:\/\/airside.previmeteo.com\/wp-content\/uploads\/2024\/10\/aeroport-neige-2048x1152.jpg 2048w\" sizes=\"auto, (max-width: 2560px) 100vw, 2560px\" \/><\/figure>\n<\/div>\n<\/div>\n<\/div>\n<\/div>\n","protected":false},"excerpt":{"rendered":"<p>S\u00e9curit\u00e9 des op\u00e9rateurs de catering : anticipez les conditions m\u00e9t\u00e9orologiques Les op\u00e9rations de catering a\u00e9roportuaire doivent \u00eatre men\u00e9es en toute s\u00e9curit\u00e9, particuli\u00e8rement lors de conditions m\u00e9t\u00e9orologiques d\u00e9favorables telles que les vents violents ou les fortes pluies. Gr\u00e2ce \u00e0 nos alertes en temps r\u00e9el, vous pouvez anticiper ces conditions et ajuster les horaires des op\u00e9rations pour [&hellip;]<\/p>\n","protected":false},"author":1,"featured_media":0,"parent":0,"menu_order":0,"comment_status":"closed","ping_status":"closed","template":"","meta":{"footnotes":""},"class_list":["post-65","page","type-page","status-publish","hentry"],"yoast_head":"<!-- This site is optimized with the Yoast SEO plugin v24.9 - https:\/\/yoast.com\/wordpress\/plugins\/seo\/ -->\n<title>Weather Service for Catering - Previmeteo Airside Manager<\/title>\n<meta name=\"description\" content=\"Am\u00e9liorer la s\u00e9curit\u00e9 et la logistique de vos op\u00e9rations de catering m\u00e9t\u00e9o sensibles.\" \/>\n<meta name=\"robots\" content=\"index, follow, max-snippet:-1, max-image-preview:large, max-video-preview:-1\" \/>\n<link rel=\"canonical\" href=\"https:\/\/airside.previmeteo.com\/fr\/catering\/\" \/>\n<meta property=\"og:locale\" content=\"fr_FR\" \/>\n<meta property=\"og:type\" content=\"article\" \/>\n<meta property=\"og:title\" content=\"Weather Service for Catering - Previmeteo Airside Manager\" \/>\n<meta property=\"og:description\" content=\"Am\u00e9liorer la s\u00e9curit\u00e9 et la logistique de vos op\u00e9rations de catering m\u00e9t\u00e9o sensibles.\" \/>\n<meta property=\"og:url\" content=\"https:\/\/airside.previmeteo.com\/fr\/catering\/\" \/>\n<meta property=\"og:site_name\" content=\"Previmeteo Airside Manager\" \/>\n<meta property=\"article:modified_time\" content=\"2025-03-25T08:13:00+00:00\" \/>\n<meta property=\"og:image\" content=\"https:\/\/airside.previmeteo.com\/wp-content\/uploads\/2024\/09\/catering.webp\" \/>\n\t<meta property=\"og:image:width\" content=\"1024\" \/>\n\t<meta property=\"og:image:height\" content=\"1024\" \/>\n\t<meta property=\"og:image:type\" content=\"image\/webp\" \/>\n<meta name=\"twitter:card\" content=\"summary_large_image\" \/>\n<meta name=\"twitter:label1\" content=\"Dur\u00e9e de lecture estim\u00e9e\" \/>\n\t<meta name=\"twitter:data1\" content=\"4 minutes\" \/>\n<script type=\"application\/ld+json\" class=\"yoast-schema-graph\">{\"@context\":\"https:\/\/schema.org\",\"@graph\":[{\"@type\":\"WebPage\",\"@id\":\"https:\/\/airside.previmeteo.com\/catering\/\",\"url\":\"https:\/\/airside.previmeteo.com\/catering\/\",\"name\":\"Weather Service for Catering - Previmeteo Airside Manager\",\"isPartOf\":{\"@id\":\"https:\/\/airside.previmeteo.com\/en\/#website\"},\"primaryImageOfPage\":{\"@id\":\"https:\/\/airside.previmeteo.com\/catering\/#primaryimage\"},\"image\":{\"@id\":\"https:\/\/airside.previmeteo.com\/catering\/#primaryimage\"},\"thumbnailUrl\":\"https:\/\/airport.previmeteo.com\/wp-content\/uploads\/2024\/09\/catering.webp\",\"datePublished\":\"2024-09-05T08:10:53+00:00\",\"dateModified\":\"2025-03-25T08:13:00+00:00\",\"description\":\"Am\u00e9liorer la s\u00e9curit\u00e9 et la logistique de vos op\u00e9rations de catering m\u00e9t\u00e9o sensibles.\",\"breadcrumb\":{\"@id\":\"https:\/\/airside.previmeteo.com\/catering\/#breadcrumb\"},\"inLanguage\":\"fr-FR\",\"potentialAction\":[{\"@type\":\"ReadAction\",\"target\":[\"https:\/\/airside.previmeteo.com\/catering\/\"]}]},{\"@type\":\"ImageObject\",\"inLanguage\":\"fr-FR\",\"@id\":\"https:\/\/airside.previmeteo.com\/catering\/#primaryimage\",\"url\":\"https:\/\/airport.previmeteo.com\/wp-content\/uploads\/2024\/09\/catering.webp\",\"contentUrl\":\"https:\/\/airport.previmeteo.com\/wp-content\/uploads\/2024\/09\/catering.webp\"},{\"@type\":\"BreadcrumbList\",\"@id\":\"https:\/\/airside.previmeteo.com\/catering\/#breadcrumb\",\"itemListElement\":[{\"@type\":\"ListItem\",\"position\":1,\"name\":\"Accueil\",\"item\":\"https:\/\/airside.previmeteo.com\/\"},{\"@type\":\"ListItem\",\"position\":2,\"name\":\"Weather Service for Catering\"}]},{\"@type\":\"WebSite\",\"@id\":\"https:\/\/airside.previmeteo.com\/en\/#website\",\"url\":\"https:\/\/airside.previmeteo.com\/en\/\",\"name\":\"Previmeteo Airside Manager\",\"description\":\"\",\"potentialAction\":[{\"@type\":\"SearchAction\",\"target\":{\"@type\":\"EntryPoint\",\"urlTemplate\":\"https:\/\/airside.previmeteo.com\/en\/?s={search_term_string}\"},\"query-input\":{\"@type\":\"PropertyValueSpecification\",\"valueRequired\":true,\"valueName\":\"search_term_string\"}}],\"inLanguage\":\"fr-FR\"}]}<\/script>\n<!-- \/ Yoast SEO plugin. -->","yoast_head_json":{"title":"Weather Service for Catering - Previmeteo Airside Manager","description":"Am\u00e9liorer la s\u00e9curit\u00e9 et la logistique de vos op\u00e9rations de catering m\u00e9t\u00e9o sensibles.","robots":{"index":"index","follow":"follow","max-snippet":"max-snippet:-1","max-image-preview":"max-image-preview:large","max-video-preview":"max-video-preview:-1"},"canonical":"https:\/\/airside.previmeteo.com\/fr\/catering\/","og_locale":"fr_FR","og_type":"article","og_title":"Weather Service for Catering - Previmeteo Airside Manager","og_description":"Am\u00e9liorer la s\u00e9curit\u00e9 et la logistique de vos op\u00e9rations de catering m\u00e9t\u00e9o sensibles.","og_url":"https:\/\/airside.previmeteo.com\/fr\/catering\/","og_site_name":"Previmeteo Airside Manager","article_modified_time":"2025-03-25T08:13:00+00:00","og_image":[{"width":1024,"height":1024,"url":"https:\/\/airside.previmeteo.com\/wp-content\/uploads\/2024\/09\/catering.webp","type":"image\/webp"}],"twitter_card":"summary_large_image","twitter_misc":{"Dur\u00e9e de lecture estim\u00e9e":"4 minutes"},"schema":{"@context":"https:\/\/schema.org","@graph":[{"@type":"WebPage","@id":"https:\/\/airside.previmeteo.com\/catering\/","url":"https:\/\/airside.previmeteo.com\/catering\/","name":"Weather Service for Catering - Previmeteo Airside Manager","isPartOf":{"@id":"https:\/\/airside.previmeteo.com\/en\/#website"},"primaryImageOfPage":{"@id":"https:\/\/airside.previmeteo.com\/catering\/#primaryimage"},"image":{"@id":"https:\/\/airside.previmeteo.com\/catering\/#primaryimage"},"thumbnailUrl":"https:\/\/airport.previmeteo.com\/wp-content\/uploads\/2024\/09\/catering.webp","datePublished":"2024-09-05T08:10:53+00:00","dateModified":"2025-03-25T08:13:00+00:00","description":"Am\u00e9liorer la s\u00e9curit\u00e9 et la logistique de vos op\u00e9rations de catering m\u00e9t\u00e9o sensibles.","breadcrumb":{"@id":"https:\/\/airside.previmeteo.com\/catering\/#breadcrumb"},"inLanguage":"fr-FR","potentialAction":[{"@type":"ReadAction","target":["https:\/\/airside.previmeteo.com\/catering\/"]}]},{"@type":"ImageObject","inLanguage":"fr-FR","@id":"https:\/\/airside.previmeteo.com\/catering\/#primaryimage","url":"https:\/\/airport.previmeteo.com\/wp-content\/uploads\/2024\/09\/catering.webp","contentUrl":"https:\/\/airport.previmeteo.com\/wp-content\/uploads\/2024\/09\/catering.webp"},{"@type":"BreadcrumbList","@id":"https:\/\/airside.previmeteo.com\/catering\/#breadcrumb","itemListElement":[{"@type":"ListItem","position":1,"name":"Accueil","item":"https:\/\/airside.previmeteo.com\/"},{"@type":"ListItem","position":2,"name":"Weather Service for Catering"}]},{"@type":"WebSite","@id":"https:\/\/airside.previmeteo.com\/en\/#website","url":"https:\/\/airside.previmeteo.com\/en\/","name":"Previmeteo Airside Manager","description":"","potentialAction":[{"@type":"SearchAction","target":{"@type":"EntryPoint","urlTemplate":"https:\/\/airside.previmeteo.com\/en\/?s={search_term_string}"},"query-input":{"@type":"PropertyValueSpecification","valueRequired":true,"valueName":"search_term_string"}}],"inLanguage":"fr-FR"}]}},"_links":{"self":[{"href":"https:\/\/airside.previmeteo.com\/fr\/wp-json\/wp\/v2\/pages\/65","targetHints":{"allow":["GET"]}}],"collection":[{"href":"https:\/\/airside.previmeteo.com\/fr\/wp-json\/wp\/v2\/pages"}],"about":[{"href":"https:\/\/airside.previmeteo.com\/fr\/wp-json\/wp\/v2\/types\/page"}],"author":[{"embeddable":true,"href":"https:\/\/airside.previmeteo.com\/fr\/wp-json\/wp\/v2\/users\/1"}],"replies":[{"embeddable":true,"href":"https:\/\/airside.previmeteo.com\/fr\/wp-json\/wp\/v2\/comments?post=65"}],"version-history":[{"count":13,"href":"https:\/\/airside.previmeteo.com\/fr\/wp-json\/wp\/v2\/pages\/65\/revisions"}],"predecessor-version":[{"id":1048,"href":"https:\/\/airside.previmeteo.com\/fr\/wp-json\/wp\/v2\/pages\/65\/revisions\/1048"}],"wp:attachment":[{"href":"https:\/\/airside.previmeteo.com\/fr\/wp-json\/wp\/v2\/media?parent=65"}],"curies":[{"name":"wp","href":"https:\/\/api.w.org\/{rel}","templated":true}]}}