{"id":63,"date":"2024-09-05T10:10:29","date_gmt":"2024-09-05T08:10:29","guid":{"rendered":"https:\/\/airport.previmeteo.com\/?page_id=63"},"modified":"2025-03-25T09:12:47","modified_gmt":"2025-03-25T08:12:47","slug":"avitallement","status":"publish","type":"page","link":"https:\/\/airside.previmeteo.com\/fr\/avitallement\/","title":{"rendered":"Weather Service for Refueling"},"content":{"rendered":"\n<div class=\"wp-block-group alignfull is-layout-constrained wp-block-group-is-layout-constrained\">\n<div class=\"wp-block-cover alignfull\" style=\"margin-top:0;margin-bottom:0;padding-top:24px;padding-right:24px;padding-bottom:24px;padding-left:24px;min-height:570px;aspect-ratio:unset;\"><span aria-hidden=\"true\" class=\"wp-block-cover__background has-ti-bg-inv-background-color has-background-dim\"><\/span><img loading=\"lazy\" decoding=\"async\" width=\"1024\" height=\"1024\" class=\"wp-block-cover__image-background wp-image-126\" alt=\"Avitaillement d'un avion en plein orage\" src=\"https:\/\/airport.previmeteo.com\/wp-content\/uploads\/2024\/09\/avitaillement.webp\" data-object-fit=\"cover\" srcset=\"https:\/\/airside.previmeteo.com\/wp-content\/uploads\/2024\/09\/avitaillement.webp 1024w, https:\/\/airside.previmeteo.com\/wp-content\/uploads\/2024\/09\/avitaillement-300x300.webp 300w, https:\/\/airside.previmeteo.com\/wp-content\/uploads\/2024\/09\/avitaillement-150x150.webp 150w, https:\/\/airside.previmeteo.com\/wp-content\/uploads\/2024\/09\/avitaillement-768x768.webp 768w\" sizes=\"auto, (max-width: 1024px) 100vw, 1024px\" \/><div class=\"wp-block-cover__inner-container is-layout-flow wp-block-cover-is-layout-flow\">\n<div class=\"wp-block-group has-ti-fg-alt-color has-text-color is-layout-constrained wp-block-group-is-layout-constrained\">\n<h1 class=\"wp-block-heading has-text-align-center has-huge-font-size\">Avitaillement<\/h1>\n\n\n\n<p class=\"has-text-align-center has-medium-font-size\">S\u00e9curisez vos personnels et vos op\u00e9rations d\u2019avitaillement face au risque m\u00e9t\u00e9o<\/p>\n<\/div>\n<\/div><\/div>\n\n\n\n<div class=\"wp-block-group alignfull has-ti-fg-alt-color has-ti-bg-inv-background-color has-text-color has-background has-link-color wp-elements-44a930262f804127a3ccd5a8e6c25041 is-layout-constrained wp-block-group-is-layout-constrained\" style=\"margin-top:0;margin-bottom:0;padding-top:64px;padding-bottom:64px\">\n<div class=\"wp-block-columns alignwide is-layout-flex wp-container-core-columns-is-layout-28232c24 wp-block-columns-is-layout-flex\">\n<div class=\"wp-block-column is-vertically-aligned-center is-layout-flow wp-block-column-is-layout-flow\">\n<figure class=\"wp-block-image aligncenter size-full\"><img loading=\"lazy\" decoding=\"async\" width=\"2560\" height=\"2560\" src=\"https:\/\/airside.previmeteo.com\/wp-content\/uploads\/2024\/10\/avitaillement2-edited-scaled.jpg\" alt=\"Avion en train d'\u00eatre avitaill\u00e9\" class=\"wp-image-732\" srcset=\"https:\/\/airside.previmeteo.com\/wp-content\/uploads\/2024\/10\/avitaillement2-edited-scaled.jpg 2560w, https:\/\/airside.previmeteo.com\/wp-content\/uploads\/2024\/10\/avitaillement2-edited-300x300.jpg 300w, https:\/\/airside.previmeteo.com\/wp-content\/uploads\/2024\/10\/avitaillement2-edited-1024x1024.jpg 1024w, https:\/\/airside.previmeteo.com\/wp-content\/uploads\/2024\/10\/avitaillement2-edited-150x150.jpg 150w, https:\/\/airside.previmeteo.com\/wp-content\/uploads\/2024\/10\/avitaillement2-edited-768x768.jpg 768w, https:\/\/airside.previmeteo.com\/wp-content\/uploads\/2024\/10\/avitaillement2-edited-1536x1536.jpg 1536w, https:\/\/airside.previmeteo.com\/wp-content\/uploads\/2024\/10\/avitaillement2-edited-2048x2048.jpg 2048w\" sizes=\"auto, (max-width: 2560px) 100vw, 2560px\" \/><\/figure>\n<\/div>\n\n\n\n<div class=\"wp-block-column is-vertically-aligned-center is-layout-flow wp-block-column-is-layout-flow\" style=\"padding-top:24px;padding-right:24px;padding-bottom:24px;padding-left:24px\">\n<h2 class=\"wp-block-heading\"><strong>S\u00e9curit\u00e9 de l&rsquo;avitaillement : anticipez les risques climatiques<\/strong><\/h2>\n\n\n\n<p>L&rsquo;avitaillement des avions est une op\u00e9ration sensible n\u00e9cessitant une gestion rigoureuse des risques m\u00e9t\u00e9orologiques. Gr\u00e2ce \u00e0 nos alertes en temps r\u00e9el, vous pouvez anticiper les conditions climatiques dangereuses comme les orages, la foudre et les vents violents. Ces pr\u00e9visions permettent aux compagnies a\u00e9riennes de planifier les interventions d\u2019avitaillement aux moments les plus s\u00fbrs, augmentant ainsi la s\u00e9curit\u00e9 des op\u00e9rateurs et des infrastructures.<\/p>\n\n\n\n<div class=\"wp-block-buttons is-content-justification-center is-layout-flex wp-container-core-buttons-is-layout-a89b3969 wp-block-buttons-is-layout-flex\">\n<div class=\"wp-block-button\"><a class=\"wp-block-button__link wp-element-button\" href=\"https:\/\/airport.previmeteo.com\/contact\/\">Demandez un devis<\/a><\/div>\n<\/div>\n<\/div>\n<\/div>\n<\/div>\n\n\n\n<div class=\"wp-block-group alignfull has-ti-fg-alt-color has-ti-accent-background-color has-text-color has-background is-layout-constrained wp-container-core-group-is-layout-352a731e wp-block-group-is-layout-constrained\" style=\"margin-top:0px;margin-bottom:0px;padding-top:64px;padding-bottom:64px\">\n<div class=\"wp-block-columns alignwide is-layout-flex wp-container-core-columns-is-layout-28f84493 wp-block-columns-is-layout-flex\">\n<div class=\"wp-block-column is-vertically-aligned-center is-layout-flow wp-block-column-is-layout-flow\">\n<h2 class=\"wp-block-heading\"><strong>Gestion des risques de foudre : prot\u00e9gez vos op\u00e9rateurs au sol<\/strong><\/h2>\n\n\n\n<p>La foudre repr\u00e9sente un risque majeur pour les \u00e9quipes au sol lors des op\u00e9rations d\u2019avitaillement. Nos alertes en temps r\u00e9el d\u00e9tectent les orages \u00e0 proximit\u00e9 de l\u2019a\u00e9roport et vous avertissent \u00e0 l&rsquo;avance afin de suspendre les activit\u00e9s avant que les conditions ne deviennent dangereuses. Cette anticipation aide \u00e0 prot\u00e9ger vos op\u00e9rateurs des risques d\u2019\u00e9lectrocution et \u00e0 \u00e9viter des interruptions non planifi\u00e9es, tout en assurant un retour rapide aux op\u00e9rations lorsque le danger est pass\u00e9.<\/p>\n<\/div>\n\n\n\n<div class=\"wp-block-column is-vertically-aligned-center is-layout-flow wp-block-column-is-layout-flow\">\n<figure class=\"wp-block-image size-full\"><img loading=\"lazy\" decoding=\"async\" width=\"2560\" height=\"2560\" src=\"https:\/\/airside.previmeteo.com\/wp-content\/uploads\/2024\/10\/airport-6-edited-scaled.jpg\" alt=\"Avion en train d'\u00eatre avitalli\u00e9\" class=\"wp-image-717\" srcset=\"https:\/\/airside.previmeteo.com\/wp-content\/uploads\/2024\/10\/airport-6-edited-scaled.jpg 2560w, https:\/\/airside.previmeteo.com\/wp-content\/uploads\/2024\/10\/airport-6-edited-300x300.jpg 300w, https:\/\/airside.previmeteo.com\/wp-content\/uploads\/2024\/10\/airport-6-edited-1024x1024.jpg 1024w, https:\/\/airside.previmeteo.com\/wp-content\/uploads\/2024\/10\/airport-6-edited-150x150.jpg 150w, https:\/\/airside.previmeteo.com\/wp-content\/uploads\/2024\/10\/airport-6-edited-768x768.jpg 768w, https:\/\/airside.previmeteo.com\/wp-content\/uploads\/2024\/10\/airport-6-edited-1536x1536.jpg 1536w, https:\/\/airside.previmeteo.com\/wp-content\/uploads\/2024\/10\/airport-6-edited-2048x2048.jpg 2048w\" sizes=\"auto, (max-width: 2560px) 100vw, 2560px\" \/><\/figure>\n<\/div>\n\n\n\n<div class=\"wp-block-column is-vertically-aligned-center is-layout-flow wp-block-column-is-layout-flow\">\n<figure class=\"wp-block-image size-full\"><img loading=\"lazy\" decoding=\"async\" width=\"2560\" height=\"2560\" src=\"https:\/\/airside.previmeteo.com\/wp-content\/uploads\/2024\/10\/alerte-3-edited-1-scaled.jpg\" alt=\"Avion dans le brouillard\" class=\"wp-image-741\" srcset=\"https:\/\/airside.previmeteo.com\/wp-content\/uploads\/2024\/10\/alerte-3-edited-1-scaled.jpg 2560w, https:\/\/airside.previmeteo.com\/wp-content\/uploads\/2024\/10\/alerte-3-edited-1-300x300.jpg 300w, https:\/\/airside.previmeteo.com\/wp-content\/uploads\/2024\/10\/alerte-3-edited-1-1024x1024.jpg 1024w, https:\/\/airside.previmeteo.com\/wp-content\/uploads\/2024\/10\/alerte-3-edited-1-150x150.jpg 150w, https:\/\/airside.previmeteo.com\/wp-content\/uploads\/2024\/10\/alerte-3-edited-1-768x768.jpg 768w, https:\/\/airside.previmeteo.com\/wp-content\/uploads\/2024\/10\/alerte-3-edited-1-1536x1536.jpg 1536w, https:\/\/airside.previmeteo.com\/wp-content\/uploads\/2024\/10\/alerte-3-edited-1-2048x2048.jpg 2048w\" sizes=\"auto, (max-width: 2560px) 100vw, 2560px\" \/><\/figure>\n<\/div>\n<\/div>\n\n\n\n<div class=\"wp-block-columns alignwide is-layout-flex wp-container-core-columns-is-layout-28f84493 wp-block-columns-is-layout-flex\">\n<div class=\"wp-block-column is-vertically-aligned-center is-layout-flow wp-block-column-is-layout-flow\" style=\"flex-basis:66%\">\n<figure class=\"wp-block-image size-large size-full\"><img loading=\"lazy\" decoding=\"async\" width=\"2560\" height=\"1439\" src=\"https:\/\/airside.previmeteo.com\/wp-content\/uploads\/2024\/10\/airport-4-edited-scaled.jpg\" alt=\"Avion vu de derri\u00e8re\" class=\"wp-image-743\" srcset=\"https:\/\/airside.previmeteo.com\/wp-content\/uploads\/2024\/10\/airport-4-edited-scaled.jpg 2560w, https:\/\/airside.previmeteo.com\/wp-content\/uploads\/2024\/10\/airport-4-edited-300x169.jpg 300w, https:\/\/airside.previmeteo.com\/wp-content\/uploads\/2024\/10\/airport-4-edited-1024x576.jpg 1024w, https:\/\/airside.previmeteo.com\/wp-content\/uploads\/2024\/10\/airport-4-edited-768x432.jpg 768w, https:\/\/airside.previmeteo.com\/wp-content\/uploads\/2024\/10\/airport-4-edited-1536x863.jpg 1536w, https:\/\/airside.previmeteo.com\/wp-content\/uploads\/2024\/10\/airport-4-edited-2048x1151.jpg 2048w\" sizes=\"auto, (max-width: 2560px) 100vw, 2560px\" \/><\/figure>\n<\/div>\n\n\n\n<div class=\"wp-block-column is-vertically-aligned-bottom is-layout-flow wp-block-column-is-layout-flow\">\n<h2 class=\"wp-block-heading\"><strong>Pr\u00e9voyez les rafales de vent : pr\u00e9vention des accidents au sol<\/strong><\/h2>\n\n\n\n<p>Les vents violents et les rafales peuvent perturber les op\u00e9rations d\u2019avitaillement, augmentant les risques d&rsquo;accidents et de dommages mat\u00e9riels. Gr\u00e2ce \u00e0 nos pr\u00e9visions pr\u00e9cises et alertes en temps r\u00e9el, vous pouvez ajuster vos interventions en fonction des conditions venteuses \u00e0 venir. Cela permet de s\u00e9curiser le mat\u00e9riel et les op\u00e9rateurs, en assurant que les op\u00e9rations au sol se d\u00e9roulent dans un environnement s\u00fbr, m\u00eame face aux variations m\u00e9t\u00e9o soudaines.<\/p>\n<\/div>\n<\/div>\n<\/div>\n\n\n\n<div class=\"wp-block-group alignfull is-layout-constrained wp-block-group-is-layout-constrained\" style=\"margin-top:0;margin-bottom:0;padding-top:64px;padding-bottom:64px\">\n<div class=\"wp-block-columns alignwide is-layout-flex wp-container-core-columns-is-layout-28232c24 wp-block-columns-is-layout-flex\">\n<div class=\"wp-block-column is-vertically-aligned-center is-layout-flow wp-block-column-is-layout-flow\" style=\"padding-top:24px;padding-right:24px;padding-bottom:24px;padding-left:24px\">\n<h2 class=\"wp-block-heading\"><strong>Optimisez la s\u00e9curit\u00e9 avec des alertes m\u00e9t\u00e9o personnalis\u00e9es<\/strong><\/h2>\n\n\n\n<p>Nos alertes m\u00e9t\u00e9o personnalis\u00e9es vous fournissent les informations critiques pour chaque \u00e9tape de l&rsquo;avitaillement. En fonction de la configuration de votre a\u00e9roport et de vos besoins sp\u00e9cifiques, nous adaptons nos alertes pour pr\u00e9venir les risques li\u00e9s aux conditions m\u00e9t\u00e9orologiques extr\u00eames. Cette personnalisation vous permet de prendre des d\u00e9cisions rapides et \u00e9clair\u00e9es, minimisant les risques tout en garantissant la continuit\u00e9 et la s\u00e9curit\u00e9 des op\u00e9rations d&rsquo;avitaillement.<\/p>\n<\/div>\n\n\n\n<div class=\"wp-block-column is-vertically-aligned-center is-layout-flow wp-block-column-is-layout-flow\">\n<figure class=\"wp-block-image aligncenter size-full\"><img loading=\"lazy\" decoding=\"async\" width=\"2560\" height=\"2560\" src=\"https:\/\/airside.previmeteo.com\/wp-content\/uploads\/2024\/10\/handling-edited-scaled.jpg\" alt=\"A\u00e9roport depuis le hublot d'un avion\" class=\"wp-image-728\" srcset=\"https:\/\/airside.previmeteo.com\/wp-content\/uploads\/2024\/10\/handling-edited-scaled.jpg 2560w, https:\/\/airside.previmeteo.com\/wp-content\/uploads\/2024\/10\/handling-edited-300x300.jpg 300w, https:\/\/airside.previmeteo.com\/wp-content\/uploads\/2024\/10\/handling-edited-1024x1024.jpg 1024w, https:\/\/airside.previmeteo.com\/wp-content\/uploads\/2024\/10\/handling-edited-150x150.jpg 150w, https:\/\/airside.previmeteo.com\/wp-content\/uploads\/2024\/10\/handling-edited-768x768.jpg 768w, https:\/\/airside.previmeteo.com\/wp-content\/uploads\/2024\/10\/handling-edited-1536x1536.jpg 1536w, https:\/\/airside.previmeteo.com\/wp-content\/uploads\/2024\/10\/handling-edited-2048x2048.jpg 2048w\" sizes=\"auto, (max-width: 2560px) 100vw, 2560px\" \/><\/figure>\n<\/div>\n<\/div>\n<\/div>\n<\/div>\n","protected":false},"excerpt":{"rendered":"<p>S\u00e9curit\u00e9 de l&rsquo;avitaillement : anticipez les risques climatiques L&rsquo;avitaillement des avions est une op\u00e9ration sensible n\u00e9cessitant une gestion rigoureuse des risques m\u00e9t\u00e9orologiques. Gr\u00e2ce \u00e0 nos alertes en temps r\u00e9el, vous pouvez anticiper les conditions climatiques dangereuses comme les orages, la foudre et les vents violents. Ces pr\u00e9visions permettent aux compagnies a\u00e9riennes de planifier les interventions [&hellip;]<\/p>\n","protected":false},"author":1,"featured_media":0,"parent":0,"menu_order":0,"comment_status":"closed","ping_status":"closed","template":"","meta":{"footnotes":""},"class_list":["post-63","page","type-page","status-publish","hentry"],"yoast_head":"<!-- This site is optimized with the Yoast SEO plugin v24.9 - https:\/\/yoast.com\/wordpress\/plugins\/seo\/ -->\n<title>Weather Service for Refueling - Previmeteo Airside Manager<\/title>\n<meta name=\"description\" content=\"S\u00e9curisez vos personnels et vos op\u00e9rations d\u2019avitaillement face au risque m\u00e9t\u00e9o\" \/>\n<meta name=\"robots\" content=\"index, follow, max-snippet:-1, max-image-preview:large, max-video-preview:-1\" \/>\n<link rel=\"canonical\" href=\"https:\/\/airside.previmeteo.com\/fr\/avitallement\/\" \/>\n<meta property=\"og:locale\" content=\"fr_FR\" \/>\n<meta property=\"og:type\" content=\"article\" \/>\n<meta property=\"og:title\" content=\"Weather Service for Refueling - Previmeteo Airside Manager\" \/>\n<meta property=\"og:description\" content=\"S\u00e9curisez vos personnels et vos op\u00e9rations d\u2019avitaillement face au risque m\u00e9t\u00e9o\" \/>\n<meta property=\"og:url\" content=\"https:\/\/airside.previmeteo.com\/fr\/avitallement\/\" \/>\n<meta property=\"og:site_name\" content=\"Previmeteo Airside Manager\" \/>\n<meta property=\"article:modified_time\" content=\"2025-03-25T08:12:47+00:00\" \/>\n<meta property=\"og:image\" content=\"https:\/\/airside.previmeteo.com\/wp-content\/uploads\/2024\/09\/avitaillement.webp\" \/>\n\t<meta property=\"og:image:width\" content=\"1024\" \/>\n\t<meta property=\"og:image:height\" content=\"1024\" \/>\n\t<meta property=\"og:image:type\" content=\"image\/webp\" \/>\n<meta name=\"twitter:card\" content=\"summary_large_image\" \/>\n<meta name=\"twitter:label1\" content=\"Dur\u00e9e de lecture estim\u00e9e\" \/>\n\t<meta name=\"twitter:data1\" content=\"3 minutes\" \/>\n<script type=\"application\/ld+json\" class=\"yoast-schema-graph\">{\"@context\":\"https:\/\/schema.org\",\"@graph\":[{\"@type\":\"WebPage\",\"@id\":\"https:\/\/airside.previmeteo.com\/avitallement\/\",\"url\":\"https:\/\/airside.previmeteo.com\/avitallement\/\",\"name\":\"Weather Service for Refueling - Previmeteo Airside Manager\",\"isPartOf\":{\"@id\":\"https:\/\/airside.previmeteo.com\/en\/#website\"},\"primaryImageOfPage\":{\"@id\":\"https:\/\/airside.previmeteo.com\/avitallement\/#primaryimage\"},\"image\":{\"@id\":\"https:\/\/airside.previmeteo.com\/avitallement\/#primaryimage\"},\"thumbnailUrl\":\"https:\/\/airport.previmeteo.com\/wp-content\/uploads\/2024\/09\/avitaillement.webp\",\"datePublished\":\"2024-09-05T08:10:29+00:00\",\"dateModified\":\"2025-03-25T08:12:47+00:00\",\"description\":\"S\u00e9curisez vos personnels et vos op\u00e9rations d\u2019avitaillement face au risque m\u00e9t\u00e9o\",\"breadcrumb\":{\"@id\":\"https:\/\/airside.previmeteo.com\/avitallement\/#breadcrumb\"},\"inLanguage\":\"fr-FR\",\"potentialAction\":[{\"@type\":\"ReadAction\",\"target\":[\"https:\/\/airside.previmeteo.com\/avitallement\/\"]}]},{\"@type\":\"ImageObject\",\"inLanguage\":\"fr-FR\",\"@id\":\"https:\/\/airside.previmeteo.com\/avitallement\/#primaryimage\",\"url\":\"https:\/\/airport.previmeteo.com\/wp-content\/uploads\/2024\/09\/avitaillement.webp\",\"contentUrl\":\"https:\/\/airport.previmeteo.com\/wp-content\/uploads\/2024\/09\/avitaillement.webp\"},{\"@type\":\"BreadcrumbList\",\"@id\":\"https:\/\/airside.previmeteo.com\/avitallement\/#breadcrumb\",\"itemListElement\":[{\"@type\":\"ListItem\",\"position\":1,\"name\":\"Accueil\",\"item\":\"https:\/\/airside.previmeteo.com\/\"},{\"@type\":\"ListItem\",\"position\":2,\"name\":\"Weather Service for Refueling\"}]},{\"@type\":\"WebSite\",\"@id\":\"https:\/\/airside.previmeteo.com\/en\/#website\",\"url\":\"https:\/\/airside.previmeteo.com\/en\/\",\"name\":\"Previmeteo Airside Manager\",\"description\":\"\",\"potentialAction\":[{\"@type\":\"SearchAction\",\"target\":{\"@type\":\"EntryPoint\",\"urlTemplate\":\"https:\/\/airside.previmeteo.com\/en\/?s={search_term_string}\"},\"query-input\":{\"@type\":\"PropertyValueSpecification\",\"valueRequired\":true,\"valueName\":\"search_term_string\"}}],\"inLanguage\":\"fr-FR\"}]}<\/script>\n<!-- \/ Yoast SEO plugin. -->","yoast_head_json":{"title":"Weather Service for Refueling - Previmeteo Airside Manager","description":"S\u00e9curisez vos personnels et vos op\u00e9rations d\u2019avitaillement face au risque m\u00e9t\u00e9o","robots":{"index":"index","follow":"follow","max-snippet":"max-snippet:-1","max-image-preview":"max-image-preview:large","max-video-preview":"max-video-preview:-1"},"canonical":"https:\/\/airside.previmeteo.com\/fr\/avitallement\/","og_locale":"fr_FR","og_type":"article","og_title":"Weather Service for Refueling - Previmeteo Airside Manager","og_description":"S\u00e9curisez vos personnels et vos op\u00e9rations d\u2019avitaillement face au risque m\u00e9t\u00e9o","og_url":"https:\/\/airside.previmeteo.com\/fr\/avitallement\/","og_site_name":"Previmeteo Airside Manager","article_modified_time":"2025-03-25T08:12:47+00:00","og_image":[{"width":1024,"height":1024,"url":"https:\/\/airside.previmeteo.com\/wp-content\/uploads\/2024\/09\/avitaillement.webp","type":"image\/webp"}],"twitter_card":"summary_large_image","twitter_misc":{"Dur\u00e9e de lecture estim\u00e9e":"3 minutes"},"schema":{"@context":"https:\/\/schema.org","@graph":[{"@type":"WebPage","@id":"https:\/\/airside.previmeteo.com\/avitallement\/","url":"https:\/\/airside.previmeteo.com\/avitallement\/","name":"Weather Service for Refueling - Previmeteo Airside Manager","isPartOf":{"@id":"https:\/\/airside.previmeteo.com\/en\/#website"},"primaryImageOfPage":{"@id":"https:\/\/airside.previmeteo.com\/avitallement\/#primaryimage"},"image":{"@id":"https:\/\/airside.previmeteo.com\/avitallement\/#primaryimage"},"thumbnailUrl":"https:\/\/airport.previmeteo.com\/wp-content\/uploads\/2024\/09\/avitaillement.webp","datePublished":"2024-09-05T08:10:29+00:00","dateModified":"2025-03-25T08:12:47+00:00","description":"S\u00e9curisez vos personnels et vos op\u00e9rations d\u2019avitaillement face au risque m\u00e9t\u00e9o","breadcrumb":{"@id":"https:\/\/airside.previmeteo.com\/avitallement\/#breadcrumb"},"inLanguage":"fr-FR","potentialAction":[{"@type":"ReadAction","target":["https:\/\/airside.previmeteo.com\/avitallement\/"]}]},{"@type":"ImageObject","inLanguage":"fr-FR","@id":"https:\/\/airside.previmeteo.com\/avitallement\/#primaryimage","url":"https:\/\/airport.previmeteo.com\/wp-content\/uploads\/2024\/09\/avitaillement.webp","contentUrl":"https:\/\/airport.previmeteo.com\/wp-content\/uploads\/2024\/09\/avitaillement.webp"},{"@type":"BreadcrumbList","@id":"https:\/\/airside.previmeteo.com\/avitallement\/#breadcrumb","itemListElement":[{"@type":"ListItem","position":1,"name":"Accueil","item":"https:\/\/airside.previmeteo.com\/"},{"@type":"ListItem","position":2,"name":"Weather Service for Refueling"}]},{"@type":"WebSite","@id":"https:\/\/airside.previmeteo.com\/en\/#website","url":"https:\/\/airside.previmeteo.com\/en\/","name":"Previmeteo Airside Manager","description":"","potentialAction":[{"@type":"SearchAction","target":{"@type":"EntryPoint","urlTemplate":"https:\/\/airside.previmeteo.com\/en\/?s={search_term_string}"},"query-input":{"@type":"PropertyValueSpecification","valueRequired":true,"valueName":"search_term_string"}}],"inLanguage":"fr-FR"}]}},"_links":{"self":[{"href":"https:\/\/airside.previmeteo.com\/fr\/wp-json\/wp\/v2\/pages\/63","targetHints":{"allow":["GET"]}}],"collection":[{"href":"https:\/\/airside.previmeteo.com\/fr\/wp-json\/wp\/v2\/pages"}],"about":[{"href":"https:\/\/airside.previmeteo.com\/fr\/wp-json\/wp\/v2\/types\/page"}],"author":[{"embeddable":true,"href":"https:\/\/airside.previmeteo.com\/fr\/wp-json\/wp\/v2\/users\/1"}],"replies":[{"embeddable":true,"href":"https:\/\/airside.previmeteo.com\/fr\/wp-json\/wp\/v2\/comments?post=63"}],"version-history":[{"count":13,"href":"https:\/\/airside.previmeteo.com\/fr\/wp-json\/wp\/v2\/pages\/63\/revisions"}],"predecessor-version":[{"id":1047,"href":"https:\/\/airside.previmeteo.com\/fr\/wp-json\/wp\/v2\/pages\/63\/revisions\/1047"}],"wp:attachment":[{"href":"https:\/\/airside.previmeteo.com\/fr\/wp-json\/wp\/v2\/media?parent=63"}],"curies":[{"name":"wp","href":"https:\/\/api.w.org\/{rel}","templated":true}]}}