{"id":61,"date":"2024-09-05T10:10:19","date_gmt":"2024-09-05T08:10:19","guid":{"rendered":"https:\/\/airport.previmeteo.com\/?page_id=61"},"modified":"2025-03-25T09:13:51","modified_gmt":"2025-03-25T08:13:51","slug":"compagnies-aeriennes","status":"publish","type":"page","link":"https:\/\/airside.previmeteo.com\/fr\/compagnies-aeriennes\/","title":{"rendered":"Weather Service for Airline Ground Operations"},"content":{"rendered":"\n<div class=\"wp-block-group alignfull is-layout-constrained wp-block-group-is-layout-constrained\">\n<div class=\"wp-block-cover alignfull\" style=\"margin-top:0;margin-bottom:0;padding-top:24px;padding-right:24px;padding-bottom:24px;padding-left:24px;min-height:570px;aspect-ratio:unset;\"><span aria-hidden=\"true\" class=\"wp-block-cover__background has-ti-bg-inv-background-color has-background-dim\"><\/span><img loading=\"lazy\" decoding=\"async\" width=\"1024\" height=\"1024\" class=\"wp-block-cover__image-background wp-image-128\" alt=\"Avion Previmeteo\" src=\"https:\/\/airport.previmeteo.com\/wp-content\/uploads\/2024\/09\/compagnies-aeriennes.webp\" data-object-fit=\"cover\" srcset=\"https:\/\/airside.previmeteo.com\/wp-content\/uploads\/2024\/09\/compagnies-aeriennes.webp 1024w, https:\/\/airside.previmeteo.com\/wp-content\/uploads\/2024\/09\/compagnies-aeriennes-300x300.webp 300w, https:\/\/airside.previmeteo.com\/wp-content\/uploads\/2024\/09\/compagnies-aeriennes-150x150.webp 150w, https:\/\/airside.previmeteo.com\/wp-content\/uploads\/2024\/09\/compagnies-aeriennes-768x768.webp 768w\" sizes=\"auto, (max-width: 1024px) 100vw, 1024px\" \/><div class=\"wp-block-cover__inner-container is-layout-flow wp-block-cover-is-layout-flow\">\n<div class=\"wp-block-group has-ti-fg-alt-color has-text-color is-layout-constrained wp-block-group-is-layout-constrained\">\n<h1 class=\"wp-block-heading has-text-align-center has-huge-font-size\">Compagnies A\u00e9riennes<\/h1>\n\n\n\n<p class=\"has-text-align-center has-medium-font-size\">Suivez les conditions m\u00e9t\u00e9orologiques pour s\u00e9curiser vos op\u00e9rations au sol et r\u00e9duire les risques de retards au d\u00e9collage et \u00e0 l\u2019atterrissage.<\/p>\n<\/div>\n<\/div><\/div>\n\n\n\n<div class=\"wp-block-group alignfull has-ti-fg-alt-color has-ti-bg-inv-background-color has-text-color has-background has-link-color wp-elements-ae15e6e929109afe8ebdda86474db37a is-layout-constrained wp-block-group-is-layout-constrained\" style=\"margin-top:0;margin-bottom:0;padding-top:64px;padding-bottom:64px\">\n<div class=\"wp-block-columns alignwide is-layout-flex wp-container-core-columns-is-layout-28232c24 wp-block-columns-is-layout-flex\">\n<div class=\"wp-block-column is-vertically-aligned-center is-layout-flow wp-block-column-is-layout-flow\">\n<figure class=\"wp-block-image aligncenter size-full\"><img loading=\"lazy\" decoding=\"async\" width=\"1959\" height=\"1960\" src=\"https:\/\/airside.previmeteo.com\/wp-content\/uploads\/2024\/10\/airport-1-edited.jpg\" alt=\"Avion en train de charger des passagers\" class=\"wp-image-730\" srcset=\"https:\/\/airside.previmeteo.com\/wp-content\/uploads\/2024\/10\/airport-1-edited.jpg 1959w, https:\/\/airside.previmeteo.com\/wp-content\/uploads\/2024\/10\/airport-1-edited-300x300.jpg 300w, https:\/\/airside.previmeteo.com\/wp-content\/uploads\/2024\/10\/airport-1-edited-1024x1024.jpg 1024w, https:\/\/airside.previmeteo.com\/wp-content\/uploads\/2024\/10\/airport-1-edited-150x150.jpg 150w, https:\/\/airside.previmeteo.com\/wp-content\/uploads\/2024\/10\/airport-1-edited-768x768.jpg 768w, https:\/\/airside.previmeteo.com\/wp-content\/uploads\/2024\/10\/airport-1-edited-1536x1536.jpg 1536w\" sizes=\"auto, (max-width: 1959px) 100vw, 1959px\" \/><\/figure>\n<\/div>\n\n\n\n<div class=\"wp-block-column is-vertically-aligned-center is-layout-flow wp-block-column-is-layout-flow\" style=\"padding-top:24px;padding-right:24px;padding-bottom:24px;padding-left:24px\">\n<h2 class=\"wp-block-heading\"><strong>Gestion des op\u00e9rations au sol : pr\u00e9visions m\u00e9t\u00e9o pour une coordination optimale<\/strong><\/h2>\n\n\n\n<p>Les compagnies a\u00e9riennes d\u00e9pendent d\u2019une gestion fluide des op\u00e9rations au sol pour garantir la ponctualit\u00e9 et la s\u00e9curit\u00e9 de chaque vol. Gr\u00e2ce \u00e0 nos pr\u00e9visions m\u00e9t\u00e9o pr\u00e9cises et personnalis\u00e9es, vous pouvez anticiper les conditions climatiques et coordonner efficacement les \u00e9quipes de catering, handling, et avitaillement. En tenant compte des donn\u00e9es en temps r\u00e9el, les t\u00e2ches critiques peuvent \u00eatre planifi\u00e9es aux moments les plus opportuns, limitant ainsi les retards et les interruptions.<\/p>\n\n\n\n<div class=\"wp-block-buttons is-content-justification-center is-layout-flex wp-container-core-buttons-is-layout-a89b3969 wp-block-buttons-is-layout-flex\">\n<div class=\"wp-block-button\"><a class=\"wp-block-button__link wp-element-button\" href=\"https:\/\/airport.previmeteo.com\/contact\/\">Demandez un devis<\/a><\/div>\n<\/div>\n<\/div>\n<\/div>\n<\/div>\n\n\n\n<div class=\"wp-block-group alignfull has-ti-fg-alt-color has-ti-accent-background-color has-text-color has-background is-layout-constrained wp-container-core-group-is-layout-352a731e wp-block-group-is-layout-constrained\" style=\"margin-top:0px;margin-bottom:0px;padding-top:64px;padding-bottom:64px\">\n<div class=\"wp-block-columns alignwide is-layout-flex wp-container-core-columns-is-layout-28f84493 wp-block-columns-is-layout-flex\">\n<div class=\"wp-block-column is-vertically-aligned-center is-layout-flow wp-block-column-is-layout-flow\">\n<h2 class=\"wp-block-heading\"><strong>S\u00e9curit\u00e9 des \u00e9quipements au sol : pr\u00e9venir les risques li\u00e9s au vent et aux intemp\u00e9ries<\/strong><\/h2>\n\n\n\n<p>Les op\u00e9rations au sol, comme le d\u00e9placement des containers et des \u00e9quipements, sont particuli\u00e8rement sensibles aux conditions m\u00e9t\u00e9orologiques, notamment aux vents violents. Nos alertes sp\u00e9cifiques vous permettent de pr\u00e9venir les risques de chocs ou de renversement d\u2019\u00e9quipements lourds, comme les containers ou les passerelles d&#8217;embarquement. En recevant des notifications sur les rafales ou les temp\u00eates, vous pouvez s\u00e9curiser le mat\u00e9riel au sol et \u00e9viter les dommages co\u00fbteux et les accidents.<\/p>\n<\/div>\n\n\n\n<div class=\"wp-block-column is-vertically-aligned-center is-layout-flow wp-block-column-is-layout-flow\">\n<figure class=\"wp-block-image size-full\"><img loading=\"lazy\" decoding=\"async\" width=\"2560\" height=\"2560\" src=\"https:\/\/airside.previmeteo.com\/wp-content\/uploads\/2024\/10\/alerte-3-edited-scaled.jpg\" alt=\"Avion dans le brouillard\" class=\"wp-image-719\" srcset=\"https:\/\/airside.previmeteo.com\/wp-content\/uploads\/2024\/10\/alerte-3-edited-scaled.jpg 2560w, https:\/\/airside.previmeteo.com\/wp-content\/uploads\/2024\/10\/alerte-3-edited-300x300.jpg 300w, https:\/\/airside.previmeteo.com\/wp-content\/uploads\/2024\/10\/alerte-3-edited-1024x1024.jpg 1024w, https:\/\/airside.previmeteo.com\/wp-content\/uploads\/2024\/10\/alerte-3-edited-150x150.jpg 150w, https:\/\/airside.previmeteo.com\/wp-content\/uploads\/2024\/10\/alerte-3-edited-768x768.jpg 768w, https:\/\/airside.previmeteo.com\/wp-content\/uploads\/2024\/10\/alerte-3-edited-1536x1536.jpg 1536w, https:\/\/airside.previmeteo.com\/wp-content\/uploads\/2024\/10\/alerte-3-edited-2048x2048.jpg 2048w\" sizes=\"auto, (max-width: 2560px) 100vw, 2560px\" \/><\/figure>\n<\/div>\n\n\n\n<div class=\"wp-block-column is-vertically-aligned-center is-layout-flow wp-block-column-is-layout-flow\">\n<figure class=\"wp-block-image size-full\"><img loading=\"lazy\" decoding=\"async\" width=\"2560\" height=\"2560\" src=\"https:\/\/airside.previmeteo.com\/wp-content\/uploads\/2024\/10\/handling-edited-scaled.jpg\" alt=\"A\u00e9roport depuis le hublot d'un avion\" class=\"wp-image-728\" srcset=\"https:\/\/airside.previmeteo.com\/wp-content\/uploads\/2024\/10\/handling-edited-scaled.jpg 2560w, https:\/\/airside.previmeteo.com\/wp-content\/uploads\/2024\/10\/handling-edited-300x300.jpg 300w, https:\/\/airside.previmeteo.com\/wp-content\/uploads\/2024\/10\/handling-edited-1024x1024.jpg 1024w, https:\/\/airside.previmeteo.com\/wp-content\/uploads\/2024\/10\/handling-edited-150x150.jpg 150w, https:\/\/airside.previmeteo.com\/wp-content\/uploads\/2024\/10\/handling-edited-768x768.jpg 768w, https:\/\/airside.previmeteo.com\/wp-content\/uploads\/2024\/10\/handling-edited-1536x1536.jpg 1536w, https:\/\/airside.previmeteo.com\/wp-content\/uploads\/2024\/10\/handling-edited-2048x2048.jpg 2048w\" sizes=\"auto, (max-width: 2560px) 100vw, 2560px\" \/><\/figure>\n<\/div>\n<\/div>\n\n\n\n<div class=\"wp-block-columns alignwide is-layout-flex wp-container-core-columns-is-layout-28f84493 wp-block-columns-is-layout-flex\">\n<div class=\"wp-block-column is-vertically-aligned-center is-layout-flow wp-block-column-is-layout-flow\" style=\"flex-basis:66%\">\n<figure class=\"wp-block-image size-full\"><img loading=\"lazy\" decoding=\"async\" width=\"2560\" height=\"1707\" src=\"https:\/\/airside.previmeteo.com\/wp-content\/uploads\/2024\/10\/handling-2-scaled.jpg\" alt=\"A\u00e9roport\" class=\"wp-image-707\" srcset=\"https:\/\/airside.previmeteo.com\/wp-content\/uploads\/2024\/10\/handling-2-scaled.jpg 2560w, https:\/\/airside.previmeteo.com\/wp-content\/uploads\/2024\/10\/handling-2-300x200.jpg 300w, https:\/\/airside.previmeteo.com\/wp-content\/uploads\/2024\/10\/handling-2-1024x683.jpg 1024w, https:\/\/airside.previmeteo.com\/wp-content\/uploads\/2024\/10\/handling-2-768x512.jpg 768w, https:\/\/airside.previmeteo.com\/wp-content\/uploads\/2024\/10\/handling-2-1536x1024.jpg 1536w, https:\/\/airside.previmeteo.com\/wp-content\/uploads\/2024\/10\/handling-2-2048x1365.jpg 2048w\" sizes=\"auto, (max-width: 2560px) 100vw, 2560px\" \/><\/figure>\n<\/div>\n\n\n\n<div class=\"wp-block-column is-vertically-aligned-bottom is-layout-flow wp-block-column-is-layout-flow\">\n<h2 class=\"wp-block-heading\"><strong>Catering et approvisionnement : planification optimis\u00e9e selon la m\u00e9t\u00e9o<\/strong><\/h2>\n\n\n\n<p>Les activit\u00e9s de catering et d&rsquo;approvisionnement doivent se d\u00e9rouler rapidement et efficacement, souvent dans des conditions climatiques d\u00e9favorables. Nos pr\u00e9visions m\u00e9t\u00e9o vous permettent d\u2019anticiper les moments propices pour effectuer ces op\u00e9rations, en prenant en compte les risques tels que la pluie, le vent, ou les temp\u00e9ratures extr\u00eames. Gr\u00e2ce \u00e0 cette planification m\u00e9t\u00e9o, les \u00e9quipes de catering peuvent anticiper la commande de glace, tout en assurant la livraison sans d\u00e9lai des services \u00e0 bord.<\/p>\n<\/div>\n<\/div>\n<\/div>\n\n\n\n<div class=\"wp-block-group alignfull is-layout-constrained wp-block-group-is-layout-constrained\" style=\"margin-top:0;margin-bottom:0;padding-top:64px;padding-bottom:64px\">\n<div class=\"wp-block-columns alignwide is-layout-flex wp-container-core-columns-is-layout-28232c24 wp-block-columns-is-layout-flex\">\n<div class=\"wp-block-column is-vertically-aligned-center is-layout-flow wp-block-column-is-layout-flow\" style=\"padding-top:24px;padding-right:24px;padding-bottom:24px;padding-left:24px\">\n<h2 class=\"wp-block-heading\"><strong>Handling : g\u00e9rer les risques et optimiser les ressources<\/strong><\/h2>\n\n\n\n<p>Le handling au sol, qu&rsquo;il s&rsquo;agisse de l&rsquo;accueil des passagers ou de la manutention des bagages, d\u00e9pend d&rsquo;une bonne gestion des ressources et d&rsquo;une anticipation des risques climatiques. Nos outils m\u00e9t\u00e9orologiques sur-mesure vous aident \u00e0 ajuster les effectifs et les \u00e9quipements en fonction des pr\u00e9visions, vous permettant de r\u00e9pondre aux pics d&rsquo;activit\u00e9 ou de prendre des mesures pr\u00e9ventives en cas de conditions difficiles. R\u00e9duisez les retards, optimisez vos ressources et assurez une meilleure s\u00e9curit\u00e9 pour le personnel et les passagers.<\/p>\n<\/div>\n\n\n\n<div class=\"wp-block-column is-vertically-aligned-center is-layout-flow wp-block-column-is-layout-flow\">\n<figure class=\"wp-block-image aligncenter size-full\"><img loading=\"lazy\" decoding=\"async\" width=\"750\" height=\"750\" src=\"https:\/\/airside.previmeteo.com\/wp-content\/uploads\/2024\/10\/19-1.png\" alt=\"Visuel de l'application Previmeteo Airside Manager, services m\u00e9t\u00e9o pour les op\u00e9rations a\u00e9roportuaires\" class=\"wp-image-993\" srcset=\"https:\/\/airside.previmeteo.com\/wp-content\/uploads\/2024\/10\/19-1.png 750w, https:\/\/airside.previmeteo.com\/wp-content\/uploads\/2024\/10\/19-1-300x300.png 300w, https:\/\/airside.previmeteo.com\/wp-content\/uploads\/2024\/10\/19-1-150x150.png 150w, https:\/\/airside.previmeteo.com\/wp-content\/uploads\/2024\/10\/19-1-12x12.png 12w\" sizes=\"auto, (max-width: 750px) 100vw, 750px\" \/><\/figure>\n<\/div>\n<\/div>\n<\/div>\n<\/div>\n","protected":false},"excerpt":{"rendered":"<p>Gestion des op\u00e9rations au sol : pr\u00e9visions m\u00e9t\u00e9o pour une coordination optimale Les compagnies a\u00e9riennes d\u00e9pendent d\u2019une gestion fluide des op\u00e9rations au sol pour garantir la ponctualit\u00e9 et la s\u00e9curit\u00e9 de chaque vol. Gr\u00e2ce \u00e0 nos pr\u00e9visions m\u00e9t\u00e9o pr\u00e9cises et personnalis\u00e9es, vous pouvez anticiper les conditions climatiques et coordonner efficacement les \u00e9quipes de catering, handling, [&hellip;]<\/p>\n","protected":false},"author":1,"featured_media":0,"parent":0,"menu_order":0,"comment_status":"closed","ping_status":"closed","template":"","meta":{"footnotes":""},"class_list":["post-61","page","type-page","status-publish","hentry"],"yoast_head":"<!-- This site is optimized with the Yoast SEO plugin v24.9 - https:\/\/yoast.com\/wordpress\/plugins\/seo\/ -->\n<title>Weather Service for Airline Ground Operations - Previmeteo Airside Manager<\/title>\n<meta name=\"description\" content=\"Suivez les conditions m\u00e9t\u00e9orologiques pour s\u00e9curiser vos op\u00e9rations au sol et r\u00e9duire les risques de retards au d\u00e9collage et \u00e0 l\u2019atterrissage.\" \/>\n<meta name=\"robots\" content=\"index, follow, max-snippet:-1, max-image-preview:large, max-video-preview:-1\" \/>\n<link rel=\"canonical\" href=\"https:\/\/airside.previmeteo.com\/fr\/compagnies-aeriennes\/\" \/>\n<meta property=\"og:locale\" content=\"fr_FR\" \/>\n<meta property=\"og:type\" content=\"article\" \/>\n<meta property=\"og:title\" content=\"Weather Service for Airline Ground Operations - Previmeteo Airside Manager\" \/>\n<meta property=\"og:description\" content=\"Suivez les conditions m\u00e9t\u00e9orologiques pour s\u00e9curiser vos op\u00e9rations au sol et r\u00e9duire les risques de retards au d\u00e9collage et \u00e0 l\u2019atterrissage.\" \/>\n<meta property=\"og:url\" content=\"https:\/\/airside.previmeteo.com\/fr\/compagnies-aeriennes\/\" \/>\n<meta property=\"og:site_name\" content=\"Previmeteo Airside Manager\" \/>\n<meta property=\"article:modified_time\" content=\"2025-03-25T08:13:51+00:00\" \/>\n<meta property=\"og:image\" content=\"https:\/\/airside.previmeteo.com\/wp-content\/uploads\/2024\/09\/compagnies-aeriennes.webp\" \/>\n\t<meta property=\"og:image:width\" content=\"1024\" \/>\n\t<meta property=\"og:image:height\" content=\"1024\" \/>\n\t<meta property=\"og:image:type\" content=\"image\/webp\" \/>\n<meta name=\"twitter:card\" content=\"summary_large_image\" \/>\n<meta name=\"twitter:label1\" content=\"Dur\u00e9e de lecture estim\u00e9e\" \/>\n\t<meta name=\"twitter:data1\" content=\"4 minutes\" \/>\n<script type=\"application\/ld+json\" class=\"yoast-schema-graph\">{\"@context\":\"https:\/\/schema.org\",\"@graph\":[{\"@type\":\"WebPage\",\"@id\":\"https:\/\/airside.previmeteo.com\/compagnies-aeriennes\/\",\"url\":\"https:\/\/airside.previmeteo.com\/compagnies-aeriennes\/\",\"name\":\"Weather Service for Airline Ground Operations - Previmeteo Airside Manager\",\"isPartOf\":{\"@id\":\"https:\/\/airside.previmeteo.com\/en\/#website\"},\"primaryImageOfPage\":{\"@id\":\"https:\/\/airside.previmeteo.com\/compagnies-aeriennes\/#primaryimage\"},\"image\":{\"@id\":\"https:\/\/airside.previmeteo.com\/compagnies-aeriennes\/#primaryimage\"},\"thumbnailUrl\":\"https:\/\/airport.previmeteo.com\/wp-content\/uploads\/2024\/09\/compagnies-aeriennes.webp\",\"datePublished\":\"2024-09-05T08:10:19+00:00\",\"dateModified\":\"2025-03-25T08:13:51+00:00\",\"description\":\"Suivez les conditions m\u00e9t\u00e9orologiques pour s\u00e9curiser vos op\u00e9rations au sol et r\u00e9duire les risques de retards au d\u00e9collage et \u00e0 l\u2019atterrissage.\",\"breadcrumb\":{\"@id\":\"https:\/\/airside.previmeteo.com\/compagnies-aeriennes\/#breadcrumb\"},\"inLanguage\":\"fr-FR\",\"potentialAction\":[{\"@type\":\"ReadAction\",\"target\":[\"https:\/\/airside.previmeteo.com\/compagnies-aeriennes\/\"]}]},{\"@type\":\"ImageObject\",\"inLanguage\":\"fr-FR\",\"@id\":\"https:\/\/airside.previmeteo.com\/compagnies-aeriennes\/#primaryimage\",\"url\":\"https:\/\/airport.previmeteo.com\/wp-content\/uploads\/2024\/09\/compagnies-aeriennes.webp\",\"contentUrl\":\"https:\/\/airport.previmeteo.com\/wp-content\/uploads\/2024\/09\/compagnies-aeriennes.webp\"},{\"@type\":\"BreadcrumbList\",\"@id\":\"https:\/\/airside.previmeteo.com\/compagnies-aeriennes\/#breadcrumb\",\"itemListElement\":[{\"@type\":\"ListItem\",\"position\":1,\"name\":\"Accueil\",\"item\":\"https:\/\/airside.previmeteo.com\/\"},{\"@type\":\"ListItem\",\"position\":2,\"name\":\"Weather Service for Airline Ground Operations\"}]},{\"@type\":\"WebSite\",\"@id\":\"https:\/\/airside.previmeteo.com\/en\/#website\",\"url\":\"https:\/\/airside.previmeteo.com\/en\/\",\"name\":\"Previmeteo Airside Manager\",\"description\":\"\",\"potentialAction\":[{\"@type\":\"SearchAction\",\"target\":{\"@type\":\"EntryPoint\",\"urlTemplate\":\"https:\/\/airside.previmeteo.com\/en\/?s={search_term_string}\"},\"query-input\":{\"@type\":\"PropertyValueSpecification\",\"valueRequired\":true,\"valueName\":\"search_term_string\"}}],\"inLanguage\":\"fr-FR\"}]}<\/script>\n<!-- \/ Yoast SEO plugin. -->","yoast_head_json":{"title":"Weather Service for Airline Ground Operations - Previmeteo Airside Manager","description":"Suivez les conditions m\u00e9t\u00e9orologiques pour s\u00e9curiser vos op\u00e9rations au sol et r\u00e9duire les risques de retards au d\u00e9collage et \u00e0 l\u2019atterrissage.","robots":{"index":"index","follow":"follow","max-snippet":"max-snippet:-1","max-image-preview":"max-image-preview:large","max-video-preview":"max-video-preview:-1"},"canonical":"https:\/\/airside.previmeteo.com\/fr\/compagnies-aeriennes\/","og_locale":"fr_FR","og_type":"article","og_title":"Weather Service for Airline Ground Operations - Previmeteo Airside Manager","og_description":"Suivez les conditions m\u00e9t\u00e9orologiques pour s\u00e9curiser vos op\u00e9rations au sol et r\u00e9duire les risques de retards au d\u00e9collage et \u00e0 l\u2019atterrissage.","og_url":"https:\/\/airside.previmeteo.com\/fr\/compagnies-aeriennes\/","og_site_name":"Previmeteo Airside Manager","article_modified_time":"2025-03-25T08:13:51+00:00","og_image":[{"width":1024,"height":1024,"url":"https:\/\/airside.previmeteo.com\/wp-content\/uploads\/2024\/09\/compagnies-aeriennes.webp","type":"image\/webp"}],"twitter_card":"summary_large_image","twitter_misc":{"Dur\u00e9e de lecture estim\u00e9e":"4 minutes"},"schema":{"@context":"https:\/\/schema.org","@graph":[{"@type":"WebPage","@id":"https:\/\/airside.previmeteo.com\/compagnies-aeriennes\/","url":"https:\/\/airside.previmeteo.com\/compagnies-aeriennes\/","name":"Weather Service for Airline Ground Operations - Previmeteo Airside Manager","isPartOf":{"@id":"https:\/\/airside.previmeteo.com\/en\/#website"},"primaryImageOfPage":{"@id":"https:\/\/airside.previmeteo.com\/compagnies-aeriennes\/#primaryimage"},"image":{"@id":"https:\/\/airside.previmeteo.com\/compagnies-aeriennes\/#primaryimage"},"thumbnailUrl":"https:\/\/airport.previmeteo.com\/wp-content\/uploads\/2024\/09\/compagnies-aeriennes.webp","datePublished":"2024-09-05T08:10:19+00:00","dateModified":"2025-03-25T08:13:51+00:00","description":"Suivez les conditions m\u00e9t\u00e9orologiques pour s\u00e9curiser vos op\u00e9rations au sol et r\u00e9duire les risques de retards au d\u00e9collage et \u00e0 l\u2019atterrissage.","breadcrumb":{"@id":"https:\/\/airside.previmeteo.com\/compagnies-aeriennes\/#breadcrumb"},"inLanguage":"fr-FR","potentialAction":[{"@type":"ReadAction","target":["https:\/\/airside.previmeteo.com\/compagnies-aeriennes\/"]}]},{"@type":"ImageObject","inLanguage":"fr-FR","@id":"https:\/\/airside.previmeteo.com\/compagnies-aeriennes\/#primaryimage","url":"https:\/\/airport.previmeteo.com\/wp-content\/uploads\/2024\/09\/compagnies-aeriennes.webp","contentUrl":"https:\/\/airport.previmeteo.com\/wp-content\/uploads\/2024\/09\/compagnies-aeriennes.webp"},{"@type":"BreadcrumbList","@id":"https:\/\/airside.previmeteo.com\/compagnies-aeriennes\/#breadcrumb","itemListElement":[{"@type":"ListItem","position":1,"name":"Accueil","item":"https:\/\/airside.previmeteo.com\/"},{"@type":"ListItem","position":2,"name":"Weather Service for Airline Ground Operations"}]},{"@type":"WebSite","@id":"https:\/\/airside.previmeteo.com\/en\/#website","url":"https:\/\/airside.previmeteo.com\/en\/","name":"Previmeteo Airside Manager","description":"","potentialAction":[{"@type":"SearchAction","target":{"@type":"EntryPoint","urlTemplate":"https:\/\/airside.previmeteo.com\/en\/?s={search_term_string}"},"query-input":{"@type":"PropertyValueSpecification","valueRequired":true,"valueName":"search_term_string"}}],"inLanguage":"fr-FR"}]}},"_links":{"self":[{"href":"https:\/\/airside.previmeteo.com\/fr\/wp-json\/wp\/v2\/pages\/61","targetHints":{"allow":["GET"]}}],"collection":[{"href":"https:\/\/airside.previmeteo.com\/fr\/wp-json\/wp\/v2\/pages"}],"about":[{"href":"https:\/\/airside.previmeteo.com\/fr\/wp-json\/wp\/v2\/types\/page"}],"author":[{"embeddable":true,"href":"https:\/\/airside.previmeteo.com\/fr\/wp-json\/wp\/v2\/users\/1"}],"replies":[{"embeddable":true,"href":"https:\/\/airside.previmeteo.com\/fr\/wp-json\/wp\/v2\/comments?post=61"}],"version-history":[{"count":14,"href":"https:\/\/airside.previmeteo.com\/fr\/wp-json\/wp\/v2\/pages\/61\/revisions"}],"predecessor-version":[{"id":1051,"href":"https:\/\/airside.previmeteo.com\/fr\/wp-json\/wp\/v2\/pages\/61\/revisions\/1051"}],"wp:attachment":[{"href":"https:\/\/airside.previmeteo.com\/fr\/wp-json\/wp\/v2\/media?parent=61"}],"curies":[{"name":"wp","href":"https:\/\/api.w.org\/{rel}","templated":true}]}}