{"id":59,"date":"2024-09-05T10:10:06","date_gmt":"2024-09-05T08:10:06","guid":{"rendered":"https:\/\/airport.previmeteo.com\/?page_id=59"},"modified":"2025-03-25T09:13:35","modified_gmt":"2025-03-25T08:13:35","slug":"aires-aeronautiques","status":"publish","type":"page","link":"https:\/\/airside.previmeteo.com\/fr\/aires-aeronautiques\/","title":{"rendered":"Weather Service for Airside Operations"},"content":{"rendered":"\n<div class=\"wp-block-group alignfull is-layout-constrained wp-block-group-is-layout-constrained\">\n<div class=\"wp-block-cover alignfull\" style=\"margin-top:0;margin-bottom:0;padding-top:24px;padding-right:24px;padding-bottom:24px;padding-left:24px;min-height:570px;aspect-ratio:unset;\"><span aria-hidden=\"true\" class=\"wp-block-cover__background has-ti-bg-inv-background-color has-background-dim\"><\/span><img loading=\"lazy\" decoding=\"async\" width=\"1024\" height=\"1024\" class=\"wp-block-cover__image-background wp-image-121\" alt=\"Avion en cours de d\u00e9givrage\" src=\"https:\/\/airport.previmeteo.com\/wp-content\/uploads\/2024\/09\/aires-aero.webp\" data-object-fit=\"cover\" srcset=\"https:\/\/airside.previmeteo.com\/wp-content\/uploads\/2024\/09\/aires-aero.webp 1024w, https:\/\/airside.previmeteo.com\/wp-content\/uploads\/2024\/09\/aires-aero-300x300.webp 300w, https:\/\/airside.previmeteo.com\/wp-content\/uploads\/2024\/09\/aires-aero-150x150.webp 150w, https:\/\/airside.previmeteo.com\/wp-content\/uploads\/2024\/09\/aires-aero-768x768.webp 768w\" sizes=\"auto, (max-width: 1024px) 100vw, 1024px\" \/><div class=\"wp-block-cover__inner-container is-layout-flow wp-block-cover-is-layout-flow\">\n<div class=\"wp-block-group has-ti-fg-alt-color has-text-color is-layout-constrained wp-block-group-is-layout-constrained\">\n<h1 class=\"wp-block-heading has-text-align-center has-huge-font-size\">Aires A\u00e9ronautiques<\/h1>\n\n\n\n<p class=\"has-text-align-center has-medium-font-size\">Anticipez les conditions m\u00e9t\u00e9orologiques pour s\u00e9curiser et optimiser vos op\u00e9rations a\u00e9roportuaires.<\/p>\n<\/div>\n<\/div><\/div>\n\n\n\n<div class=\"wp-block-group alignfull has-ti-fg-alt-color has-ti-bg-inv-background-color has-text-color has-background has-link-color wp-elements-f639d81e30ee6d5f7aecbc6d23343692 is-layout-constrained wp-block-group-is-layout-constrained\" style=\"margin-top:0;margin-bottom:0;padding-top:64px;padding-bottom:64px\">\n<div class=\"wp-block-columns alignwide is-layout-flex wp-container-core-columns-is-layout-28232c24 wp-block-columns-is-layout-flex\">\n<div class=\"wp-block-column is-vertically-aligned-center is-layout-flow wp-block-column-is-layout-flow\">\n<figure class=\"wp-block-image aligncenter size-full\"><img loading=\"lazy\" decoding=\"async\" width=\"768\" height=\"768\" src=\"https:\/\/airport.previmeteo.com\/wp-content\/uploads\/2024\/09\/Previmeteo-chez-Aeroports-de-Paris-1-edited.jpeg\" alt=\"Assistance m\u00e9t\u00e9o sur les pistes de l'a\u00e9roport CDG\" class=\"wp-image-562\" srcset=\"https:\/\/airside.previmeteo.com\/wp-content\/uploads\/2024\/09\/Previmeteo-chez-Aeroports-de-Paris-1-edited.jpeg 768w, https:\/\/airside.previmeteo.com\/wp-content\/uploads\/2024\/09\/Previmeteo-chez-Aeroports-de-Paris-1-edited-300x300.jpeg 300w, https:\/\/airside.previmeteo.com\/wp-content\/uploads\/2024\/09\/Previmeteo-chez-Aeroports-de-Paris-1-edited-150x150.jpeg 150w\" sizes=\"auto, (max-width: 768px) 100vw, 768px\" \/><\/figure>\n<\/div>\n\n\n\n<div class=\"wp-block-column is-vertically-aligned-center is-layout-flow wp-block-column-is-layout-flow\" style=\"padding-top:24px;padding-right:24px;padding-bottom:24px;padding-left:24px\">\n<h2 class=\"wp-block-heading\"><strong>Pr\u00e9visions m\u00e9t\u00e9o personnalis\u00e9es : anticipez les risques et optimisez les ressources<\/strong><\/h2>\n\n\n\n<p>En vous appuyant sur nos pr\u00e9visions m\u00e9t\u00e9o personnalis\u00e9es, vous pouvez anticiper les risques sp\u00e9cifiques \u00e0 vos aires a\u00e9ronautiques, que ce soit en termes de conditions hivernales extr\u00eames ou de gestion de la v\u00e9g\u00e9tation. Ces donn\u00e9es vous permettent d&rsquo;optimiser la planification des ressources, qu&rsquo;il s&rsquo;agisse de l\u2019entretien des pistes en hiver ou de la gestion des interventions de fauchage. Une approche proactive vous aide \u00e0 garantir la s\u00e9curit\u00e9 et l&rsquo;efficacit\u00e9 de vos op\u00e9rations tout au long de l&rsquo;ann\u00e9e.<\/p>\n\n\n\n<div class=\"wp-block-buttons is-content-justification-center is-layout-flex wp-container-core-buttons-is-layout-a89b3969 wp-block-buttons-is-layout-flex\">\n<div class=\"wp-block-button\"><a class=\"wp-block-button__link wp-element-button\" href=\"https:\/\/airport.previmeteo.com\/contact\/\">Demandez un devis<\/a><\/div>\n<\/div>\n<\/div>\n<\/div>\n<\/div>\n\n\n\n<div class=\"wp-block-group alignfull has-ti-fg-alt-color has-ti-accent-background-color has-text-color has-background is-layout-constrained wp-container-core-group-is-layout-352a731e wp-block-group-is-layout-constrained\" style=\"margin-top:0px;margin-bottom:0px;padding-top:64px;padding-bottom:64px\">\n<div class=\"wp-block-columns alignwide is-layout-flex wp-container-core-columns-is-layout-28f84493 wp-block-columns-is-layout-flex\">\n<div class=\"wp-block-column is-vertically-aligned-center is-layout-flow wp-block-column-is-layout-flow\">\n<h2 class=\"wp-block-heading\"><strong>Viabilit\u00e9 hivernale : assurez la s\u00e9curit\u00e9 des aires a\u00e9ronautiques en toute saison<\/strong><\/h2>\n\n\n\n<p>La gestion des conditions hivernales est cruciale pour maintenir la s\u00e9curit\u00e9 et la fluidit\u00e9 des op\u00e9rations sur les aires a\u00e9ronautiques. Nos solutions m\u00e9t\u00e9o d\u00e9di\u00e9es \u00e0 la viabilit\u00e9 hivernale vous fournissent des pr\u00e9visions pr\u00e9cises et des alertes en temps r\u00e9el sur les risques de verglas, de neige ou de vents violents. Gr\u00e2ce \u00e0 des donn\u00e9es m\u00e9t\u00e9orologiques cibl\u00e9es, vous pouvez anticiper les impacts des conditions hivernales et prendre les mesures n\u00e9cessaires pour garantir des pistes d\u00e9gag\u00e9es et s\u00e9curis\u00e9es.<\/p>\n<\/div>\n\n\n\n<div class=\"wp-block-column is-vertically-aligned-center is-layout-flow wp-block-column-is-layout-flow\" style=\"flex-basis:66%\">\n<figure class=\"wp-block-image size-large size-full\"><img loading=\"lazy\" decoding=\"async\" width=\"1024\" height=\"698\" src=\"https:\/\/airport.previmeteo.com\/wp-content\/uploads\/2024\/09\/airport-g932acaf00_1280-1024x698.jpg\" alt=\"Avion en cours de d\u00e9givrage\" class=\"wp-image-390\" srcset=\"https:\/\/airside.previmeteo.com\/wp-content\/uploads\/2024\/09\/airport-g932acaf00_1280-1024x698.jpg 1024w, https:\/\/airside.previmeteo.com\/wp-content\/uploads\/2024\/09\/airport-g932acaf00_1280-300x205.jpg 300w, https:\/\/airside.previmeteo.com\/wp-content\/uploads\/2024\/09\/airport-g932acaf00_1280-768x524.jpg 768w, https:\/\/airside.previmeteo.com\/wp-content\/uploads\/2024\/09\/airport-g932acaf00_1280.jpg 1280w\" sizes=\"auto, (max-width: 1024px) 100vw, 1024px\" \/><\/figure>\n<\/div>\n<\/div>\n\n\n\n<div class=\"wp-block-columns alignwide is-layout-flex wp-container-core-columns-is-layout-28f84493 wp-block-columns-is-layout-flex\">\n<div class=\"wp-block-column is-vertically-aligned-center is-layout-flow wp-block-column-is-layout-flow\">\n<figure class=\"wp-block-image size-full\"><img loading=\"lazy\" decoding=\"async\" width=\"960\" height=\"960\" src=\"https:\/\/airport.previmeteo.com\/wp-content\/uploads\/2024\/09\/IMG_4401-Grande-edited.jpeg\" alt=\"Tracteur de fauchage des bords de piste d'a\u00e9roport\" class=\"wp-image-592\" srcset=\"https:\/\/airside.previmeteo.com\/wp-content\/uploads\/2024\/09\/IMG_4401-Grande-edited.jpeg 960w, https:\/\/airside.previmeteo.com\/wp-content\/uploads\/2024\/09\/IMG_4401-Grande-edited-300x300.jpeg 300w, https:\/\/airside.previmeteo.com\/wp-content\/uploads\/2024\/09\/IMG_4401-Grande-edited-150x150.jpeg 150w, https:\/\/airside.previmeteo.com\/wp-content\/uploads\/2024\/09\/IMG_4401-Grande-edited-768x768.jpeg 768w\" sizes=\"auto, (max-width: 960px) 100vw, 960px\" \/><\/figure>\n<\/div>\n\n\n\n<div class=\"wp-block-column is-vertically-aligned-center is-layout-flow wp-block-column-is-layout-flow\">\n<figure class=\"wp-block-image size-full\"><img loading=\"lazy\" decoding=\"async\" width=\"2448\" height=\"2448\" src=\"https:\/\/airport.previmeteo.com\/wp-content\/uploads\/2024\/09\/IMG_4287-edited.jpg\" alt=\"Tour de contr\u00f4le m\u00e9t\u00e9o\" class=\"wp-image-453\" srcset=\"https:\/\/airside.previmeteo.com\/wp-content\/uploads\/2024\/09\/IMG_4287-edited.jpg 2448w, https:\/\/airside.previmeteo.com\/wp-content\/uploads\/2024\/09\/IMG_4287-edited-300x300.jpg 300w, https:\/\/airside.previmeteo.com\/wp-content\/uploads\/2024\/09\/IMG_4287-edited-1024x1024.jpg 1024w, https:\/\/airside.previmeteo.com\/wp-content\/uploads\/2024\/09\/IMG_4287-edited-150x150.jpg 150w, https:\/\/airside.previmeteo.com\/wp-content\/uploads\/2024\/09\/IMG_4287-edited-768x768.jpg 768w, https:\/\/airside.previmeteo.com\/wp-content\/uploads\/2024\/09\/IMG_4287-edited-1536x1536.jpg 1536w, https:\/\/airside.previmeteo.com\/wp-content\/uploads\/2024\/09\/IMG_4287-edited-2048x2048.jpg 2048w\" sizes=\"auto, (max-width: 2448px) 100vw, 2448px\" \/><\/figure>\n<\/div>\n\n\n\n<div class=\"wp-block-column is-vertically-aligned-bottom is-layout-flow wp-block-column-is-layout-flow\">\n<h2 class=\"wp-block-heading\"><strong>Planification du fauchage : maintenir la s\u00e9curit\u00e9 des a\u00e9roports toute l\u2019ann\u00e9e<\/strong><\/h2>\n\n\n\n<p>Une planification efficace du fauchage est essentielle pour assurer des aires a\u00e9ronautiques d\u00e9gag\u00e9es, r\u00e9duisant ainsi les risques aviaires et autres dangers li\u00e9s \u00e0 la v\u00e9g\u00e9tation. En utilisant nos pr\u00e9visions m\u00e9t\u00e9o, vous pouvez programmer les interventions de fauchage aux moments les plus opportuns, en tenant compte des conditions m\u00e9t\u00e9orologiques \u00e0 venir. Cela permet de minimiser les interruptions op\u00e9rationnelles tout en maximisant la s\u00e9curit\u00e9 des pistes et des zones de circulation.<\/p>\n<\/div>\n<\/div>\n<\/div>\n\n\n\n<div class=\"wp-block-group alignfull is-layout-constrained wp-block-group-is-layout-constrained\" style=\"margin-top:0;margin-bottom:0;padding-top:64px;padding-bottom:64px\">\n<div class=\"wp-block-columns alignwide is-layout-flex wp-container-core-columns-is-layout-28232c24 wp-block-columns-is-layout-flex\">\n<div class=\"wp-block-column is-vertically-aligned-center is-layout-flow wp-block-column-is-layout-flow\" style=\"padding-top:24px;padding-right:24px;padding-bottom:24px;padding-left:24px\">\n<h2 class=\"wp-block-heading\"><strong>S\u00e9curit\u00e9 des pistes : optimisation des op\u00e9rations par des alertes pr\u00e9cises<\/strong><\/h2>\n\n\n\n<p>La s\u00e9curit\u00e9 des pistes est une priorit\u00e9 absolue dans les a\u00e9roports, et des alertes m\u00e9t\u00e9o pr\u00e9cises jouent un r\u00f4le central pour \u00e9viter les risques li\u00e9s aux intemp\u00e9ries. Que ce soit en p\u00e9riode hivernale avec des alertes sur les risques de gel et de neige, ou pendant les saisons de croissance avec des pr\u00e9visions sur la v\u00e9g\u00e9tation, nous vous fournissons des donn\u00e9es en temps r\u00e9el pour adapter vos actions et maintenir des pistes s\u00fbres en tout temps. Anticipez la gestion des pistes gr\u00e2ce \u00e0 nos donn\u00e9es m\u00e9t\u00e9orologiques.<\/p>\n<\/div>\n\n\n\n<div class=\"wp-block-column is-vertically-aligned-center is-layout-flow wp-block-column-is-layout-flow\">\n<figure class=\"wp-block-image aligncenter size-full\"><img loading=\"lazy\" decoding=\"async\" width=\"1024\" height=\"552\" src=\"https:\/\/airport.previmeteo.com\/wp-content\/uploads\/2024\/09\/viabilite-hivernale-ecologique.jpg\" alt=\"D\u00e9neigeuses\" class=\"wp-image-394\" srcset=\"https:\/\/airside.previmeteo.com\/wp-content\/uploads\/2024\/09\/viabilite-hivernale-ecologique.jpg 1024w, https:\/\/airside.previmeteo.com\/wp-content\/uploads\/2024\/09\/viabilite-hivernale-ecologique-300x162.jpg 300w, https:\/\/airside.previmeteo.com\/wp-content\/uploads\/2024\/09\/viabilite-hivernale-ecologique-768x414.jpg 768w\" sizes=\"auto, (max-width: 1024px) 100vw, 1024px\" \/><\/figure>\n<\/div>\n<\/div>\n<\/div>\n<\/div>\n","protected":false},"excerpt":{"rendered":"<p>Pr\u00e9visions m\u00e9t\u00e9o personnalis\u00e9es : anticipez les risques et optimisez les ressources En vous appuyant sur nos pr\u00e9visions m\u00e9t\u00e9o personnalis\u00e9es, vous pouvez anticiper les risques sp\u00e9cifiques \u00e0 vos aires a\u00e9ronautiques, que ce soit en termes de conditions hivernales extr\u00eames ou de gestion de la v\u00e9g\u00e9tation. Ces donn\u00e9es vous permettent d&rsquo;optimiser la planification des ressources, qu&rsquo;il s&rsquo;agisse [&hellip;]<\/p>\n","protected":false},"author":1,"featured_media":0,"parent":0,"menu_order":0,"comment_status":"closed","ping_status":"closed","template":"","meta":{"footnotes":""},"class_list":["post-59","page","type-page","status-publish","hentry"],"yoast_head":"<!-- This site is optimized with the Yoast SEO plugin v24.9 - https:\/\/yoast.com\/wordpress\/plugins\/seo\/ -->\n<title>Weather Service for Airside Operations - Previmeteo Airside Manager<\/title>\n<meta name=\"description\" content=\"Anticipez les conditions m\u00e9t\u00e9orologiques pour s\u00e9curiser et optimiser vos op\u00e9rations a\u00e9roportuaires.\" \/>\n<meta name=\"robots\" content=\"index, follow, max-snippet:-1, max-image-preview:large, max-video-preview:-1\" \/>\n<link rel=\"canonical\" href=\"https:\/\/airside.previmeteo.com\/fr\/aires-aeronautiques\/\" \/>\n<meta property=\"og:locale\" content=\"fr_FR\" \/>\n<meta property=\"og:type\" content=\"article\" \/>\n<meta property=\"og:title\" content=\"Weather Service for Airside Operations - Previmeteo Airside Manager\" \/>\n<meta property=\"og:description\" content=\"Anticipez les conditions m\u00e9t\u00e9orologiques pour s\u00e9curiser et optimiser vos op\u00e9rations a\u00e9roportuaires.\" \/>\n<meta property=\"og:url\" content=\"https:\/\/airside.previmeteo.com\/fr\/aires-aeronautiques\/\" \/>\n<meta property=\"og:site_name\" content=\"Previmeteo Airside Manager\" \/>\n<meta property=\"article:modified_time\" content=\"2025-03-25T08:13:35+00:00\" \/>\n<meta property=\"og:image\" content=\"https:\/\/airside.previmeteo.com\/wp-content\/uploads\/2024\/09\/aires-aero.webp\" \/>\n\t<meta property=\"og:image:width\" content=\"1024\" \/>\n\t<meta property=\"og:image:height\" content=\"1024\" \/>\n\t<meta property=\"og:image:type\" content=\"image\/webp\" \/>\n<meta name=\"twitter:card\" content=\"summary_large_image\" \/>\n<meta name=\"twitter:label1\" content=\"Dur\u00e9e de lecture estim\u00e9e\" \/>\n\t<meta name=\"twitter:data1\" content=\"4 minutes\" \/>\n<script type=\"application\/ld+json\" class=\"yoast-schema-graph\">{\"@context\":\"https:\/\/schema.org\",\"@graph\":[{\"@type\":\"WebPage\",\"@id\":\"https:\/\/airside.previmeteo.com\/aires-aeronautiques\/\",\"url\":\"https:\/\/airside.previmeteo.com\/aires-aeronautiques\/\",\"name\":\"Weather Service for Airside Operations - Previmeteo Airside Manager\",\"isPartOf\":{\"@id\":\"https:\/\/airside.previmeteo.com\/en\/#website\"},\"primaryImageOfPage\":{\"@id\":\"https:\/\/airside.previmeteo.com\/aires-aeronautiques\/#primaryimage\"},\"image\":{\"@id\":\"https:\/\/airside.previmeteo.com\/aires-aeronautiques\/#primaryimage\"},\"thumbnailUrl\":\"https:\/\/airport.previmeteo.com\/wp-content\/uploads\/2024\/09\/aires-aero.webp\",\"datePublished\":\"2024-09-05T08:10:06+00:00\",\"dateModified\":\"2025-03-25T08:13:35+00:00\",\"description\":\"Anticipez les conditions m\u00e9t\u00e9orologiques pour s\u00e9curiser et optimiser vos op\u00e9rations a\u00e9roportuaires.\",\"breadcrumb\":{\"@id\":\"https:\/\/airside.previmeteo.com\/aires-aeronautiques\/#breadcrumb\"},\"inLanguage\":\"fr-FR\",\"potentialAction\":[{\"@type\":\"ReadAction\",\"target\":[\"https:\/\/airside.previmeteo.com\/aires-aeronautiques\/\"]}]},{\"@type\":\"ImageObject\",\"inLanguage\":\"fr-FR\",\"@id\":\"https:\/\/airside.previmeteo.com\/aires-aeronautiques\/#primaryimage\",\"url\":\"https:\/\/airport.previmeteo.com\/wp-content\/uploads\/2024\/09\/aires-aero.webp\",\"contentUrl\":\"https:\/\/airport.previmeteo.com\/wp-content\/uploads\/2024\/09\/aires-aero.webp\"},{\"@type\":\"BreadcrumbList\",\"@id\":\"https:\/\/airside.previmeteo.com\/aires-aeronautiques\/#breadcrumb\",\"itemListElement\":[{\"@type\":\"ListItem\",\"position\":1,\"name\":\"Accueil\",\"item\":\"https:\/\/airside.previmeteo.com\/\"},{\"@type\":\"ListItem\",\"position\":2,\"name\":\"Weather Service for Airside Operations\"}]},{\"@type\":\"WebSite\",\"@id\":\"https:\/\/airside.previmeteo.com\/en\/#website\",\"url\":\"https:\/\/airside.previmeteo.com\/en\/\",\"name\":\"Previmeteo Airside Manager\",\"description\":\"\",\"potentialAction\":[{\"@type\":\"SearchAction\",\"target\":{\"@type\":\"EntryPoint\",\"urlTemplate\":\"https:\/\/airside.previmeteo.com\/en\/?s={search_term_string}\"},\"query-input\":{\"@type\":\"PropertyValueSpecification\",\"valueRequired\":true,\"valueName\":\"search_term_string\"}}],\"inLanguage\":\"fr-FR\"}]}<\/script>\n<!-- \/ Yoast SEO plugin. -->","yoast_head_json":{"title":"Weather Service for Airside Operations - Previmeteo Airside Manager","description":"Anticipez les conditions m\u00e9t\u00e9orologiques pour s\u00e9curiser et optimiser vos op\u00e9rations a\u00e9roportuaires.","robots":{"index":"index","follow":"follow","max-snippet":"max-snippet:-1","max-image-preview":"max-image-preview:large","max-video-preview":"max-video-preview:-1"},"canonical":"https:\/\/airside.previmeteo.com\/fr\/aires-aeronautiques\/","og_locale":"fr_FR","og_type":"article","og_title":"Weather Service for Airside Operations - Previmeteo Airside Manager","og_description":"Anticipez les conditions m\u00e9t\u00e9orologiques pour s\u00e9curiser et optimiser vos op\u00e9rations a\u00e9roportuaires.","og_url":"https:\/\/airside.previmeteo.com\/fr\/aires-aeronautiques\/","og_site_name":"Previmeteo Airside Manager","article_modified_time":"2025-03-25T08:13:35+00:00","og_image":[{"width":1024,"height":1024,"url":"https:\/\/airside.previmeteo.com\/wp-content\/uploads\/2024\/09\/aires-aero.webp","type":"image\/webp"}],"twitter_card":"summary_large_image","twitter_misc":{"Dur\u00e9e de lecture estim\u00e9e":"4 minutes"},"schema":{"@context":"https:\/\/schema.org","@graph":[{"@type":"WebPage","@id":"https:\/\/airside.previmeteo.com\/aires-aeronautiques\/","url":"https:\/\/airside.previmeteo.com\/aires-aeronautiques\/","name":"Weather Service for Airside Operations - Previmeteo Airside Manager","isPartOf":{"@id":"https:\/\/airside.previmeteo.com\/en\/#website"},"primaryImageOfPage":{"@id":"https:\/\/airside.previmeteo.com\/aires-aeronautiques\/#primaryimage"},"image":{"@id":"https:\/\/airside.previmeteo.com\/aires-aeronautiques\/#primaryimage"},"thumbnailUrl":"https:\/\/airport.previmeteo.com\/wp-content\/uploads\/2024\/09\/aires-aero.webp","datePublished":"2024-09-05T08:10:06+00:00","dateModified":"2025-03-25T08:13:35+00:00","description":"Anticipez les conditions m\u00e9t\u00e9orologiques pour s\u00e9curiser et optimiser vos op\u00e9rations a\u00e9roportuaires.","breadcrumb":{"@id":"https:\/\/airside.previmeteo.com\/aires-aeronautiques\/#breadcrumb"},"inLanguage":"fr-FR","potentialAction":[{"@type":"ReadAction","target":["https:\/\/airside.previmeteo.com\/aires-aeronautiques\/"]}]},{"@type":"ImageObject","inLanguage":"fr-FR","@id":"https:\/\/airside.previmeteo.com\/aires-aeronautiques\/#primaryimage","url":"https:\/\/airport.previmeteo.com\/wp-content\/uploads\/2024\/09\/aires-aero.webp","contentUrl":"https:\/\/airport.previmeteo.com\/wp-content\/uploads\/2024\/09\/aires-aero.webp"},{"@type":"BreadcrumbList","@id":"https:\/\/airside.previmeteo.com\/aires-aeronautiques\/#breadcrumb","itemListElement":[{"@type":"ListItem","position":1,"name":"Accueil","item":"https:\/\/airside.previmeteo.com\/"},{"@type":"ListItem","position":2,"name":"Weather Service for Airside Operations"}]},{"@type":"WebSite","@id":"https:\/\/airside.previmeteo.com\/en\/#website","url":"https:\/\/airside.previmeteo.com\/en\/","name":"Previmeteo Airside Manager","description":"","potentialAction":[{"@type":"SearchAction","target":{"@type":"EntryPoint","urlTemplate":"https:\/\/airside.previmeteo.com\/en\/?s={search_term_string}"},"query-input":{"@type":"PropertyValueSpecification","valueRequired":true,"valueName":"search_term_string"}}],"inLanguage":"fr-FR"}]}},"_links":{"self":[{"href":"https:\/\/airside.previmeteo.com\/fr\/wp-json\/wp\/v2\/pages\/59","targetHints":{"allow":["GET"]}}],"collection":[{"href":"https:\/\/airside.previmeteo.com\/fr\/wp-json\/wp\/v2\/pages"}],"about":[{"href":"https:\/\/airside.previmeteo.com\/fr\/wp-json\/wp\/v2\/types\/page"}],"author":[{"embeddable":true,"href":"https:\/\/airside.previmeteo.com\/fr\/wp-json\/wp\/v2\/users\/1"}],"replies":[{"embeddable":true,"href":"https:\/\/airside.previmeteo.com\/fr\/wp-json\/wp\/v2\/comments?post=59"}],"version-history":[{"count":13,"href":"https:\/\/airside.previmeteo.com\/fr\/wp-json\/wp\/v2\/pages\/59\/revisions"}],"predecessor-version":[{"id":1050,"href":"https:\/\/airside.previmeteo.com\/fr\/wp-json\/wp\/v2\/pages\/59\/revisions\/1050"}],"wp:attachment":[{"href":"https:\/\/airside.previmeteo.com\/fr\/wp-json\/wp\/v2\/media?parent=59"}],"curies":[{"name":"wp","href":"https:\/\/api.w.org\/{rel}","templated":true}]}}