{"id":55,"date":"2024-09-05T10:09:43","date_gmt":"2024-09-05T08:09:43","guid":{"rendered":"https:\/\/airport.previmeteo.com\/?page_id=55"},"modified":"2025-04-01T11:38:51","modified_gmt":"2025-04-01T09:38:51","slug":"planification-du-fauchage","status":"publish","type":"page","link":"https:\/\/airside.previmeteo.com\/fr\/planification-du-fauchage\/","title":{"rendered":"Mowing Planning for Airports"},"content":{"rendered":"\n<div class=\"wp-block-group alignfull is-layout-constrained wp-block-group-is-layout-constrained\">\n<div class=\"wp-block-cover alignfull\" style=\"margin-top:0;margin-bottom:0;padding-top:24px;padding-right:24px;padding-bottom:24px;padding-left:24px;min-height:570px;aspect-ratio:unset;\"><span aria-hidden=\"true\" class=\"wp-block-cover__background has-ti-bg-inv-background-color has-background-dim\"><\/span><img loading=\"lazy\" decoding=\"async\" width=\"1024\" height=\"1024\" class=\"wp-block-cover__image-background wp-image-132\" alt=\"Tracteurs de fauchage des zones \u00e0 c\u00f4t\u00e9 des pistes \" src=\"https:\/\/airport.previmeteo.com\/wp-content\/uploads\/2024\/09\/fauchage.webp\" data-object-fit=\"cover\" srcset=\"https:\/\/airside.previmeteo.com\/wp-content\/uploads\/2024\/09\/fauchage.webp 1024w, https:\/\/airside.previmeteo.com\/wp-content\/uploads\/2024\/09\/fauchage-300x300.webp 300w, https:\/\/airside.previmeteo.com\/wp-content\/uploads\/2024\/09\/fauchage-150x150.webp 150w, https:\/\/airside.previmeteo.com\/wp-content\/uploads\/2024\/09\/fauchage-768x768.webp 768w\" sizes=\"auto, (max-width: 1024px) 100vw, 1024px\" \/><div class=\"wp-block-cover__inner-container is-layout-flow wp-block-cover-is-layout-flow\">\n<div class=\"wp-block-group has-ti-fg-alt-color has-text-color is-layout-constrained wp-block-group-is-layout-constrained\">\n<h1 class=\"wp-block-heading has-text-align-center has-huge-font-size\">Planification du Fauchage<\/h1>\n\n\n\n<p class=\"has-text-align-center has-medium-font-size\">Planifiez le fauchage pour r\u00e9duire le risque aviaire tout en pr\u00e9servant la biodiversit\u00e9<\/p>\n<\/div>\n<\/div><\/div>\n\n\n\n<div class=\"wp-block-group alignfull is-layout-constrained wp-block-group-is-layout-constrained\" style=\"margin-top:0;margin-bottom:0;padding-top:64px;padding-bottom:64px\">\n<div class=\"wp-block-columns alignwide is-layout-flex wp-container-core-columns-is-layout-28232c24 wp-block-columns-is-layout-flex\">\n<div class=\"wp-block-column is-vertically-aligned-center is-layout-flow wp-block-column-is-layout-flow\">\n<figure class=\"wp-block-image aligncenter size-full\"><img loading=\"lazy\" decoding=\"async\" width=\"960\" height=\"960\" src=\"https:\/\/airport.previmeteo.com\/wp-content\/uploads\/2024\/09\/IMG_4407-Grande-edited.jpeg\" alt=\"Tracteurs de fauchage des zones \u00e0 c\u00f4t\u00e9 des pistes \" class=\"wp-image-452\" srcset=\"https:\/\/airside.previmeteo.com\/wp-content\/uploads\/2024\/09\/IMG_4407-Grande-edited.jpeg 960w, https:\/\/airside.previmeteo.com\/wp-content\/uploads\/2024\/09\/IMG_4407-Grande-edited-300x300.jpeg 300w, https:\/\/airside.previmeteo.com\/wp-content\/uploads\/2024\/09\/IMG_4407-Grande-edited-150x150.jpeg 150w, https:\/\/airside.previmeteo.com\/wp-content\/uploads\/2024\/09\/IMG_4407-Grande-edited-768x768.jpeg 768w\" sizes=\"auto, (max-width: 960px) 100vw, 960px\" \/><\/figure>\n<\/div>\n\n\n\n<div class=\"wp-block-column is-vertically-aligned-center is-layout-flow wp-block-column-is-layout-flow\" style=\"padding-top:24px;padding-right:24px;padding-bottom:24px;padding-left:24px\">\n<h2 class=\"wp-block-heading\"><strong>Planification du fauchage : s\u00e9curit\u00e9 et d\u00e9veloppement durable<\/strong><\/h2>\n\n\n\n<p>La planification du fauchage joue un r\u00f4le crucial dans la gestion des risques aviaires et la promotion du d\u00e9veloppement durable au sein de votre a\u00e9roport. En coordonnant les interventions de fauchage avec les pr\u00e9visions m\u00e9t\u00e9orologiques, nous minimisons les risques d&rsquo;accidents li\u00e9s aux oiseaux, qui peuvent \u00eatre attir\u00e9s par des zones non entretenues. De plus, en int\u00e9grant des pratiques de fauchage respectueuses de l&rsquo;environnement, nous contribuons \u00e0 la pr\u00e9servation de la biodiversit\u00e9 tout en assurant la s\u00e9curit\u00e9 des op\u00e9rations a\u00e9roportuaires.<\/p>\n\n\n\n<div class=\"wp-block-buttons is-content-justification-center is-layout-flex wp-container-core-buttons-is-layout-a89b3969 wp-block-buttons-is-layout-flex\">\n<div class=\"wp-block-button\"><a class=\"wp-block-button__link wp-element-button\" href=\"https:\/\/airport.previmeteo.com\/contact\/\">Demandez un devis<\/a><\/div>\n<\/div>\n<\/div>\n<\/div>\n<\/div>\n\n\n\n<div class=\"wp-block-group alignfull has-ti-fg-alt-color has-ti-accent-background-color has-text-color has-background is-layout-constrained wp-container-core-group-is-layout-352a731e wp-block-group-is-layout-constrained\" style=\"margin-top:0px;margin-bottom:0px;padding-top:64px;padding-bottom:64px\">\n<div class=\"wp-block-columns alignwide is-layout-flex wp-container-core-columns-is-layout-28f84493 wp-block-columns-is-layout-flex\">\n<div class=\"wp-block-column is-vertically-aligned-center is-layout-flow wp-block-column-is-layout-flow\">\n<h2 class=\"wp-block-heading\"><strong>R\u00e9duction des risques animaliers gr\u00e2ce \u00e0 une planification optimis\u00e9e<\/strong><\/h2>\n\n\n\n<p>La planification efficace du fauchage est essentielle pour r\u00e9duire les risques aviaires en \u00e9vitant la cr\u00e9ation de refuges pour les oiseaux dans les zones a\u00e9roportuaires. En nous basant sur des pr\u00e9visions m\u00e9t\u00e9orologiques d\u00e9taill\u00e9es, nous vous aidons \u00e0 programmer les interventions de mani\u00e8re \u00e0 maintenir les surfaces d\u00e9gag\u00e9es et \u00e0 pr\u00e9venir les attractifs potentiels pour les oiseaux. Cette approche proactive permet de s\u00e9curiser les op\u00e9rations et de minimiser les interruptions caus\u00e9es par les incidents aviaires.<\/p>\n<\/div>\n\n\n\n<div class=\"wp-block-column is-vertically-aligned-center is-layout-flow wp-block-column-is-layout-flow\">\n<figure class=\"wp-block-image size-full\"><img loading=\"lazy\" decoding=\"async\" width=\"570\" height=\"570\" src=\"https:\/\/airport.previmeteo.com\/wp-content\/uploads\/2024\/09\/rafale-vent-certificat-edited.jpeg\" alt=\"Manche \u00e0 air\" class=\"wp-image-417\" srcset=\"https:\/\/airside.previmeteo.com\/wp-content\/uploads\/2024\/09\/rafale-vent-certificat-edited.jpeg 570w, https:\/\/airside.previmeteo.com\/wp-content\/uploads\/2024\/09\/rafale-vent-certificat-edited-300x300.jpeg 300w, https:\/\/airside.previmeteo.com\/wp-content\/uploads\/2024\/09\/rafale-vent-certificat-edited-150x150.jpeg 150w\" sizes=\"auto, (max-width: 570px) 100vw, 570px\" \/><\/figure>\n<\/div>\n\n\n\n<div class=\"wp-block-column is-vertically-aligned-center is-layout-flow wp-block-column-is-layout-flow\">\n<figure class=\"wp-block-image size-full\"><img loading=\"lazy\" decoding=\"async\" width=\"930\" height=\"930\" src=\"https:\/\/airside.previmeteo.com\/wp-content\/uploads\/2025\/04\/mowing-service.png\" alt=\"\" class=\"wp-image-1056\" srcset=\"https:\/\/airside.previmeteo.com\/wp-content\/uploads\/2025\/04\/mowing-service.png 930w, https:\/\/airside.previmeteo.com\/wp-content\/uploads\/2025\/04\/mowing-service-300x300.png 300w, https:\/\/airside.previmeteo.com\/wp-content\/uploads\/2025\/04\/mowing-service-150x150.png 150w, https:\/\/airside.previmeteo.com\/wp-content\/uploads\/2025\/04\/mowing-service-768x768.png 768w, https:\/\/airside.previmeteo.com\/wp-content\/uploads\/2025\/04\/mowing-service-12x12.png 12w\" sizes=\"auto, (max-width: 930px) 100vw, 930px\" \/><\/figure>\n<\/div>\n<\/div>\n\n\n\n<div class=\"wp-block-columns alignwide is-layout-flex wp-container-core-columns-is-layout-28f84493 wp-block-columns-is-layout-flex\">\n<div class=\"wp-block-column is-vertically-aligned-center is-layout-flow wp-block-column-is-layout-flow\" style=\"flex-basis:66%\">\n<figure class=\"wp-block-image size-large size-full\"><img loading=\"lazy\" decoding=\"async\" width=\"1280\" height=\"720\" src=\"https:\/\/airport.previmeteo.com\/wp-content\/uploads\/2024\/09\/IMG_4401-Grande-edited-1.jpeg\" alt=\"Tracteurs de fauchage des zones \u00e0 c\u00f4t\u00e9 des pistes \" class=\"wp-image-594\" srcset=\"https:\/\/airside.previmeteo.com\/wp-content\/uploads\/2024\/09\/IMG_4401-Grande-edited-1.jpeg 1280w, https:\/\/airside.previmeteo.com\/wp-content\/uploads\/2024\/09\/IMG_4401-Grande-edited-1-300x169.jpeg 300w, https:\/\/airside.previmeteo.com\/wp-content\/uploads\/2024\/09\/IMG_4401-Grande-edited-1-1024x576.jpeg 1024w, https:\/\/airside.previmeteo.com\/wp-content\/uploads\/2024\/09\/IMG_4401-Grande-edited-1-768x432.jpeg 768w\" sizes=\"auto, (max-width: 1280px) 100vw, 1280px\" \/><\/figure>\n<\/div>\n\n\n\n<div class=\"wp-block-column is-vertically-aligned-bottom is-layout-flow wp-block-column-is-layout-flow\">\n<h2 class=\"wp-block-heading\"><strong>D\u00e9veloppement durable : fauchage responsable et respect de l\u2019environnement<\/strong><\/h2>\n\n\n\n<p>Nous valorisons des pratiques de fauchage durables pour soutenir les initiatives environnementales de votre a\u00e9roport. En planifiant les op\u00e9rations de fauchage en fonction des pr\u00e9visions m\u00e9t\u00e9o, nous assurons non seulement la s\u00e9curit\u00e9 des surfaces mais aussi la gestion responsable des espaces verts. Cette approche aide \u00e0 r\u00e9duire l&rsquo;impact \u00e9cologique, \u00e0 promouvoir la biodiversit\u00e9 et \u00e0 respecter les engagements en mati\u00e8re de d\u00e9veloppement durable.<\/p>\n<\/div>\n<\/div>\n<\/div>\n\n\n\n<div class=\"wp-block-group alignfull has-ti-bg-alt-background-color has-background is-layout-constrained wp-block-group-is-layout-constrained\" style=\"margin-top:0;margin-bottom:0;padding-top:64px;padding-bottom:64px\">\n<div class=\"wp-block-columns alignwide is-layout-flex wp-container-core-columns-is-layout-28232c24 wp-block-columns-is-layout-flex\">\n<div class=\"wp-block-column is-vertically-aligned-center is-layout-flow wp-block-column-is-layout-flow\" style=\"padding-top:24px;padding-right:24px;padding-bottom:24px;padding-left:24px\">\n<h2 class=\"wp-block-heading\"><strong>Optimisation des ressources et protection environnementale<\/strong><\/h2>\n\n\n\n<p>La planification avanc\u00e9e du fauchage, bas\u00e9e sur des donn\u00e9es m\u00e9t\u00e9orologiques pr\u00e9cises, permet d\u2019optimiser l&rsquo;utilisation des ressources tout en respectant les normes de d\u00e9veloppement durable. En ajustant les interventions en fonction des conditions climatiques, vous minimisez l&rsquo;impact environnemental et assurez une gestion efficace des espaces a\u00e9roportuaires. Cela contribue \u00e0 la fois \u00e0 une meilleure s\u00e9curit\u00e9 aviaire et \u00e0 une approche \u00e9cologique, renfor\u00e7ant ainsi les pratiques durables de votre a\u00e9roport.<\/p>\n<\/div>\n\n\n\n<div class=\"wp-block-column is-vertically-aligned-center is-layout-flow wp-block-column-is-layout-flow\">\n<figure class=\"wp-block-image aligncenter size-full\"><img loading=\"lazy\" decoding=\"async\" width=\"750\" height=\"750\" src=\"https:\/\/airside.previmeteo.com\/wp-content\/uploads\/2025\/04\/airside-manager-app-fauchage.png\" alt=\"\" class=\"wp-image-1058\" srcset=\"https:\/\/airside.previmeteo.com\/wp-content\/uploads\/2025\/04\/airside-manager-app-fauchage.png 750w, https:\/\/airside.previmeteo.com\/wp-content\/uploads\/2025\/04\/airside-manager-app-fauchage-300x300.png 300w, https:\/\/airside.previmeteo.com\/wp-content\/uploads\/2025\/04\/airside-manager-app-fauchage-150x150.png 150w, https:\/\/airside.previmeteo.com\/wp-content\/uploads\/2025\/04\/airside-manager-app-fauchage-12x12.png 12w\" sizes=\"auto, (max-width: 750px) 100vw, 750px\" \/><\/figure>\n<\/div>\n<\/div>\n<\/div>\n<\/div>\n","protected":false},"excerpt":{"rendered":"<p>Planification du fauchage : s\u00e9curit\u00e9 et d\u00e9veloppement durable La planification du fauchage joue un r\u00f4le crucial dans la gestion des risques aviaires et la promotion du d\u00e9veloppement durable au sein de votre a\u00e9roport. En coordonnant les interventions de fauchage avec les pr\u00e9visions m\u00e9t\u00e9orologiques, nous minimisons les risques d&rsquo;accidents li\u00e9s aux oiseaux, qui peuvent \u00eatre attir\u00e9s [&hellip;]<\/p>\n","protected":false},"author":1,"featured_media":0,"parent":0,"menu_order":0,"comment_status":"closed","ping_status":"closed","template":"","meta":{"footnotes":""},"class_list":["post-55","page","type-page","status-publish","hentry"],"yoast_head":"<!-- This site is optimized with the Yoast SEO plugin v24.9 - https:\/\/yoast.com\/wordpress\/plugins\/seo\/ -->\n<title>Mowing Planning for Airports - Previmeteo Airside Manager<\/title>\n<meta name=\"description\" content=\"Planifiez le fauchage pour r\u00e9duire le risque aviaire tout en pr\u00e9servant la biodiversit\u00e9\" \/>\n<meta name=\"robots\" content=\"index, follow, max-snippet:-1, max-image-preview:large, max-video-preview:-1\" \/>\n<link rel=\"canonical\" href=\"https:\/\/airside.previmeteo.com\/fr\/planification-du-fauchage\/\" \/>\n<meta property=\"og:locale\" content=\"fr_FR\" \/>\n<meta property=\"og:type\" content=\"article\" \/>\n<meta property=\"og:title\" content=\"Mowing Planning for Airports - Previmeteo Airside Manager\" \/>\n<meta property=\"og:description\" content=\"Planifiez le fauchage pour r\u00e9duire le risque aviaire tout en pr\u00e9servant la biodiversit\u00e9\" \/>\n<meta property=\"og:url\" content=\"https:\/\/airside.previmeteo.com\/fr\/planification-du-fauchage\/\" \/>\n<meta property=\"og:site_name\" content=\"Previmeteo Airside Manager\" \/>\n<meta property=\"article:modified_time\" content=\"2025-04-01T09:38:51+00:00\" \/>\n<meta property=\"og:image\" content=\"https:\/\/airside.previmeteo.com\/wp-content\/uploads\/2024\/09\/fauchage.webp\" \/>\n\t<meta property=\"og:image:width\" content=\"1024\" \/>\n\t<meta property=\"og:image:height\" content=\"1024\" \/>\n\t<meta property=\"og:image:type\" content=\"image\/webp\" \/>\n<meta name=\"twitter:card\" content=\"summary_large_image\" \/>\n<meta name=\"twitter:label1\" content=\"Dur\u00e9e de lecture estim\u00e9e\" \/>\n\t<meta name=\"twitter:data1\" content=\"3 minutes\" \/>\n<script type=\"application\/ld+json\" class=\"yoast-schema-graph\">{\"@context\":\"https:\/\/schema.org\",\"@graph\":[{\"@type\":\"WebPage\",\"@id\":\"https:\/\/airside.previmeteo.com\/planification-du-fauchage\/\",\"url\":\"https:\/\/airside.previmeteo.com\/planification-du-fauchage\/\",\"name\":\"Mowing Planning for Airports - Previmeteo Airside Manager\",\"isPartOf\":{\"@id\":\"https:\/\/airside.previmeteo.com\/en\/#website\"},\"primaryImageOfPage\":{\"@id\":\"https:\/\/airside.previmeteo.com\/planification-du-fauchage\/#primaryimage\"},\"image\":{\"@id\":\"https:\/\/airside.previmeteo.com\/planification-du-fauchage\/#primaryimage\"},\"thumbnailUrl\":\"https:\/\/airport.previmeteo.com\/wp-content\/uploads\/2024\/09\/fauchage.webp\",\"datePublished\":\"2024-09-05T08:09:43+00:00\",\"dateModified\":\"2025-04-01T09:38:51+00:00\",\"description\":\"Planifiez le fauchage pour r\u00e9duire le risque aviaire tout en pr\u00e9servant la biodiversit\u00e9\",\"breadcrumb\":{\"@id\":\"https:\/\/airside.previmeteo.com\/planification-du-fauchage\/#breadcrumb\"},\"inLanguage\":\"fr-FR\",\"potentialAction\":[{\"@type\":\"ReadAction\",\"target\":[\"https:\/\/airside.previmeteo.com\/planification-du-fauchage\/\"]}]},{\"@type\":\"ImageObject\",\"inLanguage\":\"fr-FR\",\"@id\":\"https:\/\/airside.previmeteo.com\/planification-du-fauchage\/#primaryimage\",\"url\":\"https:\/\/airport.previmeteo.com\/wp-content\/uploads\/2024\/09\/fauchage.webp\",\"contentUrl\":\"https:\/\/airport.previmeteo.com\/wp-content\/uploads\/2024\/09\/fauchage.webp\"},{\"@type\":\"BreadcrumbList\",\"@id\":\"https:\/\/airside.previmeteo.com\/planification-du-fauchage\/#breadcrumb\",\"itemListElement\":[{\"@type\":\"ListItem\",\"position\":1,\"name\":\"Accueil\",\"item\":\"https:\/\/airside.previmeteo.com\/\"},{\"@type\":\"ListItem\",\"position\":2,\"name\":\"Mowing Planning for Airports\"}]},{\"@type\":\"WebSite\",\"@id\":\"https:\/\/airside.previmeteo.com\/en\/#website\",\"url\":\"https:\/\/airside.previmeteo.com\/en\/\",\"name\":\"Previmeteo Airside Manager\",\"description\":\"\",\"potentialAction\":[{\"@type\":\"SearchAction\",\"target\":{\"@type\":\"EntryPoint\",\"urlTemplate\":\"https:\/\/airside.previmeteo.com\/en\/?s={search_term_string}\"},\"query-input\":{\"@type\":\"PropertyValueSpecification\",\"valueRequired\":true,\"valueName\":\"search_term_string\"}}],\"inLanguage\":\"fr-FR\"}]}<\/script>\n<!-- \/ Yoast SEO plugin. -->","yoast_head_json":{"title":"Mowing Planning for Airports - Previmeteo Airside Manager","description":"Planifiez le fauchage pour r\u00e9duire le risque aviaire tout en pr\u00e9servant la biodiversit\u00e9","robots":{"index":"index","follow":"follow","max-snippet":"max-snippet:-1","max-image-preview":"max-image-preview:large","max-video-preview":"max-video-preview:-1"},"canonical":"https:\/\/airside.previmeteo.com\/fr\/planification-du-fauchage\/","og_locale":"fr_FR","og_type":"article","og_title":"Mowing Planning for Airports - Previmeteo Airside Manager","og_description":"Planifiez le fauchage pour r\u00e9duire le risque aviaire tout en pr\u00e9servant la biodiversit\u00e9","og_url":"https:\/\/airside.previmeteo.com\/fr\/planification-du-fauchage\/","og_site_name":"Previmeteo Airside Manager","article_modified_time":"2025-04-01T09:38:51+00:00","og_image":[{"width":1024,"height":1024,"url":"https:\/\/airside.previmeteo.com\/wp-content\/uploads\/2024\/09\/fauchage.webp","type":"image\/webp"}],"twitter_card":"summary_large_image","twitter_misc":{"Dur\u00e9e de lecture estim\u00e9e":"3 minutes"},"schema":{"@context":"https:\/\/schema.org","@graph":[{"@type":"WebPage","@id":"https:\/\/airside.previmeteo.com\/planification-du-fauchage\/","url":"https:\/\/airside.previmeteo.com\/planification-du-fauchage\/","name":"Mowing Planning for Airports - Previmeteo Airside Manager","isPartOf":{"@id":"https:\/\/airside.previmeteo.com\/en\/#website"},"primaryImageOfPage":{"@id":"https:\/\/airside.previmeteo.com\/planification-du-fauchage\/#primaryimage"},"image":{"@id":"https:\/\/airside.previmeteo.com\/planification-du-fauchage\/#primaryimage"},"thumbnailUrl":"https:\/\/airport.previmeteo.com\/wp-content\/uploads\/2024\/09\/fauchage.webp","datePublished":"2024-09-05T08:09:43+00:00","dateModified":"2025-04-01T09:38:51+00:00","description":"Planifiez le fauchage pour r\u00e9duire le risque aviaire tout en pr\u00e9servant la biodiversit\u00e9","breadcrumb":{"@id":"https:\/\/airside.previmeteo.com\/planification-du-fauchage\/#breadcrumb"},"inLanguage":"fr-FR","potentialAction":[{"@type":"ReadAction","target":["https:\/\/airside.previmeteo.com\/planification-du-fauchage\/"]}]},{"@type":"ImageObject","inLanguage":"fr-FR","@id":"https:\/\/airside.previmeteo.com\/planification-du-fauchage\/#primaryimage","url":"https:\/\/airport.previmeteo.com\/wp-content\/uploads\/2024\/09\/fauchage.webp","contentUrl":"https:\/\/airport.previmeteo.com\/wp-content\/uploads\/2024\/09\/fauchage.webp"},{"@type":"BreadcrumbList","@id":"https:\/\/airside.previmeteo.com\/planification-du-fauchage\/#breadcrumb","itemListElement":[{"@type":"ListItem","position":1,"name":"Accueil","item":"https:\/\/airside.previmeteo.com\/"},{"@type":"ListItem","position":2,"name":"Mowing Planning for Airports"}]},{"@type":"WebSite","@id":"https:\/\/airside.previmeteo.com\/en\/#website","url":"https:\/\/airside.previmeteo.com\/en\/","name":"Previmeteo Airside Manager","description":"","potentialAction":[{"@type":"SearchAction","target":{"@type":"EntryPoint","urlTemplate":"https:\/\/airside.previmeteo.com\/en\/?s={search_term_string}"},"query-input":{"@type":"PropertyValueSpecification","valueRequired":true,"valueName":"search_term_string"}}],"inLanguage":"fr-FR"}]}},"_links":{"self":[{"href":"https:\/\/airside.previmeteo.com\/fr\/wp-json\/wp\/v2\/pages\/55","targetHints":{"allow":["GET"]}}],"collection":[{"href":"https:\/\/airside.previmeteo.com\/fr\/wp-json\/wp\/v2\/pages"}],"about":[{"href":"https:\/\/airside.previmeteo.com\/fr\/wp-json\/wp\/v2\/types\/page"}],"author":[{"embeddable":true,"href":"https:\/\/airside.previmeteo.com\/fr\/wp-json\/wp\/v2\/users\/1"}],"replies":[{"embeddable":true,"href":"https:\/\/airside.previmeteo.com\/fr\/wp-json\/wp\/v2\/comments?post=55"}],"version-history":[{"count":20,"href":"https:\/\/airside.previmeteo.com\/fr\/wp-json\/wp\/v2\/pages\/55\/revisions"}],"predecessor-version":[{"id":1059,"href":"https:\/\/airside.previmeteo.com\/fr\/wp-json\/wp\/v2\/pages\/55\/revisions\/1059"}],"wp:attachment":[{"href":"https:\/\/airside.previmeteo.com\/fr\/wp-json\/wp\/v2\/media?parent=55"}],"curies":[{"name":"wp","href":"https:\/\/api.w.org\/{rel}","templated":true}]}}