{"id":49,"date":"2024-09-05T10:09:04","date_gmt":"2024-09-05T08:09:04","guid":{"rendered":"https:\/\/airport.previmeteo.com\/?page_id=49"},"modified":"2025-03-25T09:10:34","modified_gmt":"2025-03-25T08:10:34","slug":"alertes-meteo-previsionnelles","status":"publish","type":"page","link":"https:\/\/airside.previmeteo.com\/fr\/alertes-meteo-previsionnelles\/","title":{"rendered":"Weather forecast alerts for airport operations"},"content":{"rendered":"\n<div class=\"wp-block-group alignfull is-layout-constrained wp-block-group-is-layout-constrained\">\n<div class=\"wp-block-cover alignfull\" style=\"margin-top:0;margin-bottom:0;padding-top:24px;padding-right:24px;padding-bottom:24px;padding-left:24px;min-height:570px;aspect-ratio:unset;\"><span aria-hidden=\"true\" class=\"wp-block-cover__background has-ti-bg-inv-background-color has-background-dim\"><\/span><img loading=\"lazy\" decoding=\"async\" width=\"1024\" height=\"1024\" class=\"wp-block-cover__image-background wp-image-122\" alt=\"Pr\u00e9visions m\u00e9t\u00e9o pour les a\u00e9roports\" src=\"https:\/\/airport.previmeteo.com\/wp-content\/uploads\/2024\/09\/alertes-previsionnelles.webp\" data-object-fit=\"cover\" srcset=\"https:\/\/airside.previmeteo.com\/wp-content\/uploads\/2024\/09\/alertes-previsionnelles.webp 1024w, https:\/\/airside.previmeteo.com\/wp-content\/uploads\/2024\/09\/alertes-previsionnelles-300x300.webp 300w, https:\/\/airside.previmeteo.com\/wp-content\/uploads\/2024\/09\/alertes-previsionnelles-150x150.webp 150w, https:\/\/airside.previmeteo.com\/wp-content\/uploads\/2024\/09\/alertes-previsionnelles-768x768.webp 768w\" sizes=\"auto, (max-width: 1024px) 100vw, 1024px\" \/><div class=\"wp-block-cover__inner-container is-layout-flow wp-block-cover-is-layout-flow\">\n<div class=\"wp-block-group has-ti-fg-alt-color has-text-color is-layout-constrained wp-block-group-is-layout-constrained\">\n<h1 class=\"wp-block-heading has-text-align-center has-huge-font-size\">Pr\u00e9-Alertes M\u00e9t\u00e9o<\/h1>\n\n\n\n<p class=\"has-text-align-center has-medium-font-size\">Anticipez les conditions m\u00e9t\u00e9orologiques et planifiez vos op\u00e9rations a\u00e9roportuaires<\/p>\n<\/div>\n<\/div><\/div>\n\n\n\n<div class=\"wp-block-group alignfull is-layout-constrained wp-block-group-is-layout-constrained\" style=\"margin-top:0;margin-bottom:0;padding-top:64px;padding-bottom:64px\">\n<div class=\"wp-block-columns alignwide is-layout-flex wp-container-core-columns-is-layout-28232c24 wp-block-columns-is-layout-flex\">\n<div class=\"wp-block-column is-vertically-aligned-center is-layout-flow wp-block-column-is-layout-flow\">\n<figure class=\"wp-block-image aligncenter size-full\"><img loading=\"lazy\" decoding=\"async\" width=\"750\" height=\"750\" src=\"https:\/\/airside.previmeteo.com\/wp-content\/uploads\/2024\/10\/1-1.png\" alt=\"Visuel de l'application Previmeteo Airside Manager, services m\u00e9t\u00e9o pour les op\u00e9rations a\u00e9roportuaires\" class=\"wp-image-975\" srcset=\"https:\/\/airside.previmeteo.com\/wp-content\/uploads\/2024\/10\/1-1.png 750w, https:\/\/airside.previmeteo.com\/wp-content\/uploads\/2024\/10\/1-1-300x300.png 300w, https:\/\/airside.previmeteo.com\/wp-content\/uploads\/2024\/10\/1-1-150x150.png 150w, https:\/\/airside.previmeteo.com\/wp-content\/uploads\/2024\/10\/1-1-12x12.png 12w\" sizes=\"auto, (max-width: 750px) 100vw, 750px\" \/><\/figure>\n<\/div>\n\n\n\n<div class=\"wp-block-column is-vertically-aligned-center is-layout-flow wp-block-column-is-layout-flow\" style=\"padding-top:24px;padding-right:24px;padding-bottom:24px;padding-left:24px\">\n<h2 class=\"wp-block-heading\"><strong>Alertes m\u00e9t\u00e9o pr\u00e9visionnelles : anticipez les conditions \u00e0 venir<\/strong><\/h2>\n\n\n\n<p>Nos alertes m\u00e9t\u00e9o pr\u00e9visionnelles offrent une vue d&rsquo;ensemble sur les conditions m\u00e9t\u00e9orologiques futures, vous permettant d&rsquo;anticiper les changements avant qu&rsquo;ils n&rsquo;affectent vos op\u00e9rations a\u00e9roportuaires. Gr\u00e2ce \u00e0 des pr\u00e9visions d\u00e9taill\u00e9es et actualis\u00e9es, vous pouvez planifier en cons\u00e9quence et pr\u00e9parer votre \u00e9quipe pour les \u00e9ventualit\u00e9s, assurant ainsi une gestion proactive et efficace de vos activit\u00e9s.<\/p>\n\n\n\n<div class=\"wp-block-buttons is-content-justification-center is-layout-flex wp-container-core-buttons-is-layout-a89b3969 wp-block-buttons-is-layout-flex\">\n<div class=\"wp-block-button\"><a class=\"wp-block-button__link wp-element-button\" href=\"https:\/\/airport.previmeteo.com\/contact\/\">Demandez un devis<\/a><\/div>\n<\/div>\n<\/div>\n<\/div>\n<\/div>\n\n\n\n<div class=\"wp-block-group alignfull has-ti-fg-alt-color has-ti-accent-background-color has-text-color has-background is-layout-constrained wp-container-core-group-is-layout-352a731e wp-block-group-is-layout-constrained\" style=\"margin-top:0px;margin-bottom:0px;padding-top:64px;padding-bottom:64px\">\n<div class=\"wp-block-columns alignwide is-layout-flex wp-container-core-columns-is-layout-28f84493 wp-block-columns-is-layout-flex\">\n<div class=\"wp-block-column is-vertically-aligned-center is-layout-flow wp-block-column-is-layout-flow\">\n<h2 class=\"wp-block-heading\"><strong>Planifiez efficacement avec des pr\u00e9visions avanc\u00e9es<\/strong><\/h2>\n\n\n\n<p>Nos alertes pr\u00e9visionnelles vous fournissent des donn\u00e9es pr\u00e9cises sur les conditions m\u00e9t\u00e9orologiques \u00e0 venir, facilitant la planification de vos op\u00e9rations a\u00e9roportuaires. Que vous organisiez des maintenances ou des op\u00e9rations au sol, nos pr\u00e9visions vous aident \u00e0 optimiser vos ressources et \u00e0 minimiser les interruptions caus\u00e9es par des conditions m\u00e9t\u00e9o d\u00e9favorables.<\/p>\n<\/div>\n\n\n\n<div class=\"wp-block-column is-vertically-aligned-center is-layout-flow wp-block-column-is-layout-flow\">\n<figure class=\"wp-block-image size-full\"><img loading=\"lazy\" decoding=\"async\" width=\"960\" height=\"960\" src=\"https:\/\/airport.previmeteo.com\/wp-content\/uploads\/2024\/09\/IMG_4407-Grande-edited.jpeg\" alt=\"Tracteurs de fauchage des zones \u00e0 c\u00f4t\u00e9 des pistes \" class=\"wp-image-452\" srcset=\"https:\/\/airside.previmeteo.com\/wp-content\/uploads\/2024\/09\/IMG_4407-Grande-edited.jpeg 960w, https:\/\/airside.previmeteo.com\/wp-content\/uploads\/2024\/09\/IMG_4407-Grande-edited-300x300.jpeg 300w, https:\/\/airside.previmeteo.com\/wp-content\/uploads\/2024\/09\/IMG_4407-Grande-edited-150x150.jpeg 150w, https:\/\/airside.previmeteo.com\/wp-content\/uploads\/2024\/09\/IMG_4407-Grande-edited-768x768.jpeg 768w\" sizes=\"auto, (max-width: 960px) 100vw, 960px\" \/><\/figure>\n<\/div>\n\n\n\n<div class=\"wp-block-column is-vertically-aligned-center is-layout-flow wp-block-column-is-layout-flow\">\n<figure class=\"wp-block-image size-full\"><img loading=\"lazy\" decoding=\"async\" width=\"552\" height=\"552\" src=\"https:\/\/airside.previmeteo.com\/wp-content\/uploads\/2024\/10\/viabilite-hivernale-ecologique-edited.jpg\" alt=\"D\u00e9neigeuses\" class=\"wp-image-716\" srcset=\"https:\/\/airside.previmeteo.com\/wp-content\/uploads\/2024\/10\/viabilite-hivernale-ecologique-edited.jpg 552w, https:\/\/airside.previmeteo.com\/wp-content\/uploads\/2024\/10\/viabilite-hivernale-ecologique-edited-300x300.jpg 300w, https:\/\/airside.previmeteo.com\/wp-content\/uploads\/2024\/10\/viabilite-hivernale-ecologique-edited-150x150.jpg 150w\" sizes=\"auto, (max-width: 552px) 100vw, 552px\" \/><\/figure>\n<\/div>\n<\/div>\n\n\n\n<div class=\"wp-block-columns alignwide is-layout-flex wp-container-core-columns-is-layout-28f84493 wp-block-columns-is-layout-flex\">\n<div class=\"wp-block-column is-vertically-aligned-center is-layout-flow wp-block-column-is-layout-flow\" style=\"flex-basis:66%\">\n<figure class=\"wp-block-image size-full\"><img loading=\"lazy\" decoding=\"async\" width=\"1280\" height=\"853\" src=\"https:\/\/airside.previmeteo.com\/wp-content\/uploads\/2024\/09\/airport-g932acaf00_1280-edited.jpg\" alt=\"Avion en train d'\u00eatre d\u00e9givr\u00e9\" class=\"wp-image-422\" srcset=\"https:\/\/airside.previmeteo.com\/wp-content\/uploads\/2024\/09\/airport-g932acaf00_1280-edited.jpg 1280w, https:\/\/airside.previmeteo.com\/wp-content\/uploads\/2024\/09\/airport-g932acaf00_1280-edited-300x200.jpg 300w, https:\/\/airside.previmeteo.com\/wp-content\/uploads\/2024\/09\/airport-g932acaf00_1280-edited-1024x682.jpg 1024w, https:\/\/airside.previmeteo.com\/wp-content\/uploads\/2024\/09\/airport-g932acaf00_1280-edited-768x512.jpg 768w\" sizes=\"auto, (max-width: 1280px) 100vw, 1280px\" \/><\/figure>\n<\/div>\n\n\n\n<div class=\"wp-block-column is-vertically-aligned-bottom is-layout-flow wp-block-column-is-layout-flow\">\n<h2 class=\"wp-block-heading\"><strong>R\u00e9duisez les risques avec des pr\u00e9visions adapt\u00e9es<\/strong><\/h2>\n\n\n\n<p>En recevant des alertes m\u00e9t\u00e9o pr\u00e9visionnelles pertinentes, vous pouvez r\u00e9duire les risques associ\u00e9s aux conditions m\u00e9t\u00e9orologiques impr\u00e9vues. Nos pr\u00e9visions vous aident \u00e0 anticiper les \u00e9v\u00e9nements m\u00e9t\u00e9o potentiellement perturbateurs et \u00e0 mettre en place des mesures pr\u00e9ventives pour garantir la s\u00e9curit\u00e9 et l&rsquo;efficacit\u00e9 de vos op\u00e9rations a\u00e9roportuaires. Prot\u00e9gez vos activit\u00e9s avec des informations m\u00e9t\u00e9orologiques pr\u00e9cises.<\/p>\n<\/div>\n<\/div>\n<\/div>\n\n\n\n<div class=\"wp-block-group alignfull has-ti-bg-alt-background-color has-background is-layout-constrained wp-block-group-is-layout-constrained\" style=\"margin-top:0;margin-bottom:0;padding-top:64px;padding-bottom:64px\">\n<div class=\"wp-block-columns alignwide is-layout-flex wp-container-core-columns-is-layout-28232c24 wp-block-columns-is-layout-flex\">\n<div class=\"wp-block-column is-vertically-aligned-center is-layout-flow wp-block-column-is-layout-flow\" style=\"padding-top:24px;padding-right:24px;padding-bottom:24px;padding-left:24px\">\n<h2 class=\"wp-block-heading\"><strong>Optimisez vos op\u00e9rations gr\u00e2ce \u00e0 des pr\u00e9visions personnalis\u00e9es<\/strong><\/h2>\n\n\n\n<p>Nos alertes pr\u00e9visionnelles sont personnalis\u00e9es pour r\u00e9pondre aux besoins sp\u00e9cifiques de votre a\u00e9roport. En tenant compte des caract\u00e9ristiques uniques de vos op\u00e9rations, nous fournissons des pr\u00e9visions qui vous permettent de prendre des d\u00e9cisions \u00e9clair\u00e9es et de vous adapter rapidement aux changements m\u00e9t\u00e9orologiques. Am\u00e9liorez la gestion de vos op\u00e9rations en utilisant des pr\u00e9visions m\u00e9t\u00e9o pr\u00e9cises, personnalis\u00e9es et pertinentes.<\/p>\n<\/div>\n\n\n\n<div class=\"wp-block-column is-vertically-aligned-center is-layout-flow wp-block-column-is-layout-flow\">\n<figure class=\"wp-block-image aligncenter size-full\"><img loading=\"lazy\" decoding=\"async\" width=\"2560\" height=\"2560\" src=\"https:\/\/airside.previmeteo.com\/wp-content\/uploads\/2024\/10\/alerte-3-edited-scaled.jpg\" alt=\"Avion dans le brouillard\" class=\"wp-image-719\" srcset=\"https:\/\/airside.previmeteo.com\/wp-content\/uploads\/2024\/10\/alerte-3-edited-scaled.jpg 2560w, https:\/\/airside.previmeteo.com\/wp-content\/uploads\/2024\/10\/alerte-3-edited-300x300.jpg 300w, https:\/\/airside.previmeteo.com\/wp-content\/uploads\/2024\/10\/alerte-3-edited-1024x1024.jpg 1024w, https:\/\/airside.previmeteo.com\/wp-content\/uploads\/2024\/10\/alerte-3-edited-150x150.jpg 150w, https:\/\/airside.previmeteo.com\/wp-content\/uploads\/2024\/10\/alerte-3-edited-768x768.jpg 768w, https:\/\/airside.previmeteo.com\/wp-content\/uploads\/2024\/10\/alerte-3-edited-1536x1536.jpg 1536w, https:\/\/airside.previmeteo.com\/wp-content\/uploads\/2024\/10\/alerte-3-edited-2048x2048.jpg 2048w\" sizes=\"auto, (max-width: 2560px) 100vw, 2560px\" \/><\/figure>\n<\/div>\n<\/div>\n<\/div>\n<\/div>\n","protected":false},"excerpt":{"rendered":"<p>Alertes m\u00e9t\u00e9o pr\u00e9visionnelles : anticipez les conditions \u00e0 venir Nos alertes m\u00e9t\u00e9o pr\u00e9visionnelles offrent une vue d&rsquo;ensemble sur les conditions m\u00e9t\u00e9orologiques futures, vous permettant d&rsquo;anticiper les changements avant qu&rsquo;ils n&rsquo;affectent vos op\u00e9rations a\u00e9roportuaires. Gr\u00e2ce \u00e0 des pr\u00e9visions d\u00e9taill\u00e9es et actualis\u00e9es, vous pouvez planifier en cons\u00e9quence et pr\u00e9parer votre \u00e9quipe pour les \u00e9ventualit\u00e9s, assurant ainsi une [&hellip;]<\/p>\n","protected":false},"author":1,"featured_media":0,"parent":0,"menu_order":0,"comment_status":"closed","ping_status":"closed","template":"","meta":{"footnotes":""},"class_list":["post-49","page","type-page","status-publish","hentry"],"yoast_head":"<!-- This site is optimized with the Yoast SEO plugin v24.9 - https:\/\/yoast.com\/wordpress\/plugins\/seo\/ -->\n<title>Weather forecast alerts for airport operations - Previmeteo Airside Manager<\/title>\n<meta name=\"description\" content=\"Anticipez les conditions m\u00e9t\u00e9orologiques et planifiez vos op\u00e9rations a\u00e9roportuaires\" \/>\n<meta name=\"robots\" content=\"index, follow, max-snippet:-1, max-image-preview:large, max-video-preview:-1\" \/>\n<link rel=\"canonical\" href=\"https:\/\/airside.previmeteo.com\/fr\/alertes-meteo-previsionnelles\/\" \/>\n<meta property=\"og:locale\" content=\"fr_FR\" \/>\n<meta property=\"og:type\" content=\"article\" \/>\n<meta property=\"og:title\" content=\"Weather forecast alerts for airport operations - Previmeteo Airside Manager\" \/>\n<meta property=\"og:description\" content=\"Anticipez les conditions m\u00e9t\u00e9orologiques et planifiez vos op\u00e9rations a\u00e9roportuaires\" \/>\n<meta property=\"og:url\" content=\"https:\/\/airside.previmeteo.com\/fr\/alertes-meteo-previsionnelles\/\" \/>\n<meta property=\"og:site_name\" content=\"Previmeteo Airside Manager\" \/>\n<meta property=\"article:modified_time\" content=\"2025-03-25T08:10:34+00:00\" \/>\n<meta property=\"og:image\" content=\"https:\/\/airside.previmeteo.com\/wp-content\/uploads\/2024\/09\/alertes-previsionnelles.webp\" \/>\n\t<meta property=\"og:image:width\" content=\"1024\" \/>\n\t<meta property=\"og:image:height\" content=\"1024\" \/>\n\t<meta property=\"og:image:type\" content=\"image\/webp\" \/>\n<meta name=\"twitter:card\" content=\"summary_large_image\" \/>\n<meta name=\"twitter:label1\" content=\"Dur\u00e9e de lecture estim\u00e9e\" \/>\n\t<meta name=\"twitter:data1\" content=\"3 minutes\" \/>\n<script type=\"application\/ld+json\" class=\"yoast-schema-graph\">{\"@context\":\"https:\/\/schema.org\",\"@graph\":[{\"@type\":\"WebPage\",\"@id\":\"https:\/\/airside.previmeteo.com\/alertes-meteo-previsionnelles\/\",\"url\":\"https:\/\/airside.previmeteo.com\/alertes-meteo-previsionnelles\/\",\"name\":\"Weather forecast alerts for airport operations - Previmeteo Airside Manager\",\"isPartOf\":{\"@id\":\"https:\/\/airside.previmeteo.com\/en\/#website\"},\"primaryImageOfPage\":{\"@id\":\"https:\/\/airside.previmeteo.com\/alertes-meteo-previsionnelles\/#primaryimage\"},\"image\":{\"@id\":\"https:\/\/airside.previmeteo.com\/alertes-meteo-previsionnelles\/#primaryimage\"},\"thumbnailUrl\":\"https:\/\/airport.previmeteo.com\/wp-content\/uploads\/2024\/09\/alertes-previsionnelles.webp\",\"datePublished\":\"2024-09-05T08:09:04+00:00\",\"dateModified\":\"2025-03-25T08:10:34+00:00\",\"description\":\"Anticipez les conditions m\u00e9t\u00e9orologiques et planifiez vos op\u00e9rations a\u00e9roportuaires\",\"breadcrumb\":{\"@id\":\"https:\/\/airside.previmeteo.com\/alertes-meteo-previsionnelles\/#breadcrumb\"},\"inLanguage\":\"fr-FR\",\"potentialAction\":[{\"@type\":\"ReadAction\",\"target\":[\"https:\/\/airside.previmeteo.com\/alertes-meteo-previsionnelles\/\"]}]},{\"@type\":\"ImageObject\",\"inLanguage\":\"fr-FR\",\"@id\":\"https:\/\/airside.previmeteo.com\/alertes-meteo-previsionnelles\/#primaryimage\",\"url\":\"https:\/\/airport.previmeteo.com\/wp-content\/uploads\/2024\/09\/alertes-previsionnelles.webp\",\"contentUrl\":\"https:\/\/airport.previmeteo.com\/wp-content\/uploads\/2024\/09\/alertes-previsionnelles.webp\"},{\"@type\":\"BreadcrumbList\",\"@id\":\"https:\/\/airside.previmeteo.com\/alertes-meteo-previsionnelles\/#breadcrumb\",\"itemListElement\":[{\"@type\":\"ListItem\",\"position\":1,\"name\":\"Accueil\",\"item\":\"https:\/\/airside.previmeteo.com\/\"},{\"@type\":\"ListItem\",\"position\":2,\"name\":\"Weather forecast alerts for airport operations\"}]},{\"@type\":\"WebSite\",\"@id\":\"https:\/\/airside.previmeteo.com\/en\/#website\",\"url\":\"https:\/\/airside.previmeteo.com\/en\/\",\"name\":\"Previmeteo Airside Manager\",\"description\":\"\",\"potentialAction\":[{\"@type\":\"SearchAction\",\"target\":{\"@type\":\"EntryPoint\",\"urlTemplate\":\"https:\/\/airside.previmeteo.com\/en\/?s={search_term_string}\"},\"query-input\":{\"@type\":\"PropertyValueSpecification\",\"valueRequired\":true,\"valueName\":\"search_term_string\"}}],\"inLanguage\":\"fr-FR\"}]}<\/script>\n<!-- \/ Yoast SEO plugin. -->","yoast_head_json":{"title":"Weather forecast alerts for airport operations - Previmeteo Airside Manager","description":"Anticipez les conditions m\u00e9t\u00e9orologiques et planifiez vos op\u00e9rations a\u00e9roportuaires","robots":{"index":"index","follow":"follow","max-snippet":"max-snippet:-1","max-image-preview":"max-image-preview:large","max-video-preview":"max-video-preview:-1"},"canonical":"https:\/\/airside.previmeteo.com\/fr\/alertes-meteo-previsionnelles\/","og_locale":"fr_FR","og_type":"article","og_title":"Weather forecast alerts for airport operations - Previmeteo Airside Manager","og_description":"Anticipez les conditions m\u00e9t\u00e9orologiques et planifiez vos op\u00e9rations a\u00e9roportuaires","og_url":"https:\/\/airside.previmeteo.com\/fr\/alertes-meteo-previsionnelles\/","og_site_name":"Previmeteo Airside Manager","article_modified_time":"2025-03-25T08:10:34+00:00","og_image":[{"width":1024,"height":1024,"url":"https:\/\/airside.previmeteo.com\/wp-content\/uploads\/2024\/09\/alertes-previsionnelles.webp","type":"image\/webp"}],"twitter_card":"summary_large_image","twitter_misc":{"Dur\u00e9e de lecture estim\u00e9e":"3 minutes"},"schema":{"@context":"https:\/\/schema.org","@graph":[{"@type":"WebPage","@id":"https:\/\/airside.previmeteo.com\/alertes-meteo-previsionnelles\/","url":"https:\/\/airside.previmeteo.com\/alertes-meteo-previsionnelles\/","name":"Weather forecast alerts for airport operations - Previmeteo Airside Manager","isPartOf":{"@id":"https:\/\/airside.previmeteo.com\/en\/#website"},"primaryImageOfPage":{"@id":"https:\/\/airside.previmeteo.com\/alertes-meteo-previsionnelles\/#primaryimage"},"image":{"@id":"https:\/\/airside.previmeteo.com\/alertes-meteo-previsionnelles\/#primaryimage"},"thumbnailUrl":"https:\/\/airport.previmeteo.com\/wp-content\/uploads\/2024\/09\/alertes-previsionnelles.webp","datePublished":"2024-09-05T08:09:04+00:00","dateModified":"2025-03-25T08:10:34+00:00","description":"Anticipez les conditions m\u00e9t\u00e9orologiques et planifiez vos op\u00e9rations a\u00e9roportuaires","breadcrumb":{"@id":"https:\/\/airside.previmeteo.com\/alertes-meteo-previsionnelles\/#breadcrumb"},"inLanguage":"fr-FR","potentialAction":[{"@type":"ReadAction","target":["https:\/\/airside.previmeteo.com\/alertes-meteo-previsionnelles\/"]}]},{"@type":"ImageObject","inLanguage":"fr-FR","@id":"https:\/\/airside.previmeteo.com\/alertes-meteo-previsionnelles\/#primaryimage","url":"https:\/\/airport.previmeteo.com\/wp-content\/uploads\/2024\/09\/alertes-previsionnelles.webp","contentUrl":"https:\/\/airport.previmeteo.com\/wp-content\/uploads\/2024\/09\/alertes-previsionnelles.webp"},{"@type":"BreadcrumbList","@id":"https:\/\/airside.previmeteo.com\/alertes-meteo-previsionnelles\/#breadcrumb","itemListElement":[{"@type":"ListItem","position":1,"name":"Accueil","item":"https:\/\/airside.previmeteo.com\/"},{"@type":"ListItem","position":2,"name":"Weather forecast alerts for airport operations"}]},{"@type":"WebSite","@id":"https:\/\/airside.previmeteo.com\/en\/#website","url":"https:\/\/airside.previmeteo.com\/en\/","name":"Previmeteo Airside Manager","description":"","potentialAction":[{"@type":"SearchAction","target":{"@type":"EntryPoint","urlTemplate":"https:\/\/airside.previmeteo.com\/en\/?s={search_term_string}"},"query-input":{"@type":"PropertyValueSpecification","valueRequired":true,"valueName":"search_term_string"}}],"inLanguage":"fr-FR"}]}},"_links":{"self":[{"href":"https:\/\/airside.previmeteo.com\/fr\/wp-json\/wp\/v2\/pages\/49","targetHints":{"allow":["GET"]}}],"collection":[{"href":"https:\/\/airside.previmeteo.com\/fr\/wp-json\/wp\/v2\/pages"}],"about":[{"href":"https:\/\/airside.previmeteo.com\/fr\/wp-json\/wp\/v2\/types\/page"}],"author":[{"embeddable":true,"href":"https:\/\/airside.previmeteo.com\/fr\/wp-json\/wp\/v2\/users\/1"}],"replies":[{"embeddable":true,"href":"https:\/\/airside.previmeteo.com\/fr\/wp-json\/wp\/v2\/comments?post=49"}],"version-history":[{"count":31,"href":"https:\/\/airside.previmeteo.com\/fr\/wp-json\/wp\/v2\/pages\/49\/revisions"}],"predecessor-version":[{"id":1040,"href":"https:\/\/airside.previmeteo.com\/fr\/wp-json\/wp\/v2\/pages\/49\/revisions\/1040"}],"wp:attachment":[{"href":"https:\/\/airside.previmeteo.com\/fr\/wp-json\/wp\/v2\/media?parent=49"}],"curies":[{"name":"wp","href":"https:\/\/api.w.org\/{rel}","templated":true}]}}