{"id":39,"date":"2024-09-05T10:04:36","date_gmt":"2024-09-05T08:04:36","guid":{"rendered":"https:\/\/airport.previmeteo.com\/?page_id=39"},"modified":"2025-09-04T14:19:50","modified_gmt":"2025-09-04T12:19:50","slug":"contact","status":"publish","type":"page","link":"https:\/\/airside.previmeteo.com\/fr\/contact\/","title":{"rendered":"Airside Manager Contact"},"content":{"rendered":"\n<div class=\"wp-block-cover alignfull\" style=\"margin-top:0;margin-bottom:0;padding-top:24px;padding-right:24px;padding-bottom:24px;padding-left:24px;min-height:570px;aspect-ratio:unset;\"><img loading=\"lazy\" decoding=\"async\" width=\"1792\" height=\"1024\" class=\"wp-block-cover__image-background wp-image-118\" alt=\"Image d'illustration d'un avion qui d\u00e9colle\" src=\"https:\/\/airport.previmeteo.com\/wp-content\/uploads\/2024\/09\/accueil-v1.webp\" data-object-fit=\"cover\" srcset=\"https:\/\/airside.previmeteo.com\/wp-content\/uploads\/2024\/09\/accueil-v1.webp 1792w, https:\/\/airside.previmeteo.com\/wp-content\/uploads\/2024\/09\/accueil-v1-300x171.webp 300w, https:\/\/airside.previmeteo.com\/wp-content\/uploads\/2024\/09\/accueil-v1-1024x585.webp 1024w, https:\/\/airside.previmeteo.com\/wp-content\/uploads\/2024\/09\/accueil-v1-768x439.webp 768w, https:\/\/airside.previmeteo.com\/wp-content\/uploads\/2024\/09\/accueil-v1-1536x878.webp 1536w\" sizes=\"auto, (max-width: 1792px) 100vw, 1792px\" \/><span aria-hidden=\"true\" class=\"wp-block-cover__background has-ti-bg-inv-background-color has-background-dim\"><\/span><div class=\"wp-block-cover__inner-container is-layout-flow wp-block-cover-is-layout-flow\">\n<div class=\"wp-block-group has-ti-fg-alt-color has-text-color is-layout-constrained wp-block-group-is-layout-constrained\">\n<h1 class=\"wp-block-heading has-text-align-center has-huge-font-size\">Contact<\/h1>\n\n\n\n<p class=\"has-text-align-center has-medium-font-size\">Demandez un devis personnalis\u00e9 d\u00e8s aujourd&rsquo;hui pour b\u00e9n\u00e9ficier de nos pr\u00e9visions m\u00e9t\u00e9o sur mesure, adapt\u00e9es aux besoins sp\u00e9cifiques de votre a\u00e9roport, et optimiser la gestion et la s\u00e9curit\u00e9 de vos op\u00e9rations a\u00e9roportuaires.<\/p>\n<\/div>\n<\/div><\/div>\n\n\n\n<div class=\"wp-block-group alignfull has-ti-bg-alt-background-color has-background is-layout-constrained wp-block-group-is-layout-constrained\" style=\"margin-top:0;margin-bottom:0;padding-top:64px;padding-bottom:64px\">\n<div class=\"wp-block-columns alignwide is-layout-flex wp-container-core-columns-is-layout-28232c24 wp-block-columns-is-layout-flex\">\n<div class=\"wp-block-column is-vertically-aligned-center is-layout-flow wp-block-column-is-layout-flow\" style=\"padding-top:24px;padding-right:24px;padding-bottom:24px;padding-left:24px\">\n<h2 class=\"wp-block-heading\">Envoyez-nous un message<\/h2>\n\n\n<script type=\"text\/javascript\" src=\"\/\/analytics.previmeteo.com\/form\/generate.js?id=25\"><\/script>\n<\/div>\n\n\n\n<div class=\"wp-block-column is-vertically-aligned-center is-layout-flow wp-block-column-is-layout-flow\">\n<figure class=\"wp-block-image size-full\"><img loading=\"lazy\" decoding=\"async\" width=\"1024\" height=\"1024\" src=\"https:\/\/airport.previmeteo.com\/wp-content\/uploads\/2024\/09\/contact.webp\" alt=\"Image d'illustration de Contact\" class=\"wp-image-129\" srcset=\"https:\/\/airside.previmeteo.com\/wp-content\/uploads\/2024\/09\/contact.webp 1024w, https:\/\/airside.previmeteo.com\/wp-content\/uploads\/2024\/09\/contact-300x300.webp 300w, https:\/\/airside.previmeteo.com\/wp-content\/uploads\/2024\/09\/contact-150x150.webp 150w, https:\/\/airside.previmeteo.com\/wp-content\/uploads\/2024\/09\/contact-768x768.webp 768w\" sizes=\"auto, (max-width: 1024px) 100vw, 1024px\" \/><\/figure>\n<\/div>\n<\/div>\n<\/div>\n\n\n\n<div class=\"wp-block-group alignfull is-layout-constrained wp-block-group-is-layout-constrained\" style=\"margin-top:0;margin-bottom:0;padding-top:64px;padding-bottom:64px\">\n<div class=\"wp-block-columns alignwide is-layout-flex wp-container-core-columns-is-layout-28232c24 wp-block-columns-is-layout-flex\">\n<div class=\"wp-block-column is-vertically-aligned-center is-layout-flow wp-block-column-is-layout-flow\"><div id=\"wpgmza_map\" class=\"wpgmza_map\" data-settings='{\"id\":\"1\",\"map_title\":\"Ma premi\\u00e8re carte\",\"map_width\":\"100\",\"map_height\":\"400\",\"map_start_lat\":\"44.858005317236916\",\"map_start_lng\":\"-0.6839025315421288\",\"map_start_location\":\"45.950464398418106,-109.81550500000003\",\"map_start_zoom\":\"14\",\"default_marker\":\"\",\"type\":\"0\",\"alignment\":\"4\",\"directions_enabled\":\"0\",\"styling_enabled\":\"0\",\"styling_json\":\"\",\"active\":\"0\",\"kml\":\"\",\"bicycle\":\"0\",\"traffic\":\"0\",\"dbox\":\"0\",\"dbox_width\":\"\",\"listmarkers\":\"0\",\"listmarkers_advanced\":\"0\",\"filterbycat\":\"0\",\"ugm_enabled\":\"0\",\"ugm_category_enabled\":\"0\",\"fusion\":\"\",\"map_width_type\":\"%\",\"map_height_type\":\"px\",\"mass_marker_support\":\"0\",\"ugm_access\":\"0\",\"order_markers_by\":\"0\",\"order_markers_choice\":\"0\",\"show_user_location\":\"0\",\"default_to\":\"\",\"other_settings\":{\"map_type\":1,\"sl_stroke_color\":\"\",\"sl_fill_color\":\"\",\"sl_stroke_opacity\":\"\",\"sl_fill_opacity\":\"\",\"transport_layer\":false,\"action\":\"wpgmza_save_map\",\"redirect_to\":\"\\\/wp-admin\\\/admin-post.php\",\"map_id\":\"1\",\"http_referer\":\"\\\/wp-admin\\\/admin.php?page=wp-google-maps-menu&amp;amp;action=edit&amp;amp;map_id=1\",\"wpgmza_id\":\"1\",\"wpgmza_start_location\":\"44.858005317236916,-0.6839025315421288\",\"wpgmza_start_zoom\":\"14\",\"store_locator_enabled\":false,\"store_locator_search_area\":\"radial\",\"wpgmza_store_locator_radius_style\":\"legacy\",\"wpgmza_store_locator_default_radius\":\"10\",\"store_locator_auto_area_max_zoom\":\"\",\"store_locator_distance\":false,\"wpgmza_store_locator_position\":false,\"store_locator_show_distance\":false,\"store_locator_category\":false,\"wpgmza_store_locator_use_their_location\":false,\"wpgmza_store_locator_bounce\":false,\"wpgmza_sl_animation\":null,\"wpgmza_store_locator_hide_before_search\":false,\"store_locator_query_string\":\"\",\"store_locator_location_placeholder\":\"\",\"store_locator_default_address\":\"\",\"store_locator_name_search\":false,\"store_locator_name_string\":\"\",\"store_locator_not_found_message\":\"\",\"wpgmza_map_align\":\"1\",\"jump_to_nearest_marker_on_initialization\":false,\"automatically_pan_to_users_location\":false,\"override_users_location_zoom_level\":false,\"override_users_location_zoom_levels\":\"\",\"show_distance_from_location\":false,\"map_max_zoom\":\"21\",\"map_min_zoom\":\"0\",\"click_open_link\":false,\"fit_maps_bounds_to_markers\":false,\"fit_maps_bounds_to_markers_after_filtering\":false,\"hide_point_of_interest\":false,\"wpgmza_zoom_on_marker_click\":false,\"wpgmza_zoom_on_marker_click_slider\":\"\",\"close_infowindow_on_map_click\":false,\"disable_lightbox_images\":false,\"use_Raw_Jpeg_Coordinates\":false,\"disable_polygon_info_windows\":false,\"enable_marker_ratings\":false,\"enable_marker_labels\":false,\"only_load_markers_within_viewport\":false,\"zoom_level_mobile_override_enabled\":false,\"zoom_level_mobile_override\":\"\",\"iw_primary_color\":\"#000000\",\"iw_accent_color\":\"#000000\",\"iw_text_color\":\"#000000\",\"wpgmza_listmarkers_by\":\"0\",\"wpgmza_marker_listing_position\":false,\"zoom_level_on_marker_listing_override\":false,\"zoom_level_on_marker_listing_click\":\"\",\"marker_listing_disable_zoom\":false,\"datatable_no_result_message\":\"\",\"remove_search_box_datables\":false,\"dataTable_pagination_style\":null,\"datatable_search_string\":\"\",\"datatable_result_start\":\"\",\"datatable_result_of\":\"\",\"datatable_result_to\":\"\",\"datatable_result_total\":\"\",\"datatable_result_show\":\"\",\"datatable_result_entries\":\"\",\"wpgmza_savemap\":\"Enregistrer la carte \\u00bb\"}}' data-map-id='1' Data-maps-engine='open-layers' data-shortcode-attributes='{\"id\":\"1\"}' style=\"display:block; overflow:auto; width:100%; height:400px; float:left;\"><\/div><\/div>\n\n\n\n<div class=\"wp-block-column is-vertically-aligned-center is-layout-flow wp-block-column-is-layout-flow\" style=\"padding-top:24px;padding-right:24px;padding-bottom:24px;padding-left:24px\">\n<h3 class=\"wp-block-heading\">Nos locaux<\/h3>\n\n\n\n<p>7 rue Caroline Aigle<br>33185 Le Haillan, France<\/p>\n\n\n\n<h3 class=\"wp-block-heading\">Nous contacter<\/h3>\n\n\n\n<p><a href=\"mailto:contact@previmeteo.com\">contact@previmeteo.com<\/a><br>+33 (0)5 53 93 43 06<\/p>\n<\/div>\n<\/div>\n<\/div>\n","protected":false},"excerpt":{"rendered":"<p>Envoyez-nous un message Nos locaux 7 rue Caroline Aigle33185 Le Haillan, France Nous contacter contact@previmeteo.com+33 (0)5 53 93 43 06<\/p>\n","protected":false},"author":1,"featured_media":0,"parent":0,"menu_order":0,"comment_status":"closed","ping_status":"closed","template":"","meta":{"footnotes":""},"class_list":["post-39","page","type-page","status-publish","hentry"],"yoast_head":"<!-- This site is optimized with the Yoast SEO plugin v24.9 - https:\/\/yoast.com\/wordpress\/plugins\/seo\/ -->\n<title>Airside Manager Contact - Previmeteo Airside Manager<\/title>\n<meta name=\"description\" content=\"Demandez un devis personnalis\u00e9 pour b\u00e9n\u00e9ficier de nos pr\u00e9visions m\u00e9t\u00e9o sur mesure, adapt\u00e9es aux besoins sp\u00e9cifiques de votre a\u00e9roport.\" \/>\n<meta name=\"robots\" content=\"index, follow, max-snippet:-1, max-image-preview:large, max-video-preview:-1\" \/>\n<link rel=\"canonical\" href=\"https:\/\/airside.previmeteo.com\/fr\/contact\/\" \/>\n<meta property=\"og:locale\" content=\"fr_FR\" \/>\n<meta property=\"og:type\" content=\"article\" \/>\n<meta property=\"og:title\" content=\"Airside Manager Contact - Previmeteo Airside Manager\" \/>\n<meta property=\"og:description\" content=\"Demandez un devis personnalis\u00e9 pour b\u00e9n\u00e9ficier de nos pr\u00e9visions m\u00e9t\u00e9o sur mesure, adapt\u00e9es aux besoins sp\u00e9cifiques de votre a\u00e9roport.\" \/>\n<meta property=\"og:url\" content=\"https:\/\/airside.previmeteo.com\/fr\/contact\/\" \/>\n<meta property=\"og:site_name\" content=\"Previmeteo Airside Manager\" \/>\n<meta property=\"article:modified_time\" content=\"2025-09-04T12:19:50+00:00\" \/>\n<meta property=\"og:image\" content=\"https:\/\/airside.previmeteo.com\/wp-content\/uploads\/2024\/09\/accueil-v1.webp\" \/>\n\t<meta property=\"og:image:width\" content=\"1792\" \/>\n\t<meta property=\"og:image:height\" content=\"1024\" \/>\n\t<meta property=\"og:image:type\" content=\"image\/webp\" \/>\n<meta name=\"twitter:card\" content=\"summary_large_image\" \/>\n<meta name=\"twitter:label1\" content=\"Dur\u00e9e de lecture estim\u00e9e\" \/>\n\t<meta name=\"twitter:data1\" content=\"1 minute\" \/>\n<script type=\"application\/ld+json\" class=\"yoast-schema-graph\">{\"@context\":\"https:\/\/schema.org\",\"@graph\":[{\"@type\":\"WebPage\",\"@id\":\"https:\/\/airside.previmeteo.com\/contact\/\",\"url\":\"https:\/\/airside.previmeteo.com\/contact\/\",\"name\":\"Airside Manager Contact - Previmeteo Airside Manager\",\"isPartOf\":{\"@id\":\"https:\/\/airside.previmeteo.com\/en\/#website\"},\"primaryImageOfPage\":{\"@id\":\"https:\/\/airside.previmeteo.com\/contact\/#primaryimage\"},\"image\":{\"@id\":\"https:\/\/airside.previmeteo.com\/contact\/#primaryimage\"},\"thumbnailUrl\":\"https:\/\/airport.previmeteo.com\/wp-content\/uploads\/2024\/09\/accueil-v1.webp\",\"datePublished\":\"2024-09-05T08:04:36+00:00\",\"dateModified\":\"2025-09-04T12:19:50+00:00\",\"description\":\"Demandez un devis personnalis\u00e9 pour b\u00e9n\u00e9ficier de nos pr\u00e9visions m\u00e9t\u00e9o sur mesure, adapt\u00e9es aux besoins sp\u00e9cifiques de votre a\u00e9roport.\",\"breadcrumb\":{\"@id\":\"https:\/\/airside.previmeteo.com\/contact\/#breadcrumb\"},\"inLanguage\":\"fr-FR\",\"potentialAction\":[{\"@type\":\"ReadAction\",\"target\":[\"https:\/\/airside.previmeteo.com\/contact\/\"]}]},{\"@type\":\"ImageObject\",\"inLanguage\":\"fr-FR\",\"@id\":\"https:\/\/airside.previmeteo.com\/contact\/#primaryimage\",\"url\":\"https:\/\/airport.previmeteo.com\/wp-content\/uploads\/2024\/09\/accueil-v1.webp\",\"contentUrl\":\"https:\/\/airport.previmeteo.com\/wp-content\/uploads\/2024\/09\/accueil-v1.webp\"},{\"@type\":\"BreadcrumbList\",\"@id\":\"https:\/\/airside.previmeteo.com\/contact\/#breadcrumb\",\"itemListElement\":[{\"@type\":\"ListItem\",\"position\":1,\"name\":\"Accueil\",\"item\":\"https:\/\/airside.previmeteo.com\/\"},{\"@type\":\"ListItem\",\"position\":2,\"name\":\"Airside Manager Contact\"}]},{\"@type\":\"WebSite\",\"@id\":\"https:\/\/airside.previmeteo.com\/en\/#website\",\"url\":\"https:\/\/airside.previmeteo.com\/en\/\",\"name\":\"Previmeteo Airside Manager\",\"description\":\"\",\"potentialAction\":[{\"@type\":\"SearchAction\",\"target\":{\"@type\":\"EntryPoint\",\"urlTemplate\":\"https:\/\/airside.previmeteo.com\/en\/?s={search_term_string}\"},\"query-input\":{\"@type\":\"PropertyValueSpecification\",\"valueRequired\":true,\"valueName\":\"search_term_string\"}}],\"inLanguage\":\"fr-FR\"}]}<\/script>\n<!-- \/ Yoast SEO plugin. -->","yoast_head_json":{"title":"Airside Manager Contact - Previmeteo Airside Manager","description":"Demandez un devis personnalis\u00e9 pour b\u00e9n\u00e9ficier de nos pr\u00e9visions m\u00e9t\u00e9o sur mesure, adapt\u00e9es aux besoins sp\u00e9cifiques de votre a\u00e9roport.","robots":{"index":"index","follow":"follow","max-snippet":"max-snippet:-1","max-image-preview":"max-image-preview:large","max-video-preview":"max-video-preview:-1"},"canonical":"https:\/\/airside.previmeteo.com\/fr\/contact\/","og_locale":"fr_FR","og_type":"article","og_title":"Airside Manager Contact - Previmeteo Airside Manager","og_description":"Demandez un devis personnalis\u00e9 pour b\u00e9n\u00e9ficier de nos pr\u00e9visions m\u00e9t\u00e9o sur mesure, adapt\u00e9es aux besoins sp\u00e9cifiques de votre a\u00e9roport.","og_url":"https:\/\/airside.previmeteo.com\/fr\/contact\/","og_site_name":"Previmeteo Airside Manager","article_modified_time":"2025-09-04T12:19:50+00:00","og_image":[{"width":1792,"height":1024,"url":"https:\/\/airside.previmeteo.com\/wp-content\/uploads\/2024\/09\/accueil-v1.webp","type":"image\/webp"}],"twitter_card":"summary_large_image","twitter_misc":{"Dur\u00e9e de lecture estim\u00e9e":"1 minute"},"schema":{"@context":"https:\/\/schema.org","@graph":[{"@type":"WebPage","@id":"https:\/\/airside.previmeteo.com\/contact\/","url":"https:\/\/airside.previmeteo.com\/contact\/","name":"Airside Manager Contact - Previmeteo Airside Manager","isPartOf":{"@id":"https:\/\/airside.previmeteo.com\/en\/#website"},"primaryImageOfPage":{"@id":"https:\/\/airside.previmeteo.com\/contact\/#primaryimage"},"image":{"@id":"https:\/\/airside.previmeteo.com\/contact\/#primaryimage"},"thumbnailUrl":"https:\/\/airport.previmeteo.com\/wp-content\/uploads\/2024\/09\/accueil-v1.webp","datePublished":"2024-09-05T08:04:36+00:00","dateModified":"2025-09-04T12:19:50+00:00","description":"Demandez un devis personnalis\u00e9 pour b\u00e9n\u00e9ficier de nos pr\u00e9visions m\u00e9t\u00e9o sur mesure, adapt\u00e9es aux besoins sp\u00e9cifiques de votre a\u00e9roport.","breadcrumb":{"@id":"https:\/\/airside.previmeteo.com\/contact\/#breadcrumb"},"inLanguage":"fr-FR","potentialAction":[{"@type":"ReadAction","target":["https:\/\/airside.previmeteo.com\/contact\/"]}]},{"@type":"ImageObject","inLanguage":"fr-FR","@id":"https:\/\/airside.previmeteo.com\/contact\/#primaryimage","url":"https:\/\/airport.previmeteo.com\/wp-content\/uploads\/2024\/09\/accueil-v1.webp","contentUrl":"https:\/\/airport.previmeteo.com\/wp-content\/uploads\/2024\/09\/accueil-v1.webp"},{"@type":"BreadcrumbList","@id":"https:\/\/airside.previmeteo.com\/contact\/#breadcrumb","itemListElement":[{"@type":"ListItem","position":1,"name":"Accueil","item":"https:\/\/airside.previmeteo.com\/"},{"@type":"ListItem","position":2,"name":"Airside Manager Contact"}]},{"@type":"WebSite","@id":"https:\/\/airside.previmeteo.com\/en\/#website","url":"https:\/\/airside.previmeteo.com\/en\/","name":"Previmeteo Airside Manager","description":"","potentialAction":[{"@type":"SearchAction","target":{"@type":"EntryPoint","urlTemplate":"https:\/\/airside.previmeteo.com\/en\/?s={search_term_string}"},"query-input":{"@type":"PropertyValueSpecification","valueRequired":true,"valueName":"search_term_string"}}],"inLanguage":"fr-FR"}]}},"_links":{"self":[{"href":"https:\/\/airside.previmeteo.com\/fr\/wp-json\/wp\/v2\/pages\/39","targetHints":{"allow":["GET"]}}],"collection":[{"href":"https:\/\/airside.previmeteo.com\/fr\/wp-json\/wp\/v2\/pages"}],"about":[{"href":"https:\/\/airside.previmeteo.com\/fr\/wp-json\/wp\/v2\/types\/page"}],"author":[{"embeddable":true,"href":"https:\/\/airside.previmeteo.com\/fr\/wp-json\/wp\/v2\/users\/1"}],"replies":[{"embeddable":true,"href":"https:\/\/airside.previmeteo.com\/fr\/wp-json\/wp\/v2\/comments?post=39"}],"version-history":[{"count":64,"href":"https:\/\/airside.previmeteo.com\/fr\/wp-json\/wp\/v2\/pages\/39\/revisions"}],"predecessor-version":[{"id":1062,"href":"https:\/\/airside.previmeteo.com\/fr\/wp-json\/wp\/v2\/pages\/39\/revisions\/1062"}],"wp:attachment":[{"href":"https:\/\/airside.previmeteo.com\/fr\/wp-json\/wp\/v2\/media?parent=39"}],"curies":[{"name":"wp","href":"https:\/\/api.w.org\/{rel}","templated":true}]}}