{"id":27,"date":"2024-09-05T10:00:11","date_gmt":"2024-09-05T08:00:11","guid":{"rendered":"https:\/\/airport.previmeteo.com\/?page_id=27"},"modified":"2025-03-25T09:11:52","modified_gmt":"2025-03-25T08:11:52","slug":"a-propos","status":"publish","type":"page","link":"https:\/\/airside.previmeteo.com\/fr\/a-propos\/","title":{"rendered":"About us"},"content":{"rendered":"\n<div class=\"wp-block-cover alignfull\" style=\"margin-top:0;margin-bottom:0;padding-top:24px;padding-right:24px;padding-bottom:24px;padding-left:24px;min-height:571px;aspect-ratio:unset;\"><span aria-hidden=\"true\" class=\"wp-block-cover__background has-ti-bg-inv-background-color has-background-dim\"><\/span><img loading=\"lazy\" decoding=\"async\" width=\"1024\" height=\"576\" class=\"wp-block-cover__image-background wp-image-429\" alt=\"Image d'illustration d'une montgolfi\u00e8re au dessus de vignes Previmeteo m\u00e9t\u00e9o a\u00e9roport\" src=\"https:\/\/airport.previmeteo.com\/wp-content\/uploads\/2024\/09\/previmeteo-histoire-edited.jpg\" data-object-fit=\"cover\" srcset=\"https:\/\/airside.previmeteo.com\/wp-content\/uploads\/2024\/09\/previmeteo-histoire-edited.jpg 1024w, https:\/\/airside.previmeteo.com\/wp-content\/uploads\/2024\/09\/previmeteo-histoire-edited-300x169.jpg 300w, https:\/\/airside.previmeteo.com\/wp-content\/uploads\/2024\/09\/previmeteo-histoire-edited-768x432.jpg 768w\" sizes=\"auto, (max-width: 1024px) 100vw, 1024px\" \/><div class=\"wp-block-cover__inner-container is-layout-flow wp-block-cover-is-layout-flow\">\n<div class=\"wp-block-group has-ti-fg-alt-color has-text-color is-layout-constrained wp-block-group-is-layout-constrained\">\n<h1 class=\"wp-block-heading has-text-align-center has-huge-font-size\">\u00c0 Propos<\/h1>\n\n\n\n<p class=\"has-text-align-center\">N\u00e9 d&rsquo;un besoin de pr\u00e9visions m\u00e9t\u00e9o pr\u00e9cises pour la montgolfi\u00e8re, notre service s&rsquo;est \u00e9tendu pour offrir des services m\u00e9t\u00e9o personnalis\u00e9s pour les a\u00e9roports. Depuis plus de 20 ans, nous mettons notre savoir-faire au service de la s\u00e9curit\u00e9 et de la gestion efficace des op\u00e9rations a\u00e9roportuaires.<\/p>\n<\/div>\n<\/div><\/div>\n\n\n\n<div class=\"wp-block-group alignfull is-layout-constrained wp-block-group-is-layout-constrained\" style=\"margin-top:0;margin-bottom:0;padding-top:64px;padding-bottom:64px\">\n<div class=\"wp-block-columns alignwide is-layout-flex wp-container-core-columns-is-layout-28232c24 wp-block-columns-is-layout-flex\">\n<div class=\"wp-block-column is-vertically-aligned-center is-layout-flow wp-block-column-is-layout-flow\" style=\"padding-top:24px;padding-right:24px;padding-bottom:24px;padding-left:24px\">\n<h2 class=\"wp-block-heading\">Une histoire de pr\u00e9cision m\u00e9t\u00e9orologique<\/h2>\n\n\n\n<p>Tout a commenc\u00e9 en 2002, avec Jean-Pierre Bouchillou, pilote passionn\u00e9 de montgolfi\u00e8re, qui cherchait d\u00e9sesp\u00e9r\u00e9ment des pr\u00e9visions m\u00e9t\u00e9o pr\u00e9cises pour s\u00e9curiser ses vols. \u00c0 cette \u00e9poque, aucune solution sur le march\u00e9 ne r\u00e9pondait \u00e0 ses besoins sp\u00e9cifiques. D\u00e9termin\u00e9 \u00e0 combler ce manque, il s&rsquo;est fix\u00e9 un objectif ambitieux : cr\u00e9er son propre service de pr\u00e9visions m\u00e9t\u00e9orologiques personnalis\u00e9es.<\/p>\n\n\n\n<p>Apr\u00e8s plusieurs phases de tests et d&rsquo;optimisation, ce service innovant est n\u00e9. Mis en ligne sous le nom de <strong>Previmeteo<\/strong>, il n&rsquo;a pas tard\u00e9 \u00e0 capter l&rsquo;attention de professionnels \u00e0 la recherche de donn\u00e9es m\u00e9t\u00e9o fiables et d\u00e9taill\u00e9es. Parmi eux, <strong>Les A\u00e9roports de Paris<\/strong> ont \u00e9t\u00e9 les premiers \u00e0 adopter ce service pour optimiser la gestion hivernale de leurs infrastructures, devenant ainsi le premier client embl\u00e9matique de Previmeteo, toujours fid\u00e8le \u00e0 ce jour.<\/p>\n\n\n\n<p>Depuis, <strong>Previmeteo<\/strong> n&rsquo;a cess\u00e9 d&rsquo;\u00e9voluer. De nouveaux services innovants ont vu le jour, adapt\u00e9s aux besoins vari\u00e9s des secteurs a\u00e9ronautiques et autres industries. Gr\u00e2ce \u00e0 une capacit\u00e9 \u00e0 fournir des pr\u00e9visions m\u00e9t\u00e9orologiques sur mesure et \u00e0 une expertise reconnue, Previmeteo a su gagner la confiance de nombreux clients \u00e0 travers le monde.<\/p>\n\n\n\n<p>Apr\u00e8s plus de 20 ans d&rsquo;expertise, nous sommes devenus une r\u00e9f\u00e9rence dans le domaine des services m\u00e9t\u00e9o pour les a\u00e9roports, o\u00f9 la pr\u00e9cision et la r\u00e9activit\u00e9 sont nos ma\u00eetres mots.<\/p>\n\n\n\n<div class=\"wp-block-buttons is-content-justification-center is-layout-flex wp-container-core-buttons-is-layout-a89b3969 wp-block-buttons-is-layout-flex\">\n<div class=\"wp-block-button\"><a class=\"wp-block-button__link wp-element-button\" href=\"https:\/\/airport.previmeteo.com\/contact\/\">Parlons-en<\/a><\/div>\n<\/div>\n<\/div>\n\n\n\n<div class=\"wp-block-column is-vertically-aligned-center is-layout-flow wp-block-column-is-layout-flow\">\n<figure class=\"wp-block-image aligncenter size-full\"><img loading=\"lazy\" decoding=\"async\" width=\"1707\" height=\"2560\" src=\"https:\/\/airport.previmeteo.com\/wp-content\/uploads\/2024\/09\/IMG_4765-scaled.jpg\" alt=\"Nacelle de la montgolfi\u00e8re de Jean-Pierre Bouchillou avec un logo de Previmeteo m\u00e9t\u00e9o a\u00e9roport\" class=\"wp-image-292\" srcset=\"https:\/\/airside.previmeteo.com\/wp-content\/uploads\/2024\/09\/IMG_4765-scaled.jpg 1707w, https:\/\/airside.previmeteo.com\/wp-content\/uploads\/2024\/09\/IMG_4765-200x300.jpg 200w, https:\/\/airside.previmeteo.com\/wp-content\/uploads\/2024\/09\/IMG_4765-683x1024.jpg 683w, https:\/\/airside.previmeteo.com\/wp-content\/uploads\/2024\/09\/IMG_4765-768x1152.jpg 768w, https:\/\/airside.previmeteo.com\/wp-content\/uploads\/2024\/09\/IMG_4765-1024x1536.jpg 1024w, https:\/\/airside.previmeteo.com\/wp-content\/uploads\/2024\/09\/IMG_4765-1365x2048.jpg 1365w\" sizes=\"auto, (max-width: 1707px) 100vw, 1707px\" \/><\/figure>\n<\/div>\n<\/div>\n<\/div>\n\n\n\n<div class=\"wp-block-group alignfull has-ti-fg-alt-color has-ti-accent-background-color has-text-color has-background is-layout-constrained wp-container-core-group-is-layout-352a731e wp-block-group-is-layout-constrained\" style=\"margin-top:0px;margin-bottom:0px;padding-top:64px;padding-bottom:64px\">\n<div class=\"wp-block-group alignwide is-layout-flow wp-block-group-is-layout-flow\">\n<h2 class=\"wp-block-heading has-text-align-center\">Notre raison d&rsquo;\u00eatre<\/h2>\n\n\n\n<p class=\"has-text-align-center\"><strong>Nos services m\u00e9t\u00e9orologiques contribuent \u00e0 la s\u00e9curit\u00e9 et \u00e0 l&rsquo;efficacit\u00e9 des op\u00e9rations a\u00e9roportuaires, tout en soutenant les Objectifs de D\u00e9veloppement Durable<\/strong><\/p>\n<\/div>\n<\/div>\n\n\n\n<div class=\"wp-block-group alignfull has-ti-fg-alt-color has-ti-bg-inv-background-color has-text-color has-background is-layout-constrained wp-container-core-group-is-layout-4fdf28be wp-block-group-is-layout-constrained\" style=\"margin-top:0px;margin-bottom:0px;padding-top:64px;padding-bottom:64px\">\n<div class=\"wp-block-group alignwide is-layout-constrained wp-container-core-group-is-layout-105570a8 wp-block-group-is-layout-constrained\">\n<h2 class=\"wp-block-heading has-text-align-center\">Nos valeurs<\/h2>\n<\/div>\n\n\n\n<div class=\"wp-block-columns alignwide is-layout-flex wp-container-core-columns-is-layout-28f84493 wp-block-columns-is-layout-flex\">\n<div class=\"wp-block-column is-layout-flow wp-block-column-is-layout-flow\" style=\"flex-basis:33.34%\">\n<div class=\"wp-block-group has-ti-bg-inv-background-color has-background is-layout-constrained wp-container-core-group-is-layout-138c33e9 wp-block-group-is-layout-constrained\" style=\"border-width:1px;padding-top:32px;padding-right:32px;padding-bottom:32px;padding-left:32px\">\n<figure class=\"wp-block-image size-full\"><img loading=\"lazy\" decoding=\"async\" width=\"500\" height=\"500\" src=\"https:\/\/airport.previmeteo.com\/wp-content\/uploads\/2024\/09\/14.png\" alt=\"Poign\u00e9e de mains\" class=\"wp-image-556\" srcset=\"https:\/\/airside.previmeteo.com\/wp-content\/uploads\/2024\/09\/14.png 500w, https:\/\/airside.previmeteo.com\/wp-content\/uploads\/2024\/09\/14-300x300.png 300w, https:\/\/airside.previmeteo.com\/wp-content\/uploads\/2024\/09\/14-150x150.png 150w\" sizes=\"auto, (max-width: 500px) 100vw, 500px\" \/><\/figure>\n\n\n\n<h3 class=\"wp-block-heading has-text-align-center has-medium-font-size\"><strong>Humain<\/strong><\/h3>\n\n\n\n<p class=\"has-text-align-center\">Nous nous engageons \u00e0 comprendre et \u00e0 r\u00e9pondre aux besoins uniques de chaque client a\u00e9roportuaire, apprenant constamment de leur diversit\u00e9 pour offrir des solutions parfaitement adapt\u00e9es.<\/p>\n<\/div>\n<\/div>\n\n\n\n<div class=\"wp-block-column is-layout-flow wp-block-column-is-layout-flow\" style=\"flex-basis:33.34%\">\n<div class=\"wp-block-group has-ti-bg-inv-background-color has-background is-layout-constrained wp-container-core-group-is-layout-138c33e9 wp-block-group-is-layout-constrained\" style=\"border-width:1px;padding-top:32px;padding-right:32px;padding-bottom:32px;padding-left:32px\">\n<figure class=\"wp-block-image size-full\"><img loading=\"lazy\" decoding=\"async\" width=\"500\" height=\"500\" src=\"https:\/\/airport.previmeteo.com\/wp-content\/uploads\/2024\/09\/15.png\" alt=\"Ampoule pour symboliser l'id\u00e9e\" class=\"wp-image-557\" srcset=\"https:\/\/airside.previmeteo.com\/wp-content\/uploads\/2024\/09\/15.png 500w, https:\/\/airside.previmeteo.com\/wp-content\/uploads\/2024\/09\/15-300x300.png 300w, https:\/\/airside.previmeteo.com\/wp-content\/uploads\/2024\/09\/15-150x150.png 150w\" sizes=\"auto, (max-width: 500px) 100vw, 500px\" \/><\/figure>\n\n\n\n<h3 class=\"wp-block-heading has-text-align-center has-medium-font-size\"><strong>Innovation<\/strong><\/h3>\n\n\n\n<p class=\"has-text-align-center\">Nous innovons constamment dans le domaine a\u00e9roportuaire en utilisant les technologies avanc\u00e9es pour cr\u00e9er des outils performants pour r\u00e9pondre aux enjeux de nos diff\u00e9rents clients.<\/p>\n<\/div>\n<\/div>\n\n\n\n<div class=\"wp-block-column is-layout-flow wp-block-column-is-layout-flow\" style=\"flex-basis:33.33%\">\n<div class=\"wp-block-group has-ti-bg-inv-background-color has-background is-layout-constrained wp-container-core-group-is-layout-138c33e9 wp-block-group-is-layout-constrained\" style=\"border-width:1px;padding-top:32px;padding-right:32px;padding-bottom:32px;padding-left:32px\">\n<figure class=\"wp-block-image size-full\"><img loading=\"lazy\" decoding=\"async\" width=\"500\" height=\"500\" src=\"https:\/\/airport.previmeteo.com\/wp-content\/uploads\/2024\/09\/16.png\" alt=\"Smiley satisfait\" class=\"wp-image-558\" srcset=\"https:\/\/airside.previmeteo.com\/wp-content\/uploads\/2024\/09\/16.png 500w, https:\/\/airside.previmeteo.com\/wp-content\/uploads\/2024\/09\/16-300x300.png 300w, https:\/\/airside.previmeteo.com\/wp-content\/uploads\/2024\/09\/16-150x150.png 150w\" sizes=\"auto, (max-width: 500px) 100vw, 500px\" \/><\/figure>\n\n\n\n<h3 class=\"wp-block-heading has-text-align-center has-medium-font-size\">Satisfaction<\/h3>\n\n\n\n<p class=\"has-text-align-center\">Dans le secteur a\u00e9roportuaire, nous \u00e9tablissons des relations de confiance en collaborant \u00e9troitement pour offrir des services m\u00e9t\u00e9o adapt\u00e9s et d\u00e9passer les attentes de nos clients.<\/p>\n<\/div>\n<\/div>\n\n\n\n<div class=\"wp-block-column is-layout-flow wp-block-column-is-layout-flow\" style=\"flex-basis:33.34%\">\n<div class=\"wp-block-group has-ti-bg-inv-background-color has-background is-layout-constrained wp-container-core-group-is-layout-138c33e9 wp-block-group-is-layout-constrained\" style=\"border-width:1px;padding-top:32px;padding-right:32px;padding-bottom:32px;padding-left:32px\">\n<figure class=\"wp-block-image size-full\"><img loading=\"lazy\" decoding=\"async\" width=\"500\" height=\"500\" src=\"https:\/\/airport.previmeteo.com\/wp-content\/uploads\/2024\/09\/17.png\" alt=\"Oiseau pour symboliser la libert\u00e9\" class=\"wp-image-559\" srcset=\"https:\/\/airside.previmeteo.com\/wp-content\/uploads\/2024\/09\/17.png 500w, https:\/\/airside.previmeteo.com\/wp-content\/uploads\/2024\/09\/17-300x300.png 300w, https:\/\/airside.previmeteo.com\/wp-content\/uploads\/2024\/09\/17-150x150.png 150w\" sizes=\"auto, (max-width: 500px) 100vw, 500px\" \/><\/figure>\n\n\n\n<h3 class=\"wp-block-heading has-text-align-center has-medium-font-size\">Ind\u00e9pendance<\/h3>\n\n\n\n<p class=\"has-text-align-center\">Depuis 2002, en tant que service m\u00e9t\u00e9o ind\u00e9pendant pour le secteur a\u00e9roportuaire, nous combinons libert\u00e9 strat\u00e9gique et engagement envers une qualit\u00e9 de service optimale.<\/p>\n<\/div>\n<\/div>\n<\/div>\n<\/div>\n","protected":false},"excerpt":{"rendered":"<p>Une histoire de pr\u00e9cision m\u00e9t\u00e9orologique Tout a commenc\u00e9 en 2002, avec Jean-Pierre Bouchillou, pilote passionn\u00e9 de montgolfi\u00e8re, qui cherchait d\u00e9sesp\u00e9r\u00e9ment des pr\u00e9visions m\u00e9t\u00e9o pr\u00e9cises pour s\u00e9curiser ses vols. \u00c0 cette \u00e9poque, aucune solution sur le march\u00e9 ne r\u00e9pondait \u00e0 ses besoins sp\u00e9cifiques. D\u00e9termin\u00e9 \u00e0 combler ce manque, il s&rsquo;est fix\u00e9 un objectif ambitieux : cr\u00e9er [&hellip;]<\/p>\n","protected":false},"author":1,"featured_media":0,"parent":0,"menu_order":0,"comment_status":"closed","ping_status":"closed","template":"","meta":{"footnotes":""},"class_list":["post-27","page","type-page","status-publish","hentry"],"yoast_head":"<!-- This site is optimized with the Yoast SEO plugin v24.9 - https:\/\/yoast.com\/wordpress\/plugins\/seo\/ -->\n<title>About us - Previmeteo Airside Manager<\/title>\n<meta name=\"description\" content=\"Depuis plus de 20 ans chez Previmeteo, nous mettons notre savoir-faire au service de la s\u00e9curit\u00e9 et de la gestion des op\u00e9rations a\u00e9roportuaires.\" \/>\n<meta name=\"robots\" content=\"index, follow, max-snippet:-1, max-image-preview:large, max-video-preview:-1\" \/>\n<link rel=\"canonical\" href=\"https:\/\/airside.previmeteo.com\/fr\/a-propos\/\" \/>\n<meta property=\"og:locale\" content=\"fr_FR\" \/>\n<meta property=\"og:type\" content=\"article\" \/>\n<meta property=\"og:title\" content=\"About us - Previmeteo Airside Manager\" \/>\n<meta property=\"og:description\" content=\"Depuis plus de 20 ans chez Previmeteo, nous mettons notre savoir-faire au service de la s\u00e9curit\u00e9 et de la gestion des op\u00e9rations a\u00e9roportuaires.\" \/>\n<meta property=\"og:url\" content=\"https:\/\/airside.previmeteo.com\/fr\/a-propos\/\" \/>\n<meta property=\"og:site_name\" content=\"Previmeteo Airside Manager\" \/>\n<meta property=\"article:modified_time\" content=\"2025-03-25T08:11:52+00:00\" \/>\n<meta property=\"og:image\" content=\"https:\/\/airside.previmeteo.com\/wp-content\/uploads\/2024\/09\/previmeteo-histoire-edited.jpg\" \/>\n\t<meta property=\"og:image:width\" content=\"1024\" \/>\n\t<meta property=\"og:image:height\" content=\"576\" \/>\n\t<meta property=\"og:image:type\" content=\"image\/jpeg\" \/>\n<meta name=\"twitter:card\" content=\"summary_large_image\" \/>\n<meta name=\"twitter:label1\" content=\"Dur\u00e9e de lecture estim\u00e9e\" \/>\n\t<meta name=\"twitter:data1\" content=\"4 minutes\" \/>\n<script type=\"application\/ld+json\" class=\"yoast-schema-graph\">{\"@context\":\"https:\/\/schema.org\",\"@graph\":[{\"@type\":\"WebPage\",\"@id\":\"https:\/\/airside.previmeteo.com\/a-propos\/\",\"url\":\"https:\/\/airside.previmeteo.com\/a-propos\/\",\"name\":\"About us - Previmeteo Airside Manager\",\"isPartOf\":{\"@id\":\"https:\/\/airside.previmeteo.com\/en\/#website\"},\"primaryImageOfPage\":{\"@id\":\"https:\/\/airside.previmeteo.com\/a-propos\/#primaryimage\"},\"image\":{\"@id\":\"https:\/\/airside.previmeteo.com\/a-propos\/#primaryimage\"},\"thumbnailUrl\":\"https:\/\/airport.previmeteo.com\/wp-content\/uploads\/2024\/09\/previmeteo-histoire-edited.jpg\",\"datePublished\":\"2024-09-05T08:00:11+00:00\",\"dateModified\":\"2025-03-25T08:11:52+00:00\",\"description\":\"Depuis plus de 20 ans chez Previmeteo, nous mettons notre savoir-faire au service de la s\u00e9curit\u00e9 et de la gestion des op\u00e9rations a\u00e9roportuaires.\",\"breadcrumb\":{\"@id\":\"https:\/\/airside.previmeteo.com\/a-propos\/#breadcrumb\"},\"inLanguage\":\"fr-FR\",\"potentialAction\":[{\"@type\":\"ReadAction\",\"target\":[\"https:\/\/airside.previmeteo.com\/a-propos\/\"]}]},{\"@type\":\"ImageObject\",\"inLanguage\":\"fr-FR\",\"@id\":\"https:\/\/airside.previmeteo.com\/a-propos\/#primaryimage\",\"url\":\"https:\/\/airport.previmeteo.com\/wp-content\/uploads\/2024\/09\/previmeteo-histoire-edited.jpg\",\"contentUrl\":\"https:\/\/airport.previmeteo.com\/wp-content\/uploads\/2024\/09\/previmeteo-histoire-edited.jpg\"},{\"@type\":\"BreadcrumbList\",\"@id\":\"https:\/\/airside.previmeteo.com\/a-propos\/#breadcrumb\",\"itemListElement\":[{\"@type\":\"ListItem\",\"position\":1,\"name\":\"Accueil\",\"item\":\"https:\/\/airside.previmeteo.com\/\"},{\"@type\":\"ListItem\",\"position\":2,\"name\":\"About us\"}]},{\"@type\":\"WebSite\",\"@id\":\"https:\/\/airside.previmeteo.com\/en\/#website\",\"url\":\"https:\/\/airside.previmeteo.com\/en\/\",\"name\":\"Previmeteo Airside Manager\",\"description\":\"\",\"potentialAction\":[{\"@type\":\"SearchAction\",\"target\":{\"@type\":\"EntryPoint\",\"urlTemplate\":\"https:\/\/airside.previmeteo.com\/en\/?s={search_term_string}\"},\"query-input\":{\"@type\":\"PropertyValueSpecification\",\"valueRequired\":true,\"valueName\":\"search_term_string\"}}],\"inLanguage\":\"fr-FR\"}]}<\/script>\n<!-- \/ Yoast SEO plugin. -->","yoast_head_json":{"title":"About us - Previmeteo Airside Manager","description":"Depuis plus de 20 ans chez Previmeteo, nous mettons notre savoir-faire au service de la s\u00e9curit\u00e9 et de la gestion des op\u00e9rations a\u00e9roportuaires.","robots":{"index":"index","follow":"follow","max-snippet":"max-snippet:-1","max-image-preview":"max-image-preview:large","max-video-preview":"max-video-preview:-1"},"canonical":"https:\/\/airside.previmeteo.com\/fr\/a-propos\/","og_locale":"fr_FR","og_type":"article","og_title":"About us - Previmeteo Airside Manager","og_description":"Depuis plus de 20 ans chez Previmeteo, nous mettons notre savoir-faire au service de la s\u00e9curit\u00e9 et de la gestion des op\u00e9rations a\u00e9roportuaires.","og_url":"https:\/\/airside.previmeteo.com\/fr\/a-propos\/","og_site_name":"Previmeteo Airside Manager","article_modified_time":"2025-03-25T08:11:52+00:00","og_image":[{"width":1024,"height":576,"url":"https:\/\/airside.previmeteo.com\/wp-content\/uploads\/2024\/09\/previmeteo-histoire-edited.jpg","type":"image\/jpeg"}],"twitter_card":"summary_large_image","twitter_misc":{"Dur\u00e9e de lecture estim\u00e9e":"4 minutes"},"schema":{"@context":"https:\/\/schema.org","@graph":[{"@type":"WebPage","@id":"https:\/\/airside.previmeteo.com\/a-propos\/","url":"https:\/\/airside.previmeteo.com\/a-propos\/","name":"About us - Previmeteo Airside Manager","isPartOf":{"@id":"https:\/\/airside.previmeteo.com\/en\/#website"},"primaryImageOfPage":{"@id":"https:\/\/airside.previmeteo.com\/a-propos\/#primaryimage"},"image":{"@id":"https:\/\/airside.previmeteo.com\/a-propos\/#primaryimage"},"thumbnailUrl":"https:\/\/airport.previmeteo.com\/wp-content\/uploads\/2024\/09\/previmeteo-histoire-edited.jpg","datePublished":"2024-09-05T08:00:11+00:00","dateModified":"2025-03-25T08:11:52+00:00","description":"Depuis plus de 20 ans chez Previmeteo, nous mettons notre savoir-faire au service de la s\u00e9curit\u00e9 et de la gestion des op\u00e9rations a\u00e9roportuaires.","breadcrumb":{"@id":"https:\/\/airside.previmeteo.com\/a-propos\/#breadcrumb"},"inLanguage":"fr-FR","potentialAction":[{"@type":"ReadAction","target":["https:\/\/airside.previmeteo.com\/a-propos\/"]}]},{"@type":"ImageObject","inLanguage":"fr-FR","@id":"https:\/\/airside.previmeteo.com\/a-propos\/#primaryimage","url":"https:\/\/airport.previmeteo.com\/wp-content\/uploads\/2024\/09\/previmeteo-histoire-edited.jpg","contentUrl":"https:\/\/airport.previmeteo.com\/wp-content\/uploads\/2024\/09\/previmeteo-histoire-edited.jpg"},{"@type":"BreadcrumbList","@id":"https:\/\/airside.previmeteo.com\/a-propos\/#breadcrumb","itemListElement":[{"@type":"ListItem","position":1,"name":"Accueil","item":"https:\/\/airside.previmeteo.com\/"},{"@type":"ListItem","position":2,"name":"About us"}]},{"@type":"WebSite","@id":"https:\/\/airside.previmeteo.com\/en\/#website","url":"https:\/\/airside.previmeteo.com\/en\/","name":"Previmeteo Airside Manager","description":"","potentialAction":[{"@type":"SearchAction","target":{"@type":"EntryPoint","urlTemplate":"https:\/\/airside.previmeteo.com\/en\/?s={search_term_string}"},"query-input":{"@type":"PropertyValueSpecification","valueRequired":true,"valueName":"search_term_string"}}],"inLanguage":"fr-FR"}]}},"_links":{"self":[{"href":"https:\/\/airside.previmeteo.com\/fr\/wp-json\/wp\/v2\/pages\/27","targetHints":{"allow":["GET"]}}],"collection":[{"href":"https:\/\/airside.previmeteo.com\/fr\/wp-json\/wp\/v2\/pages"}],"about":[{"href":"https:\/\/airside.previmeteo.com\/fr\/wp-json\/wp\/v2\/types\/page"}],"author":[{"embeddable":true,"href":"https:\/\/airside.previmeteo.com\/fr\/wp-json\/wp\/v2\/users\/1"}],"replies":[{"embeddable":true,"href":"https:\/\/airside.previmeteo.com\/fr\/wp-json\/wp\/v2\/comments?post=27"}],"version-history":[{"count":46,"href":"https:\/\/airside.previmeteo.com\/fr\/wp-json\/wp\/v2\/pages\/27\/revisions"}],"predecessor-version":[{"id":1044,"href":"https:\/\/airside.previmeteo.com\/fr\/wp-json\/wp\/v2\/pages\/27\/revisions\/1044"}],"wp:attachment":[{"href":"https:\/\/airside.previmeteo.com\/fr\/wp-json\/wp\/v2\/media?parent=27"}],"curies":[{"name":"wp","href":"https:\/\/api.w.org\/{rel}","templated":true}]}}