{"id":57,"date":"2024-09-05T10:09:55","date_gmt":"2024-09-05T08:09:55","guid":{"rendered":"https:\/\/airport.previmeteo.com\/?page_id=57"},"modified":"2025-03-25T09:14:13","modified_gmt":"2025-03-25T08:14:13","slug":"meteo-sur-mesure","status":"publish","type":"page","link":"https:\/\/airside.previmeteo.com\/en\/meteo-sur-mesure\/","title":{"rendered":"Custom services for airport operations"},"content":{"rendered":"<div class=\"wp-block-group alignfull is-layout-constrained wp-block-group-is-layout-constrained\">\n<div class=\"wp-block-cover alignfull\" style=\"margin-top:0;margin-bottom:0;padding-top:24px;padding-right:24px;padding-bottom:24px;padding-left:24px;min-height:570px;aspect-ratio:unset;\"><span aria-hidden=\"true\" class=\"wp-block-cover__background has-ti-bg-inv-background-color has-background-dim\"><\/span><img loading=\"lazy\" decoding=\"async\" width=\"1024\" height=\"1024\" class=\"wp-block-cover__image-background wp-image-131\" alt=\"A\u00e9roport sur la mer\" src=\"https:\/\/airport.previmeteo.com\/wp-content\/uploads\/2024\/09\/custom2.webp\" data-object-fit=\"cover\" srcset=\"https:\/\/airside.previmeteo.com\/wp-content\/uploads\/2024\/09\/custom2.webp 1024w, https:\/\/airside.previmeteo.com\/wp-content\/uploads\/2024\/09\/custom2-300x300.webp 300w, https:\/\/airside.previmeteo.com\/wp-content\/uploads\/2024\/09\/custom2-150x150.webp 150w, https:\/\/airside.previmeteo.com\/wp-content\/uploads\/2024\/09\/custom2-768x768.webp 768w\" sizes=\"auto, (max-width: 1024px) 100vw, 1024px\" \/><div class=\"wp-block-cover__inner-container is-layout-flow wp-block-cover-is-layout-flow\">\n<div class=\"wp-block-group has-ti-fg-alt-color has-text-color is-layout-constrained wp-block-group-is-layout-constrained\">\n<h1 class=\"wp-block-heading has-text-align-center has-huge-font-size\">Custom<\/h1>\n\n\n\n<p class=\"has-text-align-center has-medium-font-size\">Custom weather solutions to meet the unique needs of your airport operations<\/p>\n<\/div>\n<\/div><\/div>\n\n\n\n<div class=\"wp-block-group alignfull is-layout-constrained wp-block-group-is-layout-constrained\" style=\"margin-top:0;margin-bottom:0;padding-top:64px;padding-bottom:64px\">\n<div class=\"wp-block-columns alignwide is-layout-flex wp-container-core-columns-is-layout-28232c24 wp-block-columns-is-layout-flex\">\n<div class=\"wp-block-column is-vertically-aligned-center is-layout-flow wp-block-column-is-layout-flow\">\n<figure class=\"wp-block-image aligncenter size-full\"><img loading=\"lazy\" decoding=\"async\" width=\"750\" height=\"750\" src=\"https:\/\/airside.previmeteo.com\/wp-content\/uploads\/2024\/10\/3.png\" alt=\"Visuel de l'application Previmeteo Airside Manager, services m\u00e9t\u00e9o pour les op\u00e9rations a\u00e9roportuaires\" class=\"wp-image-977\" srcset=\"https:\/\/airside.previmeteo.com\/wp-content\/uploads\/2024\/10\/3.png 750w, https:\/\/airside.previmeteo.com\/wp-content\/uploads\/2024\/10\/3-300x300.png 300w, https:\/\/airside.previmeteo.com\/wp-content\/uploads\/2024\/10\/3-150x150.png 150w, https:\/\/airside.previmeteo.com\/wp-content\/uploads\/2024\/10\/3-12x12.png 12w\" sizes=\"auto, (max-width: 750px) 100vw, 750px\" \/><\/figure>\n<\/div>\n\n\n\n<div class=\"wp-block-column is-vertically-aligned-center is-layout-flow wp-block-column-is-layout-flow\" style=\"padding-top:24px;padding-right:24px;padding-bottom:24px;padding-left:24px\">\n<h2 class=\"wp-block-heading\"><strong>Tailored Weather: Customized Solutions for Your Airport<\/strong><\/h2>\n\n\n\n<p>Our custom weather service is designed to meet the unique needs of each airport. By providing personalized forecasts and alerts, we help you manage the climatic conditions specific to your operations. If you have particular constraints related to your airport's environment, we offer tailored services to ensure maximum efficiency and enhanced safety.<\/p>\n\n\n\n<div class=\"wp-block-buttons is-content-justification-center is-layout-flex wp-container-core-buttons-is-layout-a89b3969 wp-block-buttons-is-layout-flex\">\n<div class=\"wp-block-button\"><a class=\"wp-block-button__link wp-element-button\" href=\"https:\/\/airport.previmeteo.com\/contact\/\">Request a quote<\/a><\/div>\n<\/div>\n<\/div>\n<\/div>\n<\/div>\n\n\n\n<div class=\"wp-block-group alignfull has-ti-fg-alt-color has-ti-accent-background-color has-text-color has-background is-layout-constrained wp-container-core-group-is-layout-352a731e wp-block-group-is-layout-constrained\" style=\"margin-top:0px;margin-bottom:0px;padding-top:64px;padding-bottom:64px\">\n<div class=\"wp-block-columns alignwide is-layout-flex wp-container-core-columns-is-layout-28f84493 wp-block-columns-is-layout-flex\">\n<div class=\"wp-block-column is-vertically-aligned-center is-layout-flow wp-block-column-is-layout-flow\">\n<h2 class=\"wp-block-heading\"><strong>Precision and customization for optimal management<\/strong><\/h2>\n\n\n\n<p>With our custom weather services, benefit from precision tailored to your specific needs. We compile weather data based on the unique characteristics of your airport to provide you with detailed forecasts and relevant alerts. This customization allows for optimized management of your operations by offering information that precisely meets your operational and strategic requirements.<\/p>\n<\/div>\n\n\n\n<div class=\"wp-block-column is-vertically-aligned-center is-layout-flow wp-block-column-is-layout-flow\">\n<figure class=\"wp-block-image size-full\"><img loading=\"lazy\" decoding=\"async\" width=\"2560\" height=\"2560\" src=\"https:\/\/airside.previmeteo.com\/wp-content\/uploads\/2024\/10\/avitaillement2-edited-scaled.jpg\" alt=\"Avion en train d'\u00eatre avitaill\u00e9\" class=\"wp-image-732\" srcset=\"https:\/\/airside.previmeteo.com\/wp-content\/uploads\/2024\/10\/avitaillement2-edited-scaled.jpg 2560w, https:\/\/airside.previmeteo.com\/wp-content\/uploads\/2024\/10\/avitaillement2-edited-300x300.jpg 300w, https:\/\/airside.previmeteo.com\/wp-content\/uploads\/2024\/10\/avitaillement2-edited-1024x1024.jpg 1024w, https:\/\/airside.previmeteo.com\/wp-content\/uploads\/2024\/10\/avitaillement2-edited-150x150.jpg 150w, https:\/\/airside.previmeteo.com\/wp-content\/uploads\/2024\/10\/avitaillement2-edited-768x768.jpg 768w, https:\/\/airside.previmeteo.com\/wp-content\/uploads\/2024\/10\/avitaillement2-edited-1536x1536.jpg 1536w, https:\/\/airside.previmeteo.com\/wp-content\/uploads\/2024\/10\/avitaillement2-edited-2048x2048.jpg 2048w\" sizes=\"auto, (max-width: 2560px) 100vw, 2560px\" \/><\/figure>\n<\/div>\n\n\n\n<div class=\"wp-block-column is-vertically-aligned-center is-layout-flow wp-block-column-is-layout-flow\">\n<figure class=\"wp-block-image size-full\"><img loading=\"lazy\" decoding=\"async\" width=\"960\" height=\"960\" src=\"https:\/\/airport.previmeteo.com\/wp-content\/uploads\/2024\/09\/IMG_4407-Grande-edited.jpeg\" alt=\"Tracteur de fauchage des bords de piste d'a\u00e9roport\" class=\"wp-image-452\" srcset=\"https:\/\/airside.previmeteo.com\/wp-content\/uploads\/2024\/09\/IMG_4407-Grande-edited.jpeg 960w, https:\/\/airside.previmeteo.com\/wp-content\/uploads\/2024\/09\/IMG_4407-Grande-edited-300x300.jpeg 300w, https:\/\/airside.previmeteo.com\/wp-content\/uploads\/2024\/09\/IMG_4407-Grande-edited-150x150.jpeg 150w, https:\/\/airside.previmeteo.com\/wp-content\/uploads\/2024\/09\/IMG_4407-Grande-edited-768x768.jpeg 768w\" sizes=\"auto, (max-width: 960px) 100vw, 960px\" \/><\/figure>\n<\/div>\n<\/div>\n\n\n\n<div class=\"wp-block-columns alignwide is-layout-flex wp-container-core-columns-is-layout-28f84493 wp-block-columns-is-layout-flex\">\n<div class=\"wp-block-column is-vertically-aligned-center is-layout-flow wp-block-column-is-layout-flow\" style=\"flex-basis:66%\">\n<figure class=\"wp-block-image size-full\"><img loading=\"lazy\" decoding=\"async\" width=\"2560\" height=\"1707\" src=\"https:\/\/airside.previmeteo.com\/wp-content\/uploads\/2024\/10\/handling-2-scaled.jpg\" alt=\"A\u00e9roport\" class=\"wp-image-707\" srcset=\"https:\/\/airside.previmeteo.com\/wp-content\/uploads\/2024\/10\/handling-2-scaled.jpg 2560w, https:\/\/airside.previmeteo.com\/wp-content\/uploads\/2024\/10\/handling-2-300x200.jpg 300w, https:\/\/airside.previmeteo.com\/wp-content\/uploads\/2024\/10\/handling-2-1024x683.jpg 1024w, https:\/\/airside.previmeteo.com\/wp-content\/uploads\/2024\/10\/handling-2-768x512.jpg 768w, https:\/\/airside.previmeteo.com\/wp-content\/uploads\/2024\/10\/handling-2-1536x1024.jpg 1536w, https:\/\/airside.previmeteo.com\/wp-content\/uploads\/2024\/10\/handling-2-2048x1365.jpg 2048w\" sizes=\"auto, (max-width: 2560px) 100vw, 2560px\" \/><\/figure>\n<\/div>\n\n\n\n<div class=\"wp-block-column is-vertically-aligned-bottom is-layout-flow wp-block-column-is-layout-flow\">\n<h2 class=\"wp-block-heading\"><strong>Enhance planning with customized weather services<\/strong><\/h2>\n\n\n\n<p>Our custom weather services allow you to plan accurately based on forecasts tailored to your airport. By integrating specific data and personalized alerts, you can anticipate the weather impacts on your operations and optimize resource management. This approach helps you minimize risks related to climatic conditions and improve the overall performance of your airport activities.<\/p>\n<\/div>\n<\/div>\n<\/div>\n\n\n\n<div class=\"wp-block-group alignfull has-ti-bg-alt-background-color has-background is-layout-constrained wp-block-group-is-layout-constrained\" style=\"margin-top:0;margin-bottom:0;padding-top:64px;padding-bottom:64px\">\n<div class=\"wp-block-columns alignwide is-layout-flex wp-container-core-columns-is-layout-28232c24 wp-block-columns-is-layout-flex\">\n<div class=\"wp-block-column is-vertically-aligned-center is-layout-flow wp-block-column-is-layout-flow\" style=\"padding-top:24px;padding-right:24px;padding-bottom:24px;padding-left:24px\">\n<h2 class=\"wp-block-heading\"><strong>Flexibility and adaptability for all your weather needs<\/strong><\/h2>\n\n\n\n<p>Our custom weather data is tailored to the specific conditions of your airport. In addition to the standard data typically used, we incorporate information related to your weather needs, such as wave height if your airport is located by the sea. This data enables you to plan your operations accordingly. <a href=\"https:\/\/airside.previmeteo.com\/en\/contact\/\" data-type=\"page\" data-id=\"39\">Contactez-nous<\/a> pour nous pr\u00e9senter vos besoins sp\u00e9cifiques !<\/p>\n<\/div>\n\n\n\n<div class=\"wp-block-column is-vertically-aligned-center is-layout-flow wp-block-column-is-layout-flow\">\n<figure class=\"wp-block-image aligncenter size-full\"><img loading=\"lazy\" decoding=\"async\" width=\"2560\" height=\"2560\" src=\"https:\/\/airside.previmeteo.com\/wp-content\/uploads\/2024\/10\/airport-6-edited-scaled.jpg\" alt=\"Avion en train d'\u00eatre avitaill\u00e9\" class=\"wp-image-717\" srcset=\"https:\/\/airside.previmeteo.com\/wp-content\/uploads\/2024\/10\/airport-6-edited-scaled.jpg 2560w, https:\/\/airside.previmeteo.com\/wp-content\/uploads\/2024\/10\/airport-6-edited-300x300.jpg 300w, https:\/\/airside.previmeteo.com\/wp-content\/uploads\/2024\/10\/airport-6-edited-1024x1024.jpg 1024w, https:\/\/airside.previmeteo.com\/wp-content\/uploads\/2024\/10\/airport-6-edited-150x150.jpg 150w, https:\/\/airside.previmeteo.com\/wp-content\/uploads\/2024\/10\/airport-6-edited-768x768.jpg 768w, https:\/\/airside.previmeteo.com\/wp-content\/uploads\/2024\/10\/airport-6-edited-1536x1536.jpg 1536w, https:\/\/airside.previmeteo.com\/wp-content\/uploads\/2024\/10\/airport-6-edited-2048x2048.jpg 2048w\" sizes=\"auto, (max-width: 2560px) 100vw, 2560px\" \/><\/figure>\n<\/div>\n<\/div>\n<\/div>\n<\/div>","protected":false},"excerpt":{"rendered":"<p>M\u00e9t\u00e9o sur-mesure : des solutions personnalis\u00e9es pour votre a\u00e9roport Notre service de m\u00e9t\u00e9o sur-mesure est con\u00e7u pour r\u00e9pondre aux besoins uniques de chaque a\u00e9roport. En offrant des pr\u00e9visions et des alertes personnalis\u00e9es, nous vous aidons \u00e0 g\u00e9rer les conditions climatiques sp\u00e9cifiques \u00e0 vos op\u00e9rations. Si vous avez des contraintes particuli\u00e8res li\u00e9es \u00e0 l&rsquo;environnement de votre [&hellip;]<\/p>","protected":false},"author":1,"featured_media":0,"parent":0,"menu_order":0,"comment_status":"closed","ping_status":"closed","template":"","meta":{"footnotes":""},"class_list":["post-57","page","type-page","status-publish","hentry"],"yoast_head":"<!-- This site is optimized with the Yoast SEO plugin v24.9 - https:\/\/yoast.com\/wordpress\/plugins\/seo\/ -->\n<title>Custom services for airport operations - Previmeteo Airside Manager<\/title>\n<meta name=\"description\" content=\"Des solutions m\u00e9t\u00e9o sur mesure pour r\u00e9pondre aux besoins uniques de vos op\u00e9rations a\u00e9roportuaires\" \/>\n<meta name=\"robots\" content=\"index, follow, max-snippet:-1, max-image-preview:large, max-video-preview:-1\" \/>\n<link rel=\"canonical\" href=\"https:\/\/airside.previmeteo.com\/en\/meteo-sur-mesure\/\" \/>\n<meta property=\"og:locale\" content=\"en_GB\" \/>\n<meta property=\"og:type\" content=\"article\" \/>\n<meta property=\"og:title\" content=\"Custom services for airport operations - Previmeteo Airside Manager\" \/>\n<meta property=\"og:description\" content=\"Des solutions m\u00e9t\u00e9o sur mesure pour r\u00e9pondre aux besoins uniques de vos op\u00e9rations a\u00e9roportuaires\" \/>\n<meta property=\"og:url\" content=\"https:\/\/airside.previmeteo.com\/en\/meteo-sur-mesure\/\" \/>\n<meta property=\"og:site_name\" content=\"Previmeteo Airside Manager\" \/>\n<meta property=\"article:modified_time\" content=\"2025-03-25T08:14:13+00:00\" \/>\n<meta property=\"og:image\" content=\"https:\/\/airside.previmeteo.com\/wp-content\/uploads\/2024\/09\/custom2.webp\" \/>\n\t<meta property=\"og:image:width\" content=\"1024\" \/>\n\t<meta property=\"og:image:height\" content=\"1024\" \/>\n\t<meta property=\"og:image:type\" content=\"image\/webp\" \/>\n<meta name=\"twitter:card\" content=\"summary_large_image\" \/>\n<meta name=\"twitter:label1\" content=\"Estimated reading time\" \/>\n\t<meta name=\"twitter:data1\" content=\"3 minutes\" \/>\n<script type=\"application\/ld+json\" class=\"yoast-schema-graph\">{\"@context\":\"https:\/\/schema.org\",\"@graph\":[{\"@type\":\"WebPage\",\"@id\":\"https:\/\/airside.previmeteo.com\/meteo-sur-mesure\/\",\"url\":\"https:\/\/airside.previmeteo.com\/meteo-sur-mesure\/\",\"name\":\"Custom services for airport operations - Previmeteo Airside Manager\",\"isPartOf\":{\"@id\":\"https:\/\/airside.previmeteo.com\/en\/#website\"},\"primaryImageOfPage\":{\"@id\":\"https:\/\/airside.previmeteo.com\/meteo-sur-mesure\/#primaryimage\"},\"image\":{\"@id\":\"https:\/\/airside.previmeteo.com\/meteo-sur-mesure\/#primaryimage\"},\"thumbnailUrl\":\"https:\/\/airport.previmeteo.com\/wp-content\/uploads\/2024\/09\/custom2.webp\",\"datePublished\":\"2024-09-05T08:09:55+00:00\",\"dateModified\":\"2025-03-25T08:14:13+00:00\",\"description\":\"Des solutions m\u00e9t\u00e9o sur mesure pour r\u00e9pondre aux besoins uniques de vos op\u00e9rations a\u00e9roportuaires\",\"breadcrumb\":{\"@id\":\"https:\/\/airside.previmeteo.com\/meteo-sur-mesure\/#breadcrumb\"},\"inLanguage\":\"en-GB\",\"potentialAction\":[{\"@type\":\"ReadAction\",\"target\":[\"https:\/\/airside.previmeteo.com\/meteo-sur-mesure\/\"]}]},{\"@type\":\"ImageObject\",\"inLanguage\":\"en-GB\",\"@id\":\"https:\/\/airside.previmeteo.com\/meteo-sur-mesure\/#primaryimage\",\"url\":\"https:\/\/airport.previmeteo.com\/wp-content\/uploads\/2024\/09\/custom2.webp\",\"contentUrl\":\"https:\/\/airport.previmeteo.com\/wp-content\/uploads\/2024\/09\/custom2.webp\"},{\"@type\":\"BreadcrumbList\",\"@id\":\"https:\/\/airside.previmeteo.com\/meteo-sur-mesure\/#breadcrumb\",\"itemListElement\":[{\"@type\":\"ListItem\",\"position\":1,\"name\":\"Accueil\",\"item\":\"https:\/\/airside.previmeteo.com\/\"},{\"@type\":\"ListItem\",\"position\":2,\"name\":\"Custom services for airport operations\"}]},{\"@type\":\"WebSite\",\"@id\":\"https:\/\/airside.previmeteo.com\/en\/#website\",\"url\":\"https:\/\/airside.previmeteo.com\/en\/\",\"name\":\"Previmeteo Airside Manager\",\"description\":\"\",\"potentialAction\":[{\"@type\":\"SearchAction\",\"target\":{\"@type\":\"EntryPoint\",\"urlTemplate\":\"https:\/\/airside.previmeteo.com\/en\/?s={search_term_string}\"},\"query-input\":{\"@type\":\"PropertyValueSpecification\",\"valueRequired\":true,\"valueName\":\"search_term_string\"}}],\"inLanguage\":\"en-GB\"}]}<\/script>\n<!-- \/ Yoast SEO plugin. -->","yoast_head_json":{"title":"Custom services for airport operations - Previmeteo Airside Manager","description":"Des solutions m\u00e9t\u00e9o sur mesure pour r\u00e9pondre aux besoins uniques de vos op\u00e9rations a\u00e9roportuaires","robots":{"index":"index","follow":"follow","max-snippet":"max-snippet:-1","max-image-preview":"max-image-preview:large","max-video-preview":"max-video-preview:-1"},"canonical":"https:\/\/airside.previmeteo.com\/en\/meteo-sur-mesure\/","og_locale":"en_GB","og_type":"article","og_title":"Custom services for airport operations - Previmeteo Airside Manager","og_description":"Des solutions m\u00e9t\u00e9o sur mesure pour r\u00e9pondre aux besoins uniques de vos op\u00e9rations a\u00e9roportuaires","og_url":"https:\/\/airside.previmeteo.com\/en\/meteo-sur-mesure\/","og_site_name":"Previmeteo Airside Manager","article_modified_time":"2025-03-25T08:14:13+00:00","og_image":[{"width":1024,"height":1024,"url":"https:\/\/airside.previmeteo.com\/wp-content\/uploads\/2024\/09\/custom2.webp","type":"image\/webp"}],"twitter_card":"summary_large_image","twitter_misc":{"Estimated reading time":"3 minutes"},"schema":{"@context":"https:\/\/schema.org","@graph":[{"@type":"WebPage","@id":"https:\/\/airside.previmeteo.com\/meteo-sur-mesure\/","url":"https:\/\/airside.previmeteo.com\/meteo-sur-mesure\/","name":"Custom services for airport operations - Previmeteo Airside Manager","isPartOf":{"@id":"https:\/\/airside.previmeteo.com\/en\/#website"},"primaryImageOfPage":{"@id":"https:\/\/airside.previmeteo.com\/meteo-sur-mesure\/#primaryimage"},"image":{"@id":"https:\/\/airside.previmeteo.com\/meteo-sur-mesure\/#primaryimage"},"thumbnailUrl":"https:\/\/airport.previmeteo.com\/wp-content\/uploads\/2024\/09\/custom2.webp","datePublished":"2024-09-05T08:09:55+00:00","dateModified":"2025-03-25T08:14:13+00:00","description":"Des solutions m\u00e9t\u00e9o sur mesure pour r\u00e9pondre aux besoins uniques de vos op\u00e9rations a\u00e9roportuaires","breadcrumb":{"@id":"https:\/\/airside.previmeteo.com\/meteo-sur-mesure\/#breadcrumb"},"inLanguage":"en-GB","potentialAction":[{"@type":"ReadAction","target":["https:\/\/airside.previmeteo.com\/meteo-sur-mesure\/"]}]},{"@type":"ImageObject","inLanguage":"en-GB","@id":"https:\/\/airside.previmeteo.com\/meteo-sur-mesure\/#primaryimage","url":"https:\/\/airport.previmeteo.com\/wp-content\/uploads\/2024\/09\/custom2.webp","contentUrl":"https:\/\/airport.previmeteo.com\/wp-content\/uploads\/2024\/09\/custom2.webp"},{"@type":"BreadcrumbList","@id":"https:\/\/airside.previmeteo.com\/meteo-sur-mesure\/#breadcrumb","itemListElement":[{"@type":"ListItem","position":1,"name":"Accueil","item":"https:\/\/airside.previmeteo.com\/"},{"@type":"ListItem","position":2,"name":"Custom services for airport operations"}]},{"@type":"WebSite","@id":"https:\/\/airside.previmeteo.com\/en\/#website","url":"https:\/\/airside.previmeteo.com\/en\/","name":"Previmeteo Airside Manager","description":"","potentialAction":[{"@type":"SearchAction","target":{"@type":"EntryPoint","urlTemplate":"https:\/\/airside.previmeteo.com\/en\/?s={search_term_string}"},"query-input":{"@type":"PropertyValueSpecification","valueRequired":true,"valueName":"search_term_string"}}],"inLanguage":"en-GB"}]}},"_links":{"self":[{"href":"https:\/\/airside.previmeteo.com\/en\/wp-json\/wp\/v2\/pages\/57","targetHints":{"allow":["GET"]}}],"collection":[{"href":"https:\/\/airside.previmeteo.com\/en\/wp-json\/wp\/v2\/pages"}],"about":[{"href":"https:\/\/airside.previmeteo.com\/en\/wp-json\/wp\/v2\/types\/page"}],"author":[{"embeddable":true,"href":"https:\/\/airside.previmeteo.com\/en\/wp-json\/wp\/v2\/users\/1"}],"replies":[{"embeddable":true,"href":"https:\/\/airside.previmeteo.com\/en\/wp-json\/wp\/v2\/comments?post=57"}],"version-history":[{"count":20,"href":"https:\/\/airside.previmeteo.com\/en\/wp-json\/wp\/v2\/pages\/57\/revisions"}],"predecessor-version":[{"id":1052,"href":"https:\/\/airside.previmeteo.com\/en\/wp-json\/wp\/v2\/pages\/57\/revisions\/1052"}],"wp:attachment":[{"href":"https:\/\/airside.previmeteo.com\/en\/wp-json\/wp\/v2\/media?parent=57"}],"curies":[{"name":"wp","href":"https:\/\/api.w.org\/{rel}","templated":true}]}}