{"id":53,"date":"2024-09-05T10:09:32","date_gmt":"2024-09-05T08:09:32","guid":{"rendered":"https:\/\/airport.previmeteo.com\/?page_id=53"},"modified":"2025-03-25T09:12:09","modified_gmt":"2025-03-25T08:12:09","slug":"assistance-meteo","status":"publish","type":"page","link":"https:\/\/airside.previmeteo.com\/en\/assistance-meteo\/","title":{"rendered":"Weather assistance for airport operations"},"content":{"rendered":"<div class=\"wp-block-group alignfull is-layout-constrained wp-block-group-is-layout-constrained\">\n<div class=\"wp-block-cover alignfull\" style=\"margin-top:0;margin-bottom:0;padding-top:24px;padding-right:24px;padding-bottom:24px;padding-left:24px;min-height:570px;aspect-ratio:unset;\"><span aria-hidden=\"true\" class=\"wp-block-cover__background has-ti-bg-inv-background-color has-background-dim\"><\/span><img loading=\"lazy\" decoding=\"async\" width=\"1024\" height=\"1024\" class=\"wp-block-cover__image-background wp-image-125\" alt=\"Assistance m\u00e9t\u00e9o d'une tour de contr\u00f4le d'un a\u00e9roport\" src=\"https:\/\/airport.previmeteo.com\/wp-content\/uploads\/2024\/09\/assistance.webp\" data-object-fit=\"cover\" srcset=\"https:\/\/airside.previmeteo.com\/wp-content\/uploads\/2024\/09\/assistance.webp 1024w, https:\/\/airside.previmeteo.com\/wp-content\/uploads\/2024\/09\/assistance-300x300.webp 300w, https:\/\/airside.previmeteo.com\/wp-content\/uploads\/2024\/09\/assistance-150x150.webp 150w, https:\/\/airside.previmeteo.com\/wp-content\/uploads\/2024\/09\/assistance-768x768.webp 768w\" sizes=\"auto, (max-width: 1024px) 100vw, 1024px\" \/><div class=\"wp-block-cover__inner-container is-layout-flow wp-block-cover-is-layout-flow\">\n<div class=\"wp-block-group has-ti-fg-alt-color has-text-color is-layout-constrained wp-block-group-is-layout-constrained\">\n<h1 class=\"wp-block-heading has-text-align-center has-huge-font-size\">Weather Assistance<\/h1>\n\n\n\n<p class=\"has-text-align-center has-medium-font-size\">Supporting you to better understand the weather situation and make relevant decisions<\/p>\n<\/div>\n<\/div><\/div>\n\n\n\n<div class=\"wp-block-group alignfull is-layout-constrained wp-block-group-is-layout-constrained\" style=\"margin-top:0;margin-bottom:0;padding-top:64px;padding-bottom:64px\">\n<div class=\"wp-block-columns alignwide is-layout-flex wp-container-core-columns-is-layout-28232c24 wp-block-columns-is-layout-flex\">\n<div class=\"wp-block-column is-vertically-aligned-center is-layout-flow wp-block-column-is-layout-flow\">\n<figure class=\"wp-block-image aligncenter size-full\"><img loading=\"lazy\" decoding=\"async\" width=\"768\" height=\"768\" src=\"https:\/\/airport.previmeteo.com\/wp-content\/uploads\/2024\/09\/Previmeteo-chez-Aeroports-de-Paris-1-edited.jpeg\" alt=\"Assistance m\u00e9t\u00e9o sur les pistes de l'a\u00e9roport de Paris Charles de Gaulle\" class=\"wp-image-562\" srcset=\"https:\/\/airside.previmeteo.com\/wp-content\/uploads\/2024\/09\/Previmeteo-chez-Aeroports-de-Paris-1-edited.jpeg 768w, https:\/\/airside.previmeteo.com\/wp-content\/uploads\/2024\/09\/Previmeteo-chez-Aeroports-de-Paris-1-edited-300x300.jpeg 300w, https:\/\/airside.previmeteo.com\/wp-content\/uploads\/2024\/09\/Previmeteo-chez-Aeroports-de-Paris-1-edited-150x150.jpeg 150w\" sizes=\"auto, (max-width: 768px) 100vw, 768px\" \/><\/figure>\n<\/div>\n\n\n\n<div class=\"wp-block-column is-vertically-aligned-center is-layout-flow wp-block-column-is-layout-flow\" style=\"padding-top:24px;padding-right:24px;padding-bottom:24px;padding-left:24px\">\n<h2 class=\"wp-block-heading\"><strong>Weather assistance: expertise available at any time<\/strong><\/h2>\n\n\n\n<p>Our weather assistance service is available 24\/7, providing constant expertise for all your weather-related questions and concerns. Whether you need immediate advice or in-depth analyses, our team of specialists is ready to provide tailored responses to meet your airport needs at any time.<\/p>\n\n\n\n<div class=\"wp-block-buttons is-content-justification-center is-layout-flex wp-container-core-buttons-is-layout-a89b3969 wp-block-buttons-is-layout-flex\">\n<div class=\"wp-block-button\"><a class=\"wp-block-button__link wp-element-button\" href=\"https:\/\/airport.previmeteo.com\/contact\/\">Request a quote<\/a><\/div>\n<\/div>\n<\/div>\n<\/div>\n<\/div>\n\n\n\n<div class=\"wp-block-group alignfull has-ti-fg-alt-color has-ti-accent-background-color has-text-color has-background is-layout-constrained wp-container-core-group-is-layout-352a731e wp-block-group-is-layout-constrained\" style=\"margin-top:0px;margin-bottom:0px;padding-top:64px;padding-bottom:64px\">\n<div class=\"wp-block-columns alignwide is-layout-flex wp-container-core-columns-is-layout-28f84493 wp-block-columns-is-layout-flex\">\n<div class=\"wp-block-column is-vertically-aligned-center is-layout-flow wp-block-column-is-layout-flow\">\n<h2 class=\"wp-block-heading\"><strong>Specialized support for optimal management of climatic conditions<\/strong><\/h2>\n\n\n\n<p>Benefit from specialized support to manage the complex climatic conditions that can affect your airport operations. Our weather assistance helps you interpret data, develop risk management strategies, and implement action plans to minimize the impacts of adverse weather, thereby ensuring the continuity and safety of your activities.<\/p>\n<\/div>\n\n\n\n<div class=\"wp-block-column is-vertically-aligned-center is-layout-flow wp-block-column-is-layout-flow\">\n<figure class=\"wp-block-image size-full\"><img loading=\"lazy\" decoding=\"async\" width=\"2560\" height=\"2560\" src=\"https:\/\/airside.previmeteo.com\/wp-content\/uploads\/2024\/10\/handling-edited-scaled.jpg\" alt=\"Aile d'un avion et tour de contr\u00f4le vus depuis le hublot d'un avion\" class=\"wp-image-728\" srcset=\"https:\/\/airside.previmeteo.com\/wp-content\/uploads\/2024\/10\/handling-edited-scaled.jpg 2560w, https:\/\/airside.previmeteo.com\/wp-content\/uploads\/2024\/10\/handling-edited-300x300.jpg 300w, https:\/\/airside.previmeteo.com\/wp-content\/uploads\/2024\/10\/handling-edited-1024x1024.jpg 1024w, https:\/\/airside.previmeteo.com\/wp-content\/uploads\/2024\/10\/handling-edited-150x150.jpg 150w, https:\/\/airside.previmeteo.com\/wp-content\/uploads\/2024\/10\/handling-edited-768x768.jpg 768w, https:\/\/airside.previmeteo.com\/wp-content\/uploads\/2024\/10\/handling-edited-1536x1536.jpg 1536w, https:\/\/airside.previmeteo.com\/wp-content\/uploads\/2024\/10\/handling-edited-2048x2048.jpg 2048w\" sizes=\"auto, (max-width: 2560px) 100vw, 2560px\" \/><\/figure>\n<\/div>\n\n\n\n<div class=\"wp-block-column is-vertically-aligned-center is-layout-flow wp-block-column-is-layout-flow\">\n<figure class=\"wp-block-image size-full\"><img loading=\"lazy\" decoding=\"async\" width=\"1959\" height=\"1960\" src=\"https:\/\/airside.previmeteo.com\/wp-content\/uploads\/2024\/10\/airport-1-edited.jpg\" alt=\"Avion en train de r\u00e9cup\u00e9rer des passagers\" class=\"wp-image-730\" srcset=\"https:\/\/airside.previmeteo.com\/wp-content\/uploads\/2024\/10\/airport-1-edited.jpg 1959w, https:\/\/airside.previmeteo.com\/wp-content\/uploads\/2024\/10\/airport-1-edited-300x300.jpg 300w, https:\/\/airside.previmeteo.com\/wp-content\/uploads\/2024\/10\/airport-1-edited-1024x1024.jpg 1024w, https:\/\/airside.previmeteo.com\/wp-content\/uploads\/2024\/10\/airport-1-edited-150x150.jpg 150w, https:\/\/airside.previmeteo.com\/wp-content\/uploads\/2024\/10\/airport-1-edited-768x768.jpg 768w, https:\/\/airside.previmeteo.com\/wp-content\/uploads\/2024\/10\/airport-1-edited-1536x1536.jpg 1536w\" sizes=\"auto, (max-width: 1959px) 100vw, 1959px\" \/><\/figure>\n<\/div>\n<\/div>\n\n\n\n<div class=\"wp-block-columns alignwide is-layout-flex wp-container-core-columns-is-layout-28f84493 wp-block-columns-is-layout-flex\">\n<div class=\"wp-block-column is-vertically-aligned-center is-layout-flow wp-block-column-is-layout-flow\">\n<figure class=\"wp-block-image size-full is-resized\"><img loading=\"lazy\" decoding=\"async\" width=\"750\" height=\"750\" src=\"https:\/\/airside.previmeteo.com\/wp-content\/uploads\/2024\/10\/2-1.png\" alt=\"Visuel de l'application Previmeteo Airside Manager, services m\u00e9t\u00e9o pour les op\u00e9rations a\u00e9roportuaires\" class=\"wp-image-976\" style=\"width:500px\" srcset=\"https:\/\/airside.previmeteo.com\/wp-content\/uploads\/2024\/10\/2-1.png 750w, https:\/\/airside.previmeteo.com\/wp-content\/uploads\/2024\/10\/2-1-300x300.png 300w, https:\/\/airside.previmeteo.com\/wp-content\/uploads\/2024\/10\/2-1-150x150.png 150w, https:\/\/airside.previmeteo.com\/wp-content\/uploads\/2024\/10\/2-1-12x12.png 12w\" sizes=\"auto, (max-width: 750px) 100vw, 750px\" \/><\/figure>\n<\/div>\n\n\n\n<div class=\"wp-block-column is-layout-flow wp-block-column-is-layout-flow\">\n<h2 class=\"wp-block-heading\"><strong>Customized weather advice for every situation<\/strong><\/h2>\n\n\n\n<p>Receive personalized weather advice tailored to the specific needs of your airport. Our team adapts its recommendations to the particularities of your operations, providing you with customized analyses and forecasts to optimize planning and management of climatic conditions. Ensure that your decisions are based on relevant information tailored to your unique context.<\/p>\n<\/div>\n<\/div>\n<\/div>\n\n\n\n<div class=\"wp-block-group alignfull has-ti-bg-alt-background-color has-background is-layout-constrained wp-block-group-is-layout-constrained\" style=\"margin-top:0;margin-bottom:0;padding-top:64px;padding-bottom:64px\">\n<div class=\"wp-block-columns alignwide is-layout-flex wp-container-core-columns-is-layout-28232c24 wp-block-columns-is-layout-flex\">\n<div class=\"wp-block-column is-vertically-aligned-center is-layout-flow wp-block-column-is-layout-flow\" style=\"padding-top:24px;padding-right:24px;padding-bottom:24px;padding-left:24px\">\n<h2 class=\"wp-block-heading\"><strong>Responsiveness and accuracy for effective interventions<\/strong><\/h2>\n\n\n\n<p>Our weather assistance ensures responsiveness and accuracy in interventions, allowing you to effectively manage unexpected weather situations. With detailed analyses and specific recommendations, we help you take proactive measures to minimize disruptions and maintain the operational efficiency of your airport, regardless of weather conditions.<\/p>\n<\/div>\n\n\n\n<div class=\"wp-block-column is-vertically-aligned-center is-layout-flow wp-block-column-is-layout-flow\">\n<figure class=\"wp-block-image aligncenter size-full\"><img loading=\"lazy\" decoding=\"async\" width=\"2560\" height=\"1920\" src=\"https:\/\/airside.previmeteo.com\/wp-content\/uploads\/2024\/10\/alerte-scaled.jpg\" alt=\"Aile d'un avion\" class=\"wp-image-705\" srcset=\"https:\/\/airside.previmeteo.com\/wp-content\/uploads\/2024\/10\/alerte-scaled.jpg 2560w, https:\/\/airside.previmeteo.com\/wp-content\/uploads\/2024\/10\/alerte-300x225.jpg 300w, https:\/\/airside.previmeteo.com\/wp-content\/uploads\/2024\/10\/alerte-1024x768.jpg 1024w, https:\/\/airside.previmeteo.com\/wp-content\/uploads\/2024\/10\/alerte-768x576.jpg 768w, https:\/\/airside.previmeteo.com\/wp-content\/uploads\/2024\/10\/alerte-1536x1152.jpg 1536w, https:\/\/airside.previmeteo.com\/wp-content\/uploads\/2024\/10\/alerte-2048x1536.jpg 2048w\" sizes=\"auto, (max-width: 2560px) 100vw, 2560px\" \/><\/figure>\n<\/div>\n<\/div>\n<\/div>\n<\/div>","protected":false},"excerpt":{"rendered":"<p>Assistance m\u00e9t\u00e9o : expertise disponible \u00e0 tout moment Notre service d\u2019assistance m\u00e9t\u00e9o est disponible 24h\/24, 7j\/7, offrant une expertise constante pour toutes vos questions et pr\u00e9occupations m\u00e9t\u00e9orologiques. Que vous ayez besoin de conseils imm\u00e9diats ou d&rsquo;analyses approfondies, notre \u00e9quipe de sp\u00e9cialistes est pr\u00eate \u00e0 vous fournir des r\u00e9ponses adapt\u00e9es \u00e0 vos besoins a\u00e9roportuaires \u00e0 tout [&hellip;]<\/p>","protected":false},"author":1,"featured_media":0,"parent":0,"menu_order":0,"comment_status":"closed","ping_status":"closed","template":"","meta":{"footnotes":""},"class_list":["post-53","page","type-page","status-publish","hentry"],"yoast_head":"<!-- This site is optimized with the Yoast SEO plugin v24.9 - https:\/\/yoast.com\/wordpress\/plugins\/seo\/ -->\n<title>Weather assistance for airport operations - Previmeteo Airside Manager<\/title>\n<meta name=\"description\" content=\"L&#039;assistance m\u00e9t\u00e9o de Previmeteo pour vous accompagner pour mieux comprendre la situation m\u00e9t\u00e9orologique et prendre des d\u00e9cisions pertinentes\" \/>\n<meta name=\"robots\" content=\"index, follow, max-snippet:-1, max-image-preview:large, max-video-preview:-1\" \/>\n<link rel=\"canonical\" href=\"https:\/\/airside.previmeteo.com\/en\/assistance-meteo\/\" \/>\n<meta property=\"og:locale\" content=\"en_GB\" \/>\n<meta property=\"og:type\" content=\"article\" \/>\n<meta property=\"og:title\" content=\"Weather assistance for airport operations - Previmeteo Airside Manager\" \/>\n<meta property=\"og:description\" content=\"L&#039;assistance m\u00e9t\u00e9o de Previmeteo pour vous accompagner pour mieux comprendre la situation m\u00e9t\u00e9orologique et prendre des d\u00e9cisions pertinentes\" \/>\n<meta property=\"og:url\" content=\"https:\/\/airside.previmeteo.com\/en\/assistance-meteo\/\" \/>\n<meta property=\"og:site_name\" content=\"Previmeteo Airside Manager\" \/>\n<meta property=\"article:modified_time\" content=\"2025-03-25T08:12:09+00:00\" \/>\n<meta property=\"og:image\" content=\"https:\/\/airside.previmeteo.com\/wp-content\/uploads\/2024\/09\/assistance.webp\" \/>\n\t<meta property=\"og:image:width\" content=\"1024\" \/>\n\t<meta property=\"og:image:height\" content=\"1024\" \/>\n\t<meta property=\"og:image:type\" content=\"image\/webp\" \/>\n<meta name=\"twitter:card\" content=\"summary_large_image\" \/>\n<meta name=\"twitter:label1\" content=\"Estimated reading time\" \/>\n\t<meta name=\"twitter:data1\" content=\"3 minutes\" \/>\n<script type=\"application\/ld+json\" class=\"yoast-schema-graph\">{\"@context\":\"https:\/\/schema.org\",\"@graph\":[{\"@type\":\"WebPage\",\"@id\":\"https:\/\/airside.previmeteo.com\/assistance-meteo\/\",\"url\":\"https:\/\/airside.previmeteo.com\/assistance-meteo\/\",\"name\":\"Weather assistance for airport operations - Previmeteo Airside Manager\",\"isPartOf\":{\"@id\":\"https:\/\/airside.previmeteo.com\/en\/#website\"},\"primaryImageOfPage\":{\"@id\":\"https:\/\/airside.previmeteo.com\/assistance-meteo\/#primaryimage\"},\"image\":{\"@id\":\"https:\/\/airside.previmeteo.com\/assistance-meteo\/#primaryimage\"},\"thumbnailUrl\":\"https:\/\/airport.previmeteo.com\/wp-content\/uploads\/2024\/09\/assistance.webp\",\"datePublished\":\"2024-09-05T08:09:32+00:00\",\"dateModified\":\"2025-03-25T08:12:09+00:00\",\"description\":\"L'assistance m\u00e9t\u00e9o de Previmeteo pour vous accompagner pour mieux comprendre la situation m\u00e9t\u00e9orologique et prendre des d\u00e9cisions pertinentes\",\"breadcrumb\":{\"@id\":\"https:\/\/airside.previmeteo.com\/assistance-meteo\/#breadcrumb\"},\"inLanguage\":\"en-GB\",\"potentialAction\":[{\"@type\":\"ReadAction\",\"target\":[\"https:\/\/airside.previmeteo.com\/assistance-meteo\/\"]}]},{\"@type\":\"ImageObject\",\"inLanguage\":\"en-GB\",\"@id\":\"https:\/\/airside.previmeteo.com\/assistance-meteo\/#primaryimage\",\"url\":\"https:\/\/airport.previmeteo.com\/wp-content\/uploads\/2024\/09\/assistance.webp\",\"contentUrl\":\"https:\/\/airport.previmeteo.com\/wp-content\/uploads\/2024\/09\/assistance.webp\"},{\"@type\":\"BreadcrumbList\",\"@id\":\"https:\/\/airside.previmeteo.com\/assistance-meteo\/#breadcrumb\",\"itemListElement\":[{\"@type\":\"ListItem\",\"position\":1,\"name\":\"Accueil\",\"item\":\"https:\/\/airside.previmeteo.com\/\"},{\"@type\":\"ListItem\",\"position\":2,\"name\":\"Weather assistance for airport operations\"}]},{\"@type\":\"WebSite\",\"@id\":\"https:\/\/airside.previmeteo.com\/en\/#website\",\"url\":\"https:\/\/airside.previmeteo.com\/en\/\",\"name\":\"Previmeteo Airside Manager\",\"description\":\"\",\"potentialAction\":[{\"@type\":\"SearchAction\",\"target\":{\"@type\":\"EntryPoint\",\"urlTemplate\":\"https:\/\/airside.previmeteo.com\/en\/?s={search_term_string}\"},\"query-input\":{\"@type\":\"PropertyValueSpecification\",\"valueRequired\":true,\"valueName\":\"search_term_string\"}}],\"inLanguage\":\"en-GB\"}]}<\/script>\n<!-- \/ Yoast SEO plugin. -->","yoast_head_json":{"title":"Weather assistance for airport operations - Previmeteo Airside Manager","description":"L'assistance m\u00e9t\u00e9o de Previmeteo pour vous accompagner pour mieux comprendre la situation m\u00e9t\u00e9orologique et prendre des d\u00e9cisions pertinentes","robots":{"index":"index","follow":"follow","max-snippet":"max-snippet:-1","max-image-preview":"max-image-preview:large","max-video-preview":"max-video-preview:-1"},"canonical":"https:\/\/airside.previmeteo.com\/en\/assistance-meteo\/","og_locale":"en_GB","og_type":"article","og_title":"Weather assistance for airport operations - Previmeteo Airside Manager","og_description":"L'assistance m\u00e9t\u00e9o de Previmeteo pour vous accompagner pour mieux comprendre la situation m\u00e9t\u00e9orologique et prendre des d\u00e9cisions pertinentes","og_url":"https:\/\/airside.previmeteo.com\/en\/assistance-meteo\/","og_site_name":"Previmeteo Airside Manager","article_modified_time":"2025-03-25T08:12:09+00:00","og_image":[{"width":1024,"height":1024,"url":"https:\/\/airside.previmeteo.com\/wp-content\/uploads\/2024\/09\/assistance.webp","type":"image\/webp"}],"twitter_card":"summary_large_image","twitter_misc":{"Estimated reading time":"3 minutes"},"schema":{"@context":"https:\/\/schema.org","@graph":[{"@type":"WebPage","@id":"https:\/\/airside.previmeteo.com\/assistance-meteo\/","url":"https:\/\/airside.previmeteo.com\/assistance-meteo\/","name":"Weather assistance for airport operations - Previmeteo Airside Manager","isPartOf":{"@id":"https:\/\/airside.previmeteo.com\/en\/#website"},"primaryImageOfPage":{"@id":"https:\/\/airside.previmeteo.com\/assistance-meteo\/#primaryimage"},"image":{"@id":"https:\/\/airside.previmeteo.com\/assistance-meteo\/#primaryimage"},"thumbnailUrl":"https:\/\/airport.previmeteo.com\/wp-content\/uploads\/2024\/09\/assistance.webp","datePublished":"2024-09-05T08:09:32+00:00","dateModified":"2025-03-25T08:12:09+00:00","description":"L'assistance m\u00e9t\u00e9o de Previmeteo pour vous accompagner pour mieux comprendre la situation m\u00e9t\u00e9orologique et prendre des d\u00e9cisions pertinentes","breadcrumb":{"@id":"https:\/\/airside.previmeteo.com\/assistance-meteo\/#breadcrumb"},"inLanguage":"en-GB","potentialAction":[{"@type":"ReadAction","target":["https:\/\/airside.previmeteo.com\/assistance-meteo\/"]}]},{"@type":"ImageObject","inLanguage":"en-GB","@id":"https:\/\/airside.previmeteo.com\/assistance-meteo\/#primaryimage","url":"https:\/\/airport.previmeteo.com\/wp-content\/uploads\/2024\/09\/assistance.webp","contentUrl":"https:\/\/airport.previmeteo.com\/wp-content\/uploads\/2024\/09\/assistance.webp"},{"@type":"BreadcrumbList","@id":"https:\/\/airside.previmeteo.com\/assistance-meteo\/#breadcrumb","itemListElement":[{"@type":"ListItem","position":1,"name":"Accueil","item":"https:\/\/airside.previmeteo.com\/"},{"@type":"ListItem","position":2,"name":"Weather assistance for airport operations"}]},{"@type":"WebSite","@id":"https:\/\/airside.previmeteo.com\/en\/#website","url":"https:\/\/airside.previmeteo.com\/en\/","name":"Previmeteo Airside Manager","description":"","potentialAction":[{"@type":"SearchAction","target":{"@type":"EntryPoint","urlTemplate":"https:\/\/airside.previmeteo.com\/en\/?s={search_term_string}"},"query-input":{"@type":"PropertyValueSpecification","valueRequired":true,"valueName":"search_term_string"}}],"inLanguage":"en-GB"}]}},"_links":{"self":[{"href":"https:\/\/airside.previmeteo.com\/en\/wp-json\/wp\/v2\/pages\/53","targetHints":{"allow":["GET"]}}],"collection":[{"href":"https:\/\/airside.previmeteo.com\/en\/wp-json\/wp\/v2\/pages"}],"about":[{"href":"https:\/\/airside.previmeteo.com\/en\/wp-json\/wp\/v2\/types\/page"}],"author":[{"embeddable":true,"href":"https:\/\/airside.previmeteo.com\/en\/wp-json\/wp\/v2\/users\/1"}],"replies":[{"embeddable":true,"href":"https:\/\/airside.previmeteo.com\/en\/wp-json\/wp\/v2\/comments?post=53"}],"version-history":[{"count":22,"href":"https:\/\/airside.previmeteo.com\/en\/wp-json\/wp\/v2\/pages\/53\/revisions"}],"predecessor-version":[{"id":1045,"href":"https:\/\/airside.previmeteo.com\/en\/wp-json\/wp\/v2\/pages\/53\/revisions\/1045"}],"wp:attachment":[{"href":"https:\/\/airside.previmeteo.com\/en\/wp-json\/wp\/v2\/media?parent=53"}],"curies":[{"name":"wp","href":"https:\/\/api.w.org\/{rel}","templated":true}]}}