{"id":51,"date":"2024-09-05T10:09:18","date_gmt":"2024-09-05T08:09:18","guid":{"rendered":"https:\/\/airport.previmeteo.com\/?page_id=51"},"modified":"2025-03-25T09:11:44","modified_gmt":"2025-03-25T08:11:44","slug":"tableaux-de-bord-meteo","status":"publish","type":"page","link":"https:\/\/airside.previmeteo.com\/en\/tableaux-de-bord-meteo\/","title":{"rendered":"Weather dashboard for airport operations"},"content":{"rendered":"<div class=\"wp-block-group alignfull is-layout-constrained wp-block-group-is-layout-constrained\">\n<div class=\"wp-block-cover alignfull\" style=\"margin-top:0;margin-bottom:0;padding-top:24px;padding-right:24px;padding-bottom:24px;padding-left:24px;min-height:570px;aspect-ratio:unset;\"><span aria-hidden=\"true\" class=\"wp-block-cover__background has-ti-bg-inv-background-color has-background-dim\"><\/span><img loading=\"lazy\" decoding=\"async\" width=\"1024\" height=\"1024\" class=\"wp-block-cover__image-background wp-image-140\" alt=\"tableau de bord m\u00e9t\u00e9o a\u00e9roport\" src=\"https:\/\/airport.previmeteo.com\/wp-content\/uploads\/2024\/09\/tdb-meteo.webp\" data-object-fit=\"cover\" srcset=\"https:\/\/airside.previmeteo.com\/wp-content\/uploads\/2024\/09\/tdb-meteo.webp 1024w, https:\/\/airside.previmeteo.com\/wp-content\/uploads\/2024\/09\/tdb-meteo-300x300.webp 300w, https:\/\/airside.previmeteo.com\/wp-content\/uploads\/2024\/09\/tdb-meteo-150x150.webp 150w, https:\/\/airside.previmeteo.com\/wp-content\/uploads\/2024\/09\/tdb-meteo-768x768.webp 768w\" sizes=\"auto, (max-width: 1024px) 100vw, 1024px\" \/><div class=\"wp-block-cover__inner-container is-layout-flow wp-block-cover-is-layout-flow\">\n<div class=\"wp-block-group has-ti-fg-alt-color has-text-color is-layout-constrained wp-block-group-is-layout-constrained\">\n<h1 class=\"wp-block-heading has-text-align-center has-huge-font-size\">Dashboard<\/h1>\n\n\n\n<p class=\"has-text-align-center has-medium-font-size\">Visualize all weather conditions at a glance for informed decisions.<\/p>\n<\/div>\n<\/div><\/div>\n\n\n\n<div class=\"wp-block-group alignfull is-layout-constrained wp-block-group-is-layout-constrained\" style=\"margin-top:0;margin-bottom:0;padding-top:64px;padding-bottom:64px\">\n<div class=\"wp-block-columns alignwide is-layout-flex wp-container-core-columns-is-layout-28232c24 wp-block-columns-is-layout-flex\">\n<div class=\"wp-block-column is-vertically-aligned-center is-layout-flow wp-block-column-is-layout-flow\">\n<figure class=\"wp-block-image aligncenter size-full\"><img loading=\"lazy\" decoding=\"async\" width=\"750\" height=\"750\" src=\"https:\/\/airside.previmeteo.com\/wp-content\/uploads\/2024\/10\/30-1.png\" alt=\"Visuel de l'application Previmeteo Airside Manager, services m\u00e9t\u00e9o pour les op\u00e9rations a\u00e9roportuaires\" class=\"wp-image-1004\" srcset=\"https:\/\/airside.previmeteo.com\/wp-content\/uploads\/2024\/10\/30-1.png 750w, https:\/\/airside.previmeteo.com\/wp-content\/uploads\/2024\/10\/30-1-300x300.png 300w, https:\/\/airside.previmeteo.com\/wp-content\/uploads\/2024\/10\/30-1-150x150.png 150w, https:\/\/airside.previmeteo.com\/wp-content\/uploads\/2024\/10\/30-1-12x12.png 12w\" sizes=\"auto, (max-width: 750px) 100vw, 750px\" \/><\/figure>\n<\/div>\n\n\n\n<div class=\"wp-block-column is-vertically-aligned-center is-layout-flow wp-block-column-is-layout-flow\" style=\"padding-top:24px;padding-right:24px;padding-bottom:24px;padding-left:24px\">\n<h2 class=\"wp-block-heading\"><strong>Weather dashboard: visualize key data<\/strong><\/h2>\n\n\n\n<p>Our weather dashboard provides a clear and detailed overview of current and upcoming weather conditions. Designed for airport operations, it centralizes all essential weather information in one place, allowing you to monitor data in real time and make informed decisions to optimize your operations.<\/p>\n\n\n\n<div class=\"wp-block-buttons is-content-justification-center is-layout-flex wp-container-core-buttons-is-layout-a89b3969 wp-block-buttons-is-layout-flex\">\n<div class=\"wp-block-button\"><a class=\"wp-block-button__link wp-element-button\" href=\"https:\/\/airport.previmeteo.com\/contact\/\">Request a quote<\/a><\/div>\n<\/div>\n<\/div>\n<\/div>\n<\/div>\n\n\n\n<div class=\"wp-block-group alignfull has-ti-fg-alt-color has-ti-accent-background-color has-text-color has-background is-layout-constrained wp-container-core-group-is-layout-352a731e wp-block-group-is-layout-constrained\" style=\"margin-top:0px;margin-bottom:0px;padding-top:64px;padding-bottom:64px\">\n<div class=\"wp-block-columns alignwide is-layout-flex wp-container-core-columns-is-layout-28f84493 wp-block-columns-is-layout-flex\">\n<div class=\"wp-block-column is-vertically-aligned-center is-layout-flow wp-block-column-is-layout-flow\">\n<h2 class=\"wp-block-heading\"><strong>Analyze data with an intuitive dashboard<\/strong><\/h2>\n\n\n\n<p>Our dashboard features an intuitive interface that makes it easy to understand weather data. With interactive charts and clear visualizations, you can quickly interpret current conditions, short- and long-term forecasts, and identify important weather trends to plan your airport activities effectively.<\/p>\n<\/div>\n\n\n\n<div class=\"wp-block-column is-vertically-aligned-center is-layout-flow wp-block-column-is-layout-flow\">\n<figure class=\"wp-block-image size-full\"><img loading=\"lazy\" decoding=\"async\" width=\"2448\" height=\"2448\" src=\"https:\/\/airport.previmeteo.com\/wp-content\/uploads\/2024\/09\/IMG_4287-edited.jpg\" alt=\"Tour de contr\u00f4le d'un a\u00e9roport\" class=\"wp-image-453\" srcset=\"https:\/\/airside.previmeteo.com\/wp-content\/uploads\/2024\/09\/IMG_4287-edited.jpg 2448w, https:\/\/airside.previmeteo.com\/wp-content\/uploads\/2024\/09\/IMG_4287-edited-300x300.jpg 300w, https:\/\/airside.previmeteo.com\/wp-content\/uploads\/2024\/09\/IMG_4287-edited-1024x1024.jpg 1024w, https:\/\/airside.previmeteo.com\/wp-content\/uploads\/2024\/09\/IMG_4287-edited-150x150.jpg 150w, https:\/\/airside.previmeteo.com\/wp-content\/uploads\/2024\/09\/IMG_4287-edited-768x768.jpg 768w, https:\/\/airside.previmeteo.com\/wp-content\/uploads\/2024\/09\/IMG_4287-edited-1536x1536.jpg 1536w, https:\/\/airside.previmeteo.com\/wp-content\/uploads\/2024\/09\/IMG_4287-edited-2048x2048.jpg 2048w\" sizes=\"auto, (max-width: 2448px) 100vw, 2448px\" \/><\/figure>\n<\/div>\n\n\n\n<div class=\"wp-block-column is-vertically-aligned-center is-layout-flow wp-block-column-is-layout-flow\">\n<figure class=\"wp-block-image size-full\"><img loading=\"lazy\" decoding=\"async\" width=\"2560\" height=\"2560\" src=\"https:\/\/airside.previmeteo.com\/wp-content\/uploads\/2024\/10\/airport-6-edited-scaled.jpg\" alt=\"Avion en train d'\u00eatre avitaill\u00e9\" class=\"wp-image-717\" srcset=\"https:\/\/airside.previmeteo.com\/wp-content\/uploads\/2024\/10\/airport-6-edited-scaled.jpg 2560w, https:\/\/airside.previmeteo.com\/wp-content\/uploads\/2024\/10\/airport-6-edited-300x300.jpg 300w, https:\/\/airside.previmeteo.com\/wp-content\/uploads\/2024\/10\/airport-6-edited-1024x1024.jpg 1024w, https:\/\/airside.previmeteo.com\/wp-content\/uploads\/2024\/10\/airport-6-edited-150x150.jpg 150w, https:\/\/airside.previmeteo.com\/wp-content\/uploads\/2024\/10\/airport-6-edited-768x768.jpg 768w, https:\/\/airside.previmeteo.com\/wp-content\/uploads\/2024\/10\/airport-6-edited-1536x1536.jpg 1536w, https:\/\/airside.previmeteo.com\/wp-content\/uploads\/2024\/10\/airport-6-edited-2048x2048.jpg 2048w\" sizes=\"auto, (max-width: 2560px) 100vw, 2560px\" \/><\/figure>\n<\/div>\n<\/div>\n\n\n\n<div class=\"wp-block-columns alignwide is-layout-flex wp-container-core-columns-is-layout-28f84493 wp-block-columns-is-layout-flex\">\n<div class=\"wp-block-column is-layout-flow wp-block-column-is-layout-flow\">\n<figure class=\"wp-block-image aligncenter size-full is-resized\"><img loading=\"lazy\" decoding=\"async\" width=\"750\" height=\"750\" src=\"https:\/\/airside.previmeteo.com\/wp-content\/uploads\/2024\/10\/23-1.png\" alt=\"Visuel de l'application Previmeteo Airside Manager, services m\u00e9t\u00e9o pour les op\u00e9rations a\u00e9roportuaires\" class=\"wp-image-997\" style=\"width:500px\" srcset=\"https:\/\/airside.previmeteo.com\/wp-content\/uploads\/2024\/10\/23-1.png 750w, https:\/\/airside.previmeteo.com\/wp-content\/uploads\/2024\/10\/23-1-300x300.png 300w, https:\/\/airside.previmeteo.com\/wp-content\/uploads\/2024\/10\/23-1-150x150.png 150w, https:\/\/airside.previmeteo.com\/wp-content\/uploads\/2024\/10\/23-1-12x12.png 12w\" sizes=\"auto, (max-width: 750px) 100vw, 750px\" \/><\/figure>\n<\/div>\n\n\n\n<div class=\"wp-block-column is-layout-flow wp-block-column-is-layout-flow\">\n<h2 class=\"wp-block-heading\"><strong>Customize your dashboard for a tailored view<\/strong><\/h2>\n\n\n\n<p>Custom the dashboard to your specific needs with advanced customization options. Select key indicators, adjust alerts, and configure displays to focus on the most relevant aspects for your airport. This customization allows you to receive precise information tailored to your operations, thereby enhancing your management of weather conditions.<\/p>\n<\/div>\n<\/div>\n<\/div>\n\n\n\n<div class=\"wp-block-group alignfull has-ti-bg-alt-background-color has-background is-layout-constrained wp-block-group-is-layout-constrained\" style=\"margin-top:0;margin-bottom:0;padding-top:64px;padding-bottom:64px\">\n<div class=\"wp-block-columns alignwide is-layout-flex wp-container-core-columns-is-layout-28232c24 wp-block-columns-is-layout-flex\">\n<div class=\"wp-block-column is-vertically-aligned-center is-layout-flow wp-block-column-is-layout-flow\" style=\"padding-top:24px;padding-right:24px;padding-bottom:24px;padding-left:24px\">\n<h2 class=\"wp-block-heading\"><strong>Optimize airport operations with a comprehensive view<\/strong><\/h2>\n\n\n\n<p>With our weather dashboard, you gain a comprehensive and detailed view that optimizes the management of your airport operations. By centralizing climate data and providing real-time updates, it helps you anticipate weather impacts and effectively coordinate teams and resources. Ensure the smooth running of your operations with up-to-date and relevant weather information.<\/p>\n<\/div>\n\n\n\n<div class=\"wp-block-column is-vertically-aligned-center is-layout-flow wp-block-column-is-layout-flow\">\n<figure class=\"wp-block-image aligncenter size-full\"><img loading=\"lazy\" decoding=\"async\" width=\"2560\" height=\"1707\" src=\"https:\/\/airside.previmeteo.com\/wp-content\/uploads\/2024\/10\/handling-2-scaled.jpg\" alt=\"a\u00e9roport\" class=\"wp-image-707\" srcset=\"https:\/\/airside.previmeteo.com\/wp-content\/uploads\/2024\/10\/handling-2-scaled.jpg 2560w, https:\/\/airside.previmeteo.com\/wp-content\/uploads\/2024\/10\/handling-2-300x200.jpg 300w, https:\/\/airside.previmeteo.com\/wp-content\/uploads\/2024\/10\/handling-2-1024x683.jpg 1024w, https:\/\/airside.previmeteo.com\/wp-content\/uploads\/2024\/10\/handling-2-768x512.jpg 768w, https:\/\/airside.previmeteo.com\/wp-content\/uploads\/2024\/10\/handling-2-1536x1024.jpg 1536w, https:\/\/airside.previmeteo.com\/wp-content\/uploads\/2024\/10\/handling-2-2048x1365.jpg 2048w\" sizes=\"auto, (max-width: 2560px) 100vw, 2560px\" \/><\/figure>\n<\/div>\n<\/div>\n<\/div>\n<\/div>","protected":false},"excerpt":{"rendered":"<p>Tableau de bord m\u00e9t\u00e9o : visualisez les donn\u00e9es cl\u00e9s Notre tableau de bord m\u00e9t\u00e9o vous offre une vue d&rsquo;ensemble claire et d\u00e9taill\u00e9e des conditions m\u00e9t\u00e9o actuelles et \u00e0 venir. Con\u00e7u pour les op\u00e9rations a\u00e9roportuaires, il centralise toutes les informations m\u00e9t\u00e9orologiques essentielles en un seul endroit, vous permettant de surveiller les donn\u00e9es en temps r\u00e9el et [&hellip;]<\/p>","protected":false},"author":1,"featured_media":0,"parent":0,"menu_order":0,"comment_status":"closed","ping_status":"closed","template":"","meta":{"footnotes":""},"class_list":["post-51","page","type-page","status-publish","hentry"],"yoast_head":"<!-- This site is optimized with the Yoast SEO plugin v24.9 - https:\/\/yoast.com\/wordpress\/plugins\/seo\/ -->\n<title>Weather dashboard for airport operations - Previmeteo Airside Manager<\/title>\n<meta name=\"robots\" content=\"index, follow, max-snippet:-1, max-image-preview:large, max-video-preview:-1\" \/>\n<link rel=\"canonical\" href=\"https:\/\/airside.previmeteo.com\/en\/tableaux-de-bord-meteo\/\" \/>\n<meta property=\"og:locale\" content=\"en_GB\" \/>\n<meta property=\"og:type\" content=\"article\" \/>\n<meta property=\"og:title\" content=\"Weather dashboard for airport operations - Previmeteo Airside Manager\" \/>\n<meta property=\"og:description\" content=\"Tableau de bord m\u00e9t\u00e9o : visualisez les donn\u00e9es cl\u00e9s Notre tableau de bord m\u00e9t\u00e9o vous offre une vue d&rsquo;ensemble claire et d\u00e9taill\u00e9e des conditions m\u00e9t\u00e9o actuelles et \u00e0 venir. Con\u00e7u pour les op\u00e9rations a\u00e9roportuaires, il centralise toutes les informations m\u00e9t\u00e9orologiques essentielles en un seul endroit, vous permettant de surveiller les donn\u00e9es en temps r\u00e9el et [&hellip;]\" \/>\n<meta property=\"og:url\" content=\"https:\/\/airside.previmeteo.com\/en\/tableaux-de-bord-meteo\/\" \/>\n<meta property=\"og:site_name\" content=\"Previmeteo Airside Manager\" \/>\n<meta property=\"article:modified_time\" content=\"2025-03-25T08:11:44+00:00\" \/>\n<meta property=\"og:image\" content=\"https:\/\/airside.previmeteo.com\/wp-content\/uploads\/2024\/09\/tdb-meteo.webp\" \/>\n\t<meta property=\"og:image:width\" content=\"1024\" \/>\n\t<meta property=\"og:image:height\" content=\"1024\" \/>\n\t<meta property=\"og:image:type\" content=\"image\/webp\" \/>\n<meta name=\"twitter:card\" content=\"summary_large_image\" \/>\n<meta name=\"twitter:label1\" content=\"Estimated reading time\" \/>\n\t<meta name=\"twitter:data1\" content=\"3 minutes\" \/>\n<script type=\"application\/ld+json\" class=\"yoast-schema-graph\">{\"@context\":\"https:\/\/schema.org\",\"@graph\":[{\"@type\":\"WebPage\",\"@id\":\"https:\/\/airside.previmeteo.com\/tableaux-de-bord-meteo\/\",\"url\":\"https:\/\/airside.previmeteo.com\/tableaux-de-bord-meteo\/\",\"name\":\"Weather dashboard for airport operations - Previmeteo Airside Manager\",\"isPartOf\":{\"@id\":\"https:\/\/airside.previmeteo.com\/en\/#website\"},\"primaryImageOfPage\":{\"@id\":\"https:\/\/airside.previmeteo.com\/tableaux-de-bord-meteo\/#primaryimage\"},\"image\":{\"@id\":\"https:\/\/airside.previmeteo.com\/tableaux-de-bord-meteo\/#primaryimage\"},\"thumbnailUrl\":\"https:\/\/airport.previmeteo.com\/wp-content\/uploads\/2024\/09\/tdb-meteo.webp\",\"datePublished\":\"2024-09-05T08:09:18+00:00\",\"dateModified\":\"2025-03-25T08:11:44+00:00\",\"breadcrumb\":{\"@id\":\"https:\/\/airside.previmeteo.com\/tableaux-de-bord-meteo\/#breadcrumb\"},\"inLanguage\":\"en-GB\",\"potentialAction\":[{\"@type\":\"ReadAction\",\"target\":[\"https:\/\/airside.previmeteo.com\/tableaux-de-bord-meteo\/\"]}]},{\"@type\":\"ImageObject\",\"inLanguage\":\"en-GB\",\"@id\":\"https:\/\/airside.previmeteo.com\/tableaux-de-bord-meteo\/#primaryimage\",\"url\":\"https:\/\/airport.previmeteo.com\/wp-content\/uploads\/2024\/09\/tdb-meteo.webp\",\"contentUrl\":\"https:\/\/airport.previmeteo.com\/wp-content\/uploads\/2024\/09\/tdb-meteo.webp\"},{\"@type\":\"BreadcrumbList\",\"@id\":\"https:\/\/airside.previmeteo.com\/tableaux-de-bord-meteo\/#breadcrumb\",\"itemListElement\":[{\"@type\":\"ListItem\",\"position\":1,\"name\":\"Accueil\",\"item\":\"https:\/\/airside.previmeteo.com\/\"},{\"@type\":\"ListItem\",\"position\":2,\"name\":\"Weather dashboard for airport operations\"}]},{\"@type\":\"WebSite\",\"@id\":\"https:\/\/airside.previmeteo.com\/en\/#website\",\"url\":\"https:\/\/airside.previmeteo.com\/en\/\",\"name\":\"Previmeteo Airside Manager\",\"description\":\"\",\"potentialAction\":[{\"@type\":\"SearchAction\",\"target\":{\"@type\":\"EntryPoint\",\"urlTemplate\":\"https:\/\/airside.previmeteo.com\/en\/?s={search_term_string}\"},\"query-input\":{\"@type\":\"PropertyValueSpecification\",\"valueRequired\":true,\"valueName\":\"search_term_string\"}}],\"inLanguage\":\"en-GB\"}]}<\/script>\n<!-- \/ Yoast SEO plugin. -->","yoast_head_json":{"title":"Weather dashboard for airport operations - Previmeteo Airside Manager","robots":{"index":"index","follow":"follow","max-snippet":"max-snippet:-1","max-image-preview":"max-image-preview:large","max-video-preview":"max-video-preview:-1"},"canonical":"https:\/\/airside.previmeteo.com\/en\/tableaux-de-bord-meteo\/","og_locale":"en_GB","og_type":"article","og_title":"Weather dashboard for airport operations - Previmeteo Airside Manager","og_description":"Tableau de bord m\u00e9t\u00e9o : visualisez les donn\u00e9es cl\u00e9s Notre tableau de bord m\u00e9t\u00e9o vous offre une vue d&rsquo;ensemble claire et d\u00e9taill\u00e9e des conditions m\u00e9t\u00e9o actuelles et \u00e0 venir. Con\u00e7u pour les op\u00e9rations a\u00e9roportuaires, il centralise toutes les informations m\u00e9t\u00e9orologiques essentielles en un seul endroit, vous permettant de surveiller les donn\u00e9es en temps r\u00e9el et [&hellip;]","og_url":"https:\/\/airside.previmeteo.com\/en\/tableaux-de-bord-meteo\/","og_site_name":"Previmeteo Airside Manager","article_modified_time":"2025-03-25T08:11:44+00:00","og_image":[{"width":1024,"height":1024,"url":"https:\/\/airside.previmeteo.com\/wp-content\/uploads\/2024\/09\/tdb-meteo.webp","type":"image\/webp"}],"twitter_card":"summary_large_image","twitter_misc":{"Estimated reading time":"3 minutes"},"schema":{"@context":"https:\/\/schema.org","@graph":[{"@type":"WebPage","@id":"https:\/\/airside.previmeteo.com\/tableaux-de-bord-meteo\/","url":"https:\/\/airside.previmeteo.com\/tableaux-de-bord-meteo\/","name":"Weather dashboard for airport operations - Previmeteo Airside Manager","isPartOf":{"@id":"https:\/\/airside.previmeteo.com\/en\/#website"},"primaryImageOfPage":{"@id":"https:\/\/airside.previmeteo.com\/tableaux-de-bord-meteo\/#primaryimage"},"image":{"@id":"https:\/\/airside.previmeteo.com\/tableaux-de-bord-meteo\/#primaryimage"},"thumbnailUrl":"https:\/\/airport.previmeteo.com\/wp-content\/uploads\/2024\/09\/tdb-meteo.webp","datePublished":"2024-09-05T08:09:18+00:00","dateModified":"2025-03-25T08:11:44+00:00","breadcrumb":{"@id":"https:\/\/airside.previmeteo.com\/tableaux-de-bord-meteo\/#breadcrumb"},"inLanguage":"en-GB","potentialAction":[{"@type":"ReadAction","target":["https:\/\/airside.previmeteo.com\/tableaux-de-bord-meteo\/"]}]},{"@type":"ImageObject","inLanguage":"en-GB","@id":"https:\/\/airside.previmeteo.com\/tableaux-de-bord-meteo\/#primaryimage","url":"https:\/\/airport.previmeteo.com\/wp-content\/uploads\/2024\/09\/tdb-meteo.webp","contentUrl":"https:\/\/airport.previmeteo.com\/wp-content\/uploads\/2024\/09\/tdb-meteo.webp"},{"@type":"BreadcrumbList","@id":"https:\/\/airside.previmeteo.com\/tableaux-de-bord-meteo\/#breadcrumb","itemListElement":[{"@type":"ListItem","position":1,"name":"Accueil","item":"https:\/\/airside.previmeteo.com\/"},{"@type":"ListItem","position":2,"name":"Weather dashboard for airport operations"}]},{"@type":"WebSite","@id":"https:\/\/airside.previmeteo.com\/en\/#website","url":"https:\/\/airside.previmeteo.com\/en\/","name":"Previmeteo Airside Manager","description":"","potentialAction":[{"@type":"SearchAction","target":{"@type":"EntryPoint","urlTemplate":"https:\/\/airside.previmeteo.com\/en\/?s={search_term_string}"},"query-input":{"@type":"PropertyValueSpecification","valueRequired":true,"valueName":"search_term_string"}}],"inLanguage":"en-GB"}]}},"_links":{"self":[{"href":"https:\/\/airside.previmeteo.com\/en\/wp-json\/wp\/v2\/pages\/51","targetHints":{"allow":["GET"]}}],"collection":[{"href":"https:\/\/airside.previmeteo.com\/en\/wp-json\/wp\/v2\/pages"}],"about":[{"href":"https:\/\/airside.previmeteo.com\/en\/wp-json\/wp\/v2\/types\/page"}],"author":[{"embeddable":true,"href":"https:\/\/airside.previmeteo.com\/en\/wp-json\/wp\/v2\/users\/1"}],"replies":[{"embeddable":true,"href":"https:\/\/airside.previmeteo.com\/en\/wp-json\/wp\/v2\/comments?post=51"}],"version-history":[{"count":22,"href":"https:\/\/airside.previmeteo.com\/en\/wp-json\/wp\/v2\/pages\/51\/revisions"}],"predecessor-version":[{"id":1043,"href":"https:\/\/airside.previmeteo.com\/en\/wp-json\/wp\/v2\/pages\/51\/revisions\/1043"}],"wp:attachment":[{"href":"https:\/\/airside.previmeteo.com\/en\/wp-json\/wp\/v2\/media?parent=51"}],"curies":[{"name":"wp","href":"https:\/\/api.w.org\/{rel}","templated":true}]}}