{"id":37,"date":"2024-09-05T10:04:12","date_gmt":"2024-09-05T08:04:12","guid":{"rendered":"https:\/\/airport.previmeteo.com\/?page_id=37"},"modified":"2025-03-25T09:14:35","modified_gmt":"2025-03-25T08:14:35","slug":"metiers-aeroportuaires","status":"publish","type":"page","link":"https:\/\/airside.previmeteo.com\/en\/metiers-aeroportuaires\/","title":{"rendered":"Your Airside activities"},"content":{"rendered":"<div class=\"wp-block-cover alignfull\" style=\"margin-top:0;margin-bottom:0;padding-top:24px;padding-right:24px;padding-bottom:24px;padding-left:24px;min-height:570px;aspect-ratio:unset;\"><span aria-hidden=\"true\" class=\"wp-block-cover__background has-ti-bg-inv-background-color has-background-dim\"><\/span><img loading=\"lazy\" decoding=\"async\" width=\"1792\" height=\"1024\" class=\"wp-block-cover__image-background wp-image-138\" alt=\"m\u00e9tiers a\u00e9roportuaires sous trois m\u00e9t\u00e9o diff\u00e9rentes\" src=\"https:\/\/airport.previmeteo.com\/wp-content\/uploads\/2024\/09\/metiers-aeroportuaires.webp\" data-object-fit=\"cover\" srcset=\"https:\/\/airside.previmeteo.com\/wp-content\/uploads\/2024\/09\/metiers-aeroportuaires.webp 1792w, https:\/\/airside.previmeteo.com\/wp-content\/uploads\/2024\/09\/metiers-aeroportuaires-300x171.webp 300w, https:\/\/airside.previmeteo.com\/wp-content\/uploads\/2024\/09\/metiers-aeroportuaires-1024x585.webp 1024w, https:\/\/airside.previmeteo.com\/wp-content\/uploads\/2024\/09\/metiers-aeroportuaires-768x439.webp 768w, https:\/\/airside.previmeteo.com\/wp-content\/uploads\/2024\/09\/metiers-aeroportuaires-1536x878.webp 1536w\" sizes=\"auto, (max-width: 1792px) 100vw, 1792px\" \/><div class=\"wp-block-cover__inner-container is-layout-flow wp-block-cover-is-layout-flow\">\n<div class=\"wp-block-group has-ti-fg-alt-color has-text-color is-layout-constrained wp-block-group-is-layout-constrained\">\n<h1 class=\"wp-block-heading has-text-align-center has-huge-font-size\">Your Airport Operations<\/h1>\n\n\n\n<p class=\"has-text-align-center has-medium-font-size\">Leverage weather as a strategic asset to enhance the efficiency and sustainability of your air operations.<\/p>\n<\/div>\n<\/div><\/div>\n\n\n\n<div class=\"wp-block-group alignfull has-ti-fg-alt-color has-ti-bg-inv-background-color has-text-color has-background is-layout-constrained wp-container-core-group-is-layout-4fdf28be wp-block-group-is-layout-constrained\" style=\"margin-top:0px;margin-bottom:0px;padding-top:64px;padding-bottom:64px\">\n<div class=\"wp-block-group alignwide is-layout-constrained wp-container-core-group-is-layout-105570a8 wp-block-group-is-layout-constrained\">\n<h2 class=\"wp-block-heading has-text-align-center\">We support all airport professions<\/h2>\n\n\n\n<p class=\"has-text-align-center\">Optimize the safety and efficiency of your airport operations, whether in aeronautical areas, airlines, refueling, catering, or ground handling, with our customized weather services.<\/p>\n<\/div>\n\n\n\n<div class=\"wp-block-columns alignwide is-layout-flex wp-container-core-columns-is-layout-28f84493 wp-block-columns-is-layout-flex\">\n<div class=\"wp-block-column is-layout-flow wp-block-column-is-layout-flow\" style=\"flex-basis:33.34%\">\n<div class=\"wp-block-group has-ti-bg-inv-background-color has-background is-layout-constrained wp-container-core-group-is-layout-138c33e9 wp-block-group-is-layout-constrained\" style=\"border-width:1px;padding-top:32px;padding-right:32px;padding-bottom:32px;padding-left:32px\">\n<figure class=\"wp-block-image size-full\"><img loading=\"lazy\" decoding=\"async\" width=\"853\" height=\"853\" src=\"https:\/\/airport.previmeteo.com\/wp-content\/uploads\/2024\/09\/airport-g932acaf00_1280-edited-1.jpg\" alt=\"avion d\u00e9givrage a\u00e9roport verglas\" class=\"wp-image-610\" srcset=\"https:\/\/airside.previmeteo.com\/wp-content\/uploads\/2024\/09\/airport-g932acaf00_1280-edited-1.jpg 853w, https:\/\/airside.previmeteo.com\/wp-content\/uploads\/2024\/09\/airport-g932acaf00_1280-edited-1-300x300.jpg 300w, https:\/\/airside.previmeteo.com\/wp-content\/uploads\/2024\/09\/airport-g932acaf00_1280-edited-1-150x150.jpg 150w, https:\/\/airside.previmeteo.com\/wp-content\/uploads\/2024\/09\/airport-g932acaf00_1280-edited-1-768x768.jpg 768w\" sizes=\"auto, (max-width: 853px) 100vw, 853px\" \/><\/figure>\n\n\n\n<h3 class=\"wp-block-heading has-text-align-center has-medium-font-size\"><a href=\"https:\/\/airport.previmeteo.com\/aires-aeronautiques\/\" data-type=\"page\" data-id=\"59\"><mark style=\"background-color:rgba(0, 0, 0, 0)\" class=\"has-inline-color has-ti-bg-color\">Aeronautical Areas<\/mark><\/a><\/h3>\n\n\n\n<p class=\"has-text-align-center\">Ensure the safety and management of infrastructure in the face of changing weather conditions.<\/p>\n<\/div>\n<\/div>\n\n\n\n<div class=\"wp-block-column is-layout-flow wp-block-column-is-layout-flow\" style=\"flex-basis:33.34%\">\n<div class=\"wp-block-group has-ti-bg-inv-background-color has-background is-layout-constrained wp-container-core-group-is-layout-138c33e9 wp-block-group-is-layout-constrained\" style=\"border-width:1px;padding-top:32px;padding-right:32px;padding-bottom:32px;padding-left:32px\">\n<figure class=\"wp-block-image size-full\"><img loading=\"lazy\" decoding=\"async\" width=\"681\" height=\"681\" src=\"https:\/\/airport.previmeteo.com\/wp-content\/uploads\/2024\/09\/aeroport-meteo-edited.jpg\" alt=\"a\u00e9roport compagnie a\u00e9rienne\" class=\"wp-image-419\" srcset=\"https:\/\/airside.previmeteo.com\/wp-content\/uploads\/2024\/09\/aeroport-meteo-edited.jpg 681w, https:\/\/airside.previmeteo.com\/wp-content\/uploads\/2024\/09\/aeroport-meteo-edited-300x300.jpg 300w, https:\/\/airside.previmeteo.com\/wp-content\/uploads\/2024\/09\/aeroport-meteo-edited-150x150.jpg 150w\" sizes=\"auto, (max-width: 681px) 100vw, 681px\" \/><\/figure>\n\n\n\n<h3 class=\"wp-block-heading has-text-align-center has-medium-font-size\"><a href=\"https:\/\/airport.previmeteo.com\/compagnies-aeriennes\/\" data-type=\"page\" data-id=\"61\"><mark style=\"background-color:rgba(0, 0, 0, 0)\" class=\"has-inline-color has-ti-bg-color\">Airlines<\/mark><\/a><\/h3>\n\n\n\n<p class=\"has-text-align-center\">Anticipate weather impacts on all ground operations to ensure the safety of your teams.<\/p>\n<\/div>\n<\/div>\n\n\n\n<div class=\"wp-block-column is-layout-flow wp-block-column-is-layout-flow\" style=\"flex-basis:33.33%\">\n<div class=\"wp-block-group has-ti-bg-inv-background-color has-background is-layout-constrained wp-container-core-group-is-layout-138c33e9 wp-block-group-is-layout-constrained\" style=\"border-width:1px;padding-top:32px;padding-right:32px;padding-bottom:32px;padding-left:32px\">\n<figure class=\"wp-block-image size-full\"><img loading=\"lazy\" decoding=\"async\" width=\"2560\" height=\"2560\" src=\"https:\/\/airside.previmeteo.com\/wp-content\/uploads\/2024\/10\/avitaillement2-edited-scaled.jpg\" alt=\"avitaillement avion a\u00e9roport\" class=\"wp-image-732\" srcset=\"https:\/\/airside.previmeteo.com\/wp-content\/uploads\/2024\/10\/avitaillement2-edited-scaled.jpg 2560w, https:\/\/airside.previmeteo.com\/wp-content\/uploads\/2024\/10\/avitaillement2-edited-300x300.jpg 300w, https:\/\/airside.previmeteo.com\/wp-content\/uploads\/2024\/10\/avitaillement2-edited-1024x1024.jpg 1024w, https:\/\/airside.previmeteo.com\/wp-content\/uploads\/2024\/10\/avitaillement2-edited-150x150.jpg 150w, https:\/\/airside.previmeteo.com\/wp-content\/uploads\/2024\/10\/avitaillement2-edited-768x768.jpg 768w, https:\/\/airside.previmeteo.com\/wp-content\/uploads\/2024\/10\/avitaillement2-edited-1536x1536.jpg 1536w, https:\/\/airside.previmeteo.com\/wp-content\/uploads\/2024\/10\/avitaillement2-edited-2048x2048.jpg 2048w\" sizes=\"auto, (max-width: 2560px) 100vw, 2560px\" \/><\/figure>\n\n\n\n<h3 class=\"wp-block-heading has-text-align-center has-medium-font-size\"><a href=\"https:\/\/airport.previmeteo.com\/avitallement\/\" data-type=\"page\" data-id=\"63\"><mark style=\"background-color:rgba(0, 0, 0, 0)\" class=\"has-inline-color has-ti-bg-color\">Fueling<\/mark><\/a><\/h3>\n\n\n\n<p class=\"has-text-align-center\">Ensure the security of fuel refueling operations by utilizing real-time alerts to monitor weather conditions.<\/p>\n<\/div>\n<\/div>\n<\/div>\n\n\n\n<div class=\"wp-block-columns alignwide is-layout-flex wp-container-core-columns-is-layout-28f84493 wp-block-columns-is-layout-flex\">\n<div class=\"wp-block-column is-layout-flow wp-block-column-is-layout-flow\" style=\"flex-basis:33.34%\">\n<div class=\"wp-block-group has-ti-bg-inv-background-color has-background is-layout-constrained wp-container-core-group-is-layout-138c33e9 wp-block-group-is-layout-constrained\" style=\"border-width:1px;padding-top:32px;padding-right:32px;padding-bottom:32px;padding-left:32px\">\n<figure class=\"wp-block-image size-full\"><img loading=\"lazy\" decoding=\"async\" width=\"2114\" height=\"2114\" src=\"https:\/\/airside.previmeteo.com\/wp-content\/uploads\/2024\/10\/airport-9-edited.jpg\" alt=\"catering a\u00e9roport\" class=\"wp-image-736\" srcset=\"https:\/\/airside.previmeteo.com\/wp-content\/uploads\/2024\/10\/airport-9-edited.jpg 2114w, https:\/\/airside.previmeteo.com\/wp-content\/uploads\/2024\/10\/airport-9-edited-300x300.jpg 300w, https:\/\/airside.previmeteo.com\/wp-content\/uploads\/2024\/10\/airport-9-edited-1024x1024.jpg 1024w, https:\/\/airside.previmeteo.com\/wp-content\/uploads\/2024\/10\/airport-9-edited-150x150.jpg 150w, https:\/\/airside.previmeteo.com\/wp-content\/uploads\/2024\/10\/airport-9-edited-768x768.jpg 768w, https:\/\/airside.previmeteo.com\/wp-content\/uploads\/2024\/10\/airport-9-edited-1536x1536.jpg 1536w, https:\/\/airside.previmeteo.com\/wp-content\/uploads\/2024\/10\/airport-9-edited-2048x2048.jpg 2048w\" sizes=\"auto, (max-width: 2114px) 100vw, 2114px\" \/><\/figure>\n\n\n\n<h3 class=\"wp-block-heading has-text-align-center has-medium-font-size\"><a href=\"https:\/\/airport.previmeteo.com\/catering\/\" data-type=\"page\" data-id=\"65\"><mark style=\"background-color:rgba(0, 0, 0, 0)\" class=\"has-inline-color has-ti-bg-color\">Catering<\/mark><\/a><\/h3>\n\n\n\n<p class=\"has-text-align-center\">Optimize logistics and protect the cold chain to provide safe catering services.<\/p>\n<\/div>\n<\/div>\n\n\n\n<div class=\"wp-block-column is-layout-flow wp-block-column-is-layout-flow\" style=\"flex-basis:33.34%\">\n<div class=\"wp-block-group has-ti-bg-inv-background-color has-background is-layout-constrained wp-container-core-group-is-layout-138c33e9 wp-block-group-is-layout-constrained\" style=\"border-width:1px;padding-top:32px;padding-right:32px;padding-bottom:32px;padding-left:32px\">\n<figure class=\"wp-block-image size-full\"><img loading=\"lazy\" decoding=\"async\" width=\"1959\" height=\"1960\" src=\"https:\/\/airside.previmeteo.com\/wp-content\/uploads\/2024\/10\/airport-1-edited.jpg\" alt=\"handling a\u00e9roport\" class=\"wp-image-730\" srcset=\"https:\/\/airside.previmeteo.com\/wp-content\/uploads\/2024\/10\/airport-1-edited.jpg 1959w, https:\/\/airside.previmeteo.com\/wp-content\/uploads\/2024\/10\/airport-1-edited-300x300.jpg 300w, https:\/\/airside.previmeteo.com\/wp-content\/uploads\/2024\/10\/airport-1-edited-1024x1024.jpg 1024w, https:\/\/airside.previmeteo.com\/wp-content\/uploads\/2024\/10\/airport-1-edited-150x150.jpg 150w, https:\/\/airside.previmeteo.com\/wp-content\/uploads\/2024\/10\/airport-1-edited-768x768.jpg 768w, https:\/\/airside.previmeteo.com\/wp-content\/uploads\/2024\/10\/airport-1-edited-1536x1536.jpg 1536w\" sizes=\"auto, (max-width: 1959px) 100vw, 1959px\" \/><\/figure>\n\n\n\n<h3 class=\"wp-block-heading has-text-align-center has-medium-font-size\"><a href=\"https:\/\/airport.previmeteo.com\/handling\/\" data-type=\"page\" data-id=\"67\"><mark style=\"background-color:rgba(0, 0, 0, 0)\" class=\"has-inline-color has-ti-bg-color\">Handling<\/mark><\/a><\/h3>\n\n\n\n<p class=\"has-text-align-center\">Protect ground teams and equipment from weather risks to ensure safety and efficiency.<\/p>\n<\/div>\n<\/div>\n\n\n\n<div class=\"wp-block-column is-layout-flow wp-block-column-is-layout-flow\" style=\"flex-basis:33.33%\">\n<div class=\"wp-block-group has-ti-bg-inv-background-color has-background is-layout-constrained wp-container-core-group-is-layout-138c33e9 wp-block-group-is-layout-constrained\" style=\"border-width:1px;padding-top:32px;padding-right:32px;padding-bottom:32px;padding-left:32px\">\n<figure class=\"wp-block-image size-full\"><img loading=\"lazy\" decoding=\"async\" width=\"2560\" height=\"2560\" src=\"https:\/\/airside.previmeteo.com\/wp-content\/uploads\/2024\/10\/handling-edited-scaled.jpg\" alt=\"m\u00e9tiers a\u00e9roportuaires\" class=\"wp-image-728\" srcset=\"https:\/\/airside.previmeteo.com\/wp-content\/uploads\/2024\/10\/handling-edited-scaled.jpg 2560w, https:\/\/airside.previmeteo.com\/wp-content\/uploads\/2024\/10\/handling-edited-300x300.jpg 300w, https:\/\/airside.previmeteo.com\/wp-content\/uploads\/2024\/10\/handling-edited-1024x1024.jpg 1024w, https:\/\/airside.previmeteo.com\/wp-content\/uploads\/2024\/10\/handling-edited-150x150.jpg 150w, https:\/\/airside.previmeteo.com\/wp-content\/uploads\/2024\/10\/handling-edited-768x768.jpg 768w, https:\/\/airside.previmeteo.com\/wp-content\/uploads\/2024\/10\/handling-edited-1536x1536.jpg 1536w, https:\/\/airside.previmeteo.com\/wp-content\/uploads\/2024\/10\/handling-edited-2048x2048.jpg 2048w\" sizes=\"auto, (max-width: 2560px) 100vw, 2560px\" \/><\/figure>\n\n\n\n<h3 class=\"wp-block-heading has-text-align-center has-medium-font-size\"><a href=\"https:\/\/airside.previmeteo.com\/en\/contact\/\" data-type=\"page\" data-id=\"39\"><mark style=\"background-color:rgba(0, 0, 0, 0)\" class=\"has-inline-color has-ti-bg-color\">Another profession ?<\/mark><\/a><\/h3>\n\n\n\n<p class=\"has-text-align-center\">Contact us to discuss your needs, and we will provide you with a custom service.<\/p>\n<\/div>\n<\/div>\n<\/div>\n<\/div>\n\n\n\n<div class=\"wp-block-group alignfull has-ti-fg-alt-color has-ti-accent-background-color has-text-color has-background is-layout-constrained wp-container-core-group-is-layout-352a731e wp-block-group-is-layout-constrained\" style=\"margin-top:0px;margin-bottom:0px;padding-top:64px;padding-bottom:64px\">\n<div class=\"wp-block-columns alignwide is-layout-flex wp-container-core-columns-is-layout-28f84493 wp-block-columns-is-layout-flex\">\n<div class=\"wp-block-column is-vertically-aligned-center is-layout-flow wp-block-column-is-layout-flow\">\n<h2 class=\"wp-block-heading\"><strong>Weather solutions tailored to all airport professions<\/strong><\/h2>\n\n\n\n<p>Whether for aeronautical areas, airlines, refueling, catering, or ground handling, our weather services meet the specific needs of each profession. With customized forecasts and real-time alerts, you can anticipate critical weather conditions and adjust your operations to ensure optimal safety. Our tools help avoid delays, optimize logistics, and protect teams, equipment, and passengers.<\/p>\n<\/div>\n\n\n\n<div class=\"wp-block-column is-vertically-aligned-center is-layout-flow wp-block-column-is-layout-flow\">\n<figure class=\"wp-block-image size-full\"><img loading=\"lazy\" decoding=\"async\" width=\"2560\" height=\"1707\" src=\"https:\/\/airside.previmeteo.com\/wp-content\/uploads\/2024\/10\/handling-2-scaled.jpg\" alt=\"a\u00e9roport\" class=\"wp-image-707\" srcset=\"https:\/\/airside.previmeteo.com\/wp-content\/uploads\/2024\/10\/handling-2-scaled.jpg 2560w, https:\/\/airside.previmeteo.com\/wp-content\/uploads\/2024\/10\/handling-2-300x200.jpg 300w, https:\/\/airside.previmeteo.com\/wp-content\/uploads\/2024\/10\/handling-2-1024x683.jpg 1024w, https:\/\/airside.previmeteo.com\/wp-content\/uploads\/2024\/10\/handling-2-768x512.jpg 768w, https:\/\/airside.previmeteo.com\/wp-content\/uploads\/2024\/10\/handling-2-1536x1024.jpg 1536w, https:\/\/airside.previmeteo.com\/wp-content\/uploads\/2024\/10\/handling-2-2048x1365.jpg 2048w\" sizes=\"auto, (max-width: 2560px) 100vw, 2560px\" \/><\/figure>\n<\/div>\n<\/div>\n<\/div>\n\n\n\n<div class=\"wp-block-group alignfull is-layout-constrained wp-block-group-is-layout-constrained\" style=\"margin-top:0;margin-bottom:0;padding-top:64px;padding-bottom:64px\">\n<div class=\"wp-block-columns alignwide is-layout-flex wp-container-core-columns-is-layout-28232c24 wp-block-columns-is-layout-flex\">\n<div class=\"wp-block-column is-vertically-aligned-center is-layout-flow wp-block-column-is-layout-flow\">\n<figure class=\"wp-block-image size-full\"><img loading=\"lazy\" decoding=\"async\" width=\"2560\" height=\"2560\" src=\"https:\/\/airside.previmeteo.com\/wp-content\/uploads\/2024\/10\/airport-6-edited-scaled.jpg\" alt=\"avitaillement avion\" class=\"wp-image-717\" srcset=\"https:\/\/airside.previmeteo.com\/wp-content\/uploads\/2024\/10\/airport-6-edited-scaled.jpg 2560w, https:\/\/airside.previmeteo.com\/wp-content\/uploads\/2024\/10\/airport-6-edited-300x300.jpg 300w, https:\/\/airside.previmeteo.com\/wp-content\/uploads\/2024\/10\/airport-6-edited-1024x1024.jpg 1024w, https:\/\/airside.previmeteo.com\/wp-content\/uploads\/2024\/10\/airport-6-edited-150x150.jpg 150w, https:\/\/airside.previmeteo.com\/wp-content\/uploads\/2024\/10\/airport-6-edited-768x768.jpg 768w, https:\/\/airside.previmeteo.com\/wp-content\/uploads\/2024\/10\/airport-6-edited-1536x1536.jpg 1536w, https:\/\/airside.previmeteo.com\/wp-content\/uploads\/2024\/10\/airport-6-edited-2048x2048.jpg 2048w\" sizes=\"auto, (max-width: 2560px) 100vw, 2560px\" \/><\/figure>\n<\/div>\n\n\n\n<div class=\"wp-block-column is-vertically-aligned-center is-layout-flow wp-block-column-is-layout-flow\" style=\"padding-top:24px;padding-right:24px;padding-bottom:24px;padding-left:24px\">\n<h2 class=\"wp-block-heading\"><strong>Ensure the safety and efficiency of your airport operations<\/strong><\/h2>\n\n\n\n<p>Our customized services ensure proactive management of weather-related risks. Whether it's preventing lightning-related accidents during ground operations, managing runway mowing, maintaining the cold chain in catering, or securing vehicles and equipment against strong winds or icy conditions, our tools provide you with an understanding of weather conditions. Maximize the performance of your operations while ensuring the safety of your personnel and infrastructure.<br><br><\/p>\n<\/div>\n<\/div>\n<\/div>","protected":false},"excerpt":{"rendered":"<p>Nous accompagnons tous les m\u00e9tiers a\u00e9roportuaires Optimisez la s\u00e9curit\u00e9 et l&rsquo;efficacit\u00e9 de vos op\u00e9rations a\u00e9roportuaires, qu&rsquo;il s&rsquo;agisse des aires a\u00e9ronautiques, des compagnies a\u00e9riennes, de l&rsquo;avitaillement, du catering ou du handling, gr\u00e2ce \u00e0 nos services m\u00e9t\u00e9o personnalis\u00e9s. Aires A\u00e9ronautiques Assurer la s\u00e9curit\u00e9 et la gestion des infrastructures face aux conditions climatiques changeantes. Compagnies A\u00e9riennes Anticiper les [&hellip;]<\/p>","protected":false},"author":1,"featured_media":0,"parent":0,"menu_order":0,"comment_status":"closed","ping_status":"closed","template":"","meta":{"footnotes":""},"class_list":["post-37","page","type-page","status-publish","hentry"],"yoast_head":"<!-- This site is optimized with the Yoast SEO plugin v24.9 - https:\/\/yoast.com\/wordpress\/plugins\/seo\/ -->\n<title>Your Airside activities - Previmeteo Airside Manager<\/title>\n<meta name=\"description\" content=\"Faites de la m\u00e9t\u00e9o un atout pour des op\u00e9rations a\u00e9roportuaires efficaces et durables.\" \/>\n<meta name=\"robots\" content=\"index, follow, max-snippet:-1, max-image-preview:large, max-video-preview:-1\" \/>\n<link rel=\"canonical\" href=\"https:\/\/airside.previmeteo.com\/en\/metiers-aeroportuaires\/\" \/>\n<meta property=\"og:locale\" content=\"en_GB\" \/>\n<meta property=\"og:type\" content=\"article\" \/>\n<meta property=\"og:title\" content=\"Your Airside activities - Previmeteo Airside Manager\" \/>\n<meta property=\"og:description\" content=\"Faites de la m\u00e9t\u00e9o un atout pour des op\u00e9rations a\u00e9roportuaires efficaces et durables.\" \/>\n<meta property=\"og:url\" content=\"https:\/\/airside.previmeteo.com\/en\/metiers-aeroportuaires\/\" \/>\n<meta property=\"og:site_name\" content=\"Previmeteo Airside Manager\" \/>\n<meta property=\"article:modified_time\" content=\"2025-03-25T08:14:35+00:00\" \/>\n<meta property=\"og:image\" content=\"https:\/\/airside.previmeteo.com\/wp-content\/uploads\/2024\/09\/metiers-aeroportuaires.webp\" \/>\n\t<meta property=\"og:image:width\" content=\"1792\" \/>\n\t<meta property=\"og:image:height\" content=\"1024\" \/>\n\t<meta property=\"og:image:type\" content=\"image\/webp\" \/>\n<meta name=\"twitter:card\" content=\"summary_large_image\" \/>\n<meta name=\"twitter:label1\" content=\"Estimated reading time\" \/>\n\t<meta name=\"twitter:data1\" content=\"4 minutes\" \/>\n<script type=\"application\/ld+json\" class=\"yoast-schema-graph\">{\"@context\":\"https:\/\/schema.org\",\"@graph\":[{\"@type\":\"WebPage\",\"@id\":\"https:\/\/airside.previmeteo.com\/metiers-aeroportuaires\/\",\"url\":\"https:\/\/airside.previmeteo.com\/metiers-aeroportuaires\/\",\"name\":\"Your Airside activities - Previmeteo Airside Manager\",\"isPartOf\":{\"@id\":\"https:\/\/airside.previmeteo.com\/en\/#website\"},\"primaryImageOfPage\":{\"@id\":\"https:\/\/airside.previmeteo.com\/metiers-aeroportuaires\/#primaryimage\"},\"image\":{\"@id\":\"https:\/\/airside.previmeteo.com\/metiers-aeroportuaires\/#primaryimage\"},\"thumbnailUrl\":\"https:\/\/airport.previmeteo.com\/wp-content\/uploads\/2024\/09\/metiers-aeroportuaires.webp\",\"datePublished\":\"2024-09-05T08:04:12+00:00\",\"dateModified\":\"2025-03-25T08:14:35+00:00\",\"description\":\"Faites de la m\u00e9t\u00e9o un atout pour des op\u00e9rations a\u00e9roportuaires efficaces et durables.\",\"breadcrumb\":{\"@id\":\"https:\/\/airside.previmeteo.com\/metiers-aeroportuaires\/#breadcrumb\"},\"inLanguage\":\"en-GB\",\"potentialAction\":[{\"@type\":\"ReadAction\",\"target\":[\"https:\/\/airside.previmeteo.com\/metiers-aeroportuaires\/\"]}]},{\"@type\":\"ImageObject\",\"inLanguage\":\"en-GB\",\"@id\":\"https:\/\/airside.previmeteo.com\/metiers-aeroportuaires\/#primaryimage\",\"url\":\"https:\/\/airport.previmeteo.com\/wp-content\/uploads\/2024\/09\/metiers-aeroportuaires.webp\",\"contentUrl\":\"https:\/\/airport.previmeteo.com\/wp-content\/uploads\/2024\/09\/metiers-aeroportuaires.webp\"},{\"@type\":\"BreadcrumbList\",\"@id\":\"https:\/\/airside.previmeteo.com\/metiers-aeroportuaires\/#breadcrumb\",\"itemListElement\":[{\"@type\":\"ListItem\",\"position\":1,\"name\":\"Accueil\",\"item\":\"https:\/\/airside.previmeteo.com\/\"},{\"@type\":\"ListItem\",\"position\":2,\"name\":\"Your Airside activities\"}]},{\"@type\":\"WebSite\",\"@id\":\"https:\/\/airside.previmeteo.com\/en\/#website\",\"url\":\"https:\/\/airside.previmeteo.com\/en\/\",\"name\":\"Previmeteo Airside Manager\",\"description\":\"\",\"potentialAction\":[{\"@type\":\"SearchAction\",\"target\":{\"@type\":\"EntryPoint\",\"urlTemplate\":\"https:\/\/airside.previmeteo.com\/en\/?s={search_term_string}\"},\"query-input\":{\"@type\":\"PropertyValueSpecification\",\"valueRequired\":true,\"valueName\":\"search_term_string\"}}],\"inLanguage\":\"en-GB\"}]}<\/script>\n<!-- \/ Yoast SEO plugin. -->","yoast_head_json":{"title":"Your Airside activities - Previmeteo Airside Manager","description":"Faites de la m\u00e9t\u00e9o un atout pour des op\u00e9rations a\u00e9roportuaires efficaces et durables.","robots":{"index":"index","follow":"follow","max-snippet":"max-snippet:-1","max-image-preview":"max-image-preview:large","max-video-preview":"max-video-preview:-1"},"canonical":"https:\/\/airside.previmeteo.com\/en\/metiers-aeroportuaires\/","og_locale":"en_GB","og_type":"article","og_title":"Your Airside activities - Previmeteo Airside Manager","og_description":"Faites de la m\u00e9t\u00e9o un atout pour des op\u00e9rations a\u00e9roportuaires efficaces et durables.","og_url":"https:\/\/airside.previmeteo.com\/en\/metiers-aeroportuaires\/","og_site_name":"Previmeteo Airside Manager","article_modified_time":"2025-03-25T08:14:35+00:00","og_image":[{"width":1792,"height":1024,"url":"https:\/\/airside.previmeteo.com\/wp-content\/uploads\/2024\/09\/metiers-aeroportuaires.webp","type":"image\/webp"}],"twitter_card":"summary_large_image","twitter_misc":{"Estimated reading time":"4 minutes"},"schema":{"@context":"https:\/\/schema.org","@graph":[{"@type":"WebPage","@id":"https:\/\/airside.previmeteo.com\/metiers-aeroportuaires\/","url":"https:\/\/airside.previmeteo.com\/metiers-aeroportuaires\/","name":"Your Airside activities - Previmeteo Airside Manager","isPartOf":{"@id":"https:\/\/airside.previmeteo.com\/en\/#website"},"primaryImageOfPage":{"@id":"https:\/\/airside.previmeteo.com\/metiers-aeroportuaires\/#primaryimage"},"image":{"@id":"https:\/\/airside.previmeteo.com\/metiers-aeroportuaires\/#primaryimage"},"thumbnailUrl":"https:\/\/airport.previmeteo.com\/wp-content\/uploads\/2024\/09\/metiers-aeroportuaires.webp","datePublished":"2024-09-05T08:04:12+00:00","dateModified":"2025-03-25T08:14:35+00:00","description":"Faites de la m\u00e9t\u00e9o un atout pour des op\u00e9rations a\u00e9roportuaires efficaces et durables.","breadcrumb":{"@id":"https:\/\/airside.previmeteo.com\/metiers-aeroportuaires\/#breadcrumb"},"inLanguage":"en-GB","potentialAction":[{"@type":"ReadAction","target":["https:\/\/airside.previmeteo.com\/metiers-aeroportuaires\/"]}]},{"@type":"ImageObject","inLanguage":"en-GB","@id":"https:\/\/airside.previmeteo.com\/metiers-aeroportuaires\/#primaryimage","url":"https:\/\/airport.previmeteo.com\/wp-content\/uploads\/2024\/09\/metiers-aeroportuaires.webp","contentUrl":"https:\/\/airport.previmeteo.com\/wp-content\/uploads\/2024\/09\/metiers-aeroportuaires.webp"},{"@type":"BreadcrumbList","@id":"https:\/\/airside.previmeteo.com\/metiers-aeroportuaires\/#breadcrumb","itemListElement":[{"@type":"ListItem","position":1,"name":"Accueil","item":"https:\/\/airside.previmeteo.com\/"},{"@type":"ListItem","position":2,"name":"Your Airside activities"}]},{"@type":"WebSite","@id":"https:\/\/airside.previmeteo.com\/en\/#website","url":"https:\/\/airside.previmeteo.com\/en\/","name":"Previmeteo Airside Manager","description":"","potentialAction":[{"@type":"SearchAction","target":{"@type":"EntryPoint","urlTemplate":"https:\/\/airside.previmeteo.com\/en\/?s={search_term_string}"},"query-input":{"@type":"PropertyValueSpecification","valueRequired":true,"valueName":"search_term_string"}}],"inLanguage":"en-GB"}]}},"_links":{"self":[{"href":"https:\/\/airside.previmeteo.com\/en\/wp-json\/wp\/v2\/pages\/37","targetHints":{"allow":["GET"]}}],"collection":[{"href":"https:\/\/airside.previmeteo.com\/en\/wp-json\/wp\/v2\/pages"}],"about":[{"href":"https:\/\/airside.previmeteo.com\/en\/wp-json\/wp\/v2\/types\/page"}],"author":[{"embeddable":true,"href":"https:\/\/airside.previmeteo.com\/en\/wp-json\/wp\/v2\/users\/1"}],"replies":[{"embeddable":true,"href":"https:\/\/airside.previmeteo.com\/en\/wp-json\/wp\/v2\/comments?post=37"}],"version-history":[{"count":27,"href":"https:\/\/airside.previmeteo.com\/en\/wp-json\/wp\/v2\/pages\/37\/revisions"}],"predecessor-version":[{"id":1053,"href":"https:\/\/airside.previmeteo.com\/en\/wp-json\/wp\/v2\/pages\/37\/revisions\/1053"}],"wp:attachment":[{"href":"https:\/\/airside.previmeteo.com\/en\/wp-json\/wp\/v2\/media?parent=37"}],"curies":[{"name":"wp","href":"https:\/\/api.w.org\/{rel}","templated":true}]}}