{"id":35,"date":"2024-09-05T10:02:59","date_gmt":"2024-09-05T08:02:59","guid":{"rendered":"https:\/\/airport.previmeteo.com\/?page_id=35"},"modified":"2025-03-25T09:10:53","modified_gmt":"2025-03-25T08:10:53","slug":"alertes-meteo-temps-reel","status":"publish","type":"page","link":"https:\/\/airside.previmeteo.com\/en\/alertes-meteo-temps-reel\/","title":{"rendered":"Realtime alerts for airport operations"},"content":{"rendered":"<div class=\"wp-block-group alignfull is-layout-constrained wp-block-group-is-layout-constrained\">\n<div class=\"wp-block-cover alignfull\" style=\"margin-top:0;margin-bottom:0;padding-top:24px;padding-right:24px;padding-bottom:24px;padding-left:24px;min-height:570px;aspect-ratio:unset;\"><span aria-hidden=\"true\" class=\"wp-block-cover__background has-ti-bg-inv-background-color has-background-dim\"><\/span><img loading=\"lazy\" decoding=\"async\" width=\"1024\" height=\"1024\" class=\"wp-block-cover__image-background wp-image-124\" alt=\"Pr\u00e9visions m\u00e9t\u00e9o pour les a\u00e9roports\" src=\"https:\/\/airport.previmeteo.com\/wp-content\/uploads\/2024\/09\/alertes-temps-reel.webp\" data-object-fit=\"cover\" srcset=\"https:\/\/airside.previmeteo.com\/wp-content\/uploads\/2024\/09\/alertes-temps-reel.webp 1024w, https:\/\/airside.previmeteo.com\/wp-content\/uploads\/2024\/09\/alertes-temps-reel-300x300.webp 300w, https:\/\/airside.previmeteo.com\/wp-content\/uploads\/2024\/09\/alertes-temps-reel-150x150.webp 150w, https:\/\/airside.previmeteo.com\/wp-content\/uploads\/2024\/09\/alertes-temps-reel-768x768.webp 768w\" sizes=\"auto, (max-width: 1024px) 100vw, 1024px\" \/><div class=\"wp-block-cover__inner-container is-layout-flow wp-block-cover-is-layout-flow\">\n<div class=\"wp-block-group has-ti-fg-alt-color has-text-color is-layout-constrained wp-block-group-is-layout-constrained\">\n<h1 class=\"wp-block-heading has-text-align-center has-huge-font-size\">Real-time Alerts<\/h1>\n\n\n\n<p class=\"has-text-align-center has-medium-font-size\">React immediately to weather conditions at the airport platform with our real-time alerts.<\/p>\n<\/div>\n<\/div><\/div>\n\n\n\n<div class=\"wp-block-group alignfull is-layout-constrained wp-block-group-is-layout-constrained\" style=\"margin-top:0;margin-bottom:0;padding-top:64px;padding-bottom:64px\">\n<div class=\"wp-block-columns alignwide is-layout-flex wp-container-core-columns-is-layout-28232c24 wp-block-columns-is-layout-flex\">\n<div class=\"wp-block-column is-vertically-aligned-center is-layout-flow wp-block-column-is-layout-flow\">\n<figure class=\"wp-block-image aligncenter size-full\"><img loading=\"lazy\" decoding=\"async\" width=\"750\" height=\"750\" src=\"https:\/\/airside.previmeteo.com\/wp-content\/uploads\/2024\/10\/27-1.png\" alt=\"Visuel de l'application Previmeteo Airside Manager, services m\u00e9t\u00e9o pour les op\u00e9rations a\u00e9roportuaires\" class=\"wp-image-1001\" srcset=\"https:\/\/airside.previmeteo.com\/wp-content\/uploads\/2024\/10\/27-1.png 750w, https:\/\/airside.previmeteo.com\/wp-content\/uploads\/2024\/10\/27-1-300x300.png 300w, https:\/\/airside.previmeteo.com\/wp-content\/uploads\/2024\/10\/27-1-150x150.png 150w, https:\/\/airside.previmeteo.com\/wp-content\/uploads\/2024\/10\/27-1-12x12.png 12w\" sizes=\"auto, (max-width: 750px) 100vw, 750px\" \/><\/figure>\n<\/div>\n\n\n\n<div class=\"wp-block-column is-vertically-aligned-center is-layout-flow wp-block-column-is-layout-flow\" style=\"padding-top:24px;padding-right:24px;padding-bottom:24px;padding-left:24px\">\n<h2 class=\"wp-block-heading\"><strong>Real-time alerts: optimal responsiveness for airport operations<\/strong><\/h2>\n\n\n\n<p>Our real-time alerts provide you with instant updates on weather conditions affecting your airport. With our customized tools, you receive immediate notifications about any significant changes, allowing you to respond quickly to unexpected weather conditions. This responsiveness is crucial for maintaining the smoothness and safety of your airport operations.<\/p>\n\n\n\n<div class=\"wp-block-buttons is-content-justification-center is-layout-flex wp-container-core-buttons-is-layout-a89b3969 wp-block-buttons-is-layout-flex\">\n<div class=\"wp-block-button\"><a class=\"wp-block-button__link wp-element-button\" href=\"https:\/\/airport.previmeteo.com\/contact\/\">Request a quote<\/a><\/div>\n<\/div>\n<\/div>\n<\/div>\n<\/div>\n\n\n\n<div class=\"wp-block-group alignfull has-ti-fg-alt-color has-ti-accent-background-color has-text-color has-background is-layout-constrained wp-container-core-group-is-layout-352a731e wp-block-group-is-layout-constrained\" style=\"margin-top:0px;margin-bottom:0px;padding-top:64px;padding-bottom:64px\">\n<div class=\"wp-block-columns alignwide are-vertically-aligned-center is-layout-flex wp-container-core-columns-is-layout-28f84493 wp-block-columns-is-layout-flex\">\n<div class=\"wp-block-column is-vertically-aligned-center is-layout-flow wp-block-column-is-layout-flow\">\n<h2 class=\"wp-block-heading\"><strong>Prevent interruptions with accurate alerts<\/strong><\/h2>\n\n\n\n<p>Our real-time alerts are designed to notify you of extreme weather events that could impact your airport operations. Whether it's lightning, dense fog, or strong winds, we provide you with accurate and timely information to anticipate and manage these interruptions effectively. Ensure the continuity of your operations by relying on precise data.<\/p>\n<\/div>\n\n\n\n<div class=\"wp-block-column is-vertically-aligned-center is-layout-flow wp-block-column-is-layout-flow\">\n<figure class=\"wp-block-image size-full\"><img loading=\"lazy\" decoding=\"async\" width=\"2560\" height=\"2560\" src=\"https:\/\/airside.previmeteo.com\/wp-content\/uploads\/2024\/10\/alerte-3-edited-scaled.jpg\" alt=\"Avion\" class=\"wp-image-719\" srcset=\"https:\/\/airside.previmeteo.com\/wp-content\/uploads\/2024\/10\/alerte-3-edited-scaled.jpg 2560w, https:\/\/airside.previmeteo.com\/wp-content\/uploads\/2024\/10\/alerte-3-edited-300x300.jpg 300w, https:\/\/airside.previmeteo.com\/wp-content\/uploads\/2024\/10\/alerte-3-edited-1024x1024.jpg 1024w, https:\/\/airside.previmeteo.com\/wp-content\/uploads\/2024\/10\/alerte-3-edited-150x150.jpg 150w, https:\/\/airside.previmeteo.com\/wp-content\/uploads\/2024\/10\/alerte-3-edited-768x768.jpg 768w, https:\/\/airside.previmeteo.com\/wp-content\/uploads\/2024\/10\/alerte-3-edited-1536x1536.jpg 1536w, https:\/\/airside.previmeteo.com\/wp-content\/uploads\/2024\/10\/alerte-3-edited-2048x2048.jpg 2048w\" sizes=\"auto, (max-width: 2560px) 100vw, 2560px\" \/><\/figure>\n<\/div>\n\n\n\n<div class=\"wp-block-column is-vertically-aligned-center is-layout-flow wp-block-column-is-layout-flow\">\n<figure class=\"wp-block-image size-full\"><img loading=\"lazy\" decoding=\"async\" width=\"2560\" height=\"2560\" src=\"https:\/\/airside.previmeteo.com\/wp-content\/uploads\/2024\/10\/airport-7-edited-scaled.jpg\" alt=\"Manche \u00e0 air\" class=\"wp-image-721\" srcset=\"https:\/\/airside.previmeteo.com\/wp-content\/uploads\/2024\/10\/airport-7-edited-scaled.jpg 2560w, https:\/\/airside.previmeteo.com\/wp-content\/uploads\/2024\/10\/airport-7-edited-300x300.jpg 300w, https:\/\/airside.previmeteo.com\/wp-content\/uploads\/2024\/10\/airport-7-edited-1024x1024.jpg 1024w, https:\/\/airside.previmeteo.com\/wp-content\/uploads\/2024\/10\/airport-7-edited-150x150.jpg 150w, https:\/\/airside.previmeteo.com\/wp-content\/uploads\/2024\/10\/airport-7-edited-768x768.jpg 768w, https:\/\/airside.previmeteo.com\/wp-content\/uploads\/2024\/10\/airport-7-edited-1536x1536.jpg 1536w, https:\/\/airside.previmeteo.com\/wp-content\/uploads\/2024\/10\/airport-7-edited-2048x2048.jpg 2048w\" sizes=\"auto, (max-width: 2560px) 100vw, 2560px\" \/><\/figure>\n<\/div>\n<\/div>\n\n\n\n<div class=\"wp-block-columns alignwide are-vertically-aligned-center is-layout-flex wp-container-core-columns-is-layout-28f84493 wp-block-columns-is-layout-flex\">\n<div class=\"wp-block-column is-vertically-aligned-center is-layout-flow wp-block-column-is-layout-flow\" style=\"flex-basis:66%\">\n<figure class=\"wp-block-image size-large size-full\"><img loading=\"lazy\" decoding=\"async\" width=\"2560\" height=\"1440\" src=\"https:\/\/airport.previmeteo.com\/wp-content\/uploads\/2024\/09\/IMG_9624-edited-scaled.jpeg\" alt=\"Station m\u00e9t\u00e9o d'un a\u00e9roport\" class=\"wp-image-579\" srcset=\"https:\/\/airside.previmeteo.com\/wp-content\/uploads\/2024\/09\/IMG_9624-edited-scaled.jpeg 2560w, https:\/\/airside.previmeteo.com\/wp-content\/uploads\/2024\/09\/IMG_9624-edited-300x169.jpeg 300w, https:\/\/airside.previmeteo.com\/wp-content\/uploads\/2024\/09\/IMG_9624-edited-1024x576.jpeg 1024w, https:\/\/airside.previmeteo.com\/wp-content\/uploads\/2024\/09\/IMG_9624-edited-768x432.jpeg 768w, https:\/\/airside.previmeteo.com\/wp-content\/uploads\/2024\/09\/IMG_9624-edited-1536x864.jpeg 1536w, https:\/\/airside.previmeteo.com\/wp-content\/uploads\/2024\/09\/IMG_9624-edited-2048x1152.jpeg 2048w\" sizes=\"auto, (max-width: 2560px) 100vw, 2560px\" \/><\/figure>\n<\/div>\n\n\n\n<div class=\"wp-block-column is-vertically-aligned-center is-layout-flow wp-block-column-is-layout-flow\">\n<h2 class=\"wp-block-heading\"><strong>A technology tailored to your needs<\/strong><\/h2>\n\n\n\n<p>Receive alerts via email, SMS, or notifications directly on your Previmeteo dashboard to be notified as quickly as possible when needed. These alerts instantly provide you with all relevant information, allowing you to react without delay and take appropriate action in real time.<\/p>\n<\/div>\n<\/div>\n<\/div>\n\n\n\n<div class=\"wp-block-group alignfull has-ti-bg-alt-background-color has-background is-layout-constrained wp-block-group-is-layout-constrained\" style=\"margin-top:0;margin-bottom:0;padding-top:64px;padding-bottom:64px\">\n<div class=\"wp-block-columns alignwide is-layout-flex wp-container-core-columns-is-layout-28232c24 wp-block-columns-is-layout-flex\">\n<div class=\"wp-block-column is-vertically-aligned-center is-layout-flow wp-block-column-is-layout-flow\" style=\"padding-top:24px;padding-right:24px;padding-bottom:24px;padding-left:24px\">\n<h2 class=\"wp-block-heading\"><strong>Secure your operations with reliable notifications<\/strong><\/h2>\n\n\n\n<p>Safety is a priority in the airport sector, and our real-time alerts are an essential tool to enhance it. By providing you with reliable notifications about current weather conditions, we help you implement preventive measures and appropriate safety protocols. Stay informed and proactive to protect your airport operations, passengers, and staff from weather-related risks.<\/p>\n<\/div>\n\n\n\n<div class=\"wp-block-column is-vertically-aligned-center is-layout-flow wp-block-column-is-layout-flow\">\n<figure class=\"wp-block-image aligncenter size-full\"><img loading=\"lazy\" decoding=\"async\" width=\"750\" height=\"750\" src=\"https:\/\/airside.previmeteo.com\/wp-content\/uploads\/2024\/10\/15-1.png\" alt=\"Visuel de l'application Previmeteo Airside Manager, services m\u00e9t\u00e9o pour les op\u00e9rations a\u00e9roportuaires\" class=\"wp-image-989\" srcset=\"https:\/\/airside.previmeteo.com\/wp-content\/uploads\/2024\/10\/15-1.png 750w, https:\/\/airside.previmeteo.com\/wp-content\/uploads\/2024\/10\/15-1-300x300.png 300w, https:\/\/airside.previmeteo.com\/wp-content\/uploads\/2024\/10\/15-1-150x150.png 150w, https:\/\/airside.previmeteo.com\/wp-content\/uploads\/2024\/10\/15-1-12x12.png 12w\" sizes=\"auto, (max-width: 750px) 100vw, 750px\" \/><\/figure>\n<\/div>\n<\/div>\n<\/div>\n<\/div>","protected":false},"excerpt":{"rendered":"<p>Alertes temps r\u00e9el : r\u00e9activit\u00e9 optimale pour les op\u00e9rations a\u00e9roportuaires Nos alertes temps r\u00e9el vous fournissent des mises \u00e0 jour instantan\u00e9es sur les conditions m\u00e9t\u00e9orologiques affectant votre a\u00e9roport. Gr\u00e2ce \u00e0 nos outils personnalis\u00e9s, vous recevez des notifications imm\u00e9diates sur tout changement significatif, vous permettant ainsi de r\u00e9agir rapidement aux conditions climatiques impr\u00e9vues. Cette r\u00e9activit\u00e9 est [&hellip;]<\/p>","protected":false},"author":1,"featured_media":0,"parent":0,"menu_order":0,"comment_status":"closed","ping_status":"closed","template":"","meta":{"footnotes":""},"class_list":["post-35","page","type-page","status-publish","hentry"],"yoast_head":"<!-- This site is optimized with the Yoast SEO plugin v24.9 - https:\/\/yoast.com\/wordpress\/plugins\/seo\/ -->\n<title>Realtime alerts for airport operations - Previmeteo Airside Manager<\/title>\n<meta name=\"description\" content=\"R\u00e9agissez imm\u00e9diatement aux conditions m\u00e9t\u00e9o sur la plateforme a\u00e9roportuaire avec nos alertes en temps r\u00e9el\" \/>\n<meta name=\"robots\" content=\"index, follow, max-snippet:-1, max-image-preview:large, max-video-preview:-1\" \/>\n<link rel=\"canonical\" href=\"https:\/\/airside.previmeteo.com\/en\/alertes-meteo-temps-reel\/\" \/>\n<meta property=\"og:locale\" content=\"en_GB\" \/>\n<meta property=\"og:type\" content=\"article\" \/>\n<meta property=\"og:title\" content=\"Realtime alerts for airport operations - Previmeteo Airside Manager\" \/>\n<meta property=\"og:description\" content=\"R\u00e9agissez imm\u00e9diatement aux conditions m\u00e9t\u00e9o sur la plateforme a\u00e9roportuaire avec nos alertes en temps r\u00e9el\" \/>\n<meta property=\"og:url\" content=\"https:\/\/airside.previmeteo.com\/en\/alertes-meteo-temps-reel\/\" \/>\n<meta property=\"og:site_name\" content=\"Previmeteo Airside Manager\" \/>\n<meta property=\"article:modified_time\" content=\"2025-03-25T08:10:53+00:00\" \/>\n<meta property=\"og:image\" content=\"https:\/\/airside.previmeteo.com\/wp-content\/uploads\/2024\/09\/alertes-temps-reel.webp\" \/>\n\t<meta property=\"og:image:width\" content=\"1024\" \/>\n\t<meta property=\"og:image:height\" content=\"1024\" \/>\n\t<meta property=\"og:image:type\" content=\"image\/webp\" \/>\n<meta name=\"twitter:card\" content=\"summary_large_image\" \/>\n<meta name=\"twitter:label1\" content=\"Estimated reading time\" \/>\n\t<meta name=\"twitter:data1\" content=\"3 minutes\" \/>\n<script type=\"application\/ld+json\" class=\"yoast-schema-graph\">{\"@context\":\"https:\/\/schema.org\",\"@graph\":[{\"@type\":\"WebPage\",\"@id\":\"https:\/\/airside.previmeteo.com\/alertes-meteo-temps-reel\/\",\"url\":\"https:\/\/airside.previmeteo.com\/alertes-meteo-temps-reel\/\",\"name\":\"Realtime alerts for airport operations - Previmeteo Airside Manager\",\"isPartOf\":{\"@id\":\"https:\/\/airside.previmeteo.com\/en\/#website\"},\"primaryImageOfPage\":{\"@id\":\"https:\/\/airside.previmeteo.com\/alertes-meteo-temps-reel\/#primaryimage\"},\"image\":{\"@id\":\"https:\/\/airside.previmeteo.com\/alertes-meteo-temps-reel\/#primaryimage\"},\"thumbnailUrl\":\"https:\/\/airport.previmeteo.com\/wp-content\/uploads\/2024\/09\/alertes-temps-reel.webp\",\"datePublished\":\"2024-09-05T08:02:59+00:00\",\"dateModified\":\"2025-03-25T08:10:53+00:00\",\"description\":\"R\u00e9agissez imm\u00e9diatement aux conditions m\u00e9t\u00e9o sur la plateforme a\u00e9roportuaire avec nos alertes en temps r\u00e9el\",\"breadcrumb\":{\"@id\":\"https:\/\/airside.previmeteo.com\/alertes-meteo-temps-reel\/#breadcrumb\"},\"inLanguage\":\"en-GB\",\"potentialAction\":[{\"@type\":\"ReadAction\",\"target\":[\"https:\/\/airside.previmeteo.com\/alertes-meteo-temps-reel\/\"]}]},{\"@type\":\"ImageObject\",\"inLanguage\":\"en-GB\",\"@id\":\"https:\/\/airside.previmeteo.com\/alertes-meteo-temps-reel\/#primaryimage\",\"url\":\"https:\/\/airport.previmeteo.com\/wp-content\/uploads\/2024\/09\/alertes-temps-reel.webp\",\"contentUrl\":\"https:\/\/airport.previmeteo.com\/wp-content\/uploads\/2024\/09\/alertes-temps-reel.webp\"},{\"@type\":\"BreadcrumbList\",\"@id\":\"https:\/\/airside.previmeteo.com\/alertes-meteo-temps-reel\/#breadcrumb\",\"itemListElement\":[{\"@type\":\"ListItem\",\"position\":1,\"name\":\"Accueil\",\"item\":\"https:\/\/airside.previmeteo.com\/\"},{\"@type\":\"ListItem\",\"position\":2,\"name\":\"Realtime alerts for airport operations\"}]},{\"@type\":\"WebSite\",\"@id\":\"https:\/\/airside.previmeteo.com\/en\/#website\",\"url\":\"https:\/\/airside.previmeteo.com\/en\/\",\"name\":\"Previmeteo Airside Manager\",\"description\":\"\",\"potentialAction\":[{\"@type\":\"SearchAction\",\"target\":{\"@type\":\"EntryPoint\",\"urlTemplate\":\"https:\/\/airside.previmeteo.com\/en\/?s={search_term_string}\"},\"query-input\":{\"@type\":\"PropertyValueSpecification\",\"valueRequired\":true,\"valueName\":\"search_term_string\"}}],\"inLanguage\":\"en-GB\"}]}<\/script>\n<!-- \/ Yoast SEO plugin. -->","yoast_head_json":{"title":"Realtime alerts for airport operations - Previmeteo Airside Manager","description":"R\u00e9agissez imm\u00e9diatement aux conditions m\u00e9t\u00e9o sur la plateforme a\u00e9roportuaire avec nos alertes en temps r\u00e9el","robots":{"index":"index","follow":"follow","max-snippet":"max-snippet:-1","max-image-preview":"max-image-preview:large","max-video-preview":"max-video-preview:-1"},"canonical":"https:\/\/airside.previmeteo.com\/en\/alertes-meteo-temps-reel\/","og_locale":"en_GB","og_type":"article","og_title":"Realtime alerts for airport operations - Previmeteo Airside Manager","og_description":"R\u00e9agissez imm\u00e9diatement aux conditions m\u00e9t\u00e9o sur la plateforme a\u00e9roportuaire avec nos alertes en temps r\u00e9el","og_url":"https:\/\/airside.previmeteo.com\/en\/alertes-meteo-temps-reel\/","og_site_name":"Previmeteo Airside Manager","article_modified_time":"2025-03-25T08:10:53+00:00","og_image":[{"width":1024,"height":1024,"url":"https:\/\/airside.previmeteo.com\/wp-content\/uploads\/2024\/09\/alertes-temps-reel.webp","type":"image\/webp"}],"twitter_card":"summary_large_image","twitter_misc":{"Estimated reading time":"3 minutes"},"schema":{"@context":"https:\/\/schema.org","@graph":[{"@type":"WebPage","@id":"https:\/\/airside.previmeteo.com\/alertes-meteo-temps-reel\/","url":"https:\/\/airside.previmeteo.com\/alertes-meteo-temps-reel\/","name":"Realtime alerts for airport operations - Previmeteo Airside Manager","isPartOf":{"@id":"https:\/\/airside.previmeteo.com\/en\/#website"},"primaryImageOfPage":{"@id":"https:\/\/airside.previmeteo.com\/alertes-meteo-temps-reel\/#primaryimage"},"image":{"@id":"https:\/\/airside.previmeteo.com\/alertes-meteo-temps-reel\/#primaryimage"},"thumbnailUrl":"https:\/\/airport.previmeteo.com\/wp-content\/uploads\/2024\/09\/alertes-temps-reel.webp","datePublished":"2024-09-05T08:02:59+00:00","dateModified":"2025-03-25T08:10:53+00:00","description":"R\u00e9agissez imm\u00e9diatement aux conditions m\u00e9t\u00e9o sur la plateforme a\u00e9roportuaire avec nos alertes en temps r\u00e9el","breadcrumb":{"@id":"https:\/\/airside.previmeteo.com\/alertes-meteo-temps-reel\/#breadcrumb"},"inLanguage":"en-GB","potentialAction":[{"@type":"ReadAction","target":["https:\/\/airside.previmeteo.com\/alertes-meteo-temps-reel\/"]}]},{"@type":"ImageObject","inLanguage":"en-GB","@id":"https:\/\/airside.previmeteo.com\/alertes-meteo-temps-reel\/#primaryimage","url":"https:\/\/airport.previmeteo.com\/wp-content\/uploads\/2024\/09\/alertes-temps-reel.webp","contentUrl":"https:\/\/airport.previmeteo.com\/wp-content\/uploads\/2024\/09\/alertes-temps-reel.webp"},{"@type":"BreadcrumbList","@id":"https:\/\/airside.previmeteo.com\/alertes-meteo-temps-reel\/#breadcrumb","itemListElement":[{"@type":"ListItem","position":1,"name":"Accueil","item":"https:\/\/airside.previmeteo.com\/"},{"@type":"ListItem","position":2,"name":"Realtime alerts for airport operations"}]},{"@type":"WebSite","@id":"https:\/\/airside.previmeteo.com\/en\/#website","url":"https:\/\/airside.previmeteo.com\/en\/","name":"Previmeteo Airside Manager","description":"","potentialAction":[{"@type":"SearchAction","target":{"@type":"EntryPoint","urlTemplate":"https:\/\/airside.previmeteo.com\/en\/?s={search_term_string}"},"query-input":{"@type":"PropertyValueSpecification","valueRequired":true,"valueName":"search_term_string"}}],"inLanguage":"en-GB"}]}},"_links":{"self":[{"href":"https:\/\/airside.previmeteo.com\/en\/wp-json\/wp\/v2\/pages\/35","targetHints":{"allow":["GET"]}}],"collection":[{"href":"https:\/\/airside.previmeteo.com\/en\/wp-json\/wp\/v2\/pages"}],"about":[{"href":"https:\/\/airside.previmeteo.com\/en\/wp-json\/wp\/v2\/types\/page"}],"author":[{"embeddable":true,"href":"https:\/\/airside.previmeteo.com\/en\/wp-json\/wp\/v2\/users\/1"}],"replies":[{"embeddable":true,"href":"https:\/\/airside.previmeteo.com\/en\/wp-json\/wp\/v2\/comments?post=35"}],"version-history":[{"count":42,"href":"https:\/\/airside.previmeteo.com\/en\/wp-json\/wp\/v2\/pages\/35\/revisions"}],"predecessor-version":[{"id":1041,"href":"https:\/\/airside.previmeteo.com\/en\/wp-json\/wp\/v2\/pages\/35\/revisions\/1041"}],"wp:attachment":[{"href":"https:\/\/airside.previmeteo.com\/en\/wp-json\/wp\/v2\/media?parent=35"}],"curies":[{"name":"wp","href":"https:\/\/api.w.org\/{rel}","templated":true}]}}