{"id":33,"date":"2024-09-05T10:02:30","date_gmt":"2024-09-05T08:02:30","guid":{"rendered":"https:\/\/airport.previmeteo.com\/?page_id=33"},"modified":"2025-03-25T09:11:14","modified_gmt":"2025-03-25T08:11:14","slug":"services-meteo","status":"publish","type":"page","link":"https:\/\/airside.previmeteo.com\/en\/services-meteo\/","title":{"rendered":"Weather services for airport operations"},"content":{"rendered":"<div class=\"wp-block-cover alignfull\" style=\"margin-top:0;margin-bottom:0;padding-top:24px;padding-right:24px;padding-bottom:24px;padding-left:24px;min-height:570px;aspect-ratio:unset;\"><span aria-hidden=\"true\" class=\"wp-block-cover__background has-ti-bg-inv-background-color has-background-dim\"><\/span><img loading=\"lazy\" decoding=\"async\" width=\"1792\" height=\"1024\" class=\"wp-block-cover__image-background wp-image-139\" alt=\"A\u00e9roport sous trois m\u00e9t\u00e9os diff\u00e9rentes\" src=\"https:\/\/airport.previmeteo.com\/wp-content\/uploads\/2024\/09\/services-meteo.webp\" data-object-fit=\"cover\" srcset=\"https:\/\/airside.previmeteo.com\/wp-content\/uploads\/2024\/09\/services-meteo.webp 1792w, https:\/\/airside.previmeteo.com\/wp-content\/uploads\/2024\/09\/services-meteo-300x171.webp 300w, https:\/\/airside.previmeteo.com\/wp-content\/uploads\/2024\/09\/services-meteo-1024x585.webp 1024w, https:\/\/airside.previmeteo.com\/wp-content\/uploads\/2024\/09\/services-meteo-768x439.webp 768w, https:\/\/airside.previmeteo.com\/wp-content\/uploads\/2024\/09\/services-meteo-1536x878.webp 1536w\" sizes=\"auto, (max-width: 1792px) 100vw, 1792px\" \/><div class=\"wp-block-cover__inner-container is-layout-flow wp-block-cover-is-layout-flow\">\n<div class=\"wp-block-group has-ti-fg-alt-color has-text-color is-layout-constrained wp-block-group-is-layout-constrained\">\n<h1 class=\"wp-block-heading has-text-align-center has-huge-font-size\">Our Weather Services<\/h1>\n\n\n\n<p class=\"has-text-align-center has-medium-font-size\">Custom weather forecasts to ensure the safety and efficiency of your airport operations.<\/p>\n<\/div>\n<\/div><\/div>\n\n\n\n<div class=\"wp-block-group alignfull is-layout-constrained wp-container-core-group-is-layout-4fdf28be wp-block-group-is-layout-constrained\" style=\"margin-top:0px;margin-bottom:0px;padding-top:64px;padding-bottom:64px\">\n<div class=\"wp-block-group alignwide is-layout-constrained wp-container-core-group-is-layout-105570a8 wp-block-group-is-layout-constrained\">\n<h2 class=\"wp-block-heading has-text-align-center\">Find all our weather services<\/h2>\n\n\n\n<p class=\"has-text-align-center\">We offer a full range of customized weather services for airports, including real-time alerts, assistance, and planning tools to optimize your operations.<\/p>\n<\/div>\n\n\n\n<div class=\"wp-block-columns alignwide is-layout-flex wp-container-core-columns-is-layout-28f84493 wp-block-columns-is-layout-flex\">\n<div class=\"wp-block-column is-layout-flow wp-block-column-is-layout-flow\" style=\"flex-basis:33.34%\">\n<div class=\"wp-block-group has-ti-bg-alt-background-color has-background is-layout-constrained wp-container-core-group-is-layout-54d875c6 wp-block-group-is-layout-constrained\" style=\"border-radius:5px;padding-top:32px;padding-right:32px;padding-bottom:32px;padding-left:32px\">\n<figure class=\"wp-block-image size-full\"><img loading=\"lazy\" decoding=\"async\" width=\"570\" height=\"570\" src=\"https:\/\/airport.previmeteo.com\/wp-content\/uploads\/2024\/09\/rafale-vent-certificat-edited.jpeg\" alt=\"Manche \u00e0 air\" class=\"wp-image-417\" srcset=\"https:\/\/airside.previmeteo.com\/wp-content\/uploads\/2024\/09\/rafale-vent-certificat-edited.jpeg 570w, https:\/\/airside.previmeteo.com\/wp-content\/uploads\/2024\/09\/rafale-vent-certificat-edited-300x300.jpeg 300w, https:\/\/airside.previmeteo.com\/wp-content\/uploads\/2024\/09\/rafale-vent-certificat-edited-150x150.jpeg 150w\" sizes=\"auto, (max-width: 570px) 100vw, 570px\" \/><\/figure>\n\n\n\n<h3 class=\"wp-block-heading has-text-align-center has-medium-font-size\"><a href=\"https:\/\/airport.previmeteo.com\/alertes-meteo-temps-reel\/\" data-type=\"page\" data-id=\"35\">Real-time alerts<\/a><\/h3>\n\n\n\n<p class=\"has-text-align-center\">Receive real-time weather alerts for optimal responsiveness.<\/p>\n<\/div>\n<\/div>\n\n\n\n<div class=\"wp-block-column is-layout-flow wp-container-core-column-is-layout-1a0eff7f wp-block-column-is-layout-flow\" style=\"flex-basis:33.34%\">\n<div class=\"wp-block-group has-ti-bg-alt-background-color has-background is-layout-constrained wp-container-core-group-is-layout-54d875c6 wp-block-group-is-layout-constrained\" style=\"border-radius:5px;padding-top:32px;padding-right:32px;padding-bottom:32px;padding-left:32px\">\n<figure class=\"wp-block-image size-full\"><img loading=\"lazy\" decoding=\"async\" width=\"552\" height=\"552\" src=\"https:\/\/airside.previmeteo.com\/wp-content\/uploads\/2024\/10\/viabilite-hivernale-ecologique-edited.jpg\" alt=\"D\u00e9neigeuses\" class=\"wp-image-716\" srcset=\"https:\/\/airside.previmeteo.com\/wp-content\/uploads\/2024\/10\/viabilite-hivernale-ecologique-edited.jpg 552w, https:\/\/airside.previmeteo.com\/wp-content\/uploads\/2024\/10\/viabilite-hivernale-ecologique-edited-300x300.jpg 300w, https:\/\/airside.previmeteo.com\/wp-content\/uploads\/2024\/10\/viabilite-hivernale-ecologique-edited-150x150.jpg 150w\" sizes=\"auto, (max-width: 552px) 100vw, 552px\" \/><\/figure>\n\n\n\n<h3 class=\"wp-block-heading has-text-align-center has-medium-font-size\"><a href=\"https:\/\/airport.previmeteo.com\/alertes-meteo-previsionnel\/\" data-type=\"page\" data-id=\"49\">Weather pre-alerts<\/a><\/h3>\n\n\n\n<p class=\"has-text-align-center\">Anticipate with customized forecast weather alerts.<\/p>\n<\/div>\n<\/div>\n\n\n\n<div class=\"wp-block-column is-layout-flow wp-container-core-column-is-layout-1a0eff7f wp-block-column-is-layout-flow\" style=\"flex-basis:33.33%\">\n<div class=\"wp-block-group has-ti-bg-alt-background-color has-background is-layout-constrained wp-container-core-group-is-layout-9a0d9e06 wp-block-group-is-layout-constrained\" style=\"border-radius:5px;padding-top:32px;padding-right:32px;padding-bottom:32px;padding-left:32px\">\n<figure class=\"wp-block-image size-full\"><img loading=\"lazy\" decoding=\"async\" width=\"2448\" height=\"2448\" src=\"https:\/\/airport.previmeteo.com\/wp-content\/uploads\/2024\/09\/IMG_4287-edited.jpg\" alt=\"Tour de contr\u00f4le d'un a\u00e9roport\" class=\"wp-image-453\" srcset=\"https:\/\/airside.previmeteo.com\/wp-content\/uploads\/2024\/09\/IMG_4287-edited.jpg 2448w, https:\/\/airside.previmeteo.com\/wp-content\/uploads\/2024\/09\/IMG_4287-edited-300x300.jpg 300w, https:\/\/airside.previmeteo.com\/wp-content\/uploads\/2024\/09\/IMG_4287-edited-1024x1024.jpg 1024w, https:\/\/airside.previmeteo.com\/wp-content\/uploads\/2024\/09\/IMG_4287-edited-150x150.jpg 150w, https:\/\/airside.previmeteo.com\/wp-content\/uploads\/2024\/09\/IMG_4287-edited-768x768.jpg 768w, https:\/\/airside.previmeteo.com\/wp-content\/uploads\/2024\/09\/IMG_4287-edited-1536x1536.jpg 1536w, https:\/\/airside.previmeteo.com\/wp-content\/uploads\/2024\/09\/IMG_4287-edited-2048x2048.jpg 2048w\" sizes=\"auto, (max-width: 2448px) 100vw, 2448px\" \/><\/figure>\n\n\n\n<h3 class=\"wp-block-heading has-text-align-center has-medium-font-size\"><a href=\"https:\/\/airport.previmeteo.com\/tableaux-de-bord-meteo\/\" data-type=\"page\" data-id=\"51\">Dashboard<\/a><\/h3>\n\n\n\n<p class=\"has-text-align-center\">Visualize key weather data with our intuitive dashboard.<\/p>\n<\/div>\n<\/div>\n<\/div>\n\n\n\n<div class=\"wp-block-columns alignwide is-layout-flex wp-container-core-columns-is-layout-28f84493 wp-block-columns-is-layout-flex\">\n<div class=\"wp-block-column is-layout-flow wp-block-column-is-layout-flow\" style=\"flex-basis:33.34%\">\n<div class=\"wp-block-group has-ti-bg-alt-background-color has-background is-layout-constrained wp-container-core-group-is-layout-54d875c6 wp-block-group-is-layout-constrained\" style=\"border-radius:5px;padding-top:32px;padding-right:32px;padding-bottom:32px;padding-left:32px\">\n<figure class=\"wp-block-image size-full\"><img loading=\"lazy\" decoding=\"async\" width=\"768\" height=\"768\" src=\"https:\/\/airport.previmeteo.com\/wp-content\/uploads\/2024\/09\/Previmeteo-chez-Aeroports-de-Paris-1-edited.jpeg\" alt=\"Assistance m\u00e9t\u00e9o sur les pistes de l'a\u00e9roport de Paris CDG\" class=\"wp-image-562\" srcset=\"https:\/\/airside.previmeteo.com\/wp-content\/uploads\/2024\/09\/Previmeteo-chez-Aeroports-de-Paris-1-edited.jpeg 768w, https:\/\/airside.previmeteo.com\/wp-content\/uploads\/2024\/09\/Previmeteo-chez-Aeroports-de-Paris-1-edited-300x300.jpeg 300w, https:\/\/airside.previmeteo.com\/wp-content\/uploads\/2024\/09\/Previmeteo-chez-Aeroports-de-Paris-1-edited-150x150.jpeg 150w\" sizes=\"auto, (max-width: 768px) 100vw, 768px\" \/><\/figure>\n\n\n\n<h3 class=\"wp-block-heading has-text-align-center has-medium-font-size\"><a href=\"https:\/\/airport.previmeteo.com\/assistance-meteo\/\" data-type=\"page\" data-id=\"53\">Weather assistance<\/a><\/h3>\n\n\n\n<p class=\"has-text-align-center\">Benefit from specialized weather assistance 24\/7.<\/p>\n<\/div>\n<\/div>\n\n\n\n<div class=\"wp-block-column is-layout-flow wp-block-column-is-layout-flow\" style=\"flex-basis:33.34%\">\n<div class=\"wp-block-group has-ti-bg-alt-background-color has-background is-layout-constrained wp-container-core-group-is-layout-54d875c6 wp-block-group-is-layout-constrained\" style=\"border-radius:5px;padding-top:32px;padding-right:32px;padding-bottom:32px;padding-left:32px\">\n<figure class=\"wp-block-image size-full\"><img loading=\"lazy\" decoding=\"async\" width=\"960\" height=\"960\" src=\"https:\/\/airport.previmeteo.com\/wp-content\/uploads\/2024\/09\/IMG_4407-Grande-edited.jpeg\" alt=\"Tracteur de fauchage de l'herbe \u00e0 c\u00f4t\u00e9 des pistes d'a\u00e9roport\" class=\"wp-image-452\" srcset=\"https:\/\/airside.previmeteo.com\/wp-content\/uploads\/2024\/09\/IMG_4407-Grande-edited.jpeg 960w, https:\/\/airside.previmeteo.com\/wp-content\/uploads\/2024\/09\/IMG_4407-Grande-edited-300x300.jpeg 300w, https:\/\/airside.previmeteo.com\/wp-content\/uploads\/2024\/09\/IMG_4407-Grande-edited-150x150.jpeg 150w, https:\/\/airside.previmeteo.com\/wp-content\/uploads\/2024\/09\/IMG_4407-Grande-edited-768x768.jpeg 768w\" sizes=\"auto, (max-width: 960px) 100vw, 960px\" \/><\/figure>\n\n\n\n<h3 class=\"wp-block-heading has-text-align-center has-medium-font-size\"><a href=\"https:\/\/airport.previmeteo.com\/planification-du-fauchage\/\" data-type=\"page\" data-id=\"55\">Mowing planification<\/a><\/h3>\n\n\n\n<p class=\"has-text-align-center\">Strategically plan mowing to reduce wildlife risk.<\/p>\n<\/div>\n<\/div>\n\n\n\n<div class=\"wp-block-column is-layout-flow wp-block-column-is-layout-flow\" style=\"flex-basis:33.33%\">\n<div class=\"wp-block-group has-ti-bg-alt-background-color has-background is-layout-constrained wp-container-core-group-is-layout-54d875c6 wp-block-group-is-layout-constrained\" style=\"border-radius:5px;padding-top:32px;padding-right:32px;padding-bottom:32px;padding-left:32px\">\n<figure class=\"wp-block-image size-full\"><img loading=\"lazy\" decoding=\"async\" width=\"2560\" height=\"2560\" src=\"https:\/\/airside.previmeteo.com\/wp-content\/uploads\/2024\/10\/airport-6-edited-scaled.jpg\" alt=\"Avion en train d'\u00eatre ravitaill\u00e9\" class=\"wp-image-717\" srcset=\"https:\/\/airside.previmeteo.com\/wp-content\/uploads\/2024\/10\/airport-6-edited-scaled.jpg 2560w, https:\/\/airside.previmeteo.com\/wp-content\/uploads\/2024\/10\/airport-6-edited-300x300.jpg 300w, https:\/\/airside.previmeteo.com\/wp-content\/uploads\/2024\/10\/airport-6-edited-1024x1024.jpg 1024w, https:\/\/airside.previmeteo.com\/wp-content\/uploads\/2024\/10\/airport-6-edited-150x150.jpg 150w, https:\/\/airside.previmeteo.com\/wp-content\/uploads\/2024\/10\/airport-6-edited-768x768.jpg 768w, https:\/\/airside.previmeteo.com\/wp-content\/uploads\/2024\/10\/airport-6-edited-1536x1536.jpg 1536w, https:\/\/airside.previmeteo.com\/wp-content\/uploads\/2024\/10\/airport-6-edited-2048x2048.jpg 2048w\" sizes=\"auto, (max-width: 2560px) 100vw, 2560px\" \/><\/figure>\n\n\n\n<h3 class=\"wp-block-heading has-text-align-center has-medium-font-size\"><a href=\"https:\/\/airport.previmeteo.com\/meteo-sur-mesure\/\" data-type=\"page\" data-id=\"57\">Custom needs<\/a><\/h3>\n\n\n\n<p class=\"has-text-align-center\">Custom weather services to meet your unique needs.<\/p>\n<\/div>\n<\/div>\n<\/div>\n<\/div>\n\n\n\n<div class=\"wp-block-group alignfull has-ti-fg-alt-color has-ti-accent-background-color has-text-color has-background is-layout-constrained wp-container-core-group-is-layout-352a731e wp-block-group-is-layout-constrained\" style=\"margin-top:0px;margin-bottom:0px;padding-top:64px;padding-bottom:64px\">\n<div class=\"wp-block-columns alignwide is-layout-flex wp-container-core-columns-is-layout-28f84493 wp-block-columns-is-layout-flex\">\n<div class=\"wp-block-column is-vertically-aligned-center is-layout-flow wp-block-column-is-layout-flow\">\n<h2 class=\"wp-block-heading\"><strong>Our custom weather services.<\/strong><\/h2>\n\n\n\n<p>Discover our range of weather services for the airport sector: real-time alerts, detailed forecasts, an intuitive dashboard, assistance, and mowing planning. Each tool is customized to meet the specific needs of your airport, ensuring optimal and secure management of operations.<br><\/p>\n<\/div>\n\n\n\n<div class=\"wp-block-column is-vertically-aligned-center is-layout-flow wp-block-column-is-layout-flow\">\n<figure class=\"wp-block-image size-full\"><img loading=\"lazy\" decoding=\"async\" width=\"2448\" height=\"2448\" src=\"https:\/\/airport.previmeteo.com\/wp-content\/uploads\/2024\/09\/IMG_4287-edited.jpg\" alt=\"Tour de contr\u00f4le d'un a\u00e9roport\" class=\"wp-image-453\" srcset=\"https:\/\/airside.previmeteo.com\/wp-content\/uploads\/2024\/09\/IMG_4287-edited.jpg 2448w, https:\/\/airside.previmeteo.com\/wp-content\/uploads\/2024\/09\/IMG_4287-edited-300x300.jpg 300w, https:\/\/airside.previmeteo.com\/wp-content\/uploads\/2024\/09\/IMG_4287-edited-1024x1024.jpg 1024w, https:\/\/airside.previmeteo.com\/wp-content\/uploads\/2024\/09\/IMG_4287-edited-150x150.jpg 150w, https:\/\/airside.previmeteo.com\/wp-content\/uploads\/2024\/09\/IMG_4287-edited-768x768.jpg 768w, https:\/\/airside.previmeteo.com\/wp-content\/uploads\/2024\/09\/IMG_4287-edited-1536x1536.jpg 1536w, https:\/\/airside.previmeteo.com\/wp-content\/uploads\/2024\/09\/IMG_4287-edited-2048x2048.jpg 2048w\" sizes=\"auto, (max-width: 2448px) 100vw, 2448px\" \/><\/figure>\n<\/div>\n\n\n\n<div class=\"wp-block-column is-vertically-aligned-center is-layout-flow wp-block-column-is-layout-flow\">\n<figure class=\"wp-block-image size-full\"><img loading=\"lazy\" decoding=\"async\" width=\"570\" height=\"570\" src=\"https:\/\/airport.previmeteo.com\/wp-content\/uploads\/2024\/09\/rafale-vent-certificat-edited.jpeg\" alt=\"Manche \u00e0 air\" class=\"wp-image-417\" srcset=\"https:\/\/airside.previmeteo.com\/wp-content\/uploads\/2024\/09\/rafale-vent-certificat-edited.jpeg 570w, https:\/\/airside.previmeteo.com\/wp-content\/uploads\/2024\/09\/rafale-vent-certificat-edited-300x300.jpeg 300w, https:\/\/airside.previmeteo.com\/wp-content\/uploads\/2024\/09\/rafale-vent-certificat-edited-150x150.jpeg 150w\" sizes=\"auto, (max-width: 570px) 100vw, 570px\" \/><\/figure>\n<\/div>\n<\/div>\n<\/div>\n\n\n\n<div class=\"wp-block-group alignfull has-ti-fg-alt-color has-ti-bg-inv-background-color has-text-color has-background has-link-color wp-elements-f5935ba41cc43db3ad91edd134f88dae is-layout-constrained wp-block-group-is-layout-constrained\" style=\"margin-top:0;margin-bottom:0;padding-top:64px;padding-bottom:64px\">\n<div class=\"wp-block-columns alignwide is-layout-flex wp-container-core-columns-is-layout-28232c24 wp-block-columns-is-layout-flex\">\n<div class=\"wp-block-column is-vertically-aligned-center is-layout-flow wp-block-column-is-layout-flow\">\n<figure class=\"wp-block-image size-full\"><img loading=\"lazy\" decoding=\"async\" width=\"750\" height=\"750\" src=\"https:\/\/airside.previmeteo.com\/wp-content\/uploads\/2024\/10\/31-1.png\" alt=\"Visuel de l'application Previmeteo Airside Manager, services m\u00e9t\u00e9o pour les op\u00e9rations a\u00e9roportuaires\" class=\"wp-image-1005\" srcset=\"https:\/\/airside.previmeteo.com\/wp-content\/uploads\/2024\/10\/31-1.png 750w, https:\/\/airside.previmeteo.com\/wp-content\/uploads\/2024\/10\/31-1-300x300.png 300w, https:\/\/airside.previmeteo.com\/wp-content\/uploads\/2024\/10\/31-1-150x150.png 150w, https:\/\/airside.previmeteo.com\/wp-content\/uploads\/2024\/10\/31-1-12x12.png 12w\" sizes=\"auto, (max-width: 750px) 100vw, 750px\" \/><\/figure>\n<\/div>\n\n\n\n<div class=\"wp-block-column is-vertically-aligned-center is-layout-flow wp-block-column-is-layout-flow\" style=\"padding-top:24px;padding-right:24px;padding-bottom:24px;padding-left:24px\">\n<h2 class=\"wp-block-heading\">Weather for the airport sector, but not just that...<\/h2>\n\n\n\n<p>Previmeteo offers customized weather services for a wide range of sectors, including construction, distribution, energy, and events. Our services are designed to meet the specific needs of each industry, providing personalized forecasts and tailored alerts to optimize your operations and ensure their success.<\/p>\n\n\n\n<div class=\"wp-block-buttons is-layout-flex wp-block-buttons-is-layout-flex\">\n<div class=\"wp-block-button\"><a class=\"wp-block-button__link wp-element-button\" href=\"https:\/\/www.previmeteo.com\/services\/\">Discover our other general weather services<\/a><\/div>\n<\/div>\n<\/div>\n<\/div>\n<\/div>","protected":false},"excerpt":{"rendered":"<p>Retrouver tous nos services m\u00e9t\u00e9o Nous proposons une gamme compl\u00e8te de services m\u00e9t\u00e9o personnalis\u00e9s pour les a\u00e9roports, incluant alertes en temps r\u00e9el, assistance et outils de planification pour optimiser vos op\u00e9rations. Alertes temps r\u00e9el Recevez des alertes m\u00e9t\u00e9o en temps r\u00e9el pour une r\u00e9activit\u00e9 optimale. Pr\u00e9-alertes m\u00e9t\u00e9o Anticipez avec des alertes m\u00e9t\u00e9o pr\u00e9visionnelles personnalis\u00e9es. Tableau [&hellip;]<\/p>","protected":false},"author":1,"featured_media":0,"parent":0,"menu_order":0,"comment_status":"closed","ping_status":"closed","template":"","meta":{"footnotes":""},"class_list":["post-33","page","type-page","status-publish","hentry"],"yoast_head":"<!-- This site is optimized with the Yoast SEO plugin v24.9 - https:\/\/yoast.com\/wordpress\/plugins\/seo\/ -->\n<title>Weather services for airport operations - Previmeteo Airside Manager<\/title>\n<meta name=\"description\" content=\"Des pr\u00e9visions m\u00e9t\u00e9o sur mesure pour garantir la s\u00e9curit\u00e9 et l&#039;efficacit\u00e9 de vos op\u00e9rations a\u00e9roportuaires.\" \/>\n<meta name=\"robots\" content=\"index, follow, max-snippet:-1, max-image-preview:large, max-video-preview:-1\" \/>\n<link rel=\"canonical\" href=\"https:\/\/airside.previmeteo.com\/en\/services-meteo\/\" \/>\n<meta property=\"og:locale\" content=\"en_GB\" \/>\n<meta property=\"og:type\" content=\"article\" \/>\n<meta property=\"og:title\" content=\"Weather services for airport operations - Previmeteo Airside Manager\" \/>\n<meta property=\"og:description\" content=\"Des pr\u00e9visions m\u00e9t\u00e9o sur mesure pour garantir la s\u00e9curit\u00e9 et l&#039;efficacit\u00e9 de vos op\u00e9rations a\u00e9roportuaires.\" \/>\n<meta property=\"og:url\" content=\"https:\/\/airside.previmeteo.com\/en\/services-meteo\/\" \/>\n<meta property=\"og:site_name\" content=\"Previmeteo Airside Manager\" \/>\n<meta property=\"article:modified_time\" content=\"2025-03-25T08:11:14+00:00\" \/>\n<meta property=\"og:image\" content=\"https:\/\/airside.previmeteo.com\/wp-content\/uploads\/2024\/09\/services-meteo.webp\" \/>\n\t<meta property=\"og:image:width\" content=\"1792\" \/>\n\t<meta property=\"og:image:height\" content=\"1024\" \/>\n\t<meta property=\"og:image:type\" content=\"image\/webp\" \/>\n<meta name=\"twitter:card\" content=\"summary_large_image\" \/>\n<meta name=\"twitter:label1\" content=\"Estimated reading time\" \/>\n\t<meta name=\"twitter:data1\" content=\"4 minutes\" \/>\n<script type=\"application\/ld+json\" class=\"yoast-schema-graph\">{\"@context\":\"https:\/\/schema.org\",\"@graph\":[{\"@type\":\"WebPage\",\"@id\":\"https:\/\/airside.previmeteo.com\/services-meteo\/\",\"url\":\"https:\/\/airside.previmeteo.com\/services-meteo\/\",\"name\":\"Weather services for airport operations - Previmeteo Airside Manager\",\"isPartOf\":{\"@id\":\"https:\/\/airside.previmeteo.com\/en\/#website\"},\"primaryImageOfPage\":{\"@id\":\"https:\/\/airside.previmeteo.com\/services-meteo\/#primaryimage\"},\"image\":{\"@id\":\"https:\/\/airside.previmeteo.com\/services-meteo\/#primaryimage\"},\"thumbnailUrl\":\"https:\/\/airport.previmeteo.com\/wp-content\/uploads\/2024\/09\/services-meteo.webp\",\"datePublished\":\"2024-09-05T08:02:30+00:00\",\"dateModified\":\"2025-03-25T08:11:14+00:00\",\"description\":\"Des pr\u00e9visions m\u00e9t\u00e9o sur mesure pour garantir la s\u00e9curit\u00e9 et l'efficacit\u00e9 de vos op\u00e9rations a\u00e9roportuaires.\",\"breadcrumb\":{\"@id\":\"https:\/\/airside.previmeteo.com\/services-meteo\/#breadcrumb\"},\"inLanguage\":\"en-GB\",\"potentialAction\":[{\"@type\":\"ReadAction\",\"target\":[\"https:\/\/airside.previmeteo.com\/services-meteo\/\"]}]},{\"@type\":\"ImageObject\",\"inLanguage\":\"en-GB\",\"@id\":\"https:\/\/airside.previmeteo.com\/services-meteo\/#primaryimage\",\"url\":\"https:\/\/airport.previmeteo.com\/wp-content\/uploads\/2024\/09\/services-meteo.webp\",\"contentUrl\":\"https:\/\/airport.previmeteo.com\/wp-content\/uploads\/2024\/09\/services-meteo.webp\"},{\"@type\":\"BreadcrumbList\",\"@id\":\"https:\/\/airside.previmeteo.com\/services-meteo\/#breadcrumb\",\"itemListElement\":[{\"@type\":\"ListItem\",\"position\":1,\"name\":\"Accueil\",\"item\":\"https:\/\/airside.previmeteo.com\/\"},{\"@type\":\"ListItem\",\"position\":2,\"name\":\"Weather services for airport operations\"}]},{\"@type\":\"WebSite\",\"@id\":\"https:\/\/airside.previmeteo.com\/en\/#website\",\"url\":\"https:\/\/airside.previmeteo.com\/en\/\",\"name\":\"Previmeteo Airside Manager\",\"description\":\"\",\"potentialAction\":[{\"@type\":\"SearchAction\",\"target\":{\"@type\":\"EntryPoint\",\"urlTemplate\":\"https:\/\/airside.previmeteo.com\/en\/?s={search_term_string}\"},\"query-input\":{\"@type\":\"PropertyValueSpecification\",\"valueRequired\":true,\"valueName\":\"search_term_string\"}}],\"inLanguage\":\"en-GB\"}]}<\/script>\n<!-- \/ Yoast SEO plugin. -->","yoast_head_json":{"title":"Weather services for airport operations - Previmeteo Airside Manager","description":"Des pr\u00e9visions m\u00e9t\u00e9o sur mesure pour garantir la s\u00e9curit\u00e9 et l'efficacit\u00e9 de vos op\u00e9rations a\u00e9roportuaires.","robots":{"index":"index","follow":"follow","max-snippet":"max-snippet:-1","max-image-preview":"max-image-preview:large","max-video-preview":"max-video-preview:-1"},"canonical":"https:\/\/airside.previmeteo.com\/en\/services-meteo\/","og_locale":"en_GB","og_type":"article","og_title":"Weather services for airport operations - Previmeteo Airside Manager","og_description":"Des pr\u00e9visions m\u00e9t\u00e9o sur mesure pour garantir la s\u00e9curit\u00e9 et l'efficacit\u00e9 de vos op\u00e9rations a\u00e9roportuaires.","og_url":"https:\/\/airside.previmeteo.com\/en\/services-meteo\/","og_site_name":"Previmeteo Airside Manager","article_modified_time":"2025-03-25T08:11:14+00:00","og_image":[{"width":1792,"height":1024,"url":"https:\/\/airside.previmeteo.com\/wp-content\/uploads\/2024\/09\/services-meteo.webp","type":"image\/webp"}],"twitter_card":"summary_large_image","twitter_misc":{"Estimated reading time":"4 minutes"},"schema":{"@context":"https:\/\/schema.org","@graph":[{"@type":"WebPage","@id":"https:\/\/airside.previmeteo.com\/services-meteo\/","url":"https:\/\/airside.previmeteo.com\/services-meteo\/","name":"Weather services for airport operations - Previmeteo Airside Manager","isPartOf":{"@id":"https:\/\/airside.previmeteo.com\/en\/#website"},"primaryImageOfPage":{"@id":"https:\/\/airside.previmeteo.com\/services-meteo\/#primaryimage"},"image":{"@id":"https:\/\/airside.previmeteo.com\/services-meteo\/#primaryimage"},"thumbnailUrl":"https:\/\/airport.previmeteo.com\/wp-content\/uploads\/2024\/09\/services-meteo.webp","datePublished":"2024-09-05T08:02:30+00:00","dateModified":"2025-03-25T08:11:14+00:00","description":"Des pr\u00e9visions m\u00e9t\u00e9o sur mesure pour garantir la s\u00e9curit\u00e9 et l'efficacit\u00e9 de vos op\u00e9rations a\u00e9roportuaires.","breadcrumb":{"@id":"https:\/\/airside.previmeteo.com\/services-meteo\/#breadcrumb"},"inLanguage":"en-GB","potentialAction":[{"@type":"ReadAction","target":["https:\/\/airside.previmeteo.com\/services-meteo\/"]}]},{"@type":"ImageObject","inLanguage":"en-GB","@id":"https:\/\/airside.previmeteo.com\/services-meteo\/#primaryimage","url":"https:\/\/airport.previmeteo.com\/wp-content\/uploads\/2024\/09\/services-meteo.webp","contentUrl":"https:\/\/airport.previmeteo.com\/wp-content\/uploads\/2024\/09\/services-meteo.webp"},{"@type":"BreadcrumbList","@id":"https:\/\/airside.previmeteo.com\/services-meteo\/#breadcrumb","itemListElement":[{"@type":"ListItem","position":1,"name":"Accueil","item":"https:\/\/airside.previmeteo.com\/"},{"@type":"ListItem","position":2,"name":"Weather services for airport operations"}]},{"@type":"WebSite","@id":"https:\/\/airside.previmeteo.com\/en\/#website","url":"https:\/\/airside.previmeteo.com\/en\/","name":"Previmeteo Airside Manager","description":"","potentialAction":[{"@type":"SearchAction","target":{"@type":"EntryPoint","urlTemplate":"https:\/\/airside.previmeteo.com\/en\/?s={search_term_string}"},"query-input":{"@type":"PropertyValueSpecification","valueRequired":true,"valueName":"search_term_string"}}],"inLanguage":"en-GB"}]}},"_links":{"self":[{"href":"https:\/\/airside.previmeteo.com\/en\/wp-json\/wp\/v2\/pages\/33","targetHints":{"allow":["GET"]}}],"collection":[{"href":"https:\/\/airside.previmeteo.com\/en\/wp-json\/wp\/v2\/pages"}],"about":[{"href":"https:\/\/airside.previmeteo.com\/en\/wp-json\/wp\/v2\/types\/page"}],"author":[{"embeddable":true,"href":"https:\/\/airside.previmeteo.com\/en\/wp-json\/wp\/v2\/users\/1"}],"replies":[{"embeddable":true,"href":"https:\/\/airside.previmeteo.com\/en\/wp-json\/wp\/v2\/comments?post=33"}],"version-history":[{"count":45,"href":"https:\/\/airside.previmeteo.com\/en\/wp-json\/wp\/v2\/pages\/33\/revisions"}],"predecessor-version":[{"id":1042,"href":"https:\/\/airside.previmeteo.com\/en\/wp-json\/wp\/v2\/pages\/33\/revisions\/1042"}],"wp:attachment":[{"href":"https:\/\/airside.previmeteo.com\/en\/wp-json\/wp\/v2\/media?parent=33"}],"curies":[{"name":"wp","href":"https:\/\/api.w.org\/{rel}","templated":true}]}}