{"id":27,"date":"2024-09-05T10:00:11","date_gmt":"2024-09-05T08:00:11","guid":{"rendered":"https:\/\/airport.previmeteo.com\/?page_id=27"},"modified":"2025-03-25T09:11:52","modified_gmt":"2025-03-25T08:11:52","slug":"a-propos","status":"publish","type":"page","link":"https:\/\/airside.previmeteo.com\/en\/a-propos\/","title":{"rendered":"About us"},"content":{"rendered":"<div class=\"wp-block-cover alignfull\" style=\"margin-top:0;margin-bottom:0;padding-top:24px;padding-right:24px;padding-bottom:24px;padding-left:24px;min-height:571px;aspect-ratio:unset;\"><span aria-hidden=\"true\" class=\"wp-block-cover__background has-ti-bg-inv-background-color has-background-dim\"><\/span><img loading=\"lazy\" decoding=\"async\" width=\"1024\" height=\"576\" class=\"wp-block-cover__image-background wp-image-429\" alt=\"Image d'illustration d'une montgolfi\u00e8re au dessus de vignes Previmeteo m\u00e9t\u00e9o a\u00e9roport\" src=\"https:\/\/airport.previmeteo.com\/wp-content\/uploads\/2024\/09\/previmeteo-histoire-edited.jpg\" data-object-fit=\"cover\" srcset=\"https:\/\/airside.previmeteo.com\/wp-content\/uploads\/2024\/09\/previmeteo-histoire-edited.jpg 1024w, https:\/\/airside.previmeteo.com\/wp-content\/uploads\/2024\/09\/previmeteo-histoire-edited-300x169.jpg 300w, https:\/\/airside.previmeteo.com\/wp-content\/uploads\/2024\/09\/previmeteo-histoire-edited-768x432.jpg 768w\" sizes=\"auto, (max-width: 1024px) 100vw, 1024px\" \/><div class=\"wp-block-cover__inner-container is-layout-flow wp-block-cover-is-layout-flow\">\n<div class=\"wp-block-group has-ti-fg-alt-color has-text-color is-layout-constrained wp-block-group-is-layout-constrained\">\n<h1 class=\"wp-block-heading has-text-align-center has-huge-font-size\">About Us<\/h1>\n\n\n\n<p class=\"has-text-align-center\">Born from a need for accurate weather forecasts for hot air balloons, our service has expanded to offer personalized weather services for airports. For over 20 years, we have been using our expertise to ensure safety and effective management of airport operations.<\/p>\n<\/div>\n<\/div><\/div>\n\n\n\n<div class=\"wp-block-group alignfull is-layout-constrained wp-block-group-is-layout-constrained\" style=\"margin-top:0;margin-bottom:0;padding-top:64px;padding-bottom:64px\">\n<div class=\"wp-block-columns alignwide is-layout-flex wp-container-core-columns-is-layout-28232c24 wp-block-columns-is-layout-flex\">\n<div class=\"wp-block-column is-vertically-aligned-center is-layout-flow wp-block-column-is-layout-flow\" style=\"padding-top:24px;padding-right:24px;padding-bottom:24px;padding-left:24px\">\n<h2 class=\"wp-block-heading\">A story of weather accuracy<\/h2>\n\n\n\n<p>It all began in 2002, with Jean-Pierre Bouchillou, a passionate hot air balloon pilot, who was desperately seeking accurate weather forecasts to ensure the safety of his flights. At that time, no solution on the market met his specific needs. Determined to fill this gap, he set himself an ambitious goal: to create his own personalized weather forecasting service.<\/p>\n\n\n\n<p class=\" translation-block\">After several phases of testing and optimization, this innovative service was born. Launched online under the name <strong>Previmeteo<\/strong>, it quickly caught the attention of professionals seeking reliable and detailed weather data. Among them, <strong>A\u00e9roports de Paris<\/strong> was the first to adopt this service to optimize the winter management of their infrastructures, becoming Previmeteo's first iconic client, still loyal to this day.<\/p>\n\n\n\n<p class=\" translation-block\">Since then, <strong>Previmeteo<\/strong> has continued to evolve. New innovative services have emerged, tailored to the diverse needs of the aeronautical sectors and other industries. With the ability to provide customized weather forecasts and recognized expertise, Previmeteo has gained the trust of numerous clients around the world.<\/p>\n\n\n\n<p>After over 20 years of expertise, we have become a reference in the field of weather services for airports, where accuracy and responsiveness are our watchwords.<\/p>\n\n\n\n<div class=\"wp-block-buttons is-content-justification-center is-layout-flex wp-container-core-buttons-is-layout-a89b3969 wp-block-buttons-is-layout-flex\">\n<div class=\"wp-block-button\"><a class=\"wp-block-button__link wp-element-button\" href=\"https:\/\/airport.previmeteo.com\/contact\/\">Let's talk about it<\/a><\/div>\n<\/div>\n<\/div>\n\n\n\n<div class=\"wp-block-column is-vertically-aligned-center is-layout-flow wp-block-column-is-layout-flow\">\n<figure class=\"wp-block-image aligncenter size-full\"><img loading=\"lazy\" decoding=\"async\" width=\"1707\" height=\"2560\" src=\"https:\/\/airport.previmeteo.com\/wp-content\/uploads\/2024\/09\/IMG_4765-scaled.jpg\" alt=\"Nacelle de la montgolfi\u00e8re de Jean-Pierre Bouchillou avec un logo de Previmeteo m\u00e9t\u00e9o a\u00e9roport\" class=\"wp-image-292\" srcset=\"https:\/\/airside.previmeteo.com\/wp-content\/uploads\/2024\/09\/IMG_4765-scaled.jpg 1707w, https:\/\/airside.previmeteo.com\/wp-content\/uploads\/2024\/09\/IMG_4765-200x300.jpg 200w, https:\/\/airside.previmeteo.com\/wp-content\/uploads\/2024\/09\/IMG_4765-683x1024.jpg 683w, https:\/\/airside.previmeteo.com\/wp-content\/uploads\/2024\/09\/IMG_4765-768x1152.jpg 768w, https:\/\/airside.previmeteo.com\/wp-content\/uploads\/2024\/09\/IMG_4765-1024x1536.jpg 1024w, https:\/\/airside.previmeteo.com\/wp-content\/uploads\/2024\/09\/IMG_4765-1365x2048.jpg 1365w\" sizes=\"auto, (max-width: 1707px) 100vw, 1707px\" \/><\/figure>\n<\/div>\n<\/div>\n<\/div>\n\n\n\n<div class=\"wp-block-group alignfull has-ti-fg-alt-color has-ti-accent-background-color has-text-color has-background is-layout-constrained wp-container-core-group-is-layout-352a731e wp-block-group-is-layout-constrained\" style=\"margin-top:0px;margin-bottom:0px;padding-top:64px;padding-bottom:64px\">\n<div class=\"wp-block-group alignwide is-layout-flow wp-block-group-is-layout-flow\">\n<h2 class=\"wp-block-heading has-text-align-center\">Our purpose<\/h2>\n\n\n\n<p class=\"has-text-align-center\"><strong>Our weather services contribute to the safety and efficiency of airport operations while supporting the Sustainable Development Goals.<\/strong><\/p>\n<\/div>\n<\/div>\n\n\n\n<div class=\"wp-block-group alignfull has-ti-fg-alt-color has-ti-bg-inv-background-color has-text-color has-background is-layout-constrained wp-container-core-group-is-layout-4fdf28be wp-block-group-is-layout-constrained\" style=\"margin-top:0px;margin-bottom:0px;padding-top:64px;padding-bottom:64px\">\n<div class=\"wp-block-group alignwide is-layout-constrained wp-container-core-group-is-layout-105570a8 wp-block-group-is-layout-constrained\">\n<h2 class=\"wp-block-heading has-text-align-center\">Our values<\/h2>\n<\/div>\n\n\n\n<div class=\"wp-block-columns alignwide is-layout-flex wp-container-core-columns-is-layout-28f84493 wp-block-columns-is-layout-flex\">\n<div class=\"wp-block-column is-layout-flow wp-block-column-is-layout-flow\" style=\"flex-basis:33.34%\">\n<div class=\"wp-block-group has-ti-bg-inv-background-color has-background is-layout-constrained wp-container-core-group-is-layout-138c33e9 wp-block-group-is-layout-constrained\" style=\"border-width:1px;padding-top:32px;padding-right:32px;padding-bottom:32px;padding-left:32px\">\n<figure class=\"wp-block-image size-full\"><img loading=\"lazy\" decoding=\"async\" width=\"500\" height=\"500\" src=\"https:\/\/airport.previmeteo.com\/wp-content\/uploads\/2024\/09\/14.png\" alt=\"Poign\u00e9e de mains\" class=\"wp-image-556\" srcset=\"https:\/\/airside.previmeteo.com\/wp-content\/uploads\/2024\/09\/14.png 500w, https:\/\/airside.previmeteo.com\/wp-content\/uploads\/2024\/09\/14-300x300.png 300w, https:\/\/airside.previmeteo.com\/wp-content\/uploads\/2024\/09\/14-150x150.png 150w\" sizes=\"auto, (max-width: 500px) 100vw, 500px\" \/><\/figure>\n\n\n\n<h3 class=\"wp-block-heading has-text-align-center has-medium-font-size\"><strong>Humane<\/strong><\/h3>\n\n\n\n<p class=\"has-text-align-center\">We are committed to understanding and addressing the unique needs of each airport, constantly learning from their diversity to provide custom solutions.<\/p>\n<\/div>\n<\/div>\n\n\n\n<div class=\"wp-block-column is-layout-flow wp-block-column-is-layout-flow\" style=\"flex-basis:33.34%\">\n<div class=\"wp-block-group has-ti-bg-inv-background-color has-background is-layout-constrained wp-container-core-group-is-layout-138c33e9 wp-block-group-is-layout-constrained\" style=\"border-width:1px;padding-top:32px;padding-right:32px;padding-bottom:32px;padding-left:32px\">\n<figure class=\"wp-block-image size-full\"><img loading=\"lazy\" decoding=\"async\" width=\"500\" height=\"500\" src=\"https:\/\/airport.previmeteo.com\/wp-content\/uploads\/2024\/09\/15.png\" alt=\"Ampoule pour symboliser l'id\u00e9e\" class=\"wp-image-557\" srcset=\"https:\/\/airside.previmeteo.com\/wp-content\/uploads\/2024\/09\/15.png 500w, https:\/\/airside.previmeteo.com\/wp-content\/uploads\/2024\/09\/15-300x300.png 300w, https:\/\/airside.previmeteo.com\/wp-content\/uploads\/2024\/09\/15-150x150.png 150w\" sizes=\"auto, (max-width: 500px) 100vw, 500px\" \/><\/figure>\n\n\n\n<h3 class=\"wp-block-heading has-text-align-center has-medium-font-size\"><strong>Innovation<\/strong><\/h3>\n\n\n\n<p class=\"has-text-align-center\">We are constantly innovating in the airport sector by using advanced technologies to create efficient tools that address the challenges of our clients.<\/p>\n<\/div>\n<\/div>\n\n\n\n<div class=\"wp-block-column is-layout-flow wp-block-column-is-layout-flow\" style=\"flex-basis:33.33%\">\n<div class=\"wp-block-group has-ti-bg-inv-background-color has-background is-layout-constrained wp-container-core-group-is-layout-138c33e9 wp-block-group-is-layout-constrained\" style=\"border-width:1px;padding-top:32px;padding-right:32px;padding-bottom:32px;padding-left:32px\">\n<figure class=\"wp-block-image size-full\"><img loading=\"lazy\" decoding=\"async\" width=\"500\" height=\"500\" src=\"https:\/\/airport.previmeteo.com\/wp-content\/uploads\/2024\/09\/16.png\" alt=\"Smiley satisfait\" class=\"wp-image-558\" srcset=\"https:\/\/airside.previmeteo.com\/wp-content\/uploads\/2024\/09\/16.png 500w, https:\/\/airside.previmeteo.com\/wp-content\/uploads\/2024\/09\/16-300x300.png 300w, https:\/\/airside.previmeteo.com\/wp-content\/uploads\/2024\/09\/16-150x150.png 150w\" sizes=\"auto, (max-width: 500px) 100vw, 500px\" \/><\/figure>\n\n\n\n<h3 class=\"wp-block-heading has-text-align-center has-medium-font-size\">Satisfaction<\/h3>\n\n\n\n<p class=\"has-text-align-center\">In the airport sector, we build trusting relationships by collaborating closely to provide custom weather services and exceed our clients' expectations.<\/p>\n<\/div>\n<\/div>\n\n\n\n<div class=\"wp-block-column is-layout-flow wp-block-column-is-layout-flow\" style=\"flex-basis:33.34%\">\n<div class=\"wp-block-group has-ti-bg-inv-background-color has-background is-layout-constrained wp-container-core-group-is-layout-138c33e9 wp-block-group-is-layout-constrained\" style=\"border-width:1px;padding-top:32px;padding-right:32px;padding-bottom:32px;padding-left:32px\">\n<figure class=\"wp-block-image size-full\"><img loading=\"lazy\" decoding=\"async\" width=\"500\" height=\"500\" src=\"https:\/\/airport.previmeteo.com\/wp-content\/uploads\/2024\/09\/17.png\" alt=\"Oiseau pour symboliser la libert\u00e9\" class=\"wp-image-559\" srcset=\"https:\/\/airside.previmeteo.com\/wp-content\/uploads\/2024\/09\/17.png 500w, https:\/\/airside.previmeteo.com\/wp-content\/uploads\/2024\/09\/17-300x300.png 300w, https:\/\/airside.previmeteo.com\/wp-content\/uploads\/2024\/09\/17-150x150.png 150w\" sizes=\"auto, (max-width: 500px) 100vw, 500px\" \/><\/figure>\n\n\n\n<h3 class=\"wp-block-heading has-text-align-center has-medium-font-size\">Independence<\/h3>\n\n\n\n<p class=\"has-text-align-center\">Since 2002, as an independent weather service for the airport sector, we combine strategic freedom with a commitment to optimal service quality.<\/p>\n<\/div>\n<\/div>\n<\/div>\n<\/div>","protected":false},"excerpt":{"rendered":"<p>Une histoire de pr\u00e9cision m\u00e9t\u00e9orologique Tout a commenc\u00e9 en 2002, avec Jean-Pierre Bouchillou, pilote passionn\u00e9 de montgolfi\u00e8re, qui cherchait d\u00e9sesp\u00e9r\u00e9ment des pr\u00e9visions m\u00e9t\u00e9o pr\u00e9cises pour s\u00e9curiser ses vols. \u00c0 cette \u00e9poque, aucune solution sur le march\u00e9 ne r\u00e9pondait \u00e0 ses besoins sp\u00e9cifiques. D\u00e9termin\u00e9 \u00e0 combler ce manque, il s&rsquo;est fix\u00e9 un objectif ambitieux : cr\u00e9er [&hellip;]<\/p>","protected":false},"author":1,"featured_media":0,"parent":0,"menu_order":0,"comment_status":"closed","ping_status":"closed","template":"","meta":{"footnotes":""},"class_list":["post-27","page","type-page","status-publish","hentry"],"yoast_head":"<!-- This site is optimized with the Yoast SEO plugin v24.9 - https:\/\/yoast.com\/wordpress\/plugins\/seo\/ -->\n<title>About us - Previmeteo Airside Manager<\/title>\n<meta name=\"description\" content=\"Depuis plus de 20 ans chez Previmeteo, nous mettons notre savoir-faire au service de la s\u00e9curit\u00e9 et de la gestion des op\u00e9rations a\u00e9roportuaires.\" \/>\n<meta name=\"robots\" content=\"index, follow, max-snippet:-1, max-image-preview:large, max-video-preview:-1\" \/>\n<link rel=\"canonical\" href=\"https:\/\/airside.previmeteo.com\/en\/a-propos\/\" \/>\n<meta property=\"og:locale\" content=\"en_GB\" \/>\n<meta property=\"og:type\" content=\"article\" \/>\n<meta property=\"og:title\" content=\"About us - Previmeteo Airside Manager\" \/>\n<meta property=\"og:description\" content=\"Depuis plus de 20 ans chez Previmeteo, nous mettons notre savoir-faire au service de la s\u00e9curit\u00e9 et de la gestion des op\u00e9rations a\u00e9roportuaires.\" \/>\n<meta property=\"og:url\" content=\"https:\/\/airside.previmeteo.com\/en\/a-propos\/\" \/>\n<meta property=\"og:site_name\" content=\"Previmeteo Airside Manager\" \/>\n<meta property=\"article:modified_time\" content=\"2025-03-25T08:11:52+00:00\" \/>\n<meta property=\"og:image\" content=\"https:\/\/airside.previmeteo.com\/wp-content\/uploads\/2024\/09\/previmeteo-histoire-edited.jpg\" \/>\n\t<meta property=\"og:image:width\" content=\"1024\" \/>\n\t<meta property=\"og:image:height\" content=\"576\" \/>\n\t<meta property=\"og:image:type\" content=\"image\/jpeg\" \/>\n<meta name=\"twitter:card\" content=\"summary_large_image\" \/>\n<meta name=\"twitter:label1\" content=\"Estimated reading time\" \/>\n\t<meta name=\"twitter:data1\" content=\"4 minutes\" \/>\n<script type=\"application\/ld+json\" class=\"yoast-schema-graph\">{\"@context\":\"https:\/\/schema.org\",\"@graph\":[{\"@type\":\"WebPage\",\"@id\":\"https:\/\/airside.previmeteo.com\/a-propos\/\",\"url\":\"https:\/\/airside.previmeteo.com\/a-propos\/\",\"name\":\"About us - Previmeteo Airside Manager\",\"isPartOf\":{\"@id\":\"https:\/\/airside.previmeteo.com\/en\/#website\"},\"primaryImageOfPage\":{\"@id\":\"https:\/\/airside.previmeteo.com\/a-propos\/#primaryimage\"},\"image\":{\"@id\":\"https:\/\/airside.previmeteo.com\/a-propos\/#primaryimage\"},\"thumbnailUrl\":\"https:\/\/airport.previmeteo.com\/wp-content\/uploads\/2024\/09\/previmeteo-histoire-edited.jpg\",\"datePublished\":\"2024-09-05T08:00:11+00:00\",\"dateModified\":\"2025-03-25T08:11:52+00:00\",\"description\":\"Depuis plus de 20 ans chez Previmeteo, nous mettons notre savoir-faire au service de la s\u00e9curit\u00e9 et de la gestion des op\u00e9rations a\u00e9roportuaires.\",\"breadcrumb\":{\"@id\":\"https:\/\/airside.previmeteo.com\/a-propos\/#breadcrumb\"},\"inLanguage\":\"en-GB\",\"potentialAction\":[{\"@type\":\"ReadAction\",\"target\":[\"https:\/\/airside.previmeteo.com\/a-propos\/\"]}]},{\"@type\":\"ImageObject\",\"inLanguage\":\"en-GB\",\"@id\":\"https:\/\/airside.previmeteo.com\/a-propos\/#primaryimage\",\"url\":\"https:\/\/airport.previmeteo.com\/wp-content\/uploads\/2024\/09\/previmeteo-histoire-edited.jpg\",\"contentUrl\":\"https:\/\/airport.previmeteo.com\/wp-content\/uploads\/2024\/09\/previmeteo-histoire-edited.jpg\"},{\"@type\":\"BreadcrumbList\",\"@id\":\"https:\/\/airside.previmeteo.com\/a-propos\/#breadcrumb\",\"itemListElement\":[{\"@type\":\"ListItem\",\"position\":1,\"name\":\"Accueil\",\"item\":\"https:\/\/airside.previmeteo.com\/\"},{\"@type\":\"ListItem\",\"position\":2,\"name\":\"About us\"}]},{\"@type\":\"WebSite\",\"@id\":\"https:\/\/airside.previmeteo.com\/en\/#website\",\"url\":\"https:\/\/airside.previmeteo.com\/en\/\",\"name\":\"Previmeteo Airside Manager\",\"description\":\"\",\"potentialAction\":[{\"@type\":\"SearchAction\",\"target\":{\"@type\":\"EntryPoint\",\"urlTemplate\":\"https:\/\/airside.previmeteo.com\/en\/?s={search_term_string}\"},\"query-input\":{\"@type\":\"PropertyValueSpecification\",\"valueRequired\":true,\"valueName\":\"search_term_string\"}}],\"inLanguage\":\"en-GB\"}]}<\/script>\n<!-- \/ Yoast SEO plugin. -->","yoast_head_json":{"title":"About us - Previmeteo Airside Manager","description":"Depuis plus de 20 ans chez Previmeteo, nous mettons notre savoir-faire au service de la s\u00e9curit\u00e9 et de la gestion des op\u00e9rations a\u00e9roportuaires.","robots":{"index":"index","follow":"follow","max-snippet":"max-snippet:-1","max-image-preview":"max-image-preview:large","max-video-preview":"max-video-preview:-1"},"canonical":"https:\/\/airside.previmeteo.com\/en\/a-propos\/","og_locale":"en_GB","og_type":"article","og_title":"About us - Previmeteo Airside Manager","og_description":"Depuis plus de 20 ans chez Previmeteo, nous mettons notre savoir-faire au service de la s\u00e9curit\u00e9 et de la gestion des op\u00e9rations a\u00e9roportuaires.","og_url":"https:\/\/airside.previmeteo.com\/en\/a-propos\/","og_site_name":"Previmeteo Airside Manager","article_modified_time":"2025-03-25T08:11:52+00:00","og_image":[{"width":1024,"height":576,"url":"https:\/\/airside.previmeteo.com\/wp-content\/uploads\/2024\/09\/previmeteo-histoire-edited.jpg","type":"image\/jpeg"}],"twitter_card":"summary_large_image","twitter_misc":{"Estimated reading time":"4 minutes"},"schema":{"@context":"https:\/\/schema.org","@graph":[{"@type":"WebPage","@id":"https:\/\/airside.previmeteo.com\/a-propos\/","url":"https:\/\/airside.previmeteo.com\/a-propos\/","name":"About us - Previmeteo Airside Manager","isPartOf":{"@id":"https:\/\/airside.previmeteo.com\/en\/#website"},"primaryImageOfPage":{"@id":"https:\/\/airside.previmeteo.com\/a-propos\/#primaryimage"},"image":{"@id":"https:\/\/airside.previmeteo.com\/a-propos\/#primaryimage"},"thumbnailUrl":"https:\/\/airport.previmeteo.com\/wp-content\/uploads\/2024\/09\/previmeteo-histoire-edited.jpg","datePublished":"2024-09-05T08:00:11+00:00","dateModified":"2025-03-25T08:11:52+00:00","description":"Depuis plus de 20 ans chez Previmeteo, nous mettons notre savoir-faire au service de la s\u00e9curit\u00e9 et de la gestion des op\u00e9rations a\u00e9roportuaires.","breadcrumb":{"@id":"https:\/\/airside.previmeteo.com\/a-propos\/#breadcrumb"},"inLanguage":"en-GB","potentialAction":[{"@type":"ReadAction","target":["https:\/\/airside.previmeteo.com\/a-propos\/"]}]},{"@type":"ImageObject","inLanguage":"en-GB","@id":"https:\/\/airside.previmeteo.com\/a-propos\/#primaryimage","url":"https:\/\/airport.previmeteo.com\/wp-content\/uploads\/2024\/09\/previmeteo-histoire-edited.jpg","contentUrl":"https:\/\/airport.previmeteo.com\/wp-content\/uploads\/2024\/09\/previmeteo-histoire-edited.jpg"},{"@type":"BreadcrumbList","@id":"https:\/\/airside.previmeteo.com\/a-propos\/#breadcrumb","itemListElement":[{"@type":"ListItem","position":1,"name":"Accueil","item":"https:\/\/airside.previmeteo.com\/"},{"@type":"ListItem","position":2,"name":"About us"}]},{"@type":"WebSite","@id":"https:\/\/airside.previmeteo.com\/en\/#website","url":"https:\/\/airside.previmeteo.com\/en\/","name":"Previmeteo Airside Manager","description":"","potentialAction":[{"@type":"SearchAction","target":{"@type":"EntryPoint","urlTemplate":"https:\/\/airside.previmeteo.com\/en\/?s={search_term_string}"},"query-input":{"@type":"PropertyValueSpecification","valueRequired":true,"valueName":"search_term_string"}}],"inLanguage":"en-GB"}]}},"_links":{"self":[{"href":"https:\/\/airside.previmeteo.com\/en\/wp-json\/wp\/v2\/pages\/27","targetHints":{"allow":["GET"]}}],"collection":[{"href":"https:\/\/airside.previmeteo.com\/en\/wp-json\/wp\/v2\/pages"}],"about":[{"href":"https:\/\/airside.previmeteo.com\/en\/wp-json\/wp\/v2\/types\/page"}],"author":[{"embeddable":true,"href":"https:\/\/airside.previmeteo.com\/en\/wp-json\/wp\/v2\/users\/1"}],"replies":[{"embeddable":true,"href":"https:\/\/airside.previmeteo.com\/en\/wp-json\/wp\/v2\/comments?post=27"}],"version-history":[{"count":46,"href":"https:\/\/airside.previmeteo.com\/en\/wp-json\/wp\/v2\/pages\/27\/revisions"}],"predecessor-version":[{"id":1044,"href":"https:\/\/airside.previmeteo.com\/en\/wp-json\/wp\/v2\/pages\/27\/revisions\/1044"}],"wp:attachment":[{"href":"https:\/\/airside.previmeteo.com\/en\/wp-json\/wp\/v2\/media?parent=27"}],"curies":[{"name":"wp","href":"https:\/\/api.w.org\/{rel}","templated":true}]}}